{"id":29339,"date":"2025-09-09T10:05:03","date_gmt":"2025-09-09T10:05:03","guid":{"rendered":"https:\/\/orotech.lt\/stalinis-ventiliatorius-trotec-tve-18-2\/"},"modified":"2025-09-10T06:55:16","modified_gmt":"2025-09-10T06:55:16","slug":"stalinis-ventiliatorius-trotec-tve-18-2","status":"publish","type":"product","link":"https:\/\/orotech.lt\/en\/stalinis-ventiliatorius-trotec-tve-18-2\/","title":{"rendered":"Table fan TROTEC TVE 18"},"content":{"rendered":"<p style=\"text-align: justify;\">Kai vasar\u0105 pakyla temperat\u016bra, stalinis ventiliatorius TVE 18, kurio sparno skersmuo yra 40 cm, u\u017etikrina galing\u0105 v\u0117j\u0105 ir v\u0117sinim\u0105. Vizualiai kompakti\u0161kas stalinis ventiliatorius i\u0161siskiria ai\u0161kiu ir madingu juodos spalvos dizainu. Dar viena prakti\u0161ka savyb\u0117 &ndash; integruota rankena, skirta greitai pakeisti viet\u0105.<\/p>\n<p style=\"text-align: justify;\"><em>A refreshing breeze on hot summer days<\/em><\/p>\n<p style=\"text-align: justify;\"><strong>TVE 18 cools quickly and inexpensively<\/strong><\/p>\n<p style=\"text-align: justify;\">50 vat\u0173 galios TVE 18 skleid\u017eia malon\u0173 v\u0117sinant\u012f v\u0117j\u0105 net didel\u0117se biuro ir gyvenamosiose patalpose. Norimas v\u0117sinimo efektas reguliuojamas trimis grei\u010dio lygiais. Pradedant raminan\u010diu v\u0117jeliu ir baigiant galingu oro srautu, kuris net ir esant auk\u0161tesnei nei 30 laipsni\u0173 temperat\u016brai garantuoja i\u0161laisvinant\u012f ir gaivinant\u012f v\u0117j\u0105. Tiksliam v\u0117dinimui TVE 18 turi ventiliacijos galvut\u0119, kuri\u0105 galima individualiai reguliuoti vertikaliai iki 60&deg; pasvirimo kampo. Norint padidinti efektyv\u0173 plot\u0105, pasirinktinai galima prid\u0117ti 90 &deg; svyravim\u0105, kad grynas oras paskirstyt\u0173 plat\u0173 kambario plot\u0105.<\/p>\n<p style=\"text-align: justify;\"><strong>Worth knowing:<\/strong> All TVE series fans are pleasantly quiet thanks to perfectly calibrated fan blades. This fan is therefore also recommended for sleep-promoting cooling in noise-sensitive bedrooms.&nbsp;<\/p>\n<p><strong>Advantages:<\/strong><\/p>\n<ul>\n<li>\n\t\t50 watts of power;<\/li>\n<li>\n\t\tLow operating costs;<\/li>\n<li>\n\t\t3 speed levels;<\/li>\n<li>\n\t\tAutomatinis 90&deg; svyravimas su i\u0161jungimo funkcija;<\/li>\n<li>\n\t\tReguliuojamas ventiliatoriaus galvut\u0117s pasvirimo kampas iki 60&deg;;<\/li>\n<li>\n\t\tMetal grilles protect the front and rear;<\/li>\n<li>\n\t\tFan blade diameter 40 cm;<\/li>\n<li>\n\t\tPractical carrying handle;<\/li>\n<li>\n\t\tStable and non-slip stand for the most difficult position;<\/li>\n<li>\n\t\tLow noise: max. 53 dB (A).<\/li>\n<\/ul>\n<p><strong>Technical parameters:<\/strong><\/p>\n<ul>\n<li>\n\t\tNumber of fan blades: 3;<\/li>\n<li>\n\t\tImpeller diameter (cm): 40;<\/li>\n<li>\n\t\tVoltage: 220-240V \/ 50Hz;<\/li>\n<li>\n\t\tCable length (m): 1.45;<\/li>\n<li>\n\t\tSound level at maximum power, 1 m distance (dB(A)): 53;<\/li>\n<li>\n\t\tDimensions (mm) 228x406x530;<\/li>\n<li>\n\t\tWeight (kg): 2.<\/li>\n<\/ul>","protected":false},"excerpt":{"rendered":"<p>Kai vasar\u0105 pakyla temperat\u016bra, stalinis ventiliatorius TVE 18, kurio sparno skersmuo yra 40 cm, u\u017etikrina galing\u0105 v\u0117j\u0105 ir v\u0117sinim\u0105. Vizualiai<\/p>","protected":false},"featured_media":29341,"comment_status":"closed","ping_status":"open","template":"","meta":[],"product_brand":[],"product_cat":[23],"product_tag":[535],"class_list":{"0":"post-29339","1":"product","2":"type-product","3":"status-publish","4":"has-post-thumbnail","6":"product_cat-be-kategorijos","7":"product_tag-naujiena","9":"first","10":"onbackorder","11":"taxable","12":"shipping-taxable","13":"product-type-variable"},"_links":{"self":[{"href":"https:\/\/orotech.lt\/en\/wp-json\/wp\/v2\/product\/29339","targetHints":{"allow":["GET"]}}],"collection":[{"href":"https:\/\/orotech.lt\/en\/wp-json\/wp\/v2\/product"}],"about":[{"href":"https:\/\/orotech.lt\/en\/wp-json\/wp\/v2\/types\/product"}],"replies":[{"embeddable":true,"href":"https:\/\/orotech.lt\/en\/wp-json\/wp\/v2\/comments?post=29339"}],"version-history":[{"count":1,"href":"https:\/\/orotech.lt\/en\/wp-json\/wp\/v2\/product\/29339\/revisions"}],"predecessor-version":[{"id":29340,"href":"https:\/\/orotech.lt\/en\/wp-json\/wp\/v2\/product\/29339\/revisions\/29340"}],"wp:featuredmedia":[{"embeddable":true,"href":"https:\/\/orotech.lt\/en\/wp-json\/wp\/v2\/media\/29341"}],"wp:attachment":[{"href":"https:\/\/orotech.lt\/en\/wp-json\/wp\/v2\/media?parent=29339"}],"wp:term":[{"taxonomy":"product_brand","embeddable":true,"href":"https:\/\/orotech.lt\/en\/wp-json\/wp\/v2\/product_brand?post=29339"},{"taxonomy":"product_cat","embeddable":true,"href":"https:\/\/orotech.lt\/en\/wp-json\/wp\/v2\/product_cat?post=29339"},{"taxonomy":"product_tag","embeddable":true,"href":"https:\/\/orotech.lt\/en\/wp-json\/wp\/v2\/product_tag?post=29339"}],"curies":[{"name":"wp","href":"https:\/\/api.w.org\/{rel}","templated":true}]}}