{"id":29370,"date":"2025-09-09T10:05:03","date_gmt":"2025-09-09T10:05:03","guid":{"rendered":"https:\/\/orotech.lt\/ventiliatorius-trotec-tve-100-2\/"},"modified":"2025-09-10T06:55:19","modified_gmt":"2025-09-10T06:55:19","slug":"fan-trotec-tve-100-2","status":"publish","type":"product","link":"https:\/\/orotech.lt\/en\/fan-trotec-tve-100-2\/","title":{"rendered":"Fan Trotec TVE 100"},"content":{"rendered":"<p style=\"text-align: justify;\"><img decoding=\"async\" alt=\"\" src=\"\/images\/Userfiles\/www.rubisolis.lt_ventiliatorius_Trotec_TVE_100_1.png\" style=\"width: 1000px; height: 234px;\" title=\"\"><\/p>\n<p style=\"text-align: justify;\">Stylish and ultra-compact&nbsp;<strong>fan Trotec TVE 100 <\/strong>leis m\u0117gautis 360&deg; turbo v\u0117sa namuose, ofise ar bet kurioje reikiamoje vietoje! D\u0117ka integruotos TURBO SPIN technologijos, naujasis <strong>fan Trotec TVE 100<\/strong> kartu su 26W galios varikliu greitai ir lengvai atv\u0117sins patalp\u0105,&nbsp;o reguliuojamas 360&deg; pasvirimo kampas ir 32 galimi v\u0117jelio lygiai pasieks 1200 m&sup3;\/h oro srauto greit\u012f. Naujovi\u0161ka pasukimo ir pakreipimo konstrukcija su 30&deg;, 90&deg;, 180&deg; ir 360&deg; pakopomis ir 90&deg; pasukimo funkcija leid\u017eia individualiai paskirstyti or\u0105 visoje patalpoje.&nbsp;Stilingo dizaino ventiliatorius pasi\u017eymi tyliu veikimu&nbsp;&ndash;&nbsp;vos 56 dB 1 metro atstumu.&nbsp;V\u0117jel\u012f galima valdyti&nbsp;per valdymo skydel\u012f sukamuoju jungikliu&nbsp;arba su nuotolinio valdymo pulteliu, kuris \u012feina \u012f prek\u0117s komplektacij\u0105. Dar malonesn\u012f patalpos mikroklimat\u0105 sukurs aromaterapijos funkcija &ndash; kvapi\u0173j\u0173 aliej\u0173 difuzorius paver\u010dia vos kelis la\u0161us eterinio aliejaus \u012f malon\u0173 kvap\u0173 r\u016bk\u0105, kuris nepastebimai ir raminamai pasklinda po vis\u0105 kambar\u012f.&nbsp;<\/p>\n<p style=\"text-align: justify;\"><strong>Compact size fan<\/strong><\/p>\n<p style=\"text-align: justify;\">D\u0117l kompakti\u0161k\u0173 matmen\u0173 ir palyginti nedidelio montavimo ploto, stalinis ventiliatoriius Trotec TVE 100 gali b\u016bti pastatytas beveik ant bet kokio stalo. Ta\u010diau jis gali b\u016bti ir laisvai pastatytas kambaryje, kuriame sukurs galing\u0105 v\u0117jo g\u016bs\u012f iki 1200 m&sup3;\/h&nbsp;oro srautu.<\/p>\n<p style=\"text-align: justify;\"><strong>Increasing the efficiency of air conditioning and heating systems&nbsp;<\/strong><\/p>\n<p style=\"text-align: justify;\"><strong>Fan Trotec TVE 100<\/strong> will increase the efficiency of your heating or air conditioning system. Thanks to its strong air circulation, the TVE 100 distributes the air in the room evenly. This ensures pleasant freshness in all corners of the room in summer and better heat distribution in winter.&nbsp;<\/p>\n<p style=\"text-align: justify;\"><strong>Three operating modes for every mood and time of day<\/strong><\/p>\n<p style=\"text-align: justify;\"><strong>Fan Trotec TVE 100 <\/strong>has three operating modes. In normal mode, the fan continuously renews the selectable fan speed. The natural wind mode creates an air flow of gradually increasing and decreasing intensity, similar to a natural wind gust. A peaceful sleep on hot days is ensured by the ultra-quiet night mode with selectable decreasing fan speed. The screen off function allows you to turn the screen on and off according to your needs.&nbsp;<\/p>\n<p style=\"text-align: justify;\"><strong>12-hour timer: turn on, turn off, enjoy<br \/>\n\t<\/strong><\/p>\n<p style=\"text-align: justify;\">The refreshing effect of the Trotec TVE 100 fan will become a regular part of your day. With a 12-hour timer that can be programmed in 1-hour increments, the fan will turn on and off completely automatically when you start your day and when you return home after a hard day&#039;s work. If desired, you can add a refreshing scent to increase productivity in the workplace. Or relaxing aromas to take a break from everyday life.<\/p>\n<p style=\"text-align: center;\"><iframe allow=\"accelerometer; autoplay; clipboard-write; encrypted-media; gyroscope; picture-in-picture; web-share\" allowfullscreen=\"\" frameborder=\"0\" height=\"315\" referrerpolicy=\"strict-origin-when-cross-origin\" src=\"https:\/\/www.youtube.com\/embed\/ozOv9x9_h0U?si=NkGtd4yEl3qHTYVT\" title=\"YouTube video player\" width=\"560\"><\/iframe><\/p>\n<p><strong>Advantages:<\/strong><\/p>\n<ul>\n<li>\n\t\t3 operating levels;<\/li>\n<li>\n\t\t32 speed levels;<\/li>\n<li>\n\t\t12-hour timer;<\/li>\n<li>\n\t\tReguliuojamas ventiliatoriaus&nbsp;pasvirimo kampas iki 360&deg;;<\/li>\n<li>\n\t\tDidelio na\u0161umo ventiliatorius&nbsp;oro sroves skleid\u017eia iki 20 metr\u0173;<\/li>\n<li>\n\t\tTylus veikimas &ndash; vos 56 dB 1 metro atstumu;<\/li>\n<li>\n\t\tRemote control;<\/li>\n<li>\n\t\tAromatherapy;<\/li>\n<li>\n\t\tEasily portable;<\/li>\n<li>\n\t\tEasy maintenance.<\/li>\n<\/ul>\n<p><strong>Technical characteristics:<\/strong><\/p>\n<ul>\n<li>\n\t\tVentilation levels: 3 (ventilation, natural wind, ultra-quiet night mode);<\/li>\n<li>\n\t\tSpeed levels: 32;<\/li>\n<li>\n\t\tOro srauto greitis (m&sup3;\/h): 1200;<\/li>\n<li>\n\t\tNumber of fan blades: 3;<\/li>\n<li>\n\t\tFan impeller diameter (cm): 19;<\/li>\n<li>\n\t\tPower supply: 220-240V, 50Hz;<\/li>\n<li>\n\t\tPower (W): 26;<\/li>\n<li>\n\t\tSound pressure level (at 1 m distance dB(A)): 56;<\/li>\n<li>\n\t\tCable length (m): 1.75;<\/li>\n<li>\n\t\tPosvyrio kampas (&deg;): 360;<\/li>\n<li>\n\t\tProtection class: IP20;<\/li>\n<li>\n\t\tMatmenys (mm):&nbsp;255&nbsp;x 237 x 374;<\/li>\n<li>\n\t\tWeight (kg): 2.5.<\/li>\n<\/ul>\n<p style=\"text-align: justify;\"><a class=\"catalogue\" href=\"\/en\/images\/Userfiles\/www.rubisolis.lt_ventiliatorius_Trotec_TVE_100_instrukcija.pdf\/\" target=\"blank\">Download product manual<\/a><\/p>","protected":false},"excerpt":{"rendered":"<p>Stilingas ir itin kompakti\u0161kas&nbsp;ventiliatorius Trotec TVE 100 leis m\u0117gautis 360&deg; turbo v\u0117sa namuose, ofise ar bet kurioje reikiamoje vietoje! D\u0117ka<\/p>","protected":false},"featured_media":29372,"comment_status":"closed","ping_status":"open","template":"","meta":[],"product_brand":[],"product_cat":[23],"product_tag":[535],"class_list":{"0":"post-29370","1":"product","2":"type-product","3":"status-publish","4":"has-post-thumbnail","6":"product_cat-be-kategorijos","7":"product_tag-naujiena","9":"first","10":"onbackorder","11":"taxable","12":"shipping-taxable","13":"product-type-variable"},"_links":{"self":[{"href":"https:\/\/orotech.lt\/en\/wp-json\/wp\/v2\/product\/29370","targetHints":{"allow":["GET"]}}],"collection":[{"href":"https:\/\/orotech.lt\/en\/wp-json\/wp\/v2\/product"}],"about":[{"href":"https:\/\/orotech.lt\/en\/wp-json\/wp\/v2\/types\/product"}],"replies":[{"embeddable":true,"href":"https:\/\/orotech.lt\/en\/wp-json\/wp\/v2\/comments?post=29370"}],"version-history":[{"count":1,"href":"https:\/\/orotech.lt\/en\/wp-json\/wp\/v2\/product\/29370\/revisions"}],"predecessor-version":[{"id":29371,"href":"https:\/\/orotech.lt\/en\/wp-json\/wp\/v2\/product\/29370\/revisions\/29371"}],"wp:featuredmedia":[{"embeddable":true,"href":"https:\/\/orotech.lt\/en\/wp-json\/wp\/v2\/media\/29372"}],"wp:attachment":[{"href":"https:\/\/orotech.lt\/en\/wp-json\/wp\/v2\/media?parent=29370"}],"wp:term":[{"taxonomy":"product_brand","embeddable":true,"href":"https:\/\/orotech.lt\/en\/wp-json\/wp\/v2\/product_brand?post=29370"},{"taxonomy":"product_cat","embeddable":true,"href":"https:\/\/orotech.lt\/en\/wp-json\/wp\/v2\/product_cat?post=29370"},{"taxonomy":"product_tag","embeddable":true,"href":"https:\/\/orotech.lt\/en\/wp-json\/wp\/v2\/product_tag?post=29370"}],"curies":[{"name":"wp","href":"https:\/\/api.w.org\/{rel}","templated":true}]}}