{"id":29382,"date":"2025-09-09T10:05:03","date_gmt":"2025-09-09T10:05:03","guid":{"rendered":"https:\/\/orotech.lt\/4in1-sildytuvas-vesintuvas-drekintuvas-ir-ventiliatorius-trotec-pae-19-h-2\/"},"modified":"2025-09-10T06:55:19","modified_gmt":"2025-09-10T06:55:19","slug":"4in1-sildytuvas-vesintuvas-drekintuvas-ir-ventiliatorius-trotec-pae-19-h-2","status":"publish","type":"product","link":"https:\/\/orotech.lt\/en\/4in1-sildytuvas-vesintuvas-drekintuvas-ir-ventiliatorius-trotec-pae-19-h-2\/","title":{"rendered":"&quot;4in1&quot; \u0161ildytuvas, v\u0117sintuvas, dr\u0117kintuvas ir ventiliatorius Trotec PAE 19 H"},"content":{"rendered":"<p><img decoding=\"async\" alt=\"\" src=\"\/images\/Userfiles\/www.rubisolis.lt_3in1_sildytuvas_vsintuvas_ir_ventiliatorius_Trotec_PAE_19_H.jpg\" style=\"width: 1000px; height: 234px;\" title=\"\"><\/p>\n<p style=\"text-align: justify;\"><strong>Cools, warms, moisturizes, refreshes<\/strong><\/p>\n<p style=\"text-align: justify;\">Keturios klimato gerinimo funkcijos viename \u012frenginyje &ndash; d\u0117l to eleganti\u0161kas &bdquo;4-in-1&ldquo; <strong>oro v\u0117sintuvas&nbsp;Trotec PAE 19 H<\/strong>&nbsp;is a versatile talent for indoor climate regulation. Whether in summer or winter, the unique combination of cooling, heating, humidification and refreshment will pamper you with a comfortable climate in the desired room all year round.&nbsp;<\/p>\n<p style=\"text-align: justify;\"><strong>Naturally efficient cooling<\/strong><\/p>\n<p style=\"text-align: justify;\"><strong>Air cooler Trotec PAE 19 H<\/strong>&nbsp;with innovative honeycomb technology spreads refreshingly cool air into the room. When the fresh breeze blows on your damp skin, you immediately feel a pleasant cooling sensation. It is also available with this <strong>Trotec PAE 19 H<\/strong> mobile cooler. The cooling effect is created by evaporation. The heat energy required for this is taken from the air, which significantly lowers the temperature in the room. In all PAE series air coolers, this natural cooling principle is used by filling them with cold or ice water. As soon as the room air passes through the wet honeycomb filter, it is cooled by extracting thermal energy, humidified with cold or ice water, cleaned in the air filter and released into the room as a stream of fresh air. Without the use of chemicals, energy-intensive compressors and annoying exhaust hoses. <strong>Air cooler Trotec PAE 19 H<\/strong>&nbsp;taip pat turi sausinimo funkcij\u0105, kuri saugo korin\u012f filtr\u0105 nuo pel\u0117sio atsiradimo. Tiesiog 3 sekundes \u012fspauskite mygtuk\u0105 &bdquo;Ventiliatoriaus greitis&ldquo;. \u012erenginys 20 minu\u010di\u0173 veiks did\u017eiausiu grei\u010diu ir automati\u0161kai persijungs \u012f bud\u0117jimo re\u017eim\u0105, kai baigs sausinim\u0105.<\/p>\n<p style=\"text-align: justify;\"><strong>Efficient air cooling with high air capacity<\/strong><\/p>\n<p style=\"text-align: justify;\">Naudodami PAE 19 H galite m\u0117gautis komforti\u0161ka temperat\u016bra ir optimaliomis klimato s\u0105lygomis i\u0161tisus metus. Vasar\u0105 jis tarnauja kaip gaivaus oro v\u0117sintuvas ir ventiliatorius, o \u017eiem\u0105 &#8211; kaip galingas \u0161ildytuvas ir veiksmingas oro dr\u0117kintuvas. Toks pat galingas kaip ir v\u0117sinimas yra jo \u0161ildymo paj\u0117gumas su dviem \u0161ildymo lygiais (1400 \/ 2000W) ir i\u0161 anksto pasirenkamais temperat\u016bros intervalais (22\/29\/36&deg;C). Temperat\u016br\u0105 energij\u0105 taupan\u010diu b\u016bdu reguliuoja integruotas kambario termostatas. Pasiekus norim\u0105 temperat\u016br\u0105, kaitinimo elementas i\u0161sijungia, kol prireikia pakartotinio pa\u0161ildymo. Tai leid\u017eia retai naudojamas arba prie pagrindin\u0117s \u0161ildymo sistemos neprijungtas patalpas (pvz., \u017eiemos sodus) apr\u016bpinti \u0161iluma ypa\u010d taupiai naudojant energij\u0105. Taip pat, <strong>heater Trotec PAE 19 H<\/strong> suitable for heating during transitional periods when the central heating system is not yet operational.<\/p>\n<p style=\"text-align: justify;\"><strong>Fresh breeze<\/strong><\/p>\n<p style=\"text-align: justify;\">If necessary, the device can also be used as a pure fan with three different speed levels to choose from. In order to distribute the useful air flow selectively or over a large area of the room, <strong>fan Trotec PAE 19 H<\/strong> has manually adjustable ventilation flaps (external flaps), as well as an oscillation mode that can be activated in all operating modes.&nbsp;<\/p>\n<p style=\"text-align: justify;\"><strong>Excellent indoor climate in all seasons \u2013 maximum comfort<\/strong><\/p>\n<p style=\"text-align: justify;\"><strong>Air cooler Trotec PAE 19 H&nbsp;<\/strong>su 118 m&sup3;\/h oro srautu, 4 l vandens rezervuaru ir iki 2 000 W \u0161ildymo galia rekomenduojama v\u0117sinti, \u0161ildyti ir gerinti patalp\u0173 mikroklimat\u0105 iki 20 m&sup2; arba 50 m&sup3; patalpose. Bendras oro gerinimas v\u0117sinant arba \u0161ildant, gaivinant or\u0105 arba v\u0117dinant ir dr\u0117kinant or\u0105 u\u017etikrina subalansuot\u0105 patalp\u0173 klimat\u0105 tarp keturi\u0173 j\u016bs\u0173 sien\u0173 arba darbo vietoje i\u0161tisus metus. Be to, PAE 19 H dr\u0117kinimo funkcija stiprina organizmo imunin\u0119 apsaug\u0105. Infekciniai virusai, pavyzd\u017eiui, gripo ir SARS-CoV-2 virusai, sausame \u0161ildymo ore kartais kelet\u0105 valand\u0173 tvyro patalpoje. Be to, nosies gleivin\u0117 i\u0161saus\u0117ja ir gali tik ribotai sulaikyti lig\u0173 suk\u0117l\u0117jus. Optimaliai dr\u0117kinant or\u0105 (40-60 proc.), virusai grei\u010diau nukrenta ant \u017eem\u0117s, be to, pager\u0117ja nosies gleivin\u0117s valymo efektyvumas. Kaip mobilusis oro dr\u0117kintuvas, PAE 19 H imponuoja i\u0161tisus metus &#8211; 0,6 l\/h dr\u0117kinimo na\u0161umas leid\u017eia palaikyti sveik\u0105 oro dr\u0117gnum\u0105.&nbsp;<\/p>\n<p style=\"text-align: justify;\"><strong>Timer with automatic shut-off<\/strong><\/p>\n<p style=\"text-align: justify;\">Convenient and practical is the integrated programmable timer for fully automatic switching off of the Trotec PAE 19 H after a preset operating time (1\/2\/4\/8 hours). This saves unnecessary energy costs and you never have to worry about whether you really switched off the device when you went to bed. Even if you forget to program the timer, <strong>air cooler Trotec PAE 19 H&nbsp;<\/strong>will think for you. After no more than 15 hours of operation, the device automatically turns off in all operating modes.&nbsp;<\/p>\n<p style=\"text-align: justify;\"><strong>Tips<\/strong><\/p>\n<p style=\"text-align: justify;\">The colder the water, the greater the cooling power. If you place the included cooling battery in the water tank, the cooling capacity can be further increased. An extra burst of freshness can also be achieved by using ice cubes.<\/p>\n<p><strong>Advantages:<\/strong><\/p>\n<ul>\n<li>\n\t\t4in1 device: heats, cools, humidifies and ventilates;<\/li>\n<li>\n\t\t3 ventilation levels;<\/li>\n<li>\n\t\tEfficient 1400W or 2000W heating power;&nbsp;<\/li>\n<li>\n\t\tIntegruotas termostatas temperat\u016brai reguliuoti (22\/29\/36 &deg;C);<\/li>\n<li>\n\t\tTimer function;<\/li>\n<li>\n\t\tIR remote control;<\/li>\n<li>\n\t\tComfort mode, night mode and energy saving mode;&nbsp;<\/li>\n<li>\n\t\tAir humidification;<\/li>\n<li>\n\t\tCellular filter technology;<\/li>\n<li>\n\t\tOscillation for faster air distribution;<\/li>\n<li>\n\t\tCan be used with the included cooling pad or ice cubes for increased cooling;<\/li>\n<li>\n\t\tIrrigation 0.6 liters per hour;<\/li>\n<li>\n\t\tLarge 4-liter water tank with level indicator;<\/li>\n<li>\n\t\tMemory save function;<\/li>\n<li>\n\t\t8-hour timer function to program the switch-off time;<\/li>\n<li>\n\t\tAutomatic shut-off after 15 hours;<\/li>\n<li>\n\t\tEasy to transport thanks to the practical carrying handle and transport wheels;<\/li>\n<li>\n\t\tSuitable for use all year round!&nbsp;<\/li>\n<\/ul>\n<p><strong>Technical characteristics:<\/strong><\/p>\n<ul>\n<li>\n\t\tPatalpoms iki 20 m&sup2;\/ 50 m&sup3;;&nbsp;<\/li>\n<li>\n\t\tOro srautas: 118&nbsp;m&sup3;\/h;<\/li>\n<li>\n\t\tOro i\u0161leidimo greitis: 6&nbsp;m\/s;<\/li>\n<li>\n\t\tFan: 3 levels;&nbsp;<\/li>\n<li>\n\t\tMax. evaporation efficiency: 0.6 l\/h;<\/li>\n<li>\n\t\tHeating levels: level 1 1400W \/ level 2 2200W;<\/li>\n<li>\n\t\tDarbin\u0117 temperat\u016bra: 5&deg;C &#8211; 43&deg;C;<\/li>\n<li>\n\t\tProtection class: II;&nbsp;<\/li>\n<li>\n\t\tWater capacity: 4l;<\/li>\n<li>\n\t\tPower supply: 220-240V \/ 50Hz;&nbsp;<\/li>\n<li>\n\t\tPower input: 50W;<\/li>\n<li>\n\t\tConnector: CEE 7\/17;<\/li>\n<li>\n\t\tCable length: 1.8 m;&nbsp;<\/li>\n<li>\n\t\tSound (at 1m distance): 55 dB;<\/li>\n<li>\n\t\tMatmenys:&nbsp;248 x 310 x&nbsp;684 mm;<\/li>\n<li>\n\t\tWeight: 6 kg.<\/li>\n<\/ul>\n<p><a class=\"catalogue\" href=\"\/en\/images\/Userfiles\/www.rubisolis.lt_3in1_sildytuvas_vsintuvas_ir_ventiliatorius_Trotec_PAE_19_H.pdf\/\" target=\"blank\">Download product manual<\/a><\/p>","protected":false},"excerpt":{"rendered":"<p>V\u0117sina, \u0161ildo, dr\u0117kina, gaivina Keturios klimato gerinimo funkcijos viename \u012frenginyje &ndash; d\u0117l to eleganti\u0161kas &bdquo;4-in-1&ldquo; oro v\u0117sintuvas&nbsp;Trotec PAE 19 H&nbsp;yra<\/p>","protected":false},"featured_media":29384,"comment_status":"closed","ping_status":"open","template":"","meta":[],"product_brand":[],"product_cat":[23],"product_tag":[535],"class_list":{"0":"post-29382","1":"product","2":"type-product","3":"status-publish","4":"has-post-thumbnail","6":"product_cat-be-kategorijos","7":"product_tag-naujiena","9":"first","10":"onbackorder","11":"taxable","12":"shipping-taxable","13":"product-type-variable"},"_links":{"self":[{"href":"https:\/\/orotech.lt\/en\/wp-json\/wp\/v2\/product\/29382","targetHints":{"allow":["GET"]}}],"collection":[{"href":"https:\/\/orotech.lt\/en\/wp-json\/wp\/v2\/product"}],"about":[{"href":"https:\/\/orotech.lt\/en\/wp-json\/wp\/v2\/types\/product"}],"replies":[{"embeddable":true,"href":"https:\/\/orotech.lt\/en\/wp-json\/wp\/v2\/comments?post=29382"}],"version-history":[{"count":1,"href":"https:\/\/orotech.lt\/en\/wp-json\/wp\/v2\/product\/29382\/revisions"}],"predecessor-version":[{"id":29383,"href":"https:\/\/orotech.lt\/en\/wp-json\/wp\/v2\/product\/29382\/revisions\/29383"}],"wp:featuredmedia":[{"embeddable":true,"href":"https:\/\/orotech.lt\/en\/wp-json\/wp\/v2\/media\/29384"}],"wp:attachment":[{"href":"https:\/\/orotech.lt\/en\/wp-json\/wp\/v2\/media?parent=29382"}],"wp:term":[{"taxonomy":"product_brand","embeddable":true,"href":"https:\/\/orotech.lt\/en\/wp-json\/wp\/v2\/product_brand?post=29382"},{"taxonomy":"product_cat","embeddable":true,"href":"https:\/\/orotech.lt\/en\/wp-json\/wp\/v2\/product_cat?post=29382"},{"taxonomy":"product_tag","embeddable":true,"href":"https:\/\/orotech.lt\/en\/wp-json\/wp\/v2\/product_tag?post=29382"}],"curies":[{"name":"wp","href":"https:\/\/api.w.org\/{rel}","templated":true}]}}