{"id":29394,"date":"2025-09-09T10:10:02","date_gmt":"2025-09-09T10:10:02","guid":{"rendered":"https:\/\/orotech.lt\/mobilus-oro-vesintuvas-trotec-pae-30-2\/"},"modified":"2025-09-10T06:55:20","modified_gmt":"2025-09-10T06:55:20","slug":"mobilus-oro-vesintuvas-trotec-pae-30-2","status":"publish","type":"product","link":"https:\/\/orotech.lt\/en\/mobilus-oro-vesintuvas-trotec-pae-30-2\/","title":{"rendered":"Mobile air cooler Trotec PAE 30"},"content":{"rendered":"<p><img decoding=\"async\" alt=\"\" src=\"\/images\/Userfiles\/www.rubisolis.lt_Mobilus_oro_vsintuvas_Trotec_PAE_30.jpg\" style=\"width: 1000px; height: 234px;\" title=\"\"><\/p>\n<p style=\"text-align: justify;\"><em><strong>The stylish 3-in-1 tower air cooler Trotec PAE 30 will cool, humidify and purify indoor air all year round!<\/strong><\/em><\/p>\n<p style=\"text-align: justify;\">M\u0117gautis maloniu v\u0117siu v\u0117jeliu, \u0161variu ir gaiviu oru&nbsp;&ndash; vis\u0105 tai si\u016blo mobilus <strong>air cooler<\/strong> Trotec PAE 30! I\u0161skirtinio dizaino bok\u0161tinis v\u0117sintuvas Trotec PAE 30 puikiai der\u0117s bet kuriame nam\u0173 interjere ar net biure. Didel\u0117 7 litr\u0173 vandens talpa, stiprus 500 m&sup3;\/h&nbsp;oro srautas bei 0,8 litro per valand\u0105 dr\u0117kinimo na\u0161umas maloniai v\u0117sins patalpas, kuri\u0173 dydis iki 50 m&sup2;&nbsp; arba&nbsp;125&nbsp;m&sup3; daugiau nei 8 valandas, ir tik vien\u0105 kart\u0105 pripildant vandens bakel\u012f!<\/p>\n<p style=\"text-align: justify;\">The clearly visible fill level indicator immediately shows whether there is still enough water in the tank. When the water tank is empty, <strong>air cooler<\/strong> Trotec PAE 30 automati\u0161kai i\u0161sijungia, o ekrane pasirodo \u012fsp\u0117jimas. V\u0117sinimo efekt\u0105 galima dar labiau padidinti naudojant du pridedamus ledo paketus. Tiesiog \u012fd\u0117kite juos \u012f vandens bak\u0105!&nbsp;Tolyg\u0173 gryno oro srov\u0117s paskirstym\u0105 visoje patalpoje garantuoja automatin\u0117 svyravimo funkcija, kurios d\u0117ka oro v\u0117sintuvo vidin\u0117s oro sklend\u0117s nuolat juda pirmyn ir atgal vertikaliai 60&deg;.&nbsp;<\/p>\n<p style=\"text-align: justify;\"><strong>Clean, cool and refreshing indoor air<\/strong><\/p>\n<p style=\"text-align: justify;\">Too high a room temperature causes discomfort, which affects our well-being, concentration and attention. From now on, we can forget about it on a hot summer day! In order to cool down as much as possible, we recommend placing two ice packs included in the package in the water tank. Ice cubes can also be used. Thanks to the integrated honeycomb structure evaporation filter in the cooler, <strong>air cooler<\/strong> It purifies, humidifies and then cools the air in the room, so you can forget about pet hair, fluff and dust in your home.<\/p>\n<p style=\"text-align: justify;\">All functions and settings can be conveniently controlled using the remote control!<\/p>\n<p><strong>Technical information:<\/strong><\/p>\n<ul>\n<li>\n\t\tAir flow: 500 m<sup>3<\/sup>\/h;<\/li>\n<li>\n\t\tTinkamas patalpoms:&nbsp;iki 50 m&sup2;&nbsp;\/125 m&sup3;;&nbsp;<\/li>\n<li>\n\t\tAir flow speed: 6.8 m\/s;<\/li>\n<li>\n\t\tPower supply voltage: 220-240 V \/ 50 Hz;<\/li>\n<li>\n\t\tPower: 65W;<\/li>\n<li>\n\t\tWater capacity: 7 l;<\/li>\n<li>\n\t\tPower cable length: 1.7 m;<\/li>\n<li>\n\t\tMin.\/maks. temperat\u016bros intervalas: 0-40 &deg;C;<\/li>\n<li>\n\t\tHumidification capacity: 800 ml\/h;<\/li>\n<li>\n\t\tHumidity range: 30-85 %;<\/li>\n<li>\n\t\tMax. sound level (at 1 m): 60 dB(A);<\/li>\n<li>\n\t\tDevice weight: 10.5 kg;<\/li>\n<li>\n\t\tDevice dimensions: 345 x 270 x 920 mm.<\/li>\n<\/ul>\n<p><strong>Advantages: <\/strong><\/p>\n<ul>\n<li>\n\t\tNatural air cooling: as warm air moves through wet filters, cool water is naturally evaporated into the environment;<\/li>\n<li>\n\t\tTo achieve greater air cooling efficiency, you can use the two cooling elements included in the package or use ice cubes;<\/li>\n<li>\n\t\t<strong>Air cooler<\/strong> &bdquo;3 in 1&ldquo; : oro v\u0117sinimas, v\u0117dinimas, dr\u0117kinimas;<\/li>\n<li>\n\t\tNatural air cooling;<\/li>\n<li>\n\t\t4 ventilation levels;<\/li>\n<li>\n\t\tModern and compact design;<\/li>\n<li>\n\t\tLow energy consumption;<\/li>\n<li>\n\t\tAutomatin\u0117 60&deg; oro pakreipimo funkcija, tolygiam oro paskirstymui patalpoje;<\/li>\n<li>\n\t\tIntegrated air filter that collects dust, fluff, and animal hair;<\/li>\n<li>\n\t\tControl panel;<\/li>\n<li>\n\t\t10-hour timer function for automatic on and off;<\/li>\n<li>\n\t\tNight mode;<\/li>\n<li>\n\t\tNatural wind mode: gently rising and falling wind;<\/li>\n<li>\n\t\tMobile: integrated carrying handle, has wheels;<\/li>\n<li>\n\t\tTinkamas naudoti visus metus: vasar\u0105 &#8211; v\u0117sintuvas, \u017eiem\u0105 &ndash; dr\u0117kintuvas.<\/li>\n<\/ul>\n<p><a class=\"catalogue\" href=\"https:\/\/www.rubisolis.lt\/\/failai\/files\/produktu%20pdf\/Trotec\/Mobil%C5%ABs%20v%C4%97sintuvai\/Trotec%20PAE%2030%20naudojimo%20instrukcija.pdf\" target=\"blank\" rel=\"nofollow noopener\">Download product manual<\/a><\/p>","protected":false},"excerpt":{"rendered":"<p>Stilingas bok\u0161tinis 3 viename oro v\u0117sintuvas Trotec PAE 30 v\u0117sins, dr\u0117kins ir valys patalp\u0173 or\u0105 i\u0161tisus metus! M\u0117gautis maloniu v\u0117siu<\/p>","protected":false},"featured_media":29396,"comment_status":"closed","ping_status":"open","template":"","meta":[],"product_brand":[],"product_cat":[23],"product_tag":[535],"class_list":{"0":"post-29394","1":"product","2":"type-product","3":"status-publish","4":"has-post-thumbnail","6":"product_cat-be-kategorijos","7":"product_tag-naujiena","9":"first","10":"onbackorder","11":"taxable","12":"shipping-taxable","13":"product-type-variable"},"_links":{"self":[{"href":"https:\/\/orotech.lt\/en\/wp-json\/wp\/v2\/product\/29394","targetHints":{"allow":["GET"]}}],"collection":[{"href":"https:\/\/orotech.lt\/en\/wp-json\/wp\/v2\/product"}],"about":[{"href":"https:\/\/orotech.lt\/en\/wp-json\/wp\/v2\/types\/product"}],"replies":[{"embeddable":true,"href":"https:\/\/orotech.lt\/en\/wp-json\/wp\/v2\/comments?post=29394"}],"version-history":[{"count":1,"href":"https:\/\/orotech.lt\/en\/wp-json\/wp\/v2\/product\/29394\/revisions"}],"predecessor-version":[{"id":29395,"href":"https:\/\/orotech.lt\/en\/wp-json\/wp\/v2\/product\/29394\/revisions\/29395"}],"wp:featuredmedia":[{"embeddable":true,"href":"https:\/\/orotech.lt\/en\/wp-json\/wp\/v2\/media\/29396"}],"wp:attachment":[{"href":"https:\/\/orotech.lt\/en\/wp-json\/wp\/v2\/media?parent=29394"}],"wp:term":[{"taxonomy":"product_brand","embeddable":true,"href":"https:\/\/orotech.lt\/en\/wp-json\/wp\/v2\/product_brand?post=29394"},{"taxonomy":"product_cat","embeddable":true,"href":"https:\/\/orotech.lt\/en\/wp-json\/wp\/v2\/product_cat?post=29394"},{"taxonomy":"product_tag","embeddable":true,"href":"https:\/\/orotech.lt\/en\/wp-json\/wp\/v2\/product_tag?post=29394"}],"curies":[{"name":"wp","href":"https:\/\/api.w.org\/{rel}","templated":true}]}}