{"id":29406,"date":"2025-09-09T10:10:02","date_gmt":"2025-09-09T10:10:02","guid":{"rendered":"https:\/\/orotech.lt\/mobilus-oro-vesintuvas-trotec-pae-49-2\/"},"modified":"2025-09-10T06:55:21","modified_gmt":"2025-09-10T06:55:21","slug":"mobilus-oro-vesintuvas-trotec-pae-49-2","status":"publish","type":"product","link":"https:\/\/orotech.lt\/en\/mobilus-oro-vesintuvas-trotec-pae-49-2\/","title":{"rendered":"Mobile air cooler Trotec PAE 49"},"content":{"rendered":"<p><img decoding=\"async\" alt=\"\" src=\"\/images\/Userfiles\/www.rubisolis.lt_Mobilus_oro_vsintuvas_Trotec_PAE_49.jpg\" style=\"width: 1000px; height: 234px;\" title=\"\"><\/p>\n<p><em><strong>Mobilus oro v\u0117sintuvas Trotec PAE 49&nbsp;&ndash; patogus 4 viename \u012frenginys, u\u017etikrinantis patalp\u0173 v\u0117sinim\u0105, v\u0117dinim\u0105, dr\u0117kinim\u0105 ir oro valym\u0105 i\u0161tisus metus!<\/strong><\/em><\/p>\n<p style=\"text-align: justify;\">Kar\u0161t\u0105 vasaros dien\u0105, kuomet \u012fkaitusios patalpos vargina kiekvien\u0105, itin malonu laik\u0105 atv\u0117sintoje erdv\u0117je. T\u0105 puikiai gali padaryti stilingas klasikinio dizaino&nbsp;mobilus <strong>air cooler <\/strong>Trotec PAE 49.&nbsp;D\u0117l didelio 20 litr\u0173 vandens bakelio, \u012fsp\u016bdingo 750 m&sup3; per valand\u0105 oro ir 2 litr\u0173 per valand\u0105 vandens i\u0161garinimo na\u0161umo, <strong>air cooler<\/strong> Trotec PAE 49 skleid\u017eia gaiv\u0173 ir v\u0117sinant\u012f or\u0105 net iki 10 valand\u0173 su vien\u0105 kart\u0105 u\u017epildytu vandens rezervuaru. Galingas, didelio na\u0161umo \u012frenginys v\u0117sa apr\u016bpins nam\u0173, biuro ar kitos paskirties patalpas, kuri\u0173 dydis iki 60 m&sup2; \/ 150 m&sup3;.<\/p>\n<p style=\"text-align: justify;\">The device also has four fan speeds, which also provide soothing freshness when used as a fan, even when the cooling function is not active. For maximum cooling, we recommend placing two ice packs included in the package in the water tank or using ice cubes. Thanks to the integrated honeycomb structure evaporation filter, this <strong>air cooler<\/strong> not only humidifies and cools, but also purifies the air from dust, bacteria, animal hair and pollen, which is why the Trotec PAE 49 will be especially popular with people with allergies.&nbsp;<\/p>\n<p style=\"text-align: justify;\">A big advantage is that this mobile <strong>air cooler<\/strong> pasi\u017eymi paprastu naudojimu ir mobilumu. Lengvas svoris ir integruoti ratukai leis bet kuriuo metu perstumti \u012frengin\u012f \u012f kit\u0105 viet\u0105 ir v\u0117sinti tik ten, kur labiausiai reikia. Taipogi, i\u0161skirtinai nei oro kondicionieriai, v\u0117sintuvai savo eksploatacijai nereikalauja specialios lango tarpin\u0117s (i\u0161metimo \u017earnos), o viskas ko reikia&nbsp;&ndash; \u0161vie\u017eias vanduo. O visas funkcijas ir nustatymus gal\u0117site patogiai valdyti naudojant nuotolinio valdymo pult\u0105!&nbsp;&nbsp;<\/p>\n<p><strong>Technical information:<\/strong><\/p>\n<ul>\n<li>\n\t\tOro srautas: 750 m&sup3;\/h;<\/li>\n<li>\n\t\tTinkamas patalpoms: iki 60 m&sup2; \/ 150 m&sup3;;&nbsp;<\/li>\n<li>\n\t\tAir flow speed: 11 m\/s;<\/li>\n<li>\n\t\tPower supply voltage: 220-240 V \/ 50 Hz;<\/li>\n<li>\n\t\tPower: 145W;<\/li>\n<li>\n\t\tWater capacity: 20 l;<\/li>\n<li>\n\t\tPower cable length: 1.6 m;<\/li>\n<li>\n\t\tMin.\/maks. temperat\u016bros intervalas: 5-43 &deg;C;<\/li>\n<li>\n\t\tWater evaporation capacity: 2 l\/h;<\/li>\n<li>\n\t\tMax. sound level (at 1 m): 73 dB(A);<\/li>\n<li>\n\t\tDevice weight: 13 kg;<\/li>\n<li>\n\t\tDevice dimensions: 390 x 350 x 880 mm.<\/li>\n<\/ul>\n<p><strong>Advantages:<\/strong><\/p>\n<ul>\n<li>\n\t\t<strong>Air cooler<\/strong> &bdquo;4 in 1&ldquo; : oro v\u0117sinimas, v\u0117dinimas, valymas, dr\u0117kinimas;<\/li>\n<li>\n\t\tNatural air cooling: as warm air moves through wet filters, cool water is naturally evaporated into the environment;<\/li>\n<li>\n\t\tTo achieve greater air cooling efficiency, you can use the 4 cooling elements included in the package or use ice cubes.;<\/li>\n<li>\n\t\t4 ventilation levels;<\/li>\n<li>\n\t\tLow energy consumption;<\/li>\n<li>\n\t\tIntegrated ionizer for better air quality;<\/li>\n<li>\n\t\tControl panel;<\/li>\n<li>\n\t\tCasters;<\/li>\n<li>\n\t\tTimer mode;<\/li>\n<li>\n\t\tNight mode;<\/li>\n<li>\n\t\tAromatherapy;<\/li>\n<li>\n\t\tPossibility of connecting to the water supply;<\/li>\n<li>\n\t\tNatural wind mode: gently rising and falling wind;<\/li>\n<li>\n\t\tEasy to transport thanks to integrated sturdy wheels;<\/li>\n<li>\n\t\tTinkamas naudoti visus metus: vasar\u0105 &#8211; v\u0117sintuvas, \u017eiem\u0105 &ndash; dr\u0117kintuvas.<\/li>\n<\/ul>\n<p><a class=\"catalogue\" href=\"https:\/\/www.rubisolis.lt\/\/failai\/files\/produktu%20pdf\/Trotec\/Mobil%C5%ABs%20v%C4%97sintuvai\/Trotec%20PAE%2049%20naudojimo%20instrukcija.pdf\" target=\"blank\" rel=\"nofollow noopener\">Download product manual<\/a><\/p>","protected":false},"excerpt":{"rendered":"<p>Mobilus oro v\u0117sintuvas Trotec PAE 49&nbsp;&ndash; patogus 4 viename \u012frenginys, u\u017etikrinantis patalp\u0173 v\u0117sinim\u0105, v\u0117dinim\u0105, dr\u0117kinim\u0105 ir oro valym\u0105 i\u0161tisus metus!<\/p>","protected":false},"featured_media":29408,"comment_status":"closed","ping_status":"open","template":"","meta":[],"product_brand":[],"product_cat":[23],"product_tag":[535],"class_list":{"0":"post-29406","1":"product","2":"type-product","3":"status-publish","4":"has-post-thumbnail","6":"product_cat-be-kategorijos","7":"product_tag-naujiena","9":"first","10":"onbackorder","11":"taxable","12":"shipping-taxable","13":"product-type-variable"},"_links":{"self":[{"href":"https:\/\/orotech.lt\/en\/wp-json\/wp\/v2\/product\/29406","targetHints":{"allow":["GET"]}}],"collection":[{"href":"https:\/\/orotech.lt\/en\/wp-json\/wp\/v2\/product"}],"about":[{"href":"https:\/\/orotech.lt\/en\/wp-json\/wp\/v2\/types\/product"}],"replies":[{"embeddable":true,"href":"https:\/\/orotech.lt\/en\/wp-json\/wp\/v2\/comments?post=29406"}],"version-history":[{"count":1,"href":"https:\/\/orotech.lt\/en\/wp-json\/wp\/v2\/product\/29406\/revisions"}],"predecessor-version":[{"id":29407,"href":"https:\/\/orotech.lt\/en\/wp-json\/wp\/v2\/product\/29406\/revisions\/29407"}],"wp:featuredmedia":[{"embeddable":true,"href":"https:\/\/orotech.lt\/en\/wp-json\/wp\/v2\/media\/29408"}],"wp:attachment":[{"href":"https:\/\/orotech.lt\/en\/wp-json\/wp\/v2\/media?parent=29406"}],"wp:term":[{"taxonomy":"product_brand","embeddable":true,"href":"https:\/\/orotech.lt\/en\/wp-json\/wp\/v2\/product_brand?post=29406"},{"taxonomy":"product_cat","embeddable":true,"href":"https:\/\/orotech.lt\/en\/wp-json\/wp\/v2\/product_cat?post=29406"},{"taxonomy":"product_tag","embeddable":true,"href":"https:\/\/orotech.lt\/en\/wp-json\/wp\/v2\/product_tag?post=29406"}],"curies":[{"name":"wp","href":"https:\/\/api.w.org\/{rel}","templated":true}]}}