{"id":29418,"date":"2025-09-09T10:10:02","date_gmt":"2025-09-09T10:10:02","guid":{"rendered":"https:\/\/orotech.lt\/mobilus-oro-vesintuvas-trotec-pae-51-2\/"},"modified":"2025-09-10T06:55:22","modified_gmt":"2025-09-10T06:55:22","slug":"mobile-air-cooler-trotec-pae-51-2","status":"publish","type":"product","link":"https:\/\/orotech.lt\/en\/mobile-air-cooler-trotec-pae-51-2\/","title":{"rendered":"Mobile air cooler Trotec PAE 51"},"content":{"rendered":"<p><img decoding=\"async\" alt=\"\" src=\"\/images\/Userfiles\/www.rubisolis.lt_Mobilus_oro_vsintuvas_Trotec_PAE_51.jpg\" style=\"width: 1000px; height: 234px;\" title=\"\"><\/p>\n<p><em><strong>The Trotec PAE 51 mobile air cooler will ensure natural coolness and freshness in your home!<\/strong><\/em><\/p>\n<p style=\"text-align: justify;\">Mobile <strong>air cooler<\/strong> Trotec PAE 51 vos vieno mygtuko paspaudimu greitai ir efektyviai atv\u0117sins nam\u0173, biuro ir kitos paskirties patalpas, kuri\u0173 dydis iki 60 m&sup2; \/ 150 m&sup3;.&nbsp;Skirtingai nei oro kondicionavimo sistemos, <strong>air cooler&nbsp;<\/strong>Trotec PAE 51 nereikalauja jokio au\u0161inimo skys\u010dio (\u0161altne\u0161io), o naudoja nat\u016bral\u0173 garavimo princip\u0105, b\u016btent tokiu b\u016bdu pasiekiamas norimas v\u0117sinimo efektas. Viskas, ko reikia &ndash; tai \u0161vie\u017eias vanduo, kuris pilamas \u012f didel\u012f 20 litr\u0173 vandens bak\u0105. Stiprus 661&nbsp;m&sup3;\/h oro srautas bei 2 litr\u0173 per valand\u0105 dr\u0117kinimo na\u0161umas, su vienu vandens bakelio u\u017epildymu maloniai v\u0117sins patalpas daugiau nei 10 valand\u0173!&nbsp;<\/p>\n<p style=\"text-align: justify;\">D\u0117l integruot\u0173 ratuk\u0173, gal\u0117site Jums reikiamu metu \u012frengin\u012f perstumti \u012f bet kuri\u0105 kit\u0105 Jums reikaling\u0105 v\u0117sinti patalp\u0105.&nbsp;Integruotas korio strukt\u016bros garinimo filtras sudr\u0117kins jau \u012ftraukt\u0105 patalpos or\u0105, atv\u0117sins ir i\u0161leis j\u012f per ventiliatori\u0173. Taip pat, \u0161is <strong>air cooler<\/strong> It also has an air purification function, so you can enjoy clean air without worrying about dust or pet hair in the air.&nbsp;<\/p>\n<p style=\"text-align: justify;\">It&#039;s no secret that too high a room temperature causes discomfort, which affects our well-being, concentration and attention. From now on, we can forget about it on a hot summer day! In order to cool down as much as possible, we recommend placing two ice packs, included in the package, in the water tank. To achieve maximum coolness, you can also use ice cubes.&nbsp;<\/p>\n<p style=\"text-align: justify;\">All functions and settings can be conveniently controlled using the remote control!&nbsp;<\/p>\n<p><strong>Technical information:<\/strong><\/p>\n<ul>\n<li>\n\t\tOro srautas: 661 m&sup3;&nbsp;\/h;<\/li>\n<li>\n\t\tTinkamas patalpoms: iki 60 m&sup2; \/ 150 m&sup3;;<\/li>\n<li>\n\t\tAir flow speed: 7 m\/s;<\/li>\n<li>\n\t\tPower supply voltage: 220-240 V \/ 50 Hz;<\/li>\n<li>\n\t\tPower: 110 W;<\/li>\n<li>\n\t\tWater capacity: 20 l;<\/li>\n<li>\n\t\tPower cable length: 1.8 m;<\/li>\n<li>\n\t\tMin.\/maks. temperat\u016bros intervalas: 5 &#8211; 43 &deg;C;<\/li>\n<li>\n\t\tWater evaporation capacity: 2 l\/h;<\/li>\n<li>\n\t\tMax. sound level (at 1 m): 60 dB(A);<\/li>\n<li>\n\t\tDevice weight: 8 kg;<\/li>\n<li>\n\t\tDevice dimensions: 390 x 342 x 897 mm.<\/li>\n<\/ul>\n<p><strong>Advantages:<\/strong><\/p>\n<ul>\n<li>\n\t\t<strong>Air cooler<\/strong> &bdquo;4 in 1&ldquo; : oro v\u0117sinimas, v\u0117dinimas, valymas, dr\u0117kinimas;<\/li>\n<li>\n\t\tNatural air cooling: as warm air moves through wet filters, cool water is naturally evaporated into the environment;<\/li>\n<li>\n\t\tCooling elements or ice cubes can be used to achieve greater air cooling efficiency.<\/li>\n<li>\n\t\t4 ventilation levels;<\/li>\n<li>\n\t\tAdjustable air direction;<\/li>\n<li>\n\t\tLow energy consumption;<\/li>\n<li>\n\t\tControl panel;<\/li>\n<li>\n\t\tTimer mode;<\/li>\n<li>\n\t\tQuiet operation;<\/li>\n<li>\n\t\tNight mode;<\/li>\n<li>\n\t\tNatural wind mode;<\/li>\n<li>\n\t\tAutomatic shut-off function after 15 hours;<\/li>\n<li>\n\t\tFilter drying function;<\/li>\n<li>\n\t\tEasy to transport thanks to integrated sturdy wheels (wheels with brakes);<\/li>\n<li>\n\t\tTinkamas naudoti visus metus: vasar\u0105 &#8211; v\u0117sintuvas, \u017eiem\u0105 &ndash; dr\u0117kintuvas.<\/li>\n<\/ul>\n<p style=\"text-align: center;\"><iframe allow=\"accelerometer; autoplay; clipboard-write; encrypted-media; gyroscope; picture-in-picture; web-share\" allowfullscreen=\"\" frameborder=\"0\" height=\"315\" src=\"https:\/\/www.youtube.com\/embed\/lf-A-PGdzJs\" title=\"YouTube video player\" width=\"560\"><\/iframe><\/p>\n<p><a class=\"catalogue\" href=\"https:\/\/www.rubisolis.lt\/\/failai\/files\/produktu%20pdf\/Trotec\/Mobil%C5%ABs%20v%C4%97sintuvai\/PAE51_LT.pdf\" target=\"blank\" rel=\"nofollow noopener\">Download product manual <\/a><\/p>","protected":false},"excerpt":{"rendered":"<p>Mobilus oro v\u0117sintuvas Trotec PAE 51 u\u017etikrins nat\u016brali\u0105 v\u0117s\u0105 ir gaiv\u0105 J\u016bs\u0173 namuose! Mobilus oro v\u0117sintuvas Trotec PAE 51 vos<\/p>","protected":false},"featured_media":29420,"comment_status":"closed","ping_status":"open","template":"","meta":[],"product_brand":[],"product_cat":[23],"product_tag":[535],"class_list":{"0":"post-29418","1":"product","2":"type-product","3":"status-publish","4":"has-post-thumbnail","6":"product_cat-be-kategorijos","7":"product_tag-naujiena","9":"first","10":"onbackorder","11":"taxable","12":"shipping-taxable","13":"product-type-variable"},"_links":{"self":[{"href":"https:\/\/orotech.lt\/en\/wp-json\/wp\/v2\/product\/29418","targetHints":{"allow":["GET"]}}],"collection":[{"href":"https:\/\/orotech.lt\/en\/wp-json\/wp\/v2\/product"}],"about":[{"href":"https:\/\/orotech.lt\/en\/wp-json\/wp\/v2\/types\/product"}],"replies":[{"embeddable":true,"href":"https:\/\/orotech.lt\/en\/wp-json\/wp\/v2\/comments?post=29418"}],"version-history":[{"count":1,"href":"https:\/\/orotech.lt\/en\/wp-json\/wp\/v2\/product\/29418\/revisions"}],"predecessor-version":[{"id":29419,"href":"https:\/\/orotech.lt\/en\/wp-json\/wp\/v2\/product\/29418\/revisions\/29419"}],"wp:featuredmedia":[{"embeddable":true,"href":"https:\/\/orotech.lt\/en\/wp-json\/wp\/v2\/media\/29420"}],"wp:attachment":[{"href":"https:\/\/orotech.lt\/en\/wp-json\/wp\/v2\/media?parent=29418"}],"wp:term":[{"taxonomy":"product_brand","embeddable":true,"href":"https:\/\/orotech.lt\/en\/wp-json\/wp\/v2\/product_brand?post=29418"},{"taxonomy":"product_cat","embeddable":true,"href":"https:\/\/orotech.lt\/en\/wp-json\/wp\/v2\/product_cat?post=29418"},{"taxonomy":"product_tag","embeddable":true,"href":"https:\/\/orotech.lt\/en\/wp-json\/wp\/v2\/product_tag?post=29418"}],"curies":[{"name":"wp","href":"https:\/\/api.w.org\/{rel}","templated":true}]}}