{"id":29430,"date":"2025-09-09T10:10:02","date_gmt":"2025-09-09T10:10:02","guid":{"rendered":"https:\/\/orotech.lt\/halogeninis-infraraudonuju-spinduliu-sildytuvas-heliosa-66-black-2\/"},"modified":"2025-09-10T06:55:23","modified_gmt":"2025-09-10T06:55:23","slug":"halogen-infrared-heater-heliosa-66-black-2","status":"publish","type":"product","link":"https:\/\/orotech.lt\/en\/halogen-infrared-heater-heliosa-66-black-2\/","title":{"rendered":"Halogen infrared heater Heliosa 66 Black"},"content":{"rendered":"<p style=\"text-align: justify;\"><strong>Modern design and warmth without light.<\/strong><\/p>\n<p style=\"text-align: justify;\">Elektrinis halogeninis infraraudon\u0173j\u0173 spinduli\u0173 \u0161ildytuvas, pasi\u017eymintis didele \u0161ilumos galia ir ma\u017eomis energijos s\u0105naudomis. &bdquo;Heliosa 66 Black&ldquo; yra tinkamas naudoti tiek u\u017edarose, tiek atvirose patalpose bei montuojamas ant sienos ar stovo. D\u0117ka specialaus, kar\u0161\u010diui atsparaus juodos spalvos apsauginio stiklo, norima aplinka \u0161ildoma be ry\u0161kios \u0161viesos.<\/p>\n<p style=\"text-align: justify;\"><strong>ADVANTAGES:<\/strong><\/p>\n<ul>\n<li>\n\t\tProfessional IR heaters, the quality, efficiency and functionality of which have been appreciated by hundreds of industrial and private customers in Lithuania;<\/li>\n<li>\n\t\tIntegrated special halogen heating elements are maintenance-free and heat efficiently for more than 7,000 hours;<\/li>\n<li>\n\t\tThe heating element is replaceable, so you won&#039;t have to buy a new heater if the element stops heating;<\/li>\n<li>\n\t\tReflectors that effectively direct heat at the right angle are made of the highest quality materials;<\/li>\n<li>\n\t\tUsing heaters to heat individual zones can save up to 70% in heating energy and costs.&nbsp;<\/li>\n<\/ul>\n<p><strong>Technical information:<\/strong><\/p>\n<ul>\n<li>\n\t\tMax. heating power: 2000 W;<\/li>\n<li>\n\t\tIP25 protection class \u2013 protected against rain and splashes of water;<\/li>\n<li>\n\t\tSpecial, heat-resistant black protective glass;<\/li>\n<li>\n\t\tColor: matte black;<\/li>\n<li>\n\t\tHeated area: 18-20 m2;<\/li>\n<li>\n\t\tCable length: 3 m;<\/li>\n<li>\n\t\tCable connector: Schuko;<\/li>\n<li>\n\t\tDimensions: 510x160x215 mm;<\/li>\n<li>\n\t\tWeight: 2.8 kg.<\/li>\n<\/ul>","protected":false},"excerpt":{"rendered":"<p>\u0160iuolaiki\u0161kas dizainas ir \u0161iluma be \u0161viesos. Elektrinis halogeninis infraraudon\u0173j\u0173 spinduli\u0173 \u0161ildytuvas, pasi\u017eymintis didele \u0161ilumos galia ir ma\u017eomis energijos s\u0105naudomis. &bdquo;Heliosa<\/p>","protected":false},"featured_media":29432,"comment_status":"closed","ping_status":"open","template":"","meta":[],"product_brand":[],"product_cat":[23],"product_tag":[535],"class_list":{"0":"post-29430","1":"product","2":"type-product","3":"status-publish","4":"has-post-thumbnail","6":"product_cat-be-kategorijos","7":"product_tag-naujiena","9":"first","10":"onbackorder","11":"taxable","12":"shipping-taxable","13":"product-type-variable"},"_links":{"self":[{"href":"https:\/\/orotech.lt\/en\/wp-json\/wp\/v2\/product\/29430","targetHints":{"allow":["GET"]}}],"collection":[{"href":"https:\/\/orotech.lt\/en\/wp-json\/wp\/v2\/product"}],"about":[{"href":"https:\/\/orotech.lt\/en\/wp-json\/wp\/v2\/types\/product"}],"replies":[{"embeddable":true,"href":"https:\/\/orotech.lt\/en\/wp-json\/wp\/v2\/comments?post=29430"}],"version-history":[{"count":1,"href":"https:\/\/orotech.lt\/en\/wp-json\/wp\/v2\/product\/29430\/revisions"}],"predecessor-version":[{"id":29431,"href":"https:\/\/orotech.lt\/en\/wp-json\/wp\/v2\/product\/29430\/revisions\/29431"}],"wp:featuredmedia":[{"embeddable":true,"href":"https:\/\/orotech.lt\/en\/wp-json\/wp\/v2\/media\/29432"}],"wp:attachment":[{"href":"https:\/\/orotech.lt\/en\/wp-json\/wp\/v2\/media?parent=29430"}],"wp:term":[{"taxonomy":"product_brand","embeddable":true,"href":"https:\/\/orotech.lt\/en\/wp-json\/wp\/v2\/product_brand?post=29430"},{"taxonomy":"product_cat","embeddable":true,"href":"https:\/\/orotech.lt\/en\/wp-json\/wp\/v2\/product_cat?post=29430"},{"taxonomy":"product_tag","embeddable":true,"href":"https:\/\/orotech.lt\/en\/wp-json\/wp\/v2\/product_tag?post=29430"}],"curies":[{"name":"wp","href":"https:\/\/api.w.org\/{rel}","templated":true}]}}