{"id":29438,"date":"2025-09-09T10:10:02","date_gmt":"2025-09-09T10:10:02","guid":{"rendered":"https:\/\/orotech.lt\/mobilus-oro-vesintuvas-trotec-pae-22-2\/"},"modified":"2025-09-10T06:55:24","modified_gmt":"2025-09-10T06:55:24","slug":"mobilus-oro-vesintuvas-trotec-pae-22-2","status":"publish","type":"product","link":"https:\/\/orotech.lt\/en\/mobilus-oro-vesintuvas-trotec-pae-22-2\/","title":{"rendered":"Mobile air cooler Trotec PAE 22"},"content":{"rendered":"<p style=\"text-align: justify;\"><em><strong>The Trotec PAE 22 mobile air cooler will allow you to enjoy natural coolness and freshness in your home!<\/strong><\/em><\/p>\n<p style=\"text-align: justify;\"><strong>Air cooler<\/strong> Trotec PAE 22 greitai ir efektyviai atv\u0117sina patalpas iki 24 m&sup2; arba 60 m&sup3; dyd\u017eio, tod\u0117l puikiai pasitarnaus miegamajame, svetain\u0117je, vaiko kambaryje ar bet kurioje kitoje patalpoje. Prie\u0161ingai nei oro kondicionieriuose, <strong>air cooler<\/strong> nereikalauja jokio au\u0161inimo skys\u010dio &ndash;&nbsp;tiesiog pripildykite \u012frengin\u012f v\u0117saus vandens. Nor\u0117dami i\u0161gauti itin \u0161alt\u0105 oro srov\u0119, \u012f vanden\u012f \u012fd\u0117kite atv\u0117sintus ledo paketus (pridedama komplekte) arba ledo kubelius! D\u0117l kompakti\u0161ko v\u0117sintuvo dyd\u017eio ir jame integruot\u0173 ratuk\u0173 bei rankenos nekils problem\u0173 ie\u0161kant pakankamai vietos, o esant poreikiui, bet kuriuo metu \u012frengin\u012f gal\u0117site perstumti \u012f kit\u0105 viet\u0105. Stilingas juodos spalvos v\u0117sintuvas der\u0117s bet kuriame nam\u0173 interjere! Dar vienas svarbus privalumas, kad \u0161iam oro v\u0117sintuvui nereikia i\u0161metimo \u017earnos (tarpin\u0117s), kuri mobiliose oro kondicionavimo sistemose turi b\u016bti montuojama prie lango.&nbsp;<\/p>\n<p style=\"text-align: justify;\">PAE 22 generuoja nat\u016bral\u0173 &bdquo;garavimo au\u0161inim\u0105 naudojant korio filtro princip\u0105&ldquo; . Nor\u0117dami tai padaryti, 6 litr\u0173 vandens bak\u0105 tereikia u\u017epildyti \u0161altu vandeniu. Au\u0161inimo efekt\u0105 galima sustiprinti \u012f vandens bak\u0105 papildomai \u012fd\u0117jus 2 komplektacijoje esan\u010dius au\u0161inimo paketus. 330 m&sup3; per valand\u0105 oro pralaidumo ir 0,9 litro per valand\u0105 dr\u0117kinimo galios prietaisas gali tiekti v\u0117s\u0173 or\u0105 vos 6,5 valandos, pripild\u0119s vien\u0105 vandens bak\u0105. Kai vandens bakas yra tu\u0161\u010dias, ekrane mirksi \u0161viesos diodas.&nbsp;<\/p>\n<p style=\"text-align: justify;\"><strong>Advantages:<\/strong><\/p>\n<ul>\n<li>\n\t\t3-in-1 air cooler: air cooling, ventilation, humidification;<\/li>\n<li>\n\t\tNatural air cooling using evaporative cooling with honeycomb technology;<\/li>\n<li>\n\t\tAbility to work with 2 included cold packs or ice cubes to increase cooling performance;<\/li>\n<li>\n\t\tHigh evaporation capacity of 0.9 liters per hour;<\/li>\n<li>\n\t\t6 liter water tank with level indicator;<\/li>\n<li>\n\t\tAutomatic oscillation of air flaps for even distribution in the room;<\/li>\n<li>\n\t\tAir filter (from animal hair, fluff and dust);<\/li>\n<li>\n\t\tNatural wind mode: gentle rising and falling wind;<\/li>\n<li>\n\t\tNight mode with reduced fan speed;<\/li>\n<li>\n\t\tConvenient remote control;<\/li>\n<li>\n\t\t4 blowing levels;<\/li>\n<li>\n\t\t15-hour timer function for automatic on and off;<\/li>\n<li>\n\t\tEasy to transport thanks to the practical recessed handle and transport rollers;<\/li>\n<li>\n\t\tSuitable for year-round use! Air cooler in summer, humidifier in winter.&nbsp;<\/li>\n<\/ul>\n<p style=\"text-align: justify;\"><strong>Technical characteristics:<\/strong><\/p>\n<ul>\n<li>\n\t\tMaksimalus patalp\u0173 t\u016bris &ndash; 24 m&sup2; \/ 60 m&sup3;;<\/li>\n<li>\n\t\tMaximum evaporation capacity: 0.9 l\/h;<\/li>\n<li>\n\t\tMaksimalus oro srautas: 330 m&sup3;\/h;<\/li>\n<li>\n\t\tAir flow speed: 12.9 m\/s;<\/li>\n<li>\n\t\tCooling medium: water;<\/li>\n<li>\n\t\tWater tank capacity: 6.0 l;<\/li>\n<li>\n\t\tVoltage: 230V (50Hz);<\/li>\n<li>\n\t\tPower consumption: 65 W;<\/li>\n<li>\n\t\tSound level at 1 meter distance: 52 dB (A);<\/li>\n<li>\n\t\tDimensions (length x width x height): 330 x 310 x 740 mm;<\/li>\n<li>\n\t\tWeight: 7.08 kg.<\/li>\n<\/ul>\n<p style=\"text-align: justify;\">Other functions and equipment features: air cooling function, air purification and humidification function, fan function, automatic operation, LED display, water level indicator, empty water tank warning function, adjustable air outlet direction, tilt function, infrared remote control, shut-off function when the water tank is full, honeycomb structure evaporation filter technology, possible operation with ice packs, night mode.&nbsp;<\/p>\n<p style=\"text-align: justify;\"><a class=\"catalogue\" href=\"http:\/\/rubisolis.lt\/images\/Userfiles\/My_folder\/Instrukcijos\/INSTRUKCIJA_Mobilus_oro_vsintuvas_Trotec_PAE_22.pdf\" target=\"blank\" rel=\"nofollow noopener\">Download product manual<\/a><\/p>","protected":false},"excerpt":{"rendered":"<p>Mobilus oro v\u0117sintuvas Trotec PAE 22 leis m\u0117gautis nat\u016bralia v\u0117sa ir gaiva J\u016bs\u0173 namuose! Oro v\u0117sintuvas Trotec PAE 22 greitai<\/p>","protected":false},"featured_media":29440,"comment_status":"closed","ping_status":"open","template":"","meta":[],"product_brand":[],"product_cat":[23],"product_tag":[535],"class_list":{"0":"post-29438","1":"product","2":"type-product","3":"status-publish","4":"has-post-thumbnail","6":"product_cat-be-kategorijos","7":"product_tag-naujiena","9":"first","10":"onbackorder","11":"taxable","12":"shipping-taxable","13":"product-type-variable"},"_links":{"self":[{"href":"https:\/\/orotech.lt\/en\/wp-json\/wp\/v2\/product\/29438","targetHints":{"allow":["GET"]}}],"collection":[{"href":"https:\/\/orotech.lt\/en\/wp-json\/wp\/v2\/product"}],"about":[{"href":"https:\/\/orotech.lt\/en\/wp-json\/wp\/v2\/types\/product"}],"replies":[{"embeddable":true,"href":"https:\/\/orotech.lt\/en\/wp-json\/wp\/v2\/comments?post=29438"}],"version-history":[{"count":1,"href":"https:\/\/orotech.lt\/en\/wp-json\/wp\/v2\/product\/29438\/revisions"}],"predecessor-version":[{"id":29439,"href":"https:\/\/orotech.lt\/en\/wp-json\/wp\/v2\/product\/29438\/revisions\/29439"}],"wp:featuredmedia":[{"embeddable":true,"href":"https:\/\/orotech.lt\/en\/wp-json\/wp\/v2\/media\/29440"}],"wp:attachment":[{"href":"https:\/\/orotech.lt\/en\/wp-json\/wp\/v2\/media?parent=29438"}],"wp:term":[{"taxonomy":"product_brand","embeddable":true,"href":"https:\/\/orotech.lt\/en\/wp-json\/wp\/v2\/product_brand?post=29438"},{"taxonomy":"product_cat","embeddable":true,"href":"https:\/\/orotech.lt\/en\/wp-json\/wp\/v2\/product_cat?post=29438"},{"taxonomy":"product_tag","embeddable":true,"href":"https:\/\/orotech.lt\/en\/wp-json\/wp\/v2\/product_tag?post=29438"}],"curies":[{"name":"wp","href":"https:\/\/api.w.org\/{rel}","templated":true}]}}