{"id":29450,"date":"2025-09-09T10:10:02","date_gmt":"2025-09-09T10:10:02","guid":{"rendered":"https:\/\/orotech.lt\/mobilus-oro-vesintuvas-trotec-pae-45-2\/"},"modified":"2025-09-10T06:55:25","modified_gmt":"2025-09-10T06:55:25","slug":"mobilus-oro-vesintuvas-trotec-pae-45-2","status":"publish","type":"product","link":"https:\/\/orotech.lt\/en\/mobilus-oro-vesintuvas-trotec-pae-45-2\/","title":{"rendered":"Mobile air cooler Trotec PAE 45"},"content":{"rendered":"<p>&nbsp;<\/p>\n<p><em><strong>Mobilus oro v\u0117sintuvas Trotec PAE 45&nbsp;&ndash; patogus 4 viename \u012frenginys, u\u017etikrinantis patalp\u0173 v\u0117sinim\u0105, v\u0117dinim\u0105, dr\u0117kinim\u0105 ir oro valym\u0105 i\u0161tisus metus!<\/strong><\/em><\/p>\n<p style=\"text-align: justify;\">Naudodamas naujovi\u0161k\u0105 korio v\u0117sinimo technologij\u0105, Aircooler PAE 45 u\u017etikrina nepalyginamai efektyv\u0173 energij\u0105, gaivinant\u012f \u0161vie\u017eum\u0105 ir v\u0117sinim\u0105. Jis v\u0117sina kambario or\u0105, naudodamas nat\u016bral\u0173 vandens garavimo princip\u0105, dar \u017einom\u0105 kaip adiabatinis v\u0117sinimas. Visi \u017eino \u0161\u012f v\u0117sinant\u012f poveik\u012f, pavyzd\u017eiui, d\u0117l prakaito i\u0161garavimo ar v\u0117sesnio oro prie kriokli\u0173, upi\u0173 ir e\u017eer\u0173. D\u0117l itin stiprios v\u0117jo srov\u0117s tai dar labiau pastebima nei naudojant kitus oro au\u0161intuvus. Nenaudojant daug energijos reikalaujan\u010dios kompresori\u0173 technologijos, PAE 45 energijos s\u0105naudos yra daug ma\u017eesn\u0117s nei mobiliojo oro kondicionieriaus. Taip pat \u012frenginiui nereikia nepatrauklios i\u0161traukiamo oro \u017earnos ar net i\u0161orinio \u012frenginio fasade, per kur\u012f \u012fprastose oro kondicionavimo sistemose \u0161iltas oras i\u0161leid\u017eiamas \u012f lauk\u0105. Au\u0161inimo mil\u017einas i\u0161traukia \u0161ilum\u0105 i\u0161 kambario oro nat\u016braliai i\u0161garuodamas \u0161alto arba ledinio vandens u\u017epild\u0105. \u0160iltas oras, patenkantis i\u0161 trij\u0173 prietaiso pusi\u0173, au\u0161inamas korio filtrais, i\u0161valomas integruotame oro filtre ir kaip gaivus ledinis v\u0117jelis pu\u010diamas \u012f patalp\u0105 per du didelio na\u0161umo ventiliatorius su aerodinamin\u0117s formos oro i\u0161leidimo lamel\u0117mis. viesulas. D\u0117l galingo 1700 m&sup3;\/h oro srauto Turbospin ir erdvaus ir lengvai valomo 10 litr\u0173 talpos vandens bako oro au\u0161intuv\u0105 rekomenduojama naudoti patalpose iki 136 m&sup2; arba 340 m&sup3;. PAE 45 taip pat turi automatinio d\u017eiovinimo funkcij\u0105, kuri apsaugo 3 korio filtrus nuo pel\u0117sio susidarymo sand\u0117liavimo metu &ndash; tereikia 3 sekundes paspausti mygtuk\u0105 &bdquo;Grei\u010dio&ldquo;.&nbsp;<\/p>\n<p><strong>Technical information:<\/strong><\/p>\n<ul>\n<li>\n\t\tOro srautas: 1700 m&sup3;\/h;<\/li>\n<li>\n\t\tTinkamas patalpoms: iki 136 m&sup2; \/ 340 m&sup3;;&nbsp;<\/li>\n<li>\n\t\tAir flow speed: 4.8 m\/s;<\/li>\n<li>\n\t\tPower supply voltage: 220-240 V \/ 50 Hz;<\/li>\n<li>\n\t\tPower: 90 W;<\/li>\n<li>\n\t\tWater capacity: 10 l;<\/li>\n<li>\n\t\tPower cable length: 1.8 m;<\/li>\n<li>\n\t\tMin.\/maks. temperat\u016bros intervalas: 5-43 &deg;C;<\/li>\n<li>\n\t\tWater evaporation capacity: 1.2\/h;<\/li>\n<li>\n\t\tMax. sound level (at 1 m): 60 dB(A);<\/li>\n<li>\n\t\tDevice weight: 7.5 kg;<\/li>\n<li>\n\t\tDevice dimensions: 290 x 368 x 940 mm.<\/li>\n<\/ul>\n<p><strong>Advantages:<\/strong><\/p>\n<ul>\n<li>\n\t\t4-in-1 air cooler: air cooling, ventilation, air freshening and air humidification;<\/li>\n<li>\n\t\tDual high-performance fan with Tursposin technology and 15 m operating range;<\/li>\n<li>\n\t\tThree-way warm air intake for optimal air humidification;<\/li>\n<li>\n\t\t3 separate evaporation filters for particularly good room evaporation performance;<\/li>\n<li>\n\t\tTouch-sensitive control panel;<\/li>\n<li>\n\t\tNatural air cooling using evaporative cooling with honeycomb technology;<\/li>\n<li>\n\t\tAir humidification for a pleasant and healthy room climate;<\/li>\n<li>\n\t\tAbility to work with 2 included ice packs or ice cubes to increase cooling performance;<\/li>\n<li>\n\t\tDidelis garavimo paj\u0117gumas &ndash; 1,2 litro per valand\u0105;<\/li>\n<li>\n\t\t10 liter water tank with level indicator;<\/li>\n<li>\n\t\tAutomatic air vane swing function for even distribution in the room;<\/li>\n<li>\n\t\tAir filter (from animal hair, fluff and dust);<\/li>\n<li>\n\t\tNight mode with reduced fan speed;<\/li>\n<li>\n\t\tEasy-to-clean water tank;<\/li>\n<li>\n\t\tConvenient control with remote control;<\/li>\n<li>\n\t\t5 fan speeds;<\/li>\n<li>\n\t\t9-hour timer function for automatic shutdown;<\/li>\n<li>\n\t\tEasy to transport thanks to the practical recessed handle and transport rollers;<\/li>\n<li>\n\t\tDrying function for hygienically perfect storage.<\/li>\n<\/ul>","protected":false},"excerpt":{"rendered":"<p>&nbsp; Mobilus oro v\u0117sintuvas Trotec PAE 45&nbsp;&ndash; patogus 4 viename \u012frenginys, u\u017etikrinantis patalp\u0173 v\u0117sinim\u0105, v\u0117dinim\u0105, dr\u0117kinim\u0105 ir oro valym\u0105 i\u0161tisus<\/p>","protected":false},"featured_media":29452,"comment_status":"closed","ping_status":"open","template":"","meta":[],"product_brand":[],"product_cat":[23],"product_tag":[535],"class_list":{"0":"post-29450","1":"product","2":"type-product","3":"status-publish","4":"has-post-thumbnail","6":"product_cat-be-kategorijos","7":"product_tag-naujiena","9":"first","10":"onbackorder","11":"taxable","12":"shipping-taxable","13":"product-type-variable"},"_links":{"self":[{"href":"https:\/\/orotech.lt\/en\/wp-json\/wp\/v2\/product\/29450","targetHints":{"allow":["GET"]}}],"collection":[{"href":"https:\/\/orotech.lt\/en\/wp-json\/wp\/v2\/product"}],"about":[{"href":"https:\/\/orotech.lt\/en\/wp-json\/wp\/v2\/types\/product"}],"replies":[{"embeddable":true,"href":"https:\/\/orotech.lt\/en\/wp-json\/wp\/v2\/comments?post=29450"}],"version-history":[{"count":1,"href":"https:\/\/orotech.lt\/en\/wp-json\/wp\/v2\/product\/29450\/revisions"}],"predecessor-version":[{"id":29451,"href":"https:\/\/orotech.lt\/en\/wp-json\/wp\/v2\/product\/29450\/revisions\/29451"}],"wp:featuredmedia":[{"embeddable":true,"href":"https:\/\/orotech.lt\/en\/wp-json\/wp\/v2\/media\/29452"}],"wp:attachment":[{"href":"https:\/\/orotech.lt\/en\/wp-json\/wp\/v2\/media?parent=29450"}],"wp:term":[{"taxonomy":"product_brand","embeddable":true,"href":"https:\/\/orotech.lt\/en\/wp-json\/wp\/v2\/product_brand?post=29450"},{"taxonomy":"product_cat","embeddable":true,"href":"https:\/\/orotech.lt\/en\/wp-json\/wp\/v2\/product_cat?post=29450"},{"taxonomy":"product_tag","embeddable":true,"href":"https:\/\/orotech.lt\/en\/wp-json\/wp\/v2\/product_tag?post=29450"}],"curies":[{"name":"wp","href":"https:\/\/api.w.org\/{rel}","templated":true}]}}