{"id":29460,"date":"2025-09-09T10:10:02","date_gmt":"2025-09-09T10:10:02","guid":{"rendered":"https:\/\/orotech.lt\/mobilus-oro-vesintuvas-trotec-pae-31-2\/"},"modified":"2025-09-10T06:55:25","modified_gmt":"2025-09-10T06:55:25","slug":"mobilus-oro-vesintuvas-trotec-pae-31-2","status":"publish","type":"product","link":"https:\/\/orotech.lt\/en\/mobilus-oro-vesintuvas-trotec-pae-31-2\/","title":{"rendered":"Mobile air cooler Trotec PAE 31"},"content":{"rendered":"<p>&nbsp;<\/p>\n<p><em><strong>The Trotec PAE 31 mobile air cooler is a convenient 4-in-1 device that ensures indoor cooling, ventilation, humidification and air purification all year round!<\/strong><\/em><\/p>\n<p style=\"text-align: justify;\">When the summer heat sets in, the 4-in-1 air cooler PAE 31 (air cooling, air freshening, ventilation and air humidification) with its icy-fresh air flow ensures rapid room cooling. The PAE 31 cools its air flow by 2 - 3 C\u00b0 and thus ensures an optimal temperature difference between outside and inside temperatures. The high-performance mobile air cooler with turbo spin technology and a range of 10 meters cools living or business premises, winter gardens, offices and shops at impressive speed. At the same time, this universal air cooler purifies and humidifies the room air to refresh you with clean and optimally humidified cool air. The ventilation power of the Turbospin fan can be adjusted in three levels.&nbsp;<\/p>\n<p style=\"text-align: justify;\">The combined air cooling, air humidification and air purification of the PAE 31 noticeably improves the room climate and at the same time repels pathogens from the air. The spread of the coronavirus SARS-CoV-2 and other viruses (e.g. influenza viruses) is greatly influenced by humidity. Optimally humidified room air has been shown to reduce the risk of viral infection and keep the nasal mucosa, which is important for the immune system, moist. As a humidifier for year-round use, the PAE 31 impresses with a humidification capacity of 1.1 l\/h to maintain an optimal humidity of 40-60 %. In addition, the PAE 31 can also be used as a refreshing fan all year round without the air cooling and humidification function. To direct the cooling air flow to a specific point or distribute it throughout the room,<\/p>\n<p style=\"text-align: justify;\">The PAE 31 generates natural &quot;evaporative cooling using the honeycomb filter principle&quot;. To do this, simply fill the 6-liter water tank with cold water. The cooling effect can be enhanced by adding the 2 cooling packs included in the package to the water tank.<\/p>\n<p style=\"text-align: justify;\"><strong>Advantages:<\/strong><\/p>\n<ul>\n<li>\n\t\t4-in-1 air cooler: air cooling, ventilation, air freshening and air humidification;<\/li>\n<li>\n\t\tNatural air cooling using evaporative cooling with honeycomb technology;<\/li>\n<li>\n\t\tAbility to work with 2 included cold packs or ice cubes to increase cooling performance;<\/li>\n<li>\n\t\tHigh evaporation capacity of 0.9 liters per hour;<\/li>\n<li>\n\t\t6 liter water tank with level indicator;<\/li>\n<li>\n\t\tAutomatic oscillation of air flaps for even distribution in the room;<\/li>\n<li>\n\t\tAir filter (from animal hair, fluff and dust);<\/li>\n<li>\n\t\tNatural wind mode: gentle rising and falling wind;<\/li>\n<li>\n\t\tNight mode with reduced fan speed;<\/li>\n<li>\n\t\tConvenient remote control;<\/li>\n<li>\n\t\t3 blowing levels;<\/li>\n<li>\n\t\t8-hour timer function for automatic on and off;<\/li>\n<li>\n\t\tEasy to transport thanks to the practical recessed handle and transport wheels;<\/li>\n<li>\n\t\tSuitable for year-round use! Air cooler in summer, humidifier in winter.<\/li>\n<\/ul>\n<p><strong><span style=\"text-align: justify;\">Technical characteristics:<\/span><\/strong><\/p>\n<ul>\n<li>\n\t\tMaximum room volume \u2013 26 m\u00b2 \/ 65 m\u00b3;<\/li>\n<li>\n\t\tMaximum evaporation capacity: 1.1 l\/h;<\/li>\n<li>\n\t\tMaximum air flow: 1000 m\u00b3\/h;<\/li>\n<li>\n\t\tAir flow speed: 3.9 m\/s;<\/li>\n<li>\n\t\tCooling medium: water;<\/li>\n<li>\n\t\tWater tank capacity: 6.0 l;<\/li>\n<li>\n\t\tVoltage: 220 \u2013 240 V, 50 Hz;<\/li>\n<li>\n\t\tPower consumption: 60 W;<\/li>\n<li>\n\t\tSound level at 1 meter distance: 55 dB (A);<\/li>\n<li>\n\t\tDimensions (length x width x height): 265 x 310 x 620 mm;<\/li>\n<li>\n\t\tWeight: 5.5 kg.&nbsp;&nbsp;<\/li>\n<\/ul>","protected":false},"excerpt":{"rendered":"<p>&nbsp; Mobilus oro v\u0117sintuvas Trotec PAE 31 &ndash; patogus 4 viename \u012frenginys, u\u017etikrinantis patalp\u0173 v\u0117sinim\u0105, v\u0117dinim\u0105, dr\u0117kinim\u0105 ir oro valym\u0105<\/p>","protected":false},"featured_media":29462,"comment_status":"closed","ping_status":"open","template":"","meta":[],"product_brand":[],"product_cat":[23],"product_tag":[535],"class_list":{"0":"post-29460","1":"product","2":"type-product","3":"status-publish","4":"has-post-thumbnail","6":"product_cat-be-kategorijos","7":"product_tag-naujiena","9":"first","10":"onbackorder","11":"taxable","12":"shipping-taxable","13":"product-type-variable"},"_links":{"self":[{"href":"https:\/\/orotech.lt\/en\/wp-json\/wp\/v2\/product\/29460","targetHints":{"allow":["GET"]}}],"collection":[{"href":"https:\/\/orotech.lt\/en\/wp-json\/wp\/v2\/product"}],"about":[{"href":"https:\/\/orotech.lt\/en\/wp-json\/wp\/v2\/types\/product"}],"replies":[{"embeddable":true,"href":"https:\/\/orotech.lt\/en\/wp-json\/wp\/v2\/comments?post=29460"}],"version-history":[{"count":1,"href":"https:\/\/orotech.lt\/en\/wp-json\/wp\/v2\/product\/29460\/revisions"}],"predecessor-version":[{"id":29461,"href":"https:\/\/orotech.lt\/en\/wp-json\/wp\/v2\/product\/29460\/revisions\/29461"}],"wp:featuredmedia":[{"embeddable":true,"href":"https:\/\/orotech.lt\/en\/wp-json\/wp\/v2\/media\/29462"}],"wp:attachment":[{"href":"https:\/\/orotech.lt\/en\/wp-json\/wp\/v2\/media?parent=29460"}],"wp:term":[{"taxonomy":"product_brand","embeddable":true,"href":"https:\/\/orotech.lt\/en\/wp-json\/wp\/v2\/product_brand?post=29460"},{"taxonomy":"product_cat","embeddable":true,"href":"https:\/\/orotech.lt\/en\/wp-json\/wp\/v2\/product_cat?post=29460"},{"taxonomy":"product_tag","embeddable":true,"href":"https:\/\/orotech.lt\/en\/wp-json\/wp\/v2\/product_tag?post=29460"}],"curies":[{"name":"wp","href":"https:\/\/api.w.org\/{rel}","templated":true}]}}