{"id":29470,"date":"2025-09-09T10:10:02","date_gmt":"2025-09-09T10:10:02","guid":{"rendered":"https:\/\/orotech.lt\/halogeninis-infraraudonuju-spinduliu-sildytuvas-helios-radiant-black-2\/"},"modified":"2025-09-10T06:55:28","modified_gmt":"2025-09-10T06:55:28","slug":"halogen-infrared-heater-helios-radiant-black-2","status":"publish","type":"product","link":"https:\/\/orotech.lt\/en\/halogen-infrared-heater-helios-radiant-black-2\/","title":{"rendered":"Halogen infrared heater Helios Radiant Black"},"content":{"rendered":"<p style=\"text-align: justify;\"><strong style=\"text-align: justify;\">Minimal operating costs and heat without light.<\/strong><\/p>\n<p style=\"text-align: justify;\">Infraraudon\u0173j\u0173 spinduli\u0173 elektrinis \u0161ildytuvas suprojektuotas taip, kad b\u016bt\u0173 u\u017etikrinta auk\u0161ta \u0161ildymo galia su minimaliu \u0161viesos skleidimu. &bdquo;Helios Radiant Black&ldquo; yra tinkamas naudoti tiek u\u017edarose, tiek atvirose patalpose.<\/p>\n<p style=\"text-align: justify;\"><strong>ADVANTAGES:<\/strong><\/p>\n<ul>\n<li>\n\t\tProfessional IR heaters, the quality, efficiency and functionality of which have been appreciated by hundreds of industrial and private customers in Lithuania;<\/li>\n<li>\n\t\tIntegrated special halogen heating elements are maintenance-free and heat efficiently for more than 7,000 hours;<\/li>\n<li>\n\t\tThe heating element is replaceable, so you won&#039;t have to buy a new heater if the element stops heating;<\/li>\n<li>\n\t\tReflectors that effectively direct heat at the right angle are made of the highest quality materials;<\/li>\n<li>\n\t\tUsing heaters to heat individual zones can save up to 70% in heating energy and costs.&nbsp;<\/li>\n<\/ul>\n<p style=\"text-align: justify;\"><strong>Technical information:<\/strong><\/p>\n<ul>\n<li style=\"text-align: justify;\">\n\t\t<strong>Max. heating power: 2000 W;<\/strong><\/li>\n<li style=\"text-align: justify;\">\n\t\t<strong>IP23 apsaugos klas\u0117 &#8211; apsaugotas nuo objekt\u0173, didesni\u0173 nei 12.5 mm patekimo \u012f \u0161ildytuvo vid\u0173 ir&nbsp;nuo lietaus;<\/strong><\/li>\n<li style=\"text-align: justify;\">\n\t\t<strong>Special, heat-resistant black protective glass;<\/strong><\/li>\n<li style=\"text-align: justify;\">\n\t\tColor: matte black;<\/li>\n<li style=\"text-align: justify;\">\n\t\tHeated area: 15-20 m<sup>2<\/sup>;<\/li>\n<li style=\"text-align: justify;\">\n\t\t\u0160ildytuvo matmenys:&nbsp;500 x 230 x 160 mm;<\/li>\n<li style=\"text-align: justify;\">\n\t\tHeater weight: 5 kg;<\/li>\n<li style=\"text-align: justify;\">\n\t\tHeater power supply: 220-240 V | 50\/60 Hz;<\/li>\n<li style=\"text-align: justify;\">\n\t\tPower cord length: 3 m;<\/li>\n<li style=\"text-align: justify;\">\n\t\tRecommended installation height: 2.2-2.5 m.<\/li>\n<\/ul>\n<p style=\"text-align: justify;\"><a class=\"catalogue\" href=\"https:\/\/www.rubisolis.lt\/failai\/files\/produktu%20pdf\/Star%20Progetti\/%C5%A0ildytuvai\/Helios%20Radiant%20Black%20naudojimo%20instrukcija.pdf\" target=\"blank\" rel=\"nofollow noopener\">Download product manual <\/a><\/p>","protected":false},"excerpt":{"rendered":"<p>Minimal operating costs and heat without light. The infrared electric heater is designed to provide high heating power with<\/p>","protected":false},"featured_media":29472,"comment_status":"closed","ping_status":"open","template":"","meta":[],"product_brand":[],"product_cat":[23],"product_tag":[535],"class_list":{"0":"post-29470","1":"product","2":"type-product","3":"status-publish","4":"has-post-thumbnail","6":"product_cat-be-kategorijos","7":"product_tag-naujiena","9":"first","10":"onbackorder","11":"taxable","12":"shipping-taxable","13":"product-type-variable"},"_links":{"self":[{"href":"https:\/\/orotech.lt\/en\/wp-json\/wp\/v2\/product\/29470","targetHints":{"allow":["GET"]}}],"collection":[{"href":"https:\/\/orotech.lt\/en\/wp-json\/wp\/v2\/product"}],"about":[{"href":"https:\/\/orotech.lt\/en\/wp-json\/wp\/v2\/types\/product"}],"replies":[{"embeddable":true,"href":"https:\/\/orotech.lt\/en\/wp-json\/wp\/v2\/comments?post=29470"}],"version-history":[{"count":1,"href":"https:\/\/orotech.lt\/en\/wp-json\/wp\/v2\/product\/29470\/revisions"}],"predecessor-version":[{"id":29471,"href":"https:\/\/orotech.lt\/en\/wp-json\/wp\/v2\/product\/29470\/revisions\/29471"}],"wp:featuredmedia":[{"embeddable":true,"href":"https:\/\/orotech.lt\/en\/wp-json\/wp\/v2\/media\/29472"}],"wp:attachment":[{"href":"https:\/\/orotech.lt\/en\/wp-json\/wp\/v2\/media?parent=29470"}],"wp:term":[{"taxonomy":"product_brand","embeddable":true,"href":"https:\/\/orotech.lt\/en\/wp-json\/wp\/v2\/product_brand?post=29470"},{"taxonomy":"product_cat","embeddable":true,"href":"https:\/\/orotech.lt\/en\/wp-json\/wp\/v2\/product_cat?post=29470"},{"taxonomy":"product_tag","embeddable":true,"href":"https:\/\/orotech.lt\/en\/wp-json\/wp\/v2\/product_tag?post=29470"}],"curies":[{"name":"wp","href":"https:\/\/api.w.org\/{rel}","templated":true}]}}