{"id":29477,"date":"2025-09-09T10:10:02","date_gmt":"2025-09-09T10:10:02","guid":{"rendered":"https:\/\/orotech.lt\/lango-tarpine-trotec-airlock-100-2\/"},"modified":"2025-09-10T06:55:29","modified_gmt":"2025-09-10T06:55:29","slug":"lango-tarpine-trotec-airlock-100-2","status":"publish","type":"product","link":"https:\/\/orotech.lt\/en\/lango-tarpine-trotec-airlock-100-2\/","title":{"rendered":"Lango tarpin\u0117 Trotec AirLock 100"},"content":{"rendered":"<p style=\"text-align: justify;\">Da\u017enai naudojant mobil\u0173 kondicionieri\u0173 vienintel\u0117 galimyb\u0117 i\u0161leisti kar\u0161t\u0105 or\u0105 yra per atvir\u0105 lang\u0105. Ta\u010diau tokiu atveju patalpos kondicionavimas tampa neefektyvus ir nemalonus, kadangi i\u0161 lauko kar\u0161tas oras pastoviai patenka \u012f v\u0117sinam\u0105 patalp\u0105. Lango tarpin\u0117 AirLock 100 puikus sprendimas \u0161iai problemai i\u0161spr\u0119sti. Greitai ir nesud\u0117tingai j\u0105 sumontavus tarp lango ir r\u0117mo bei pasinaudojus u\u017etrauktuku, kar\u0161tas oras yra i\u0161leid\u017eiamas \u012f lauk\u0105 bei nepatenka atgal \u012f patalp\u0105. Taip pat apsisaugoma nuo vabzd\u017ei\u0173. Kad u\u017edaryti lang\u0105, tarpin\u0117s nereikia i\u0161montuoti. Nesvarbu koks langas, Airlock 100 tinka paprastai visiems langams, kuri\u0173 maksimalus perimetras yra iki 400 cm.<\/p>\n<p style=\"text-align: center;\"><iframe allow=\"accelerometer; autoplay; clipboard-write; encrypted-media; gyroscope; picture-in-picture\" allowfullscreen=\"\" frameborder=\"0\" height=\"315\" src=\"https:\/\/www.youtube.com\/embed\/Xsgqxt_-xZo\" title=\"YouTube video player\" width=\"560\"><\/iframe><\/p>\n<p><a class=\"catalogue\" href=\"https:\/\/www.rubisolis.lt\/\/failai\/files\/produktu%20pdf\/AirLock%20100%20lango%20tarpin%C4%97s%20montavimo%20instrukcija.pdf\" target=\"blank\" rel=\"nofollow noopener\">Download product manual <\/a><\/p>","protected":false},"excerpt":{"rendered":"<p>Da\u017enai naudojant mobil\u0173 kondicionieri\u0173 vienintel\u0117 galimyb\u0117 i\u0161leisti kar\u0161t\u0105 or\u0105 yra per atvir\u0105 lang\u0105. Ta\u010diau tokiu atveju patalpos kondicionavimas tampa neefektyvus<\/p>","protected":false},"featured_media":29479,"comment_status":"closed","ping_status":"open","template":"","meta":[],"product_brand":[],"product_cat":[23],"product_tag":[535],"class_list":{"0":"post-29477","1":"product","2":"type-product","3":"status-publish","4":"has-post-thumbnail","6":"product_cat-be-kategorijos","7":"product_tag-naujiena","9":"first","10":"onbackorder","11":"taxable","12":"shipping-taxable","13":"product-type-variable"},"_links":{"self":[{"href":"https:\/\/orotech.lt\/en\/wp-json\/wp\/v2\/product\/29477","targetHints":{"allow":["GET"]}}],"collection":[{"href":"https:\/\/orotech.lt\/en\/wp-json\/wp\/v2\/product"}],"about":[{"href":"https:\/\/orotech.lt\/en\/wp-json\/wp\/v2\/types\/product"}],"replies":[{"embeddable":true,"href":"https:\/\/orotech.lt\/en\/wp-json\/wp\/v2\/comments?post=29477"}],"version-history":[{"count":1,"href":"https:\/\/orotech.lt\/en\/wp-json\/wp\/v2\/product\/29477\/revisions"}],"predecessor-version":[{"id":29478,"href":"https:\/\/orotech.lt\/en\/wp-json\/wp\/v2\/product\/29477\/revisions\/29478"}],"wp:featuredmedia":[{"embeddable":true,"href":"https:\/\/orotech.lt\/en\/wp-json\/wp\/v2\/media\/29479"}],"wp:attachment":[{"href":"https:\/\/orotech.lt\/en\/wp-json\/wp\/v2\/media?parent=29477"}],"wp:term":[{"taxonomy":"product_brand","embeddable":true,"href":"https:\/\/orotech.lt\/en\/wp-json\/wp\/v2\/product_brand?post=29477"},{"taxonomy":"product_cat","embeddable":true,"href":"https:\/\/orotech.lt\/en\/wp-json\/wp\/v2\/product_cat?post=29477"},{"taxonomy":"product_tag","embeddable":true,"href":"https:\/\/orotech.lt\/en\/wp-json\/wp\/v2\/product_tag?post=29477"}],"curies":[{"name":"wp","href":"https:\/\/api.w.org\/{rel}","templated":true}]}}