{"id":29481,"date":"2025-09-09T10:10:02","date_gmt":"2025-09-09T10:10:02","guid":{"rendered":"https:\/\/orotech.lt\/mobilus-oro-kondicionierius-trotec-pac-2010-sh-2\/"},"modified":"2025-09-10T06:55:30","modified_gmt":"2025-09-10T06:55:30","slug":"mobilus-oro-kondicionierius-trotec-pac-2010-sh-2","status":"publish","type":"product","link":"https:\/\/orotech.lt\/en\/mobilus-oro-kondicionierius-trotec-pac-2010-sh-2\/","title":{"rendered":"Mobile air conditioner Trotec PAC 2010 SH"},"content":{"rendered":"<p style=\"text-align: justify;\"><img decoding=\"async\" alt=\"\" src=\"\/images\/Userfiles\/www.rubisolis.lt_mobilius_oro_kondicionierius_pac_2010_sh.jpg\" style=\"width: 1000px; height: 234px;\" title=\"\"><\/p>\n<p style=\"text-align: justify;\"><em>Air conditioning <strong>&bdquo;4 in 1&ldquo;<\/strong>: ensures a pleasant room climate by cooling, heating, ventilating and dehumidifying the air.<\/em><\/p>\n<p style=\"text-align: justify;\">Set of Trotec PAC 2010 SH mobile air conditioner and Trotec AirLock 100 window seal.<\/p>\n<p style=\"text-align: justify;\">With the Trotec PAC 2010 SH combined air conditioner and heater, you can enjoy a comfortable room temperature all year round! Mobile <strong>air conditioner<\/strong> Trotec PAC 2010 SH&nbsp;greitai ir efektyviai <strong>cools <\/strong>on hot summer days, using 2 kW of electricity and <strong>warms<\/strong> room air on cool autumn evenings, using 1.8 kW of electricity. Mobile <strong>air conditioner<\/strong> Trotec PAC 2010 SH&nbsp;puikiai atliks savo funkcijas namuose, biuruose, verslo patalpose, sodo nameliuose, vie\u0161butyje ar restorane, kuri\u0173 plotas yra iki 26 m&sup2;, 65 m&sup3; t\u016brio. Ypa\u010d efektyviam energijos taupymui kompresorius automati\u0161kai i\u0161sijungia tiek \u0161ildymo, tiek au\u0161inimo metu, kai pasiekiama norima temperat\u016bra.<\/p>\n<p style=\"text-align: justify;\">Mobile <strong>air conditioner <\/strong>The Trotec PAC 2010 SH has 2 stages <strong>ventilation function&nbsp;<\/strong>and vertically adjustable air louvers that help distribute cool or warm air evenly throughout the room. You can enjoy a fresh breeze created by the integrated fan at any time - even without turning on the cooling or heating function.<\/p>\n<p style=\"text-align: justify;\">The Lithuanian summer period is often not only abundant in heat, but also in humidity. Mobile <strong>air conditioner<\/strong> The Trotec PAC 2010 SH has an integrated&nbsp;<strong>dehumidification function, <\/strong>which contributes to creating a more comfortable home climate. When the dehumidification mode is activated, the device removes up to 0.8 liters of excess moisture from the room air per hour. Continuous dehumidification can prevent the formation of harmful mold in the room. The built-in and easy-to-clean air filter traps dust, fluff and pet hair, thus ensuring fresh air.<\/p>\n<table border=\"1\" cellpadding=\"1\" cellspacing=\"1\" style=\"width: 100%;\">\n<tbody>\n<tr>\n<td bgcolor=\"#ffffff\" style=\"width: 70%; border-color: rgb(255, 255, 255);\">\n<div><strong>Device features:&nbsp;<\/strong><\/div>\n<ul>\n<li>\n\t\t\t\t\t\t<strong>Air conditioning <\/strong>4in1: air heating, cooling, ventilation, dehumidification;<\/li>\n<li>\n\t\t\t\t\t\tPatalpoms iki:&nbsp;26 m&sup2; \/ 65 m&sup3;;<\/li>\n<li>\n\t\t\t\t\t\tMax cooling capacity: 2 kW;<\/li>\n<li>\n\t\t\t\t\t\tMax. heating power: 1.8 kW;&nbsp;<\/li>\n<li>\n\t\t\t\t\t\t2 fan speeds;&nbsp;<\/li>\n<li>\n\t\t\t\t\t\tLED screen lighting;&nbsp;<\/li>\n<li>\n\t\t\t\t\t\t24h timer;&nbsp;<\/li>\n<li>\n\t\t\t\t\t\tCleanable antibacterial air filter;&nbsp;<\/li>\n<li>\n\t\t\t\t\t\tControl panel;<\/li>\n<li>\n\t\t\t\t\t\tAir purification (animal hair, fluff, dust);<\/li>\n<li>\n\t\t\t\t\t\tGarso lygis: 53&nbsp;dB;<\/li>\n<li>\n\t\t\t\t\t\tAir diversion function;&nbsp;<\/li>\n<li>\n\t\t\t\t\t\tSelf-diagnosis (fault detection and precise indication of the source of the error);<\/li>\n<li>\n\t\t\t\t\t\tAir diversion function;<\/li>\n<li>\n\t\t\t\t\t\tTimer;<\/li>\n<li>\n\t\t\t\t\t\tDrainage connection for continuous drainage;<\/li>\n<li>\n\t\t\t\t\t\tAutomatic mode.<\/li>\n<\/ul>\n<\/td>\n<td bgcolor=\"#ffffff\" style=\"text-align: center; width: 30%; border-color: rgb(255, 255, 255);\">\n\t\t\t\t<strong><img decoding=\"async\" alt=\"\" src=\"\/images\/Userfiles\/www.rubisolis.lt_mobilus_oro_kondicionierius_PAC_2010_SH_12.jpg\" style=\"width: 150px; height: 300px;\" title=\"\"><\/strong><\/td>\n<\/tr>\n<\/tbody>\n<\/table>\n<p><strong>Technical specifications:<\/strong><\/p>\n<ul>\n<li>\n\t\tMaks. patalp\u0173 t\u016bris: 26 m&sup2; \/ 65 m&sup3;;<\/li>\n<li>\n\t\tMax cooling capacity: 2 kW;<\/li>\n<li>\n\t\tMax. heating power: 1.8 kW;<\/li>\n<li>\n\t\tMin.\/max. temperature range: 16-35 <sup>oh<\/sup>C;<\/li>\n<li>\n\t\tRefrigerant: R290;<\/li>\n<li>\n\t\tCooling agent quantity: 0.14 kg;<\/li>\n<li>\n\t\t\u012etampa: 220 &#8211; 240 \/ 50&nbsp;V|HZ;<\/li>\n<li>\n\t\tI\u0161matavimai: 300 x 320 x 700&nbsp;(IxPxA)(mm);<\/li>\n<li>\n\t\tGarso lygis 1 m atstumu: 53&nbsp;(dB(A));<\/li>\n<li>\n\t\tI\u0161leidimo \u017earnos ilgis: 1500 x 150&nbsp;(IxD) (mm);<\/li>\n<li>\n\t\tWeight: 19 kg;<\/li>\n<li>\n\t\tMaks. oro srautas: 320 m&sup3;\/val.<\/li>\n<li>\n\t\tMaks.&nbsp;oro sausinimo galia: 0,8 l\/val.<\/li>\n<li>\n\t\tType: monoblock unit.<\/li>\n<\/ul>\n<p style=\"text-align: center;\"><iframe allow=\"accelerometer; autoplay; clipboard-write; encrypted-media; gyroscope; picture-in-picture\" allowfullscreen=\"\" frameborder=\"0\" height=\"315\" src=\"https:\/\/www.youtube.com\/embed\/I7XQR-nUhiI\" title=\"YouTube video player\" width=\"560\"><\/iframe><\/p>\n<p><a class=\"catalogue\" href=\"https:\/\/www.rubisolis.lt\/\/failai\/files\/produktu%20pdf\/Trotec\/Oro%20valytuvai\/Trotec%20PAC%202010%20SH%20naudojimo%20instrukcija(1).pdf\" target=\"blank\" rel=\"nofollow noopener\">Download product manual<\/a><\/p>","protected":false},"excerpt":{"rendered":"<p>Oro kondicionierius &bdquo;4 in 1&ldquo;: u\u017etikrina malon\u0173 kambario klimat\u0105 v\u0117sinant, \u0161ildant, v\u0117dinant bei sausinant or\u0105. Mobilaus oro kondicionieriaus Trotec PAC<\/p>","protected":false},"featured_media":29483,"comment_status":"closed","ping_status":"open","template":"","meta":[],"product_brand":[],"product_cat":[23],"product_tag":[535],"class_list":{"0":"post-29481","1":"product","2":"type-product","3":"status-publish","4":"has-post-thumbnail","6":"product_cat-be-kategorijos","7":"product_tag-naujiena","9":"first","10":"onbackorder","11":"taxable","12":"shipping-taxable","13":"product-type-variable"},"_links":{"self":[{"href":"https:\/\/orotech.lt\/en\/wp-json\/wp\/v2\/product\/29481","targetHints":{"allow":["GET"]}}],"collection":[{"href":"https:\/\/orotech.lt\/en\/wp-json\/wp\/v2\/product"}],"about":[{"href":"https:\/\/orotech.lt\/en\/wp-json\/wp\/v2\/types\/product"}],"replies":[{"embeddable":true,"href":"https:\/\/orotech.lt\/en\/wp-json\/wp\/v2\/comments?post=29481"}],"version-history":[{"count":1,"href":"https:\/\/orotech.lt\/en\/wp-json\/wp\/v2\/product\/29481\/revisions"}],"predecessor-version":[{"id":29482,"href":"https:\/\/orotech.lt\/en\/wp-json\/wp\/v2\/product\/29481\/revisions\/29482"}],"wp:featuredmedia":[{"embeddable":true,"href":"https:\/\/orotech.lt\/en\/wp-json\/wp\/v2\/media\/29483"}],"wp:attachment":[{"href":"https:\/\/orotech.lt\/en\/wp-json\/wp\/v2\/media?parent=29481"}],"wp:term":[{"taxonomy":"product_brand","embeddable":true,"href":"https:\/\/orotech.lt\/en\/wp-json\/wp\/v2\/product_brand?post=29481"},{"taxonomy":"product_cat","embeddable":true,"href":"https:\/\/orotech.lt\/en\/wp-json\/wp\/v2\/product_cat?post=29481"},{"taxonomy":"product_tag","embeddable":true,"href":"https:\/\/orotech.lt\/en\/wp-json\/wp\/v2\/product_tag?post=29481"}],"curies":[{"name":"wp","href":"https:\/\/api.w.org\/{rel}","templated":true}]}}