{"id":29505,"date":"2025-09-09T10:15:02","date_gmt":"2025-09-09T10:15:02","guid":{"rendered":"https:\/\/orotech.lt\/mobilus-oro-kondicionierius-trotec-pac-3500-sh-2\/"},"modified":"2025-09-10T06:55:32","modified_gmt":"2025-09-10T06:55:32","slug":"mobilus-oro-kondicionierius-trotec-pac-3500-sh-2","status":"publish","type":"product","link":"https:\/\/orotech.lt\/en\/mobilus-oro-kondicionierius-trotec-pac-3500-sh-2\/","title":{"rendered":"Mobile air conditioner Trotec PAC 3500 SH"},"content":{"rendered":"<p style=\"text-align: justify;\"><img decoding=\"async\" alt=\"\" src=\"\/images\/Userfiles\/www.rubisolis.lt_oro_kondicionierius_pac_3500_sh.jpg\" style=\"width: 1000px; height: 234px;\" title=\"\"><\/p>\n<p style=\"text-align: justify;\"><em>4-in-1 air conditioner: ensures a pleasant room climate by cooling, heating, ventilating and dehumidifying the air.<\/em><\/p>\n<p style=\"text-align: justify;\"><span>With the Trotec PAC 3500 SH combined air conditioner and heater, you can enjoy a comfortable room temperature all year round.&nbsp;<\/span><strong>Air conditioning<\/strong> The Trotec PAC 3500 SH cools quickly and efficiently on hot summer days using 3.5 kW of electricity and heats the room air on cool autumn evenings using 2.9 kW of electricity. <strong>Air conditioning<\/strong> will perfectly perform its functions in homes, offices, business premises, garden houses, hotels or restaurants with an area of up to 46 m\u00b2 and a volume of 115 m\u00b3. For particularly effective energy saving, the compressor automatically switches off both during heating and cooling when the desired temperature is reached.<\/p>\n<p style=\"text-align: justify;\"><span>The 3-stage ventilation function and vertically adjustable air louvers help distribute cool or warm air evenly throughout the room. You can enjoy the fresh breeze created by the integrated fan at any time - even without turning on the cooling or heating function.<\/span><\/p>\n<p style=\"text-align: justify;\"><span>The Lithuanian summer period is often not only abundant in heat, but also in humidity.&nbsp;<\/span><strong>Air conditioning<\/strong> The Trotec PAC 3500 SH has an integrated dehumidification function, which contributes to creating a more comfortable home climate. When dehumidification mode is activated, the device removes up to 3.25 liters of excess moisture from the room air per hour. Continuous dehumidification can prevent the formation of harmful mold in the room. The replaceable air filter in the air conditioner traps dust, fluff and animal hair, thus ensuring fresh air.<\/p>\n<p style=\"text-align: justify;\"><span>Trotec is concerned about the future of the world&#039;s climate, which is why this air conditioner uses propane (R290) as a refrigerant. It is an environmentally friendly and organic refrigerant that meets the latest climate protection requirements.<\/span><\/p>\n<table border=\"1\" cellpadding=\"1\" cellspacing=\"1\" style=\"width: 100%;\">\n<tbody>\n<tr>\n<td bgcolor=\"#ffffff\" style=\"width: 70%; border-color: rgb(255, 255, 255);\">\n<div><strong>Advantages:&nbsp;<\/strong><\/div>\n<ul>\n<li>\n\t\t\t\t\t\tControl panel with integrated temperature measurement function;<\/li>\n<li>\n\t\t\t\t\t\tSelf-diagnosis (fault detection and precise indication of the source of the error);<\/li>\n<li>\n\t\t\t\t\t\tLCD screen;<\/li>\n<li>\n\t\t\t\t\t\t4 functions in one device: dehumidification, heating, cooling and ventilation;<\/li>\n<li>\n\t\t\t\t\t\tClean the air filter;<\/li>\n<li>\n\t\t\t\t\t\tAir purification (animal hair, fluff, dust);<\/li>\n<li>\n\t\t\t\t\t\tTimer;<\/li>\n<li>\n\t\t\t\t\t\t3 fan speeds;<\/li>\n<li>\n\t\t\t\t\t\tAir diversion function;<\/li>\n<li>\n\t\t\t\t\t\tDrainage connection for continuous drainage;<\/li>\n<li>\n\t\t\t\t\t\tAutomatic mode;<\/li>\n<li>\n\t\t\t\t\t\tNight mode;<\/li>\n<li>\n\t\t\t\t\t\tQuiet operation.&nbsp;<\/li>\n<\/ul>\n<\/td>\n<td bgcolor=\"#ffffff\" style=\"text-align: center; width: 30%; border-color: rgb(255, 255, 255);\">\n\t\t\t\t<strong><img decoding=\"async\" alt=\"\" src=\"\/images\/Userfiles\/www.rubisolis.lt_oro_kondicionierius_pac_3500_sh1.jpg\" style=\"width: 150px; height: 300px;\" title=\"\"><\/strong><\/td>\n<\/tr>\n<\/tbody>\n<\/table>\n<p style=\"text-align: justify;\"><strong>Technical information:<\/strong><\/p>\n<ul>\n<li>\n\t\tSuitable for rooms up to 46 m<sup>2&nbsp;<\/sup>\/ 115 m<sup>3<\/sup>;<\/li>\n<li>\n\t\tMaximum cooling capacity (kW) \/ energy efficiency class: 3.5 \/ A;<\/li>\n<li>\n\t\tMaximum heating power (kW) \/ energy efficiency class: 2.9 \/ A+;<\/li>\n<li>\n\t\tEnergy consumption in cooling mode (kW): 1.35;<\/li>\n<li>\n\t\tEnergy consumption in heating mode (kW): 1.05;<\/li>\n<li>\n\t\tMin.\/max. temperature range: 17-35&nbsp;<sup>oh<\/sup>C;<\/li>\n<li>\n\t\tRefrigerant: R290;<\/li>\n<li>\n\t\tCooling agent quantity (kg): 0.230;<\/li>\n<li>\n\t\tVoltage (V|HZ): 220 \u2013 240 \/ 50;<\/li>\n<li>\n\t\tEnergy consumption (kW): 1.6 ;<\/li>\n<li>\n\t\tDimensions (LxWxH)(mm): 395 x 460 x 786;<\/li>\n<li>\n\t\tSound level at 1 m (dB(A)): 54.5;<\/li>\n<li>\n\t\tAir outlet hose length (LxD) (mm):1500 x 150;<\/li>\n<li>\n\t\tCable length (m): 1.8;<\/li>\n<li>\n\t\tMaximum air flow: 420 m<sup>3<\/sup>\/hour;<\/li>\n<li>\n\t\tMax. air dehumidification: 3.25 l\/h;<\/li>\n<li>\n\t\tWeight (kg): 34.<\/li>\n<\/ul>\n<p style=\"text-align: center;\"><iframe allow=\"accelerometer; autoplay; clipboard-write; encrypted-media; gyroscope; picture-in-picture\" allowfullscreen=\"\" frameborder=\"0\" height=\"315\" src=\"https:\/\/www.youtube.com\/embed\/I7XQR-nUhiI\" title=\"YouTube video player\" width=\"560\"><\/iframe><\/p>\n<p>\n\t<a class=\"catalogue\" href=\"https:\/\/www.rubisolis.lt\/\/failai\/files\/produktu%20pdf\/Trotec\/Mobil%C5%ABs%20kondicionieriai\/PAC3500SH_LT.pdf\" target=\"blank\" rel=\"nofollow noopener\">Download product manual <\/a><\/p>","protected":false},"excerpt":{"rendered":"<p>Oro kondicionierius &bdquo;4 in 1&ldquo;: u\u017etikrina malon\u0173 kambario klimat\u0105 v\u0117sinant, \u0161ildant, v\u0117dinant bei sausinant or\u0105. Naudodami kombinuot\u0105 oro kondicionieri\u0173 ir<\/p>","protected":false},"featured_media":29507,"comment_status":"closed","ping_status":"open","template":"","meta":[],"product_brand":[],"product_cat":[23],"product_tag":[535],"class_list":{"0":"post-29505","1":"product","2":"type-product","3":"status-publish","4":"has-post-thumbnail","6":"product_cat-be-kategorijos","7":"product_tag-naujiena","9":"first","10":"onbackorder","11":"taxable","12":"shipping-taxable","13":"product-type-variable"},"_links":{"self":[{"href":"https:\/\/orotech.lt\/en\/wp-json\/wp\/v2\/product\/29505","targetHints":{"allow":["GET"]}}],"collection":[{"href":"https:\/\/orotech.lt\/en\/wp-json\/wp\/v2\/product"}],"about":[{"href":"https:\/\/orotech.lt\/en\/wp-json\/wp\/v2\/types\/product"}],"replies":[{"embeddable":true,"href":"https:\/\/orotech.lt\/en\/wp-json\/wp\/v2\/comments?post=29505"}],"version-history":[{"count":1,"href":"https:\/\/orotech.lt\/en\/wp-json\/wp\/v2\/product\/29505\/revisions"}],"predecessor-version":[{"id":29506,"href":"https:\/\/orotech.lt\/en\/wp-json\/wp\/v2\/product\/29505\/revisions\/29506"}],"wp:featuredmedia":[{"embeddable":true,"href":"https:\/\/orotech.lt\/en\/wp-json\/wp\/v2\/media\/29507"}],"wp:attachment":[{"href":"https:\/\/orotech.lt\/en\/wp-json\/wp\/v2\/media?parent=29505"}],"wp:term":[{"taxonomy":"product_brand","embeddable":true,"href":"https:\/\/orotech.lt\/en\/wp-json\/wp\/v2\/product_brand?post=29505"},{"taxonomy":"product_cat","embeddable":true,"href":"https:\/\/orotech.lt\/en\/wp-json\/wp\/v2\/product_cat?post=29505"},{"taxonomy":"product_tag","embeddable":true,"href":"https:\/\/orotech.lt\/en\/wp-json\/wp\/v2\/product_tag?post=29505"}],"curies":[{"name":"wp","href":"https:\/\/api.w.org\/{rel}","templated":true}]}}