{"id":29541,"date":"2025-09-09T10:15:02","date_gmt":"2025-09-09T10:15:02","guid":{"rendered":"https:\/\/orotech.lt\/anglies-pluosto-infraraudonuju-spinduliu-sildytuvas-trotec-ir-1500-sc-2\/"},"modified":"2025-09-10T06:55:35","modified_gmt":"2025-09-10T06:55:35","slug":"carbon-fiber-infrared-heater-trotec-ir-1500-sc-2","status":"publish","type":"product","link":"https:\/\/orotech.lt\/en\/carbon-fiber-infrared-heater-trotec-ir-1500-sc-2\/","title":{"rendered":"Carbon fiber infrared heater Trotec IR 1500 SC"},"content":{"rendered":"<p style=\"text-align: justify;\"><strong style=\"text-align: justify;\">High quality carbon fiber&nbsp;<\/strong><strong style=\"text-align: justify;\">infrared ceiling outdoor heater Trotec IR 1500 SC<\/strong><span style=\"text-align: justify;\">, with three heating levels and a remote control. Perfect for extending evenings on the balcony, terrace, or gazebo.<\/span><\/p>\n<p style=\"text-align: justify;\"><strong>Technical information:<\/strong><\/p>\n<ul>\n<li style=\"text-align: justify;\">\n\t\tMax. heating power: 1500 W;<\/li>\n<li style=\"text-align: justify;\">\n\t\t<strong>Protection class: IP34;<\/strong><\/li>\n<li style=\"text-align: justify;\">\n\t\tAp\u0161ildoma erdv\u0117 (skersmuo): 10 m&sup2;;<\/li>\n<li style=\"text-align: justify;\">\n\t\t\u012etampa: 220&ndash;240 V \/ 50&ndash;60 Hz;<\/li>\n<li style=\"text-align: justify;\">\n\t\tCable length: 1.8 m;<\/li>\n<li style=\"text-align: justify;\">\n\t\tHeater dimensions: 420x420x240 mm;<\/li>\n<li style=\"text-align: justify;\">\n\t\tHeater weight: 1.5 kg.<\/li>\n<\/ul>\n<p style=\"text-align: justify;\"><strong>Advantages:<\/strong><\/p>\n<ul>\n<li style=\"text-align: justify;\">\n\t\tInfrared heating without preheating;<\/li>\n<li style=\"text-align: justify;\">\n\t\tTolygi \u0161iluma i\u0161 vis\u0173 pusi\u0173 &#8211; 360&deg;;<\/li>\n<li style=\"text-align: justify;\">\n\t\t3 heating levels: 500 W, 1000 W and 1500 W;<\/li>\n<li style=\"text-align: justify;\">\n\t\tIR remote control and on\/off button on the device;<\/li>\n<li style=\"text-align: justify;\">\n\t\t<strong>Protection class IP 34 \u2013 protection against the ingress of solid objects larger than 2.5 mm and splashes of water;<\/strong><\/li>\n<li style=\"text-align: justify;\">\n\t\tProtective grille prevents direct contact or damage to the heating element; Elegant black anodized aluminum housing;<\/li>\n<li style=\"text-align: justify;\">\n\t\tEasy installation - just attach, connect and enjoy the warmth. Included accessories for mounting: 2 x carabiner hooks, 1 x mounting chain (50 cm), 3 x cable fixing straps;<\/li>\n<li style=\"text-align: justify;\">\n\t\tEnergy-saving, condensation-free, odorless and silent;<\/li>\n<li style=\"text-align: justify;\">\n\t\tDoes not raise dust, therefore suitable for people with allergies;<\/li>\n<li style=\"text-align: justify;\">\n\t\tSuitable for use on balconies, terraces, and gazebos.<\/li>\n<\/ul>\n<p style=\"text-align: justify;\"><a class=\"catalogue\" href=\"https:\/\/www.rubisolis.lt\/failai\/files\/produktu%20pdf\/Trotec\/%C5%A0ildytuvai\/Trotec%20IR%201500%20SC%20naudojimo%20instrukcija.pdf\" target=\"blank\" rel=\"nofollow noopener\">Download product manual<\/a><\/p>","protected":false},"excerpt":{"rendered":"<p>Auk\u0161tos kokyb\u0117s anglies pluo\u0161to&nbsp;infraraudonoj\u0173 spinduli\u0173 lubinis lauko \u0161ildytuvas Trotec IR 1500 SC, turintis tris \u0161ildymo lygius bei nuotolin\u012f valdymo pultel\u012f.<\/p>","protected":false},"featured_media":29543,"comment_status":"closed","ping_status":"open","template":"","meta":[],"product_brand":[],"product_cat":[23],"product_tag":[535],"class_list":{"0":"post-29541","1":"product","2":"type-product","3":"status-publish","4":"has-post-thumbnail","6":"product_cat-be-kategorijos","7":"product_tag-naujiena","9":"first","10":"onbackorder","11":"taxable","12":"shipping-taxable","13":"product-type-variable"},"_links":{"self":[{"href":"https:\/\/orotech.lt\/en\/wp-json\/wp\/v2\/product\/29541","targetHints":{"allow":["GET"]}}],"collection":[{"href":"https:\/\/orotech.lt\/en\/wp-json\/wp\/v2\/product"}],"about":[{"href":"https:\/\/orotech.lt\/en\/wp-json\/wp\/v2\/types\/product"}],"replies":[{"embeddable":true,"href":"https:\/\/orotech.lt\/en\/wp-json\/wp\/v2\/comments?post=29541"}],"version-history":[{"count":1,"href":"https:\/\/orotech.lt\/en\/wp-json\/wp\/v2\/product\/29541\/revisions"}],"predecessor-version":[{"id":29542,"href":"https:\/\/orotech.lt\/en\/wp-json\/wp\/v2\/product\/29541\/revisions\/29542"}],"wp:featuredmedia":[{"embeddable":true,"href":"https:\/\/orotech.lt\/en\/wp-json\/wp\/v2\/media\/29543"}],"wp:attachment":[{"href":"https:\/\/orotech.lt\/en\/wp-json\/wp\/v2\/media?parent=29541"}],"wp:term":[{"taxonomy":"product_brand","embeddable":true,"href":"https:\/\/orotech.lt\/en\/wp-json\/wp\/v2\/product_brand?post=29541"},{"taxonomy":"product_cat","embeddable":true,"href":"https:\/\/orotech.lt\/en\/wp-json\/wp\/v2\/product_cat?post=29541"},{"taxonomy":"product_tag","embeddable":true,"href":"https:\/\/orotech.lt\/en\/wp-json\/wp\/v2\/product_tag?post=29541"}],"curies":[{"name":"wp","href":"https:\/\/api.w.org\/{rel}","templated":true}]}}