{"id":29601,"date":"2025-09-09T10:15:02","date_gmt":"2025-09-09T10:15:02","guid":{"rendered":"https:\/\/orotech.lt\/mobilus-oro-kondicionierius-trotec-pac-3900-x\/"},"modified":"2025-09-10T06:55:40","modified_gmt":"2025-09-10T06:55:40","slug":"mobilus-oro-kondicionierius-trotec-pac-3900-x","status":"publish","type":"product","link":"https:\/\/orotech.lt\/en\/mobilus-oro-kondicionierius-trotec-pac-3900-x\/","title":{"rendered":"Mobilus oro kondicionierius Trotec PAC 3900 X"},"content":{"rendered":"<p><img decoding=\"async\" alt=\"\" src=\"\/images\/Userfiles\/local-air-conditioner-pac-3900-x-3-in-1-function-air-conditioning-ventilation-and-dehumidification-90cd.jpg\" style=\"width: 1000px; height: 234px;\" title=\"\"><\/p>\n<p style=\"text-align: justify;\"><em>Oro kondicionierius &bdquo;3 in 1&ldquo;: u\u017etikrina malon\u0173 kambario klimat\u0105 v\u0117sinant, v\u0117dinant bei sausinant or\u0105.&nbsp;<\/em><\/p>\n<p style=\"text-align: justify;\">Mobile <strong>air conditioner<\/strong>&nbsp;Trotec PAC 3900 X gali v\u0117sinti, v\u0117dinti ir sausinti or\u0105, tod\u0117l puikiai tiks naudoti tiek namuose, tiek ofise.&nbsp;3,9 kW galingumu pasi\u017eymintis <strong>air conditioner<\/strong> Trotec PAC 3900 X&nbsp;ypa\u010d tinka didel\u0117ms patalpoms net iki 52m&sup2; arba 130 m&sup3;. 3 pakop\u0173 v\u0117dinimo funkcija ir reguliuojamos oro \u017ealiuz\u0117s padeda tolygiai paskirstyti \u0161alt\u0105 or\u0105 patalpoje. \u012erenginys pasi\u017eymi ypa\u010d efektyviu energijos taupymu, kadangi turi integruot\u0105 automatinio i\u0161jungimo funkcij\u0105, kuri, pasiekus norim\u0105 patalpos temperat\u016bra, automati\u0161kai i\u0161jungia v\u0117sinimo funkcij\u0105.<\/p>\n<p style=\"text-align: justify;\"><strong>Air conditioning<\/strong> Trotec PAC 3900 X turi integruot\u0105 laikma\u010dio funkcij\u0105, kuri leid\u017eia \u012frenginiui veikti konkre\u010diu metu. Maloniai tylus naktinis re\u017eimas su pritaikyta temperat\u016bros kontrole garantuoja ger\u0105 nakties poils\u012f ir fizin\u0119 savijaut\u0105. Plaunamas oro filtras, nuotolinio valdymo pultelis su integruota temperat\u016bros valdymo funkcija, automatinis re\u017eimas leis m\u0117gautis malonia v\u0117suma nereikalaujant sud\u0117tingo valdymo ar ypatingos prie\u017ei\u016bros.<\/p>\n<p style=\"text-align: justify;\">Trotec is concerned about the future of the world&#039;s climate, which is why this air conditioner uses propane (R290) as a refrigerant. It is an environmentally friendly and organic refrigerant that meets the latest climate protection requirements.<\/p>\n<table border=\"1\" cellpadding=\"1\" cellspacing=\"1\" style=\"width: 100%;\">\n<tbody>\n<tr>\n<td bgcolor=\"#ffffff\" style=\"width: 70%; border-color: rgb(255, 255, 255);\">\n<div><strong>Advantages:&nbsp;<\/strong><\/div>\n<ul>\n<li>\n\t\t\t\t\t\tControl panel;<\/li>\n<li>\n\t\t\t\t\t\t3,9 kW v\u0117sinimo galia;<\/li>\n<li>\n\t\t\t\t\t\tLED screen lighting;<\/li>\n<li>\n\t\t\t\t\t\t3 functions in one device: dehumidification, cooling and ventilation;<\/li>\n<li>\n\t\t\t\t\t\tClean the air filter;<\/li>\n<li>\n\t\t\t\t\t\tAir purification (animal hair, fluff, dust);<\/li>\n<li>\n\t\t\t\t\t\tTimer;<\/li>\n<li>\n\t\t\t\t\t\tSelf-diagnosis (fault detection and precise indication of the source of the error);<\/li>\n<li>\n\t\t\t\t\t\t3 fan speeds;<\/li>\n<li>\n\t\t\t\t\t\tAir diversion function;<\/li>\n<li>\n\t\t\t\t\t\tNight mode;<\/li>\n<li>\n\t\t\t\t\t\tAutomatic mode;<\/li>\n<li>\n\t\t\t\t\t\tQuiet operation;<\/li>\n<li>\n\t\t\t\t\t\tCasters;<\/li>\n<li>\n\t\t\t\t\t\tDrainage connection for continuous drainage;<\/li>\n<li>\n\t\t\t\t\t\tKondensacinio vandens perdirbimas.&nbsp;<\/li>\n<\/ul>\n<\/td>\n<td bgcolor=\"#ffffff\" style=\"text-align: center; width: 30%; border-color: rgb(255, 255, 255);\">\n\t\t\t\t<strong style=\"text-align: start;\"><img decoding=\"async\" alt=\"\" src=\"\/images\/Userfiles\/www.rubisolis.lt_Mobilus_oro_kondicionierius_Trotec_PAC_3900_x.jpg\" style=\"width: 150px; height: 300px;\" title=\"\"><\/strong><\/td>\n<\/tr>\n<\/tbody>\n<\/table>\n<p><strong>Technical information:<\/strong><\/p>\n<ul>\n<li>\n\t\tTinka patalpoms iki 52 m<sup>2<\/sup>&nbsp;\/ 130 m<sup>3<\/sup>;<\/li>\n<li>\n\t\tMaksimali v\u0117sinimo galia (kW) \/ energijos efektyvumo klas\u0117: 3,9 \/ A;<\/li>\n<li>\n\t\tMin.\/maks. temperat\u016bros intervalas: 17-35 &deg;C;<\/li>\n<li>\n\t\tRefrigerant: R290;<\/li>\n<li>\n\t\tAu\u0161inimo med\u017eiagos kiekis (kg): 0.280;<\/li>\n<li>\n\t\tGWP rodiklis: 3;<\/li>\n<li>\n\t\tCO2 ekvivalentas (t): 0,00084;<\/li>\n<li>\n\t\tVoltage (V\/Hz): 220 \u2013 240 \/ 50;<\/li>\n<li>\n\t\tMaks. energijos s\u0105naudos (kW): 1,9;<\/li>\n<li>\n\t\tEnergijos s\u0105naudos (v\u0117sinimo re\u017eimu) (kg): 1,5;<\/li>\n<li>\n\t\t\u012erenginio matmenys (IxPxA)(mm): 400 x 470 x 760;<\/li>\n<li>\n\t\tGarso lygis 1 m atstumu (dB(A)): 52,5;<\/li>\n<li>\n\t\tAir outlet hose length (LxD) (mm):1500 x 148;<\/li>\n<li>\n\t\tLaido ilgis (m): 1,4;<\/li>\n<li>\n\t\tMaximum air flow: 420 m<sup>3<\/sup>\/hour;<\/li>\n<li>\n\t\tMax. oro sausinimas : 0,16 l\/val.;<\/li>\n<li>\n\t\t\u012erenginio svoris (kg): 35.<\/li>\n<\/ul>\n<p style=\"text-align: center;\"><iframe allow=\"accelerometer; autoplay; clipboard-write; encrypted-media; gyroscope; picture-in-picture\" allowfullscreen=\"\" frameborder=\"0\" height=\"315\" src=\"https:\/\/www.youtube.com\/embed\/I7XQR-nUhiI\" title=\"YouTube video player\" width=\"560\"><\/iframe><\/p>\n<p>\n\t<a class=\"catalogue\" href=\"https:\/\/www.rubisolis.lt\/\/failai\/files\/www.rubisolis.lt%20Mobilus%20oro%20kondicionierius%20Trotec%20PAC%203900%20X%20instrukcija.pdf\" target=\"blank\" rel=\"nofollow noopener\">Download product manual<\/a><\/p>","protected":false},"excerpt":{"rendered":"<p>Oro kondicionierius &bdquo;3 in 1&ldquo;: u\u017etikrina malon\u0173 kambario klimat\u0105 v\u0117sinant, v\u0117dinant bei sausinant or\u0105.&nbsp; Mobilus oro kondicionierius&nbsp;Trotec PAC 3900 X<\/p>","protected":false},"featured_media":29603,"comment_status":"closed","ping_status":"open","template":"","meta":[],"product_brand":[],"product_cat":[23],"product_tag":[535],"class_list":{"0":"post-29601","1":"product","2":"type-product","3":"status-publish","4":"has-post-thumbnail","6":"product_cat-be-kategorijos","7":"product_tag-naujiena","9":"first","10":"onbackorder","11":"taxable","12":"shipping-taxable","13":"product-type-variable"},"_links":{"self":[{"href":"https:\/\/orotech.lt\/en\/wp-json\/wp\/v2\/product\/29601","targetHints":{"allow":["GET"]}}],"collection":[{"href":"https:\/\/orotech.lt\/en\/wp-json\/wp\/v2\/product"}],"about":[{"href":"https:\/\/orotech.lt\/en\/wp-json\/wp\/v2\/types\/product"}],"replies":[{"embeddable":true,"href":"https:\/\/orotech.lt\/en\/wp-json\/wp\/v2\/comments?post=29601"}],"version-history":[{"count":1,"href":"https:\/\/orotech.lt\/en\/wp-json\/wp\/v2\/product\/29601\/revisions"}],"predecessor-version":[{"id":29602,"href":"https:\/\/orotech.lt\/en\/wp-json\/wp\/v2\/product\/29601\/revisions\/29602"}],"wp:featuredmedia":[{"embeddable":true,"href":"https:\/\/orotech.lt\/en\/wp-json\/wp\/v2\/media\/29603"}],"wp:attachment":[{"href":"https:\/\/orotech.lt\/en\/wp-json\/wp\/v2\/media?parent=29601"}],"wp:term":[{"taxonomy":"product_brand","embeddable":true,"href":"https:\/\/orotech.lt\/en\/wp-json\/wp\/v2\/product_brand?post=29601"},{"taxonomy":"product_cat","embeddable":true,"href":"https:\/\/orotech.lt\/en\/wp-json\/wp\/v2\/product_cat?post=29601"},{"taxonomy":"product_tag","embeddable":true,"href":"https:\/\/orotech.lt\/en\/wp-json\/wp\/v2\/product_tag?post=29601"}],"curies":[{"name":"wp","href":"https:\/\/api.w.org\/{rel}","templated":true}]}}