{"id":29633,"date":"2025-09-09T10:20:03","date_gmt":"2025-09-09T10:20:03","guid":{"rendered":"https:\/\/orotech.lt\/kvarcinis-infraraudonuju-spinduliu-sildytuvas-trotec-ir-2000-s-2\/"},"modified":"2025-09-10T06:55:46","modified_gmt":"2025-09-10T06:55:46","slug":"quartz-infrared-heater-trotec-ir-2000-s-2","status":"publish","type":"product","link":"https:\/\/orotech.lt\/en\/quartz-infrared-heater-trotec-ir-2000-s-2\/","title":{"rendered":"Quartz infrared heater Trotec IR 2000 S"},"content":{"rendered":"<p style=\"text-align: justify;\"><strong>High-quality quartz infrared outdoor heater Trotec IR 2000 S<\/strong>,&nbsp;turintis tris \u0161ildymo lygius, reguliuojam\u0105 \u0161ildymo polink\u012f iki 45&deg;, puikiai tinkantis prailginti vakarus balkone, terasoje, pav\u0117sin\u0117je. Greitas ir lengvas tvirtinimas prie sienos ar teleskopinio stovo. Skleid\u017eiama maloni \u0161iluma be triuk\u0161mo, dulki\u0173 k\u0117limo ir papildom\u0173 kvap\u0173.<\/p>\n<p><strong>Technical information:<\/strong><\/p>\n<ul>\n<li>\n\t\tMax. heating power: 2000 W;<\/li>\n<li>\n\t\tAp\u0161ildoma erdv\u0117: 8-13 m&sup2;;<\/li>\n<li>\n\t\t<strong>Protection class: IP34;<\/strong><\/li>\n<li>\n\t\t3 quartz heating lamps;<\/li>\n<li>\n\t\t45&deg; polinkio kampas;<\/li>\n<li>\n\t\tMaitinimas: 220&ndash;240 V \/ 50&ndash;60 Hz;<\/li>\n<li>\n\t\tPower cable length: 1.8 m;<\/li>\n<li>\n\t\tHeater dimensions: 160x500x370 mm;<\/li>\n<li>\n\t\tHeater weight: 1.5 kg.<\/li>\n<\/ul>\n<p><strong>Advantages of the heater:<\/strong><\/p>\n<ul>\n<li>\n\t\tInfrared heating without preheating;<\/li>\n<li>\n\t\tEven and precise heat distribution;<\/li>\n<li>\n\t\t3 heating levels: 650 W, 1300 W and 2000 W;<\/li>\n<li>\n\t\t<strong>Protection class IP34 \u2013 protection against ingress of solid objects larger than 2.5 mm and splashes of water;<\/strong><\/li>\n<li>\n\t\tSuitable for wall mounting;<\/li>\n<li>\n\t\tAdjustable inclination angle;<\/li>\n<li>\n\t\tEnergy-saving, condensation-free, odorless and silent;<\/li>\n<li>\n\t\tDoes not raise dust, therefore suitable for people with allergies;<\/li>\n<li>\n\t\tSuitable for use on balconies, terraces, and gazebos.<\/li>\n<\/ul>\n<p><a class=\"catalogue\" href=\"https:\/\/www.rubisolis.lt\/\/failai\/files\/produktu%20pdf\/Trotec\/%C5%A0ildytuvai\/IR%202000%20S%20%C5%A1ildytuvo%20naudojimo%20instrukcija.pdf\" target=\"blank\" rel=\"nofollow noopener\">Download product manual <\/a><\/p>","protected":false},"excerpt":{"rendered":"<p>Auk\u0161tos kokyb\u0117s kvarcinis infraraudonoj\u0173 spinduli\u0173 lauko \u0161ildytuvas Trotec IR 2000 S,&nbsp;turintis tris \u0161ildymo lygius, reguliuojam\u0105 \u0161ildymo polink\u012f iki 45&deg;, puikiai<\/p>","protected":false},"featured_media":29635,"comment_status":"closed","ping_status":"open","template":"","meta":[],"product_brand":[],"product_cat":[23],"product_tag":[535],"class_list":{"0":"post-29633","1":"product","2":"type-product","3":"status-publish","4":"has-post-thumbnail","6":"product_cat-be-kategorijos","7":"product_tag-naujiena","9":"first","10":"onbackorder","11":"taxable","12":"shipping-taxable","13":"product-type-variable"},"_links":{"self":[{"href":"https:\/\/orotech.lt\/en\/wp-json\/wp\/v2\/product\/29633","targetHints":{"allow":["GET"]}}],"collection":[{"href":"https:\/\/orotech.lt\/en\/wp-json\/wp\/v2\/product"}],"about":[{"href":"https:\/\/orotech.lt\/en\/wp-json\/wp\/v2\/types\/product"}],"replies":[{"embeddable":true,"href":"https:\/\/orotech.lt\/en\/wp-json\/wp\/v2\/comments?post=29633"}],"version-history":[{"count":1,"href":"https:\/\/orotech.lt\/en\/wp-json\/wp\/v2\/product\/29633\/revisions"}],"predecessor-version":[{"id":29634,"href":"https:\/\/orotech.lt\/en\/wp-json\/wp\/v2\/product\/29633\/revisions\/29634"}],"wp:featuredmedia":[{"embeddable":true,"href":"https:\/\/orotech.lt\/en\/wp-json\/wp\/v2\/media\/29635"}],"wp:attachment":[{"href":"https:\/\/orotech.lt\/en\/wp-json\/wp\/v2\/media?parent=29633"}],"wp:term":[{"taxonomy":"product_brand","embeddable":true,"href":"https:\/\/orotech.lt\/en\/wp-json\/wp\/v2\/product_brand?post=29633"},{"taxonomy":"product_cat","embeddable":true,"href":"https:\/\/orotech.lt\/en\/wp-json\/wp\/v2\/product_cat?post=29633"},{"taxonomy":"product_tag","embeddable":true,"href":"https:\/\/orotech.lt\/en\/wp-json\/wp\/v2\/product_tag?post=29633"}],"curies":[{"name":"wp","href":"https:\/\/api.w.org\/{rel}","templated":true}]}}