{"id":29645,"date":"2025-09-09T10:20:03","date_gmt":"2025-09-09T10:20:03","guid":{"rendered":"https:\/\/orotech.lt\/mobilus-oro-kondicionierius-trotec-pac-3000-x-a-2\/"},"modified":"2025-09-10T06:55:48","modified_gmt":"2025-09-10T06:55:48","slug":"mobilus-oro-kondicionierius-trotec-pac-3000-x-a-2","status":"publish","type":"product","link":"https:\/\/orotech.lt\/en\/mobilus-oro-kondicionierius-trotec-pac-3000-x-a-2\/","title":{"rendered":"Mobile air conditioner Trotec PAC 3000 X A+"},"content":{"rendered":"<p style=\"text-align: justify;\"><strong>Automatically maintains the desired room temperature<\/strong><\/p>\n<p style=\"text-align: justify;\">Nor\u0117dami atv\u0117sinti patalp\u0105 iki komforti\u0161kos temperat\u016bros, tiesiog nustatykite norim\u0105 oro temperat\u016bros vert\u0119 nuo 17 &deg;C iki 30 &deg;C. Nustatyta temperat\u016bra palaikoma automati\u0161kai. Siekiant u\u017etikrinti, kad i\u0161 anksto nustatyta temperat\u016bros vert\u0117 b\u016bt\u0173 palaikoma nuolat, \u0161aldymo kompresorius automati\u0161kai i\u0161sijungia, kai tik pasiekiama i\u0161 anksto nustatyta tikslin\u0117 temperat\u016bra. Tik vir\u0161ijus norim\u0105 temperat\u016br\u0105, \u012frenginys v\u0117l pradeda v\u0117sinti. Naudojant \u0161\u012f automatin\u012f re\u017eim\u0105, jums nereikia niekuo r\u016bpintis, be to, efektyvus A+ oro kondicionierius veikia itin taupiai ir ekonomi\u0161kai.<\/p>\n<p style=\"text-align: justify;\"><strong>Advantages of the Trotec PAC 3000 X A+ mobile air conditioner:<\/strong><\/p>\n<ul>\n<li>\n\t\t&quot;3-in-1&quot; oro kondicionierius: v\u0117sinimas, v\u0117dinimas, oro sausinimas<\/li>\n<li>\n\t\tTinka patalpoms iki 40 m&sup2; \/ 100 m&sup3;<\/li>\n<li>\n\t\tA+ energy efficiency class (very economical consumption)<\/li>\n<li>\n\t\tCooling capacity up to 2.9 kW<\/li>\n<li>\n\t\t3 ventilation levels<\/li>\n<li>\n\t\t24-hour timer function<\/li>\n<li>\n\t\tIR remote control with integrated temperature measurement (Follow-Me function)<\/li>\n<li>\n\t\tRoom temperature display<\/li>\n<li>\n\t\tAutomatic cooling operation depending on the environment and target temperature<\/li>\n<li>\n\t\tAuto-start function after unexpected power outage<\/li>\n<li>\n\t\tSwing function<\/li>\n<li>\n\t\tNight mode<\/li>\n<li>\n\t\tRemovable air filter for pet hair, lint and dust&nbsp;<\/li>\n<li>\n\t\tTylus veikimas &le; 52 dB(A)<\/li>\n<li>\n\t\tRefrigerant R290&nbsp;<\/li>\n<\/ul>\n<p style=\"text-align: justify;\"><strong>Feel a refreshing breeze \u2013 without even turning on the cooling compressor<\/strong><\/p>\n<p style=\"text-align: justify;\">Be to, PAC 3000 X A+ oro kondicionierius turi 3 grei\u010di\u0173 ventiliatori\u0173, o jo iki 420 m&sup3;\/h oro srautas u\u017etikrina oro cirkuliacij\u0105 patalpoje. Pasirenkama svyravimo funkcija tolygiai paskirsto v\u0117sinan\u010dio oro sraut\u0105 patalpoje, automati\u0161kai judindama oro i\u0161leidimo ang\u0105 auk\u0161tyn ir \u017eemyn. \u012erenginio gale \u012fmontuotas lengvai valomas oro filtras, kuris i\u0161 kv\u0117puojamo oro pa\u0161alina p\u016bkelius, dulkes ir namini\u0173 gyv\u016bn\u0117li\u0173 plaukus &#8211; geras jausmas ne tik alergi\u0161kiems \u017emon\u0117ms!&nbsp;<\/p>","protected":false},"excerpt":{"rendered":"<p>Automati\u0161kai palaiko norim\u0105 kambario temperat\u016br\u0105 Nor\u0117dami atv\u0117sinti patalp\u0105 iki komforti\u0161kos temperat\u016bros, tiesiog nustatykite norim\u0105 oro temperat\u016bros vert\u0119 nuo 17 &deg;C<\/p>","protected":false},"featured_media":29647,"comment_status":"closed","ping_status":"open","template":"","meta":[],"product_brand":[],"product_cat":[23],"product_tag":[535],"class_list":{"0":"post-29645","1":"product","2":"type-product","3":"status-publish","4":"has-post-thumbnail","6":"product_cat-be-kategorijos","7":"product_tag-naujiena","9":"first","10":"onbackorder","11":"taxable","12":"shipping-taxable","13":"product-type-variable"},"_links":{"self":[{"href":"https:\/\/orotech.lt\/en\/wp-json\/wp\/v2\/product\/29645","targetHints":{"allow":["GET"]}}],"collection":[{"href":"https:\/\/orotech.lt\/en\/wp-json\/wp\/v2\/product"}],"about":[{"href":"https:\/\/orotech.lt\/en\/wp-json\/wp\/v2\/types\/product"}],"replies":[{"embeddable":true,"href":"https:\/\/orotech.lt\/en\/wp-json\/wp\/v2\/comments?post=29645"}],"version-history":[{"count":1,"href":"https:\/\/orotech.lt\/en\/wp-json\/wp\/v2\/product\/29645\/revisions"}],"predecessor-version":[{"id":29646,"href":"https:\/\/orotech.lt\/en\/wp-json\/wp\/v2\/product\/29645\/revisions\/29646"}],"wp:featuredmedia":[{"embeddable":true,"href":"https:\/\/orotech.lt\/en\/wp-json\/wp\/v2\/media\/29647"}],"wp:attachment":[{"href":"https:\/\/orotech.lt\/en\/wp-json\/wp\/v2\/media?parent=29645"}],"wp:term":[{"taxonomy":"product_brand","embeddable":true,"href":"https:\/\/orotech.lt\/en\/wp-json\/wp\/v2\/product_brand?post=29645"},{"taxonomy":"product_cat","embeddable":true,"href":"https:\/\/orotech.lt\/en\/wp-json\/wp\/v2\/product_cat?post=29645"},{"taxonomy":"product_tag","embeddable":true,"href":"https:\/\/orotech.lt\/en\/wp-json\/wp\/v2\/product_tag?post=29645"}],"curies":[{"name":"wp","href":"https:\/\/api.w.org\/{rel}","templated":true}]}}