{"id":29657,"date":"2025-09-09T10:20:03","date_gmt":"2025-09-09T10:20:03","guid":{"rendered":"https:\/\/orotech.lt\/mobilus-oro-kondicionierius-trotec-pac-3500-2\/"},"modified":"2025-09-10T06:55:48","modified_gmt":"2025-09-10T06:55:48","slug":"mobilus-oro-kondicionierius-trotec-pac-3500-2","status":"publish","type":"product","link":"https:\/\/orotech.lt\/en\/mobilus-oro-kondicionierius-trotec-pac-3500-2\/","title":{"rendered":"Mobile air conditioner Trotec PAC 3500"},"content":{"rendered":"<p style=\"text-align: justify;\"><strong>Just turn it on and enjoy the coolness immediately!<\/strong><\/p>\n<p style=\"text-align: justify;\">\u0160is galingas ir kompakti\u0161kas mobilus oro kondicionierius&nbsp;Trotec PAC 3500&nbsp; suderina patikim\u0105 oro kondicionavimo technologij\u0105 ir patogias funkcijas su puikiu kainos ir kokyb\u0117s santykiu!<\/p>\n<p style=\"text-align: justify;\">Because <strong>3.5 kW cooling capacity<\/strong>, automatinio temperat\u016bros reguliavimo skaitmeniniu termostatu ir&nbsp; energinio efektyvumo&nbsp;A&nbsp; klas\u0117s patalp\u0173 oro kondicionierius PAC 3500 <strong>ideal for economical air conditioning of workshops, hotel rooms, offices and many other spaces.<\/strong><\/p>\n<p style=\"text-align: justify;\">Instead of manually setting the degrees between minimum and maximum operation, this mobile air conditioner allows you to achieve your desired temperature very simply and easily. The integrated thermostat implements this target setting fully automatically.<\/p>\n<p style=\"text-align: justify;\">However <strong>This mobile air conditioner not only cools the air in the room, but also acts as a powerful dehumidifier if necessary.<\/strong>This will prevent damp walls, mold, or unpleasant odors.<\/p>\n<p style=\"text-align: justify;\"><strong>With this model, warm air can be discharged outside directly through a window, ceiling voids or other ducts with a hose (up to 1.2 m long).<\/strong><\/p>\n<p style=\"text-align: justify;\">&nbsp;<\/p>\n<p style=\"text-align: justify;\"><strong>Mobilaus oro kondicionieriaus Trotec PAC 3500&nbsp; privalumai:<\/strong><\/p>\n<ul>\n<li>\n\t\tHigh cooling capacity \u2013 ready for operation immediately;<\/li>\n<li>\n\t\tEnergy efficiency class A;<\/li>\n<li>\n\t\tOn and off timer function;<\/li>\n<li>\n\t\tThermostat control with real temperature preselection;<\/li>\n<li>\n\t\tAdjustable air outlet direction;<\/li>\n<li>\n\t\tIR remote control;<\/li>\n<li>\n\t\t3 ventilation levels;<\/li>\n<li>\n\t\tTinka patalpoms iki 45 m&sup2; \/115 m&sup3;;<\/li>\n<li>\n\t\tElectronic control unit with digital control display;<\/li>\n<li>\n\t\tIntegrated dehumidifier function;<\/li>\n<li>\n\t\tCompact design and minimal footprint;<\/li>\n<li>\n\t\tRemovable air filter.<\/li>\n<\/ul>","protected":false},"excerpt":{"rendered":"<p>Tiesiog \u012fjunkite ir i\u0161kart m\u0117gaukit\u0117s v\u0117sa! \u0160is galingas ir kompakti\u0161kas mobilus oro kondicionierius&nbsp;Trotec PAC 3500&nbsp; suderina patikim\u0105 oro kondicionavimo technologij\u0105<\/p>","protected":false},"featured_media":29659,"comment_status":"closed","ping_status":"open","template":"","meta":[],"product_brand":[],"product_cat":[23],"product_tag":[535],"class_list":{"0":"post-29657","1":"product","2":"type-product","3":"status-publish","4":"has-post-thumbnail","6":"product_cat-be-kategorijos","7":"product_tag-naujiena","9":"first","10":"onbackorder","11":"taxable","12":"shipping-taxable","13":"product-type-variable"},"_links":{"self":[{"href":"https:\/\/orotech.lt\/en\/wp-json\/wp\/v2\/product\/29657","targetHints":{"allow":["GET"]}}],"collection":[{"href":"https:\/\/orotech.lt\/en\/wp-json\/wp\/v2\/product"}],"about":[{"href":"https:\/\/orotech.lt\/en\/wp-json\/wp\/v2\/types\/product"}],"replies":[{"embeddable":true,"href":"https:\/\/orotech.lt\/en\/wp-json\/wp\/v2\/comments?post=29657"}],"version-history":[{"count":1,"href":"https:\/\/orotech.lt\/en\/wp-json\/wp\/v2\/product\/29657\/revisions"}],"predecessor-version":[{"id":29658,"href":"https:\/\/orotech.lt\/en\/wp-json\/wp\/v2\/product\/29657\/revisions\/29658"}],"wp:featuredmedia":[{"embeddable":true,"href":"https:\/\/orotech.lt\/en\/wp-json\/wp\/v2\/media\/29659"}],"wp:attachment":[{"href":"https:\/\/orotech.lt\/en\/wp-json\/wp\/v2\/media?parent=29657"}],"wp:term":[{"taxonomy":"product_brand","embeddable":true,"href":"https:\/\/orotech.lt\/en\/wp-json\/wp\/v2\/product_brand?post=29657"},{"taxonomy":"product_cat","embeddable":true,"href":"https:\/\/orotech.lt\/en\/wp-json\/wp\/v2\/product_cat?post=29657"},{"taxonomy":"product_tag","embeddable":true,"href":"https:\/\/orotech.lt\/en\/wp-json\/wp\/v2\/product_tag?post=29657"}],"curies":[{"name":"wp","href":"https:\/\/api.w.org\/{rel}","templated":true}]}}