{"id":29669,"date":"2025-09-09T10:20:03","date_gmt":"2025-09-09T10:20:03","guid":{"rendered":"https:\/\/orotech.lt\/halogeninis-infraraudonuju-spinduliu-sildytuvas-trotec-ir-2050-2\/"},"modified":"2025-09-10T06:55:51","modified_gmt":"2025-09-10T06:55:51","slug":"halogen-infrared-heater-trotec-ir-2050-2","status":"publish","type":"product","link":"https:\/\/orotech.lt\/en\/halogen-infrared-heater-trotec-ir-2050-2\/","title":{"rendered":"Halogen infrared heater Trotec IR 2050"},"content":{"rendered":"<p><strong style=\"text-align: justify;\">Halogen infrared outdoor heater Trotec IR 2050<\/strong><\/p>\n<p style=\"text-align: justify;\"><em>2000 W infrared heat output - with remote control, reduced light emission and 3 heating levels.<\/em><\/p>\n<p style=\"text-align: center;\"><iframe allow=\"accelerometer; autoplay; clipboard-write; encrypted-media; gyroscope; picture-in-picture\" allowfullscreen=\"\" frameborder=\"0\" height=\"315\" src=\"https:\/\/www.youtube.com\/embed\/iAucWvzd4G0\" width=\"560\"><\/iframe><\/p>\n<p style=\"text-align: justify;\">As the days get shorter and the air temperature gets cooler, you inevitably want summer, sun and warmth. Wouldn&#039;t it be nice if you could enjoy summer temperatures outside all year round? With the exclusive infrared heater IR 2050, this wish becomes a reality. Modern design, high protection class IP65, with a remote control, 3 heating levels up to 2 kW and low light emissions provide comfort in open outdoor spaces, balconies, terraces, gazebos. &nbsp;<\/p>\n<p style=\"text-align: justify;\"><strong>Technical information:<\/strong><\/p>\n<ul>\n<li style=\"text-align: justify;\">\n\t\tMaks. \u0161ildymo&nbsp;galia: 2000 W;<\/li>\n<li style=\"text-align: justify;\">\n\t\t<strong>Protection class: IP65;<\/strong><\/li>\n<li style=\"text-align: justify;\">\n\t\tMaitinimas: 220&ndash;240 V \/ 50&ndash;60 Hz;<\/li>\n<li style=\"text-align: justify;\">\n\t\tPower cable length: 1.7 m;<\/li>\n<li style=\"text-align: justify;\">\n\t\tHeater dimensions: 165x630x105 mm;<\/li>\n<li style=\"text-align: justify;\">\n\t\tHeater weight: 2 kg.<\/li>\n<\/ul>\n<p style=\"text-align: justify;\"><strong>Advantages:<\/strong><\/p>\n<ul>\n<li style=\"text-align: justify;\">\n\t\tHigh-class, modern design body;<\/li>\n<li style=\"text-align: justify;\">\n\t\tInfrared heating without preheating;<\/li>\n<li style=\"text-align: justify;\">\n\t\tEven and precise heat distribution;<\/li>\n<li style=\"text-align: justify;\">\n\t\t3 heating levels: 750 W, 1500 W, 2000 W;<\/li>\n<li style=\"text-align: justify;\">\n\t\tRemote control and on\/off button on the housing;<\/li>\n<li style=\"text-align: justify;\">\n\t\tWeatherproof aluminum;<\/li>\n<li style=\"text-align: justify;\">\n\t\t<strong>Apsaugos klas\u0117 IP 65 &ndash; apsauga nuo dulki\u0173 ir vandens pursl\u0173;<\/strong><\/li>\n<li style=\"text-align: justify;\">\n\t\tMa\u017eai atspindintys trump\u0173j\u0173 bang\u0173 &bdquo;IR 2050&ldquo; elementai suma\u017eina skleid\u017eiamos \u0161viesos ry\u0161kum\u0105 80% net esant maksimaliai \u0161ildymo galiai;<\/li>\n<li style=\"text-align: justify;\">\n\t\tReguliuojamas polinkio kampas iki 90&deg;;<\/li>\n<li style=\"text-align: justify;\">\n\t\tSuitable for wall mounting;<\/li>\n<li style=\"text-align: justify;\">\n\t\tEnergy-saving, condensation-free, odorless and silent;<\/li>\n<li style=\"text-align: justify;\">\n\t\tDoes not raise dust, therefore suitable for people with allergies;<\/li>\n<li style=\"text-align: justify;\">\n\t\tSuitable for use on balconies, terraces, gazebos, and open outdoor areas.<\/li>\n<\/ul>\n<p style=\"text-align: justify;\"><a class=\"catalogue\" href=\"\/en\/images\/Userfiles\/Trotec_IR_2050_instrukcija.pdf\/\" target=\"blank\">Download product manual<\/a><\/p>","protected":false},"excerpt":{"rendered":"<p>Halogen infrared outdoor heater Trotec IR 2050 2000 W infrared heat output - with remote control, reduced<\/p>","protected":false},"featured_media":29671,"comment_status":"closed","ping_status":"open","template":"","meta":[],"product_brand":[],"product_cat":[23],"product_tag":[535],"class_list":{"0":"post-29669","1":"product","2":"type-product","3":"status-publish","4":"has-post-thumbnail","6":"product_cat-be-kategorijos","7":"product_tag-naujiena","9":"first","10":"onbackorder","11":"taxable","12":"shipping-taxable","13":"product-type-variable"},"_links":{"self":[{"href":"https:\/\/orotech.lt\/en\/wp-json\/wp\/v2\/product\/29669","targetHints":{"allow":["GET"]}}],"collection":[{"href":"https:\/\/orotech.lt\/en\/wp-json\/wp\/v2\/product"}],"about":[{"href":"https:\/\/orotech.lt\/en\/wp-json\/wp\/v2\/types\/product"}],"replies":[{"embeddable":true,"href":"https:\/\/orotech.lt\/en\/wp-json\/wp\/v2\/comments?post=29669"}],"version-history":[{"count":1,"href":"https:\/\/orotech.lt\/en\/wp-json\/wp\/v2\/product\/29669\/revisions"}],"predecessor-version":[{"id":29670,"href":"https:\/\/orotech.lt\/en\/wp-json\/wp\/v2\/product\/29669\/revisions\/29670"}],"wp:featuredmedia":[{"embeddable":true,"href":"https:\/\/orotech.lt\/en\/wp-json\/wp\/v2\/media\/29671"}],"wp:attachment":[{"href":"https:\/\/orotech.lt\/en\/wp-json\/wp\/v2\/media?parent=29669"}],"wp:term":[{"taxonomy":"product_brand","embeddable":true,"href":"https:\/\/orotech.lt\/en\/wp-json\/wp\/v2\/product_brand?post=29669"},{"taxonomy":"product_cat","embeddable":true,"href":"https:\/\/orotech.lt\/en\/wp-json\/wp\/v2\/product_cat?post=29669"},{"taxonomy":"product_tag","embeddable":true,"href":"https:\/\/orotech.lt\/en\/wp-json\/wp\/v2\/product_tag?post=29669"}],"curies":[{"name":"wp","href":"https:\/\/api.w.org\/{rel}","templated":true}]}}