{"id":29681,"date":"2025-09-09T10:20:03","date_gmt":"2025-09-09T10:20:03","guid":{"rendered":"https:\/\/orotech.lt\/mobilus-oro-kondicionierius-trotec-pac-3810-s-2\/"},"modified":"2025-09-10T06:55:58","modified_gmt":"2025-09-10T06:55:58","slug":"mobilus-oro-kondicionierius-trotec-pac-3810-s-2","status":"publish","type":"product","link":"https:\/\/orotech.lt\/en\/mobilus-oro-kondicionierius-trotec-pac-3810-s-2\/","title":{"rendered":"Mobile air conditioner Trotec PAC 3810 S"},"content":{"rendered":"<p><em style=\"text-align: justify;\">Oro kondicionierius &bdquo;3 in 1&ldquo;: u\u017etikrina malon\u0173 kambario klimat\u0105 v\u0117sinant, v\u0117dinant bei sausinant or\u0105.&nbsp;<\/em><\/p>\n<p style=\"text-align: justify;\">Stylish mobile <strong>air conditioner<\/strong> The Trotec PAC 3810 S will allow you to enjoy a comfortable room temperature all year round. <strong>Air conditioning <\/strong>Trotec PAC 3810 S greitai ir efektyviai v\u0117sina kar\u0161tomis vasaros dienomis, tod\u0117l gal\u0117site m\u0117gautis atv\u0117sinta 16-31&deg;C kambario temperat\u016bra sunaudodami tik 3,8 kW elektros energijos. \u0160is <strong>air conditioner<\/strong> puikiai atliks savo funkcijas namuose, biuruose, verslo patalpose, sodo nameliuose, vie\u0161butyje, restorane, dirbtuv\u0117se, galerijose, gydytoj\u0173 kabinetuose, kuri\u0173 plotas yra iki 50 m&sup2; \/ 125 m&sup3;&nbsp;. Siekdami suma\u017einti patiriamas elektros energijos s\u0105naudas, \u012frenginys u\u017etikrina ekonomi\u0161k\u0105 veikim\u0105 &ndash; i\u0161jungiama v\u0117sinimo funkcija automati\u0161kai pasiekus i\u0161 anksto nustatyt\u0105 temperat\u016br\u0105. Tai rei\u0161kia, kad \u012frenginys v\u0117sins tik tada, kai bus vir\u0161yta norima temperat\u016bros vert\u0117.<\/p>\n<p style=\"text-align: justify;\">Elegant <strong>air conditioner<\/strong> Trotec PAC 3810 S turi reguliuojam\u0105 trij\u0173 pakop\u0173 ventiliatori\u0173, kurio oro srautas siekia iki 450 m&sup3;\/h. Net ir i\u0161jungus \u0161aldymo funkcij\u0105, \u012frenginys u\u017etikrina gaiv\u0173 v\u0117j\u0105 ir efektyvi\u0105 oro cirkuliacij\u0105 patalpoje. Oro kondicionieriaus nugarin\u0117je pus\u0117je sumontuotas lengvai valomas oro filtras, kuris valo patalpos or\u0105 nuo p\u016bk\u0173, dulki\u0173 ir gyv\u016bn\u0173 plaukeli\u0173.<\/p>\n<p style=\"text-align: justify;\"><strong>Air conditioning <\/strong>The Trotec PAC 3810 S has a dehumidification function that combats stuffy room air. The dehumidification efficiency of 1.5 l per hour allows the device to actively extract moisture from the room. The dehumidification function also creates a more pleasant room climate and reduces the likelihood of mold and fungus. Once filled, the condensate tank rarely needs to be emptied, as the condensed water is reused to cool the condenser using an intelligent recycling system.<\/p>\n<p style=\"text-align: justify;\">Trotec is concerned about the future of the world&#039;s climate, which is why this air conditioner uses propane (R290) as a refrigerant. It is an environmentally friendly and organic refrigerant that meets the latest climate protection requirements.&nbsp;<\/p>\n<p><strong>Technical information:<\/strong><\/p>\n<ul>\n<li>\n\t\tTinka patalpoms iki 50 m&sup2; \/ 125 m&sup3; ;<\/li>\n<li>\n\t\tMax. cooling capacity (kW) \/ energy efficiency class: 3.8 \/ A;<\/li>\n<li>\n\t\tMin.\/maks. temperat\u016bros intervalas: 16-35&deg;C;<\/li>\n<li>\n\t\tRefrigerant: R290;<\/li>\n<li>\n\t\tCooling agent quantity (kg): 0.226;<\/li>\n<li>\n\t\tVoltage (V\/Hz): 220 \u2013 240 \/ 50;<\/li>\n<li>\n\t\tDimensions (LxWxH)(mm): 335 x 410 x 715;<\/li>\n<li>\n\t\tSound level at 1 m (dB(A)): 55;<\/li>\n<li>\n\t\tMaksimalus oro srautas: 450 m&sup3; \/val.;<\/li>\n<li>\n\t\tMax. air dehumidification: 1.5 l\/h;<\/li>\n<li>\n\t\tWeight (kg): 30.<\/li>\n<\/ul>","protected":false},"excerpt":{"rendered":"<p>Oro kondicionierius &bdquo;3 in 1&ldquo;: u\u017etikrina malon\u0173 kambario klimat\u0105 v\u0117sinant, v\u0117dinant bei sausinant or\u0105.&nbsp; Stilingas mobilus oro kondicionierius Trotec PAC<\/p>","protected":false},"featured_media":29683,"comment_status":"closed","ping_status":"open","template":"","meta":[],"product_brand":[],"product_cat":[23],"product_tag":[535],"class_list":{"0":"post-29681","1":"product","2":"type-product","3":"status-publish","4":"has-post-thumbnail","6":"product_cat-be-kategorijos","7":"product_tag-naujiena","9":"first","10":"onbackorder","11":"taxable","12":"shipping-taxable","13":"product-type-variable"},"_links":{"self":[{"href":"https:\/\/orotech.lt\/en\/wp-json\/wp\/v2\/product\/29681","targetHints":{"allow":["GET"]}}],"collection":[{"href":"https:\/\/orotech.lt\/en\/wp-json\/wp\/v2\/product"}],"about":[{"href":"https:\/\/orotech.lt\/en\/wp-json\/wp\/v2\/types\/product"}],"replies":[{"embeddable":true,"href":"https:\/\/orotech.lt\/en\/wp-json\/wp\/v2\/comments?post=29681"}],"version-history":[{"count":1,"href":"https:\/\/orotech.lt\/en\/wp-json\/wp\/v2\/product\/29681\/revisions"}],"predecessor-version":[{"id":29682,"href":"https:\/\/orotech.lt\/en\/wp-json\/wp\/v2\/product\/29681\/revisions\/29682"}],"wp:featuredmedia":[{"embeddable":true,"href":"https:\/\/orotech.lt\/en\/wp-json\/wp\/v2\/media\/29683"}],"wp:attachment":[{"href":"https:\/\/orotech.lt\/en\/wp-json\/wp\/v2\/media?parent=29681"}],"wp:term":[{"taxonomy":"product_brand","embeddable":true,"href":"https:\/\/orotech.lt\/en\/wp-json\/wp\/v2\/product_brand?post=29681"},{"taxonomy":"product_cat","embeddable":true,"href":"https:\/\/orotech.lt\/en\/wp-json\/wp\/v2\/product_cat?post=29681"},{"taxonomy":"product_tag","embeddable":true,"href":"https:\/\/orotech.lt\/en\/wp-json\/wp\/v2\/product_tag?post=29681"}],"curies":[{"name":"wp","href":"https:\/\/api.w.org\/{rel}","templated":true}]}}