{"id":29693,"date":"2025-09-09T10:20:03","date_gmt":"2025-09-09T10:20:03","guid":{"rendered":"https:\/\/orotech.lt\/duru-ir-langu-tarpine-trotec-airlock-1000-2\/"},"modified":"2025-09-10T06:56:02","modified_gmt":"2025-09-10T06:56:02","slug":"duru-ir-langu-tarpine-trotec-airlock-1000-2","status":"publish","type":"product","link":"https:\/\/orotech.lt\/en\/duru-ir-langu-tarpine-trotec-airlock-1000-2\/","title":{"rendered":"Dur\u0173 ir lang\u0173 tarpin\u0117 Trotec AirLock 1000"},"content":{"rendered":"<p style=\"text-align: justify;\">Da\u017enai naudojant mobil\u0173 kondicionieri\u0173 vienintel\u0117 galimyb\u0117 i\u0161leisti kar\u0161t\u0105 or\u0105 yra per atvir\u0105 lang\u0105. Ta\u010diau tokiu atveju patalpos kondicionavimas tampa neefektyvus ir nemalonus, kadangi i\u0161 lauko kar\u0161tas oras pastoviai patenka \u012f v\u0117sinam\u0105 patalp\u0105. Lango tarpin\u0117 AirLock 1000 puikus sprendimas \u0161iai problemai i\u0161spr\u0119sti. Greitai ir nesud\u0117tingai j\u0105 sumontavus tarp dur\u0173 ar lango ir r\u0117mo bei pasinaudojus u\u017etrauktuku, kar\u0161tas oras yra i\u0161leid\u017eiamas \u012f lauk\u0105 bei nepatenka atgal \u012f patalp\u0105. Taip pat apsisaugoma nuo vabzd\u017ei\u0173. Kad u\u017edaryti lang\u0105, tarpin\u0117s nereikia i\u0161montuoti. Nesvarbu koks langas, Airlock 1000 tinka paprastai visiems langams, kuri\u0173 maksimalus perimetras yra iki 560 cm.<\/p>\n<p style=\"text-align: justify;\"><strong>AirLock 1000 yra vienintel\u0117 rinkoje dur\u0173 ir lang\u0173 tarpin\u0117, kurios cirkuliacijos matmuo yra 560 cm. Tod\u0117l AirLock 1000 yra pirmasis pasirinkimas sandarinant balkono ir terasos duris arba langus nuo grind\u0173 iki lub\u0173 su pasukamaisiais u\u017eraktais.&nbsp;<\/strong><\/p>\n<p style=\"text-align: justify;\"><strong>AirLock 1000&nbsp;privalumai:<\/strong><\/p>\n<ul>\n<li>\n\t\tEnergy-saving sealing of doors and windows;<\/li>\n<li>\n\t\tIncreases cooling capacity, reduces energy consumption;<\/li>\n<li>\n\t\tIdeal for patio and balcony doors or floor-to-ceiling windows;<\/li>\n<li>\n\t\tTwo zipper openings make it suitable for air conditioners with single and double hose technology;<\/li>\n<li>\n\t\tCan be adapted to hoses of all diameters;<\/li>\n<li>\n\t\tWaterproof and washable;<\/li>\n<li>\n\t\tProtects against warm air and insect penetration;<\/li>\n<li>\n\t\tThe window can be closed regardless of the window seal;<\/li>\n<li>\n\t\tSimple and easy assembly.<\/li>\n<\/ul>","protected":false},"excerpt":{"rendered":"<p>Da\u017enai naudojant mobil\u0173 kondicionieri\u0173 vienintel\u0117 galimyb\u0117 i\u0161leisti kar\u0161t\u0105 or\u0105 yra per atvir\u0105 lang\u0105. Ta\u010diau tokiu atveju patalpos kondicionavimas tampa neefektyvus<\/p>","protected":false},"featured_media":29695,"comment_status":"closed","ping_status":"open","template":"","meta":[],"product_brand":[],"product_cat":[23],"product_tag":[535],"class_list":{"0":"post-29693","1":"product","2":"type-product","3":"status-publish","4":"has-post-thumbnail","6":"product_cat-be-kategorijos","7":"product_tag-naujiena","9":"first","10":"onbackorder","11":"taxable","12":"shipping-taxable","13":"product-type-variable"},"_links":{"self":[{"href":"https:\/\/orotech.lt\/en\/wp-json\/wp\/v2\/product\/29693","targetHints":{"allow":["GET"]}}],"collection":[{"href":"https:\/\/orotech.lt\/en\/wp-json\/wp\/v2\/product"}],"about":[{"href":"https:\/\/orotech.lt\/en\/wp-json\/wp\/v2\/types\/product"}],"replies":[{"embeddable":true,"href":"https:\/\/orotech.lt\/en\/wp-json\/wp\/v2\/comments?post=29693"}],"version-history":[{"count":1,"href":"https:\/\/orotech.lt\/en\/wp-json\/wp\/v2\/product\/29693\/revisions"}],"predecessor-version":[{"id":29694,"href":"https:\/\/orotech.lt\/en\/wp-json\/wp\/v2\/product\/29693\/revisions\/29694"}],"wp:featuredmedia":[{"embeddable":true,"href":"https:\/\/orotech.lt\/en\/wp-json\/wp\/v2\/media\/29695"}],"wp:attachment":[{"href":"https:\/\/orotech.lt\/en\/wp-json\/wp\/v2\/media?parent=29693"}],"wp:term":[{"taxonomy":"product_brand","embeddable":true,"href":"https:\/\/orotech.lt\/en\/wp-json\/wp\/v2\/product_brand?post=29693"},{"taxonomy":"product_cat","embeddable":true,"href":"https:\/\/orotech.lt\/en\/wp-json\/wp\/v2\/product_cat?post=29693"},{"taxonomy":"product_tag","embeddable":true,"href":"https:\/\/orotech.lt\/en\/wp-json\/wp\/v2\/product_tag?post=29693"}],"curies":[{"name":"wp","href":"https:\/\/api.w.org\/{rel}","templated":true}]}}