{"id":29701,"date":"2025-09-09T10:20:03","date_gmt":"2025-09-09T10:20:03","guid":{"rendered":"https:\/\/orotech.lt\/kvarcinis-infraraudonuju-spinduliu-sildytuvas-kumtel-ecoray-ex-23-2\/"},"modified":"2025-09-10T06:56:07","modified_gmt":"2025-09-10T06:56:07","slug":"quartz-infrared-heater-kumtel-ecoray-ex-23-2","status":"publish","type":"product","link":"https:\/\/orotech.lt\/en\/quartz-infrared-heater-kumtel-ecoray-ex-23-2\/","title":{"rendered":"Quartz infrared heater Kumtel Ecoray EX-23"},"content":{"rendered":"<p>&lt;p style=&quot;text-align: justify;&quot;&gt;Infraraudon\u0173j\u0173 spinduli\u0173 &amp;scaron;ildytuvai yra puikus sprendimas siekiantiems u\u017etikrinti pakankam\u0105 dideli\u0173 patalp\u0173 &amp;scaron;ildym\u0105 ir kartu sutaupyti. Kumtel Ecoray EX-23 &ndash; tai prie sienos montuojamas &amp;scaron;ildytuvas su reguliuojamu termostatu. IP20 apsaugos klas\u0117 u\u017etikrina saug\u0173 &amp;scaron;ildytuvo naudojim\u0105 terasose, soduose ar kitose atvirose erdv\u0117se.&amp;nbsp;&lt;strong&gt;Outdoors, the device should be installed under a roof to protect it from heavy rain.&lt;\/strong&gt;&lt;\/p&gt;<br \/>\n&lt;p style=&quot;text-align: justify;&quot;&gt;&amp;nbsp;&lt;\/p&gt;<br \/>\n&lt;p style=&quot;text-align: center;&quot;&gt;&lt;strong&gt;&lt;iframe src=&quot;https:\/\/www.youtube.com\/embed\/kY4zHVOr-Ys&quot; frameborder=&quot;0&quot; width=&quot;560&quot; height=&quot;315&quot;&gt;&lt;\/iframe&gt;&lt;\/strong&gt;&lt;\/p&gt;<br \/>\n&lt;p style=&quot;text-align: justify;&quot;&gt;&lt;strong&gt;Kod\u0117l verta rinktis &amp;scaron;iuos &amp;scaron;ildymo prietaisus?&lt;\/strong&gt;&lt;\/p&gt;<br \/>\n&lt;ul&gt;<br \/>\n&lt;li style=&quot;text-align: justify;&quot;&gt;Greitai su&amp;scaron;ildo u\u017edar\u0105 patalp\u0105 arba atvir\u0105 erdv\u0119;&lt;\/li&gt;<br \/>\n&lt;li style=&quot;text-align: justify;&quot;&gt;Puikus sprendimas atskir\u0173 zon\u0173 &amp;scaron;ildymui didel\u0117se ir auk&amp;scaron;tose patalpose;&lt;\/li&gt;<br \/>\n&lt;li style=&quot;text-align: justify;&quot;&gt;Padeda sutaupyti iki 60 % &amp;scaron;ilumos energijos;&lt;\/li&gt;<br \/>\n&lt;li style=&quot;text-align: justify;&quot;&gt;\u012ekaista vos per 25 sekundes;&lt;\/li&gt;<br \/>\n&lt;li style=&quot;text-align: justify;&quot;&gt;Integruotas termoreguliatorius priklausomai nuo aplinkos temperat\u016bros \u012fjungia arba i&amp;scaron;jungia &amp;scaron;ildytuv\u0105;&lt;\/li&gt;<br \/>\n&lt;li style=&quot;text-align: justify;&quot;&gt;Pirmiausiai ap&amp;scaron;ildo patalpoje ar erdv\u0117je esan\u010dius objektus ir \u017emones;&lt;\/li&gt;<br \/>\n&lt;li style=&quot;text-align: justify;&quot;&gt;Nesausina oro;&lt;\/li&gt;<br \/>\n&lt;li style=&quot;text-align: justify;&quot;&gt;Gali b\u016bti naudojami lauke &#8211; terasose ir pan. &amp;Scaron;ildo atvirus plotus net v\u0117juotu oru, atsparus lietui;&lt;\/li&gt;<br \/>\n&lt;li style=&quot;text-align: justify;&quot;&gt;Nedegina deguonies &amp;ndash; apsaugo nuo galvos skausmo, kuris atsiranda kai patalpa nepakankamai v\u0117dinama;&lt;\/li&gt;<br \/>\n&lt;li style=&quot;text-align: justify;&quot;&gt;Apsaugo nuo bakterij\u0173 ir mikroorganizm\u0173 vystymosi, neleid\u017eia kauptis pel\u0117siui;&lt;\/li&gt;<br \/>\n&lt;li style=&quot;text-align: justify;&quot;&gt;Neskleid\u017eia nemalonaus kvapo;&lt;\/li&gt;<br \/>\n&lt;li style=&quot;text-align: justify;&quot;&gt;Veikia be garso;&lt;\/li&gt;<br \/>\n&lt;li style=&quot;text-align: justify;&quot;&gt;Lengvai montuojami prie sienos;&lt;\/li&gt;<br \/>\n&lt;li style=&quot;text-align: justify;&quot;&gt;Ilgai tarnaujan\u010dios kvarcin\u0117s lempos &#8211; tarnauja iki 5 t\u016bkstan\u010di\u0173 valand\u0173.&lt;\/li&gt;<br \/>\n&lt;\/ul&gt;<br \/>\n&lt;p style=&quot;text-align: justify;&quot;&gt;&lt;strong&gt;Technical information:&lt;\/strong&gt;&lt;\/p&gt;<br \/>\n&lt;ul&gt;<br \/>\n&lt;li&gt;Apsaugos klas\u0117: IP20;&lt;\/li&gt;<br \/>\n&lt;li&gt;&amp;Scaron;ildymo galia: 2300 W;&lt;\/li&gt;<br \/>\n&lt;li&gt;Ap&amp;scaron;ildomas erdv\u0117 (lauke\/patalpoje): 11\/20 m&lt;sup&gt;2&lt;\/sup&gt;;&lt;\/li&gt;<br \/>\n&lt;li&gt;&amp;Scaron;ildytuvo maitinimas: 220-240 V (50\/60 Hz);&lt;\/li&gt;<br \/>\n&lt;li&gt;&amp;Scaron;ildytuvo matmenys: 830x190x100 mm;&lt;\/li&gt;<br \/>\n&lt;li&gt;Laido ilgis: 0.95 m;&lt;\/li&gt;<br \/>\n&lt;li&gt;Svoris: 2.25 kg.&lt;\/li&gt;<br \/>\n&lt;\/ul&gt;<br \/>\n&lt;p&gt;&lt;strong&gt;Attention:&lt;\/strong&gt;&amp;nbsp;\u012fjungto &amp;scaron;ildytuvo negalima judinti ir vartyti. Prie&amp;scaron; \u012fjungiant Kumtel EX-23 jis turi b\u016bti stacionariai sumontuotas horizontalioje pad\u0117tyje.&amp;nbsp;&lt;span style=&quot;text-align: justify;&quot;&gt;Prek\u0117s i&amp;scaron;vaizda gali tur\u0117ti neatitikim\u0173 su nuotrauka apra&amp;scaron;yme.&lt;\/span&gt;&lt;\/p&gt;<\/p>","protected":false},"excerpt":{"rendered":"<p>&lt;p style=&quot;text-align: justify;&quot;&gt;Infraraudon\u0173j\u0173 spinduli\u0173 &amp;scaron;ildytuvai yra puikus sprendimas siekiantiems u\u017etikrinti pakankam\u0105 dideli\u0173 patalp\u0173 &amp;scaron;ildym\u0105 ir kartu sutaupyti. Kumtel Ecoray EX-23<\/p>","protected":false},"featured_media":29703,"comment_status":"closed","ping_status":"open","template":"","meta":[],"product_brand":[],"product_cat":[23],"product_tag":[535],"class_list":{"0":"post-29701","1":"product","2":"type-product","3":"status-publish","4":"has-post-thumbnail","6":"product_cat-be-kategorijos","7":"product_tag-naujiena","9":"first","10":"onbackorder","11":"taxable","12":"shipping-taxable","13":"product-type-variable"},"_links":{"self":[{"href":"https:\/\/orotech.lt\/en\/wp-json\/wp\/v2\/product\/29701","targetHints":{"allow":["GET"]}}],"collection":[{"href":"https:\/\/orotech.lt\/en\/wp-json\/wp\/v2\/product"}],"about":[{"href":"https:\/\/orotech.lt\/en\/wp-json\/wp\/v2\/types\/product"}],"replies":[{"embeddable":true,"href":"https:\/\/orotech.lt\/en\/wp-json\/wp\/v2\/comments?post=29701"}],"version-history":[{"count":1,"href":"https:\/\/orotech.lt\/en\/wp-json\/wp\/v2\/product\/29701\/revisions"}],"predecessor-version":[{"id":29702,"href":"https:\/\/orotech.lt\/en\/wp-json\/wp\/v2\/product\/29701\/revisions\/29702"}],"wp:featuredmedia":[{"embeddable":true,"href":"https:\/\/orotech.lt\/en\/wp-json\/wp\/v2\/media\/29703"}],"wp:attachment":[{"href":"https:\/\/orotech.lt\/en\/wp-json\/wp\/v2\/media?parent=29701"}],"wp:term":[{"taxonomy":"product_brand","embeddable":true,"href":"https:\/\/orotech.lt\/en\/wp-json\/wp\/v2\/product_brand?post=29701"},{"taxonomy":"product_cat","embeddable":true,"href":"https:\/\/orotech.lt\/en\/wp-json\/wp\/v2\/product_cat?post=29701"},{"taxonomy":"product_tag","embeddable":true,"href":"https:\/\/orotech.lt\/en\/wp-json\/wp\/v2\/product_tag?post=29701"}],"curies":[{"name":"wp","href":"https:\/\/api.w.org\/{rel}","templated":true}]}}