{"id":29711,"date":"2025-09-09T10:20:03","date_gmt":"2025-09-09T10:20:03","guid":{"rendered":"https:\/\/orotech.lt\/mini-rekuperatorius-eco-fresh-01-lux-su-pasildymo-funkcija-2\/"},"modified":"2025-09-10T06:56:09","modified_gmt":"2025-09-10T06:56:09","slug":"mini-recuperator-eco-fresh-01-lux-with-heating-function-2","status":"publish","type":"product","link":"https:\/\/orotech.lt\/en\/mini-recuperator-eco-fresh-01-lux-with-heating-function-2\/","title":{"rendered":"Mini recuperator ECO-FRESH 01 LUX (with heating function)"},"content":{"rendered":"<p>&lt;p style=&quot;text-align: justify;&quot;&gt;&lt;strong&gt;You can additionally extend the warranty to 5 years for &euro;70.&lt;\/strong&gt;&lt;\/p&gt;<br \/>\n&lt;p style=&quot;text-align: justify;&quot;&gt;&lt;strong&gt;Advantages of ECO-FRESH 01 LUX:&lt;\/strong&gt;&lt;\/p&gt;<br \/>\n&lt;ul&gt;<br \/>\n&lt;li style=&quot;text-align: justify;&quot;&gt;Mini rekuperatorius ECO-FRESH 01 LUX (su pa&amp;scaron;ildymo funkcija) skirtas aktyviai vietinei gyvenam\u0173j\u0173 ir administracini\u0173 patalp\u0173 ventiliacijai. Prireikus &amp;scaron;alt\u0105 \u017eiem\u0105 \u012fleid\u017eiamas oras pa&amp;scaron;ildomas iki kambario temperat\u016bros.&amp;nbsp;\u012erenginys tiekia &amp;scaron;vie\u017ei\u0105 atmosferos or\u0105 ir patalpose sukuria sveik\u0105 mikroklimat\u0105;&lt;\/li&gt;<br \/>\n&lt;li style=&quot;text-align: justify;&quot;&gt;Yra integruota oro filtr\u0173 sistema, kad oras b\u016bt\u0173 i&amp;scaron;valomas nuo dulki\u0173, suod\u017ei\u0173, bakterij\u0173, automobili\u0173 i&amp;scaron;metam\u0173j\u0173 duj\u0173 ir pan.;&lt;\/li&gt;<br \/>\n&lt;li style=&quot;text-align: justify;&quot;&gt;Taip pat integruotas higrostatas leid\u017eia kontroliuoti patalpos oro dr\u0117gm\u0119, palaikydamas \u017eemiau 75% &amp;ndash; tai neleid\u017eia atsirasti pel\u0117siui ir grybeliui;&lt;\/li&gt;<br \/>\n&lt;li style=&quot;text-align: justify;&quot;&gt;&lt;strong&gt;Integrated ionizer&lt;\/strong&gt; saturates the air with negatively charged ions, which have antiseptic and disease-causing properties &ndash; viruses and bacteria &ndash; thus protecting against infections and acute respiratory diseases;&lt;\/li&gt;<br \/>\n&lt;\/ul&gt;<br \/>\n&lt;p style=&quot;text-align: justify;&quot;&gt;&lt;strong&gt;The ECO-FRESH 01 system consists of:&lt;\/strong&gt;&lt;\/p&gt;<br \/>\n&lt;ol&gt;<br \/>\n&lt;li style=&quot;text-align: justify;&quot;&gt;I&amp;scaron;orin\u0117s apsaugin\u0117s grotel\u0117s, saugan\u010dios&amp;nbsp;prietaiso sistem\u0105 nuo dr\u0117gm\u0117s -&amp;nbsp;&lt;strong&gt;even in heavy rain and wind.&lt;\/strong&gt;;&lt;\/li&gt;<br \/>\n&lt;li style=&quot;text-align: justify;&quot;&gt;Teleskopinis ortakis, kuriuo galima reguliuoti&amp;nbsp;sistemos ilg\u012f, atsi\u017evelgiant \u012f sienos stor\u012f;&lt;\/li&gt;<br \/>\n&lt;li style=&quot;text-align: justify;&quot;&gt;Penki\u0173&amp;nbsp;grei\u010di\u0173 oro i&amp;scaron;metimo&amp;nbsp;ventiliatorius, leid\u017eiantis reguliuoti oro sraut\u0105 nuo 35 m &amp;sup3;\/h naktiniu, begarsiu re\u017eimu iki 85 m&amp;sup3;\/h dieniniu re\u017eimu;&lt;\/li&gt;<br \/>\n&lt;li style=&quot;text-align: justify;&quot;&gt;Aktyviosios anglies filtras, kuris&amp;nbsp;garantuoja &amp;scaron;var\u0173 or\u0105 net ir stipriai u\u017eter&amp;scaron;tuose centriniuose ir pramoniniuose miest\u0173 rajonuose. I&amp;scaron;valo or\u0105 nuo kvap\u0173, dulki\u0173, bakterij\u0173, suod\u017ei\u0173, automobili\u0173 i&amp;scaron;metam\u0173j\u0173 duj\u0173 ir pan.;&lt;\/li&gt;<br \/>\n&lt;li style=&quot;text-align: justify;&quot;&gt;Rekuperatorius (&amp;scaron;ilumokaitis), leid\u017eiantis i&amp;scaron;vengti \u017eenkli\u0173 &amp;scaron;ilumos nuostoli\u0173 v\u0117dinant patalp\u0105.;&lt;\/li&gt;<br \/>\n&lt;li style=&quot;text-align: justify;&quot;&gt;Jonizatorius &amp;ndash; prisotina or\u0105 neigiamojo kr\u016bvio jonais.;&lt;\/li&gt;<br \/>\n&lt;li style=&quot;text-align: justify;&quot;&gt;Penki\u0173&amp;nbsp;grei\u010di\u0173 ventiliatorius, paduodantis or\u0105 \u012f patalp\u0105, kuriuo galima reguliuoti oro sraut\u0105 nuo 35 m&amp;sup3;\/h naktiniu, begarsiu re\u017eimu iki 85 m&amp;sup3;\/h dieniniu re\u017eimu;&lt;\/li&gt;<br \/>\n&lt;li style=&quot;text-align: justify;&quot;&gt;Ergonomin\u0117s dekoratyvios grotel\u0117s, kurios&amp;nbsp;gali b\u016bti nuda\u017eomos pageidaujama spalva;&lt;\/li&gt;<br \/>\n&lt;li style=&quot;text-align: justify;&quot;&gt;Dr\u0117gm\u0117s jutiklis, \u012fjungiantis&amp;nbsp;ventiliacij\u0105 oro dr\u0117gnumui vir&amp;scaron;ijus 75%;&lt;\/li&gt;<br \/>\n&lt;li style=&quot;text-align: justify;&quot;&gt;Anglies viendeginio (\u0421\u041e) jutiklis, kuris \u012fjungia&amp;nbsp;oro \u012fsiurbimo ventiliatori\u0173 re\u017eimu AIR FLOW 100 m&amp;sup3;\/h patalpoje atsiradus CO duj\u0173.&lt;\/li&gt;<br \/>\n&lt;li style=&quot;text-align: justify;&quot;&gt;Nuotolinio valdymo pultelis.&lt;\/li&gt;<br \/>\n&lt;\/ol&gt;<br \/>\n&lt;p style=&quot;text-align: justify;&quot;&gt;&lt;a class=&quot;catalogue&quot; href=&quot;https:\/\/www.rubisolis.lt\/failai\/files\/produktu%20pdf\/ECO-FRESH%2001%20LUX%20katalogas%20EN.pdf&quot; target=&quot;blank&quot;&gt;Download product catalog&lt;\/a&gt;&lt;br \/&gt;&lt;a class=&quot;catalogue&quot; href=&quot;https:\/\/www.rubisolis.lt\/failai\/files\/produktu%20pdf\/Ecofresh\/ECO-FRESH%2001%20LUX%20instrukcija%20LT.pdf&quot; target=&quot;blank&quot;&gt;Download product manual&lt;\/a&gt;&lt;\/p&gt;<\/p>","protected":false},"excerpt":{"rendered":"<p>&lt;p style=&quot;text-align: justify;&quot;&gt;&lt;strong&gt;You can additionally extend the warranty to 5 years for &euro;70.&lt;\/strong&gt;&lt;\/p&gt; &lt;p style=&quot;text-align: justify;&quot;&gt;&lt;strong&gt;Advantages of ECO-FRESH 01 LUX:&lt;\/strong&gt;&lt;\/p&gt; &lt;ul&gt; &lt;li<\/p>","protected":false},"featured_media":29713,"comment_status":"closed","ping_status":"open","template":"","meta":[],"product_brand":[],"product_cat":[23],"product_tag":[535],"class_list":{"0":"post-29711","1":"product","2":"type-product","3":"status-publish","4":"has-post-thumbnail","6":"product_cat-be-kategorijos","7":"product_tag-naujiena","9":"first","10":"onbackorder","11":"taxable","12":"shipping-taxable","13":"product-type-variable"},"_links":{"self":[{"href":"https:\/\/orotech.lt\/en\/wp-json\/wp\/v2\/product\/29711","targetHints":{"allow":["GET"]}}],"collection":[{"href":"https:\/\/orotech.lt\/en\/wp-json\/wp\/v2\/product"}],"about":[{"href":"https:\/\/orotech.lt\/en\/wp-json\/wp\/v2\/types\/product"}],"replies":[{"embeddable":true,"href":"https:\/\/orotech.lt\/en\/wp-json\/wp\/v2\/comments?post=29711"}],"version-history":[{"count":1,"href":"https:\/\/orotech.lt\/en\/wp-json\/wp\/v2\/product\/29711\/revisions"}],"predecessor-version":[{"id":29712,"href":"https:\/\/orotech.lt\/en\/wp-json\/wp\/v2\/product\/29711\/revisions\/29712"}],"wp:featuredmedia":[{"embeddable":true,"href":"https:\/\/orotech.lt\/en\/wp-json\/wp\/v2\/media\/29713"}],"wp:attachment":[{"href":"https:\/\/orotech.lt\/en\/wp-json\/wp\/v2\/media?parent=29711"}],"wp:term":[{"taxonomy":"product_brand","embeddable":true,"href":"https:\/\/orotech.lt\/en\/wp-json\/wp\/v2\/product_brand?post=29711"},{"taxonomy":"product_cat","embeddable":true,"href":"https:\/\/orotech.lt\/en\/wp-json\/wp\/v2\/product_cat?post=29711"},{"taxonomy":"product_tag","embeddable":true,"href":"https:\/\/orotech.lt\/en\/wp-json\/wp\/v2\/product_tag?post=29711"}],"curies":[{"name":"wp","href":"https:\/\/api.w.org\/{rel}","templated":true}]}}