{"id":29734,"date":"2025-09-09T10:25:02","date_gmt":"2025-09-09T10:25:02","guid":{"rendered":"https:\/\/orotech.lt\/sieninis-mini-rekuperatorius-mitsubishi-vl-50sr2-e-su-pulteliu-2\/"},"modified":"2025-09-10T07:00:09","modified_gmt":"2025-09-10T07:00:09","slug":"wall-mounted-mini-recuperator-mitsubishi-vl-50sr2-e-with-remote-control-2","status":"publish","type":"product","link":"https:\/\/orotech.lt\/en\/wall-mounted-mini-recuperator-mitsubishi-vl-50sr2-e-with-remote-control-2\/","title":{"rendered":"Wall-mounted mini recuperator Mitsubishi VL-50SR2-E (with remote control)"},"content":{"rendered":"<p style=\"text-align: justify;\">The new ultra-compact wall-mounted mini recuperator VL-50SR2-E (with control panel) is designed for use in private homes, apartments, offices, or other small spaces where ventilation is lacking and there is no possibility to install a ducted recuperation system. For optimal ventilation, one unit is usually sufficient for 12-40 m<sup>2<\/sup> area for premises.&nbsp;<\/p>\n<p style=\"text-align: center;\"><img decoding=\"async\" alt=\"\" src=\"\/failai\/files\/FOTO\/Vaizdin\u0117 med\u017eiaga apra\u0161ymams\/Mitsubishi\/veikimo principas.jpg\" style=\"height: 276px; width: 800px;\" title=\"\"><\/p>\n<p><strong>Technical information:<\/strong><\/p>\n<ul>\n<li>\n\t\tAirflow levels: 16 \/ 52.5 m<sup>3<\/sup>\/hour<\/li>\n<li>\n\t\tPower consumption levels: 4.5 \/ 20 W;<\/li>\n<li>\n\t\tOperating temperature range: from -20\u00b0C to +40\u00b0C;<\/li>\n<li>\n\t\tEfficiencies: 85\/69%;<\/li>\n<li>\n\t\tNoise levels: 15 \/ 37 dB(A);<\/li>\n<li>\n\t\tPipe \/ Wall hole diameter: 96 \/ 120 mm;<\/li>\n<li>\n\t\tPower supply: 230V\/50Hz;<\/li>\n<li>\n\t\tDimensions: 245 x 522 x 168 mm;<\/li>\n<li>\n\t\tWeight: 6.2 kg;<\/li>\n<li>\n\t\tWarranty: 2 years.&nbsp;<\/li>\n<\/ul>\n<p style=\"text-align: center;\"><img decoding=\"async\" alt=\"\" src=\"\/images\/Userfiles\/www.rubisolis.lt_mini_rekuperatorius_4.jpg\" style=\"width: 427px; height: 450px;\" title=\"\"><\/p>\n<p><strong>Advantages of the mini recuperator VL-50S2-E:<\/strong><\/p>\n<ul>\n<li>\n\t\t<strong>Control with a convenient wireless remote control.<\/strong><\/li>\n<li>\n\t\tVery simple installation - only one hole (120 mm diameter) is drilled for the separated air extraction\/supply pipe;<\/li>\n<\/ul>\n<p><strong>The device can be installed both horizontally and vertically<\/strong> \u2013 this is especially relevant for interior apartments, which usually do not have much space on the exterior walls;<\/p>\n<ul>\n<li>\n\t\tEffectively ventilates \u2013 supplies fresh ambient air to the premises (with speeds of 16 or 52.5 m<sup>3<\/sup> \/h), removing stuffy air from them;<\/li>\n<li>\n\t\t2 filters installed;<\/li>\n<li>\n\t\tVery low power consumption: in low mode \u2013 only 4.5 W (in high mode -20 W);<\/li>\n<li>\n\t\tIt has a patented Lossnay plate heat exchanger, in which temperature (temperature exchange efficiency up to 85%) and moisture exchange take place.<\/li>\n<\/ul>\n<p><a class=\"catalogue\" href=\"https:\/\/www.rubisolis.lt\/\/failai\/files\/produktu%20pdf\/Mitsubishi\/Mini%20rekuperatori%C5%B3%20Mitsubishi%20VL-50S2-E%20montavimo%20instrukcija.pdf\" target=\"blank\" rel=\"nofollow noopener\">Download product catalog<\/a><br \/>\n\t<a class=\"catalogue\" href=\"https:\/\/www.rubisolis.lt\/\/failai\/files\/produktu%20pdf\/Mitsubishi\/Mini%20rekuperatori%C5%B3%20Mitsubishi%20VL-50S2-E%20naudojimo%20instrukcija.pdf\" target=\"blank\" rel=\"nofollow noopener\">Download product manual <\/a><\/p>","protected":false},"excerpt":{"rendered":"<p>The ultra-compact new wall-mounted mini recuperator VL-50SR2-E (with control panel) is designed for use in private homes, apartments, offices, or other small spaces.<\/p>","protected":false},"featured_media":29736,"comment_status":"closed","ping_status":"open","template":"","meta":[],"product_brand":[],"product_cat":[23],"product_tag":[535],"class_list":{"0":"post-29734","1":"product","2":"type-product","3":"status-publish","4":"has-post-thumbnail","6":"product_cat-be-kategorijos","7":"product_tag-naujiena","9":"first","10":"onbackorder","11":"taxable","12":"shipping-taxable","13":"product-type-variable"},"_links":{"self":[{"href":"https:\/\/orotech.lt\/en\/wp-json\/wp\/v2\/product\/29734","targetHints":{"allow":["GET"]}}],"collection":[{"href":"https:\/\/orotech.lt\/en\/wp-json\/wp\/v2\/product"}],"about":[{"href":"https:\/\/orotech.lt\/en\/wp-json\/wp\/v2\/types\/product"}],"replies":[{"embeddable":true,"href":"https:\/\/orotech.lt\/en\/wp-json\/wp\/v2\/comments?post=29734"}],"version-history":[{"count":1,"href":"https:\/\/orotech.lt\/en\/wp-json\/wp\/v2\/product\/29734\/revisions"}],"predecessor-version":[{"id":29735,"href":"https:\/\/orotech.lt\/en\/wp-json\/wp\/v2\/product\/29734\/revisions\/29735"}],"wp:featuredmedia":[{"embeddable":true,"href":"https:\/\/orotech.lt\/en\/wp-json\/wp\/v2\/media\/29736"}],"wp:attachment":[{"href":"https:\/\/orotech.lt\/en\/wp-json\/wp\/v2\/media?parent=29734"}],"wp:term":[{"taxonomy":"product_brand","embeddable":true,"href":"https:\/\/orotech.lt\/en\/wp-json\/wp\/v2\/product_brand?post=29734"},{"taxonomy":"product_cat","embeddable":true,"href":"https:\/\/orotech.lt\/en\/wp-json\/wp\/v2\/product_cat?post=29734"},{"taxonomy":"product_tag","embeddable":true,"href":"https:\/\/orotech.lt\/en\/wp-json\/wp\/v2\/product_tag?post=29734"}],"curies":[{"name":"wp","href":"https:\/\/api.w.org\/{rel}","templated":true}]}}