{"id":29741,"date":"2025-09-09T10:25:02","date_gmt":"2025-09-09T10:25:02","guid":{"rendered":"https:\/\/orotech.lt\/sieninis-mini-rekuperatorius-aerauliqa-quantum-hr-100-2\/"},"modified":"2025-09-10T07:00:11","modified_gmt":"2025-09-10T07:00:11","slug":"wall-mounted-mini-recuperator-aerauliqa-quantum-hr-100-2","status":"publish","type":"product","link":"https:\/\/orotech.lt\/en\/wall-mounted-mini-recuperator-aerauliqa-quantum-hr-100-2\/","title":{"rendered":"Wall-mounted mini recuperator Aerauliqa Quantum HR 100"},"content":{"rendered":"<p style=\"text-align: justify;\"><span style=\"text-align: justify;\">The QUANTUM HR mini recuperator is perfect for ventilating rooms such as a living room or bedroom.&nbsp;<\/span>The extremely energy-efficient device can be 100 or 150mm in diameter. For best results, 2 units are often used, combining their operation so that one device supplies air and the other extracts air at the same time. This device is wall-mounted. The ideal solution for removing CO<sup>2<\/sup>&nbsp;or any other volatile pollutants, helps prevent condensation and mold, which can be harmful to the building and human health.<\/p>\n<p style=\"text-align: justify;\"><strong>Atkreipkite d\u0117mes\u012f, jog skland\u017eiam rekuperatoriaus darbui reikalingas valdiklis. Rekomenduojami&nbsp;<a href=\"https:\/\/www.rubisolis.lt\/mini-rekuperatoriaus-aerauliqa-quantum-hr-ctrl-s-p-valdiklis-virst\" rel=\"nofollow noopener\" target=\"_blank\">vir\u0161tinkinis CTRL-S-P<\/a>&nbsp;or&nbsp;<a href=\"https:\/\/www.rubisolis.lt\/834-mini-rekuperatoriaus-aerauliqa-quantum-hr-ctrlsi-valdiklis-ileidziamas.htmls\" rel=\"nofollow noopener\" target=\"_blank\">\u012fleid\u017eiamas CTRL-S-I<\/a>&nbsp;&nbsp;valdikli\u0173 modeliai.<\/strong><\/p>\n<p style=\"text-align: justify;\"><strong>Tested according to the latest standards:&nbsp;<\/strong>The devices are tested in the recognized TUV Rheinland Aerauliqa laboratory, which applies the latest accurate information on electrical safety, device performance and noise levels, which you can rely on. Designed and manufactured in accordance with EN60335-2-80 (Low Voltage) and EMC Directives (Electromagnetic Compatibility).<\/p>\n<p style=\"text-align: center;\"><img decoding=\"async\" alt=\"\" src=\"\/failai\/files\/MADE IN ITALY LOGO-2.jpg\" style=\"text-align: center; width: 108px; height: 150px;\" title=\"\">&nbsp; &nbsp;<strong style=\"text-align: center;\"><img decoding=\"async\" alt=\"\" src=\"\/failai\/files\/FOTO\/quantum HR ikonos.JPG\" style=\"width: 400px; height: 83px;\" title=\"\">&nbsp; &nbsp;<\/strong><img decoding=\"async\" alt=\"\" src=\"\/failai\/files\/montuojame.jpg\" style=\"text-align: center;\" title=\"\"><\/p>\n<p><strong>Aerauliqa Quantum HR private<\/strong><strong>lums:<\/strong><\/p>\n<ul>\n<li>\n\t\t<span><span>Recommended for new construction and renovation;<\/span><\/span><\/li>\n<li>\n\t\t<span><span>No ducts required;<\/span><\/span><\/li>\n<li>\n\t\t<span><span>Can be combined with exhaust fans;<\/span><\/span><\/li>\n<li>\n\t\t<span><span>Does not require professional care.<\/span><\/span><\/li>\n<\/ul>\n<p style=\"text-align: center;\"><b><iframe allow=\"accelerometer; autoplay; clipboard-write; encrypted-media; gyroscope; picture-in-picture\" allowfullscreen=\"\" frameborder=\"0\" height=\"315\" src=\"https:\/\/www.youtube.com\/embed\/dc7pp7A4tqU\" title=\"YouTube video player\" width=\"560\"><\/iframe><\/b><\/p>\n<p style=\"text-align: justify;\"><span><span><strong>Usage<\/strong><\/span><\/span><\/p>\n<p><a class=\"catalogue\" href=\"https:\/\/www.rubisolis.lt\/\/failai\/files\/produktu%20pdf\/Quantum%20HR%20katalogas%202018.pdf\" target=\"blank\" rel=\"nofollow noopener\">Download product catalog<\/a><br \/>\n\t<a class=\"catalogue\" href=\"https:\/\/www.rubisolis.lt\/\/failai\/files\/produktu%20pdf\/Quantum%20HR%20instrukcija%20LT.pdf\" target=\"blank\" rel=\"nofollow noopener\">Download product manual <\/a><\/p>","protected":false},"excerpt":{"rendered":"<p>Mini rekuperatorius QUANTUM HR puikiai tinka kambari\u0173, toki\u0173 kaip svetain\u0117 ar miegamasis v\u0117dinimui.&nbsp;Ypatingai ma\u017eai energijos naudojantis prietaisas gali b\u016bti 100<\/p>","protected":false},"featured_media":29743,"comment_status":"closed","ping_status":"open","template":"","meta":[],"product_brand":[],"product_cat":[23],"product_tag":[535],"class_list":{"0":"post-29741","1":"product","2":"type-product","3":"status-publish","4":"has-post-thumbnail","6":"product_cat-be-kategorijos","7":"product_tag-naujiena","9":"first","10":"onbackorder","11":"taxable","12":"shipping-taxable","13":"product-type-variable"},"_links":{"self":[{"href":"https:\/\/orotech.lt\/en\/wp-json\/wp\/v2\/product\/29741","targetHints":{"allow":["GET"]}}],"collection":[{"href":"https:\/\/orotech.lt\/en\/wp-json\/wp\/v2\/product"}],"about":[{"href":"https:\/\/orotech.lt\/en\/wp-json\/wp\/v2\/types\/product"}],"replies":[{"embeddable":true,"href":"https:\/\/orotech.lt\/en\/wp-json\/wp\/v2\/comments?post=29741"}],"version-history":[{"count":1,"href":"https:\/\/orotech.lt\/en\/wp-json\/wp\/v2\/product\/29741\/revisions"}],"predecessor-version":[{"id":29742,"href":"https:\/\/orotech.lt\/en\/wp-json\/wp\/v2\/product\/29741\/revisions\/29742"}],"wp:featuredmedia":[{"embeddable":true,"href":"https:\/\/orotech.lt\/en\/wp-json\/wp\/v2\/media\/29743"}],"wp:attachment":[{"href":"https:\/\/orotech.lt\/en\/wp-json\/wp\/v2\/media?parent=29741"}],"wp:term":[{"taxonomy":"product_brand","embeddable":true,"href":"https:\/\/orotech.lt\/en\/wp-json\/wp\/v2\/product_brand?post=29741"},{"taxonomy":"product_cat","embeddable":true,"href":"https:\/\/orotech.lt\/en\/wp-json\/wp\/v2\/product_cat?post=29741"},{"taxonomy":"product_tag","embeddable":true,"href":"https:\/\/orotech.lt\/en\/wp-json\/wp\/v2\/product_tag?post=29741"}],"curies":[{"name":"wp","href":"https:\/\/api.w.org\/{rel}","templated":true}]}}