{"id":29749,"date":"2025-09-09T10:25:02","date_gmt":"2025-09-09T10:25:02","guid":{"rendered":"https:\/\/orotech.lt\/sieninis-mini-rekuperatorius-aerauliqa-quantum-hr-150-2\/"},"modified":"2025-09-10T07:00:12","modified_gmt":"2025-09-10T07:00:12","slug":"wall-mounted-mini-recuperator-aerauliqa-quantum-hr-150-2","status":"publish","type":"product","link":"https:\/\/orotech.lt\/en\/wall-mounted-mini-recuperator-aerauliqa-quantum-hr-150-2\/","title":{"rendered":"Wall-mounted mini recuperator Aerauliqa Quantum HR 150"},"content":{"rendered":"<p style=\"text-align: center;\"><span><strong><img decoding=\"async\" alt=\"\" src=\"\/images\/Userfiles\/www.rubisolis.lt_mini_rekuperatoriai.jpg\" style=\"width: 300px; height: 62px;\" title=\"\">&nbsp; &nbsp; &nbsp;<img decoding=\"async\" alt=\"\" src=\"\/images\/Userfiles\/www.rubisolis.lt_mini_rekuperatoriai_1.jpg\" style=\"width: 200px; height: 58px;\" title=\"\">&nbsp; &nbsp;&nbsp;<img decoding=\"async\" alt=\"\" src=\"\/images\/Userfiles\/www.rubisolis.lt_rekuperatorius._made_in_italy.jpg\" style=\"height: 60px; width: 43px;\" title=\"\"><\/strong><\/span><\/p>\n<p>&nbsp;<\/p>\n<p style=\"text-align: justify;\"><span><span><strong>Advantages of Aerauliqa Quantum HR:<\/strong><\/span><\/span><\/p>\n<ul>\n<li style=\"text-align: justify;\">\n\t\t<span><span>Recommended for new construction and renovation;<\/span><\/span><\/li>\n<li style=\"text-align: justify;\">\n\t\t<span><span>No ducts required;<\/span><\/span><\/li>\n<li style=\"text-align: justify;\">\n\t\t<span><span>Can be combined with exhaust fans;<\/span><\/span><\/li>\n<li style=\"text-align: justify;\">\n\t\t<span><span>Does not require professional care.<\/span><\/span><\/li>\n<\/ul>\n<p style=\"text-align: center;\"><b><iframe allow=\"accelerometer; autoplay; clipboard-write; encrypted-media; gyroscope; picture-in-picture\" allowfullscreen=\"\" frameborder=\"0\" height=\"315\" src=\"https:\/\/www.youtube.com\/embed\/dc7pp7A4tqU\" title=\"YouTube video player\" width=\"560\"><\/iframe><\/b><\/p>\n<p style=\"text-align: justify;\"><span><span><strong>Usage<\/strong><\/span><\/span><\/p>\n<p style=\"text-align: justify;\"><span><span>The QUANTUM HR mini recuperator is perfect for ventilating rooms such as a living room or bedroom.<br \/>\n\tA particularly energy-efficient unit can be 100 or 150mm in diameter. For best results, two units are often used, with one unit supplying air and the other extracting air at the same time.<br \/>\n\tThis device is wall-mounted. The ideal solution for removing CO<sup>2<\/sup> or any other volatile pollutants, helps prevent condensation and mold, which can be harmful to the building and human health.<\/span><\/span><\/p>\n<p style=\"text-align: justify;\"><span><strong>Atkreipkite d\u0117mes\u012f, jog skland\u017eiam rekuperatoriaus darbui reikalingas valdiklis. Rekomenduojami&nbsp;<a href=\"https:\/\/www.rubisolis.lt\/mini-rekuperatoriaus-aerauliqa-quantum-hr-ctrl-s-p-valdiklis-virst\" rel=\"nofollow noopener\" target=\"_blank\"><span>vir\u0161tinkinis CTRL-S-P<\/span><\/a><span>&nbsp;<\/span>or<span>&nbsp;<\/span><a href=\"https:\/\/www.rubisolis.lt\/834-mini-rekuperatoriaus-aerauliqa-quantum-hr-ctrlsi-valdiklis-ileidziamas.htmls\" rel=\"nofollow noopener\" target=\"_blank\"><span>\u012fleid\u017eiamas CTRL-S-I<\/span><\/a><span>&nbsp;<\/span>&nbsp;valdikli\u0173 modeliai.<\/strong><\/span><\/p>\n<p style=\"text-align: justify;\"><span><span><strong>Tested according to the latest standards: <\/strong>The devices are tested in the recognized TUV Rheinland Aerauliqa laboratory, which applies the latest accurate information on electrical safety, device performance and noise levels, which you can rely on. Designed and manufactured in accordance with EN60335-2-80 (Low Voltage) and EMC Directives (Electromagnetic Compatibility).<\/span><\/span><\/p>\n<p>\n\t<a class=\"catalogue\" href=\"https:\/\/www.rubisolis.lt\/\/failai\/files\/produktu%20pdf\/Quantum%20HR%20katalogas%202018.pdf\" target=\"blank\" rel=\"nofollow noopener\">Download product catalog<\/a><br \/>\n\t<a class=\"catalogue\" href=\"https:\/\/www.rubisolis.lt\/\/failai\/files\/produktu%20pdf\/Quantum%20HR%20instrukcija%20LT.pdf\" target=\"blank\" rel=\"nofollow noopener\">Download product manual <\/a><\/p>","protected":false},"excerpt":{"rendered":"<p>&nbsp; &nbsp; &nbsp;&nbsp; &nbsp;&nbsp; &nbsp; Aerauliqa Quantum HR privalumai: Rekomenduojama naujai statybai bei renovacijai; Nereikalingi ortakiai; Gali b\u016bti kombinuojama su<\/p>","protected":false},"featured_media":29751,"comment_status":"closed","ping_status":"open","template":"","meta":[],"product_brand":[],"product_cat":[23],"product_tag":[535],"class_list":{"0":"post-29749","1":"product","2":"type-product","3":"status-publish","4":"has-post-thumbnail","6":"product_cat-be-kategorijos","7":"product_tag-naujiena","9":"first","10":"onbackorder","11":"taxable","12":"shipping-taxable","13":"product-type-variable"},"_links":{"self":[{"href":"https:\/\/orotech.lt\/en\/wp-json\/wp\/v2\/product\/29749","targetHints":{"allow":["GET"]}}],"collection":[{"href":"https:\/\/orotech.lt\/en\/wp-json\/wp\/v2\/product"}],"about":[{"href":"https:\/\/orotech.lt\/en\/wp-json\/wp\/v2\/types\/product"}],"replies":[{"embeddable":true,"href":"https:\/\/orotech.lt\/en\/wp-json\/wp\/v2\/comments?post=29749"}],"version-history":[{"count":1,"href":"https:\/\/orotech.lt\/en\/wp-json\/wp\/v2\/product\/29749\/revisions"}],"predecessor-version":[{"id":29750,"href":"https:\/\/orotech.lt\/en\/wp-json\/wp\/v2\/product\/29749\/revisions\/29750"}],"wp:featuredmedia":[{"embeddable":true,"href":"https:\/\/orotech.lt\/en\/wp-json\/wp\/v2\/media\/29751"}],"wp:attachment":[{"href":"https:\/\/orotech.lt\/en\/wp-json\/wp\/v2\/media?parent=29749"}],"wp:term":[{"taxonomy":"product_brand","embeddable":true,"href":"https:\/\/orotech.lt\/en\/wp-json\/wp\/v2\/product_brand?post=29749"},{"taxonomy":"product_cat","embeddable":true,"href":"https:\/\/orotech.lt\/en\/wp-json\/wp\/v2\/product_cat?post=29749"},{"taxonomy":"product_tag","embeddable":true,"href":"https:\/\/orotech.lt\/en\/wp-json\/wp\/v2\/product_tag?post=29749"}],"curies":[{"name":"wp","href":"https:\/\/api.w.org\/{rel}","templated":true}]}}