{"id":29757,"date":"2025-09-09T10:25:02","date_gmt":"2025-09-09T10:25:02","guid":{"rendered":"https:\/\/orotech.lt\/sieninis-mini-rekuperatorius-aerauliqa-quantum-next-100-2\/"},"modified":"2025-09-10T07:00:13","modified_gmt":"2025-09-10T07:00:13","slug":"sieninis-mini-rekuperatorius-aerauliqa-quantum-next-100-2","status":"publish","type":"product","link":"https:\/\/orotech.lt\/en\/sieninis-mini-rekuperatorius-aerauliqa-quantum-next-100-2\/","title":{"rendered":"Wall-mounted mini recuperator Aerauliqa Quantum NEXT 100"},"content":{"rendered":"<p style=\"text-align: center;\"><span><strong><img decoding=\"async\" alt=\"\" src=\"\/images\/Userfiles\/www.rubisolis.lt_mini_rekuperatoriai_aerauliqa_quantum_NEXT_100.png\" style=\"width: 291px; height: 60px;\" title=\"\">&nbsp; &nbsp; &nbsp;<img decoding=\"async\" alt=\"\" src=\"\/images\/Userfiles\/www.rubisolis.lt_mini_rekuperatoriai_1.jpg\" style=\"width: 207px; height: 60px;\" title=\"\">&nbsp; &nbsp;&nbsp;<img decoding=\"async\" alt=\"\" src=\"\/images\/Userfiles\/www.rubisolis.lt_rekuperatorius._made_in_italy.jpg\" style=\"height: 60px; width: 43px;\" title=\"\"><\/strong><\/span><\/p>\n<p><span style=\"text-align: justify;\">The Aerauliqa Quantum NEXT 100 mini recuperator is perfect for ventilation of living rooms or bedrooms. The extremely energy-efficient device can be 110mm in diameter. To achieve the best effect, 2 units are often used, combining their operation so that they operate simultaneously in parallel, in opposite directions or with synchronized flows.&nbsp;<\/span><\/p>\n<p style=\"text-align: center;\"><iframe allow=\"accelerometer; autoplay; clipboard-write; encrypted-media; gyroscope; picture-in-picture\" allowfullscreen=\"\" frameborder=\"0\" height=\"315\" src=\"https:\/\/www.youtube.com\/embed\/dc7pp7A4tqU\" title=\"YouTube video player\" width=\"560\"><\/iframe><\/p>\n<p><strong>Technical characteristics:<\/strong><\/p>\n<ul>\n<li>\n\t\tEfficiency: 74%;<\/li>\n<li>\n\t\tEnergy class: A;<\/li>\n<li>\n\t\tMax. air flow (m\u00b3\/h): 25\/21\/17\/14\/10;<\/li>\n<li>\n\t\tPower (W): 3.5\/3\/2.5\/2\/2;<\/li>\n<li>\n\t\tMaximum noise level (dBA): 27\/23\/18\/14\/9;<\/li>\n<li>\n\t\tAmbient temperature max.: -20\u00b0C \/+50\u00b0C;<\/li>\n<li>\n\t\tHole diameter (mm): 110;<\/li>\n<li>\n\t\tProtection class IP: X4;<\/li>\n<li>\n\t\tWeight (kg): 4.3.<\/li>\n<\/ul>\n<p><strong>Specifications:<\/strong><\/p>\n<ul>\n<li>\n\t\tThe housing and wall part are made of the highest quality ABS plastic, which is durable, strong and impact-resistant. The housing of the device is coated with white RAL 9010 paint and is UV-resistant;<\/li>\n<li>\n\t\tRemote control with a special holder for wall mounting. Multifunctional, with an LCD screen that allows you to monitor the device status and can control up to 10 devices;<\/li>\n<li>\n\t\tUniquely designed helical rotor&nbsp;<span>features improved aerodynamic properties, low sound levels and increased efficiency;<\/span><\/li>\n<li>\n\t\tFor efficient use of electricity, the recuperator is equipped with electric (EC) rotor motors, which use the highest quality, long-lasting ball bearings with thermal protection. Designed and suitable for continuous operation;<\/li>\n<li>\n\t\tRegenerative ceramic heat exchanger ensuring high thermal efficiency with washable dust filter;<\/li>\n<li>\n\t\tThe telescopic tube is adjustable according to the wall thickness;<\/li>\n<li>\n\t\tExternal grille with insect screen;<\/li>\n<li>\n\t\tWeatherproof outer casing, painted white RAL 9010, with sound insulation and insect protection (optional).<\/li>\n<\/ul>\n<p><strong>Features and benefits:<\/strong><\/p>\n<ul>\n<li>\n\t\tThe aesthetic flat front cover fits into modern interior design and is easily removable for cleaning;<\/li>\n<li>\n\t\tBackup button on the side of the fan;<\/li>\n<li>\n\t\tAutomatic inversion time control (comfort mode) to optimize acoustic and thermal comfort;<\/li>\n<li>\n\t\tIntegrated multi-color LED lights that inform about the device status;<\/li>\n<li>\n\t\tIntelligent humidity control;<\/li>\n<li>\n\t\tSimplified device synchronization (up to 10 units);<\/li>\n<li>\n\t\tEasy and safe maintenance thanks to the magnet system that allows the ventilation unit to be removed from its base;<\/li>\n<li>\n\t\tAutomatic frost protection;<\/li>\n<li>\n\t\tNo need for water drainage;<\/li>\n<li>\n\t\tSimplified electrical installation;<\/li>\n<li>\n\t\tFully recyclable plastic components are environmentally friendly;<\/li>\n<li>\n\t\tDouble insulated \u2013 no grounding required;<\/li>\n<li>\n\t\tRemote control.<\/li>\n<\/ul>\n<p><strong>With the help of the remote control you can adjust:<\/strong><\/p>\n<ul>\n<li>\n\t\tair flow direction (variable, air extraction, air supply);<\/li>\n<li>\n\t\tturn on ventilation (free) mode;<\/li>\n<li>\n\t\t&quot;OFF&quot; position;<\/li>\n<li>\n\t\toperating speed (5 possible speeds);<\/li>\n<li>\n\t\tcomfort or efficiency mode;<\/li>\n<li>\n\t\tfilter replacement indicator.<\/li>\n<\/ul>\n<p><a class=\"catalogue\" href=\"\/en\/images\/Userfiles\/www.rubisolis.lt_mini_rekuperatorius_aerauliqa_Quantum_NEXT_150_katalogas.pdf\/\" target=\"blank\">Download product catalog<\/a><br \/>\n\t<a class=\"catalogue\" href=\"\/en\/images\/Userfiles\/www.rubisolis.lt_mini_rekuperatorius_aerauliqa_Quantum_NEXT_100.pdf\/\" target=\"blank\">Download product manual <\/a><\/p>","protected":false},"excerpt":{"rendered":"<p>&nbsp; &nbsp; &nbsp;&nbsp; &nbsp;&nbsp; Mini rekuperatorius Aerauliqa Quantum NEXT 100 puikiai tinka svetain\u0117s ar miegamojo kambari\u0173 v\u0117dinimui. Ypatingai ma\u017eai energijos<\/p>","protected":false},"featured_media":29759,"comment_status":"closed","ping_status":"open","template":"","meta":[],"product_brand":[],"product_cat":[23],"product_tag":[535],"class_list":{"0":"post-29757","1":"product","2":"type-product","3":"status-publish","4":"has-post-thumbnail","6":"product_cat-be-kategorijos","7":"product_tag-naujiena","9":"first","10":"onbackorder","11":"taxable","12":"shipping-taxable","13":"product-type-variable"},"_links":{"self":[{"href":"https:\/\/orotech.lt\/en\/wp-json\/wp\/v2\/product\/29757","targetHints":{"allow":["GET"]}}],"collection":[{"href":"https:\/\/orotech.lt\/en\/wp-json\/wp\/v2\/product"}],"about":[{"href":"https:\/\/orotech.lt\/en\/wp-json\/wp\/v2\/types\/product"}],"replies":[{"embeddable":true,"href":"https:\/\/orotech.lt\/en\/wp-json\/wp\/v2\/comments?post=29757"}],"version-history":[{"count":1,"href":"https:\/\/orotech.lt\/en\/wp-json\/wp\/v2\/product\/29757\/revisions"}],"predecessor-version":[{"id":29758,"href":"https:\/\/orotech.lt\/en\/wp-json\/wp\/v2\/product\/29757\/revisions\/29758"}],"wp:featuredmedia":[{"embeddable":true,"href":"https:\/\/orotech.lt\/en\/wp-json\/wp\/v2\/media\/29759"}],"wp:attachment":[{"href":"https:\/\/orotech.lt\/en\/wp-json\/wp\/v2\/media?parent=29757"}],"wp:term":[{"taxonomy":"product_brand","embeddable":true,"href":"https:\/\/orotech.lt\/en\/wp-json\/wp\/v2\/product_brand?post=29757"},{"taxonomy":"product_cat","embeddable":true,"href":"https:\/\/orotech.lt\/en\/wp-json\/wp\/v2\/product_cat?post=29757"},{"taxonomy":"product_tag","embeddable":true,"href":"https:\/\/orotech.lt\/en\/wp-json\/wp\/v2\/product_tag?post=29757"}],"curies":[{"name":"wp","href":"https:\/\/api.w.org\/{rel}","templated":true}]}}