{"id":29795,"date":"2025-09-09T10:30:02","date_gmt":"2025-09-09T10:30:02","guid":{"rendered":"https:\/\/orotech.lt\/sieninis-mini-rekuperatorius-mitsubishi-vl-100eu5-e-su-valdikliu-2\/"},"modified":"2025-09-10T07:00:18","modified_gmt":"2025-09-10T07:00:18","slug":"sieninis-mini-rekuperatorius-mitsubishi-vl-100eu5-e-su-valdikliu-2","status":"publish","type":"product","link":"https:\/\/orotech.lt\/en\/sieninis-mini-rekuperatorius-mitsubishi-vl-100eu5-e-su-valdikliu-2\/","title":{"rendered":"Wall-mounted mini recuperator Mitsubishi VL-100EU5-E with controller"},"content":{"rendered":"<p style=\"text-align: justify;\">Highly efficient wall-mounted mini recuperation system VL-100EU5-E with controller, designed for indoor ventilation. No ducts required! The wall-mounted mini recuperation system VL-100EU5-E is designed for use in private homes, apartments, offices, conference rooms or anywhere else where ventilation is lacking and there is no possibility to install a ducted recuperation system. One device is usually sufficient for 60-105 m<sup>3<\/sup> for optimal room ventilation.&nbsp;<\/p>\n<p style=\"text-align: justify;\"><img decoding=\"async\" alt=\"\" src=\"\/failai\/files\/FOTO\/Vaizdin\u0117 med\u017eiaga apra\u0161ymams\/Mitsubishi\/veikimo principas.jpg\" style=\"height: 345px; width: 1000px;\" title=\"\"><\/p>\n<p style=\"text-align: justify;\">The biggest advantage of the VL-100EU5-E recuperator is well-ventilated rooms. This leads to better health, better quality rest and more productive work. In addition, when ventilating rooms with this recuperator, there is no longer a need to ventilate them by opening doors or windows, so heat loss is minimal.<\/p>\n<p style=\"text-align: justify;\"><strong>Mini recuperator VL-100EU5-E main advantages: <\/strong><\/p>\n<ul>\n<li>\n\t\tStylish modern design;<\/li>\n<li>\n\t\tTwo-position air discharge (horizontal or vertical);<\/li>\n<li>\n\t\tEasy cleaning, as the body is smooth and there are no grills;<\/li>\n<li>\n\t\tThe extension tubes included in the kit are 50 cm long;<\/li>\n<li>\n\t\t2 filter system for supply and exhaust air \u2013 cleaner indoor air, less frequent heat exchanger cleaning;<\/li>\n<li>\n\t\tQuiet operation \u2013 25\/37 dB;<\/li>\n<li>\n\t\tSwitch control;<\/li>\n<li>\n\t\tVery low power consumption: in low mode \u2013 only 15 W, in high mode \u2013 31W;<\/li>\n<li>\n\t\tHigh temperature exchange efficiency \u2013 73\/80 %;<\/li>\n<li>\n\t\t3 m power cord;<\/li>\n<li>\n\t\tThe front panel of the unit can be easily opened for convenient cleaning of filters and heat exchanger.&nbsp;<\/li>\n<\/ul>\n<p style=\"text-align: center;\"><img decoding=\"async\" alt=\"\" src=\"\/images\/Userfiles\/www.rubisolis.lt_mini_rekuperatorius_4.jpg\" style=\"text-align: center; width: 474px; height: 500px;\" title=\"\"><\/p>\n<ul>\n<\/ul>\n<p><strong>Technical information:<\/strong><\/p>\n<ul>\n<li>\n\t\tAirflow levels: 60\/105 m<sup>3<\/sup>\/hour;<\/li>\n<li>\n\t\tPower consumption levels: 15\/31 W;<\/li>\n<li>\n\t\tNoise levels: 25\/37 dB(A);<\/li>\n<li>\n\t\tEfficiencies: 80\/73 %;<\/li>\n<li>\n\t\tPower supply: 230V \/ 50Hz;<\/li>\n<li>\n\t\tDimensions: 265x620x200 mm;<\/li>\n<li>\n\t\tWeight: 7.5 kg;<\/li>\n<li>\n\t\tWarranty: 2 years.<\/li>\n<li>\n\t\tControl with a two-speed key switch (included).<\/li>\n<\/ul>\n<p>For its quiet operation, aesthetic design and functionality, the new VL-100EU5-E was awarded the prestigious &quot;IF design award 2014&quot; in 2014.<\/p>\n<p><a class=\"catalogue\" href=\"https:\/\/www.rubisolis.lt\/\/failai\/files\/produktu%20pdf\/Mitsubishi\/Mini%20rekuperatori%C5%B3%20Mitsubishi%20VL-100U5-E%20naudojimo%20instrukcija.pdf\" target=\"blank\" rel=\"nofollow noopener\">Download product catalog<\/a><br \/>\n\t<a class=\"catalogue\" href=\"https:\/\/www.rubisolis.lt\/\/failai\/files\/produktu%20pdf\/Mitsubishi\/Mini%20rekuperatori%C5%B3%20Mitsubishi%20VL-100%20montavimo%20instrukcija.pdf\" target=\"blank\" rel=\"nofollow noopener\">Download product manual<\/a><\/p>","protected":false},"excerpt":{"rendered":"<p>Highly efficient wall-mounted mini recuperation system VL-100EU5-E with controller, designed for room ventilation. No ducts required! Wall-mounted mini recuperation system VL-100EU5-E is designed for use<\/p>","protected":false},"featured_media":29797,"comment_status":"closed","ping_status":"open","template":"","meta":[],"product_brand":[],"product_cat":[23],"product_tag":[535],"class_list":{"0":"post-29795","1":"product","2":"type-product","3":"status-publish","4":"has-post-thumbnail","6":"product_cat-be-kategorijos","7":"product_tag-naujiena","9":"first","10":"onbackorder","11":"taxable","12":"shipping-taxable","13":"product-type-variable"},"_links":{"self":[{"href":"https:\/\/orotech.lt\/en\/wp-json\/wp\/v2\/product\/29795","targetHints":{"allow":["GET"]}}],"collection":[{"href":"https:\/\/orotech.lt\/en\/wp-json\/wp\/v2\/product"}],"about":[{"href":"https:\/\/orotech.lt\/en\/wp-json\/wp\/v2\/types\/product"}],"replies":[{"embeddable":true,"href":"https:\/\/orotech.lt\/en\/wp-json\/wp\/v2\/comments?post=29795"}],"version-history":[{"count":1,"href":"https:\/\/orotech.lt\/en\/wp-json\/wp\/v2\/product\/29795\/revisions"}],"predecessor-version":[{"id":29796,"href":"https:\/\/orotech.lt\/en\/wp-json\/wp\/v2\/product\/29795\/revisions\/29796"}],"wp:featuredmedia":[{"embeddable":true,"href":"https:\/\/orotech.lt\/en\/wp-json\/wp\/v2\/media\/29797"}],"wp:attachment":[{"href":"https:\/\/orotech.lt\/en\/wp-json\/wp\/v2\/media?parent=29795"}],"wp:term":[{"taxonomy":"product_brand","embeddable":true,"href":"https:\/\/orotech.lt\/en\/wp-json\/wp\/v2\/product_brand?post=29795"},{"taxonomy":"product_cat","embeddable":true,"href":"https:\/\/orotech.lt\/en\/wp-json\/wp\/v2\/product_cat?post=29795"},{"taxonomy":"product_tag","embeddable":true,"href":"https:\/\/orotech.lt\/en\/wp-json\/wp\/v2\/product_tag?post=29795"}],"curies":[{"name":"wp","href":"https:\/\/api.w.org\/{rel}","templated":true}]}}