{"id":29805,"date":"2025-09-09T10:30:02","date_gmt":"2025-09-09T10:30:02","guid":{"rendered":"https:\/\/orotech.lt\/elektrinis-tepalinis-radiatorius-trotec-trh-21-e-2\/"},"modified":"2025-09-10T07:00:19","modified_gmt":"2025-09-10T07:00:19","slug":"electric-oil-radiator-trotec-trh-21-e-2","status":"publish","type":"product","link":"https:\/\/orotech.lt\/en\/electric-oil-radiator-trotec-trh-21-e-2\/","title":{"rendered":"Electric oil radiator Trotec TRH 21 E"},"content":{"rendered":"<p>&lt;p style=&quot;text-align: justify;&quot;&gt;&lt;em&gt;Did\u017eiausias &amp;scaron;ildymo paj\u0117gumas u\u017e minimalias i&amp;scaron;laidas. Greito veikimo, energij\u0105 taupantis ir patvarus.&lt;\/em&gt;&lt;\/p&gt;<br \/>\n&lt;p style=&quot;text-align: justify;&quot;&gt;Trotec TRH 21 E yra puikus ekonomi&amp;scaron;kas &amp;scaron;ildymo sprendimas laikinam ir nuolatiniam ma\u017e\u0173 ir vidutini\u0173 patalp\u0173 &amp;scaron;ildymui. Tylaus veikimo, elektrinis tepalinis radiatorius tinkamas naudoti ne tik gyvenamosiose patalpose, bet ir sodo nameliuose, dirbtuv\u0117se, biuruose, ne&amp;scaron;ildomuose gara\u017euose ar r\u016bsiuose. Patalpa pradedama &amp;scaron;ildyti vos po 8 minu\u010di\u0173 nuo prietaiso \u012fjungimo, o i&amp;scaron;jungus &amp;scaron;iluma skleid\u017eiama dar kur\u012f laik\u0105. TRH 21 E neturi ventiliatoriaus, tod\u0117l nesukelia aplinkoje esan\u010di\u0173 dulki\u0173 ir yra tinkamas naudoti alergij\u0105 turintiems \u017emon\u0117ms. &amp;Scaron;is radiatorius saugus naudoti d\u0117l integruotos apsaugos nuo perkaitimo, bei pasvirimo, kuri neleid\u017eia prietaisui veikti kritimo atveju.&lt;\/p&gt;<br \/>\n&lt;p&gt;&lt;strong&gt;Advantages of TRH 21 E:&lt;\/strong&gt;&lt;\/p&gt;<br \/>\n&lt;ul&gt;<br \/>\n&lt;li&gt;3 &amp;scaron;ildymo nustatymai;&lt;\/li&gt;<br \/>\n&lt;li&gt;Efektyvus 11 segment\u0173 radiatorius;&lt;\/li&gt;<br \/>\n&lt;li&gt;\u012ekaista per 8 minutes;&lt;\/li&gt;<br \/>\n&lt;li&gt;&amp;Scaron;ilumos kaupimas tepalo kaitinimu;&lt;\/li&gt;<br \/>\n&lt;li&gt;Apsauga nuo perkaitinimo, u\u017e&amp;scaron;alimo ir nuvirtimo;&lt;\/li&gt;<br \/>\n&lt;li&gt;Tylus veikimas;&lt;\/li&gt;<br \/>\n&lt;li&gt;Indikacin\u0117 lemput\u0117;&lt;\/li&gt;<br \/>\n&lt;li&gt;Patogus laido susukimas;&lt;\/li&gt;<br \/>\n&lt;li&gt;Integruotas valdomas termostatas, ratukai ir ne&amp;scaron;iojama rankena.&lt;\/li&gt;<br \/>\n&lt;\/ul&gt;<br \/>\n&lt;p&gt;&lt;strong&gt;Technical information:&lt;\/strong&gt;&lt;\/p&gt;<br \/>\n&lt;ul&gt;<br \/>\n&lt;li&gt;Tinkamas patalpomis iki 30 m&amp;sup2; dyd\u017eio;&lt;\/li&gt;<br \/>\n&lt;li&gt;&amp;Scaron;ildymo galia (lygiai 1\/2\/3): 1000 W \/ 1,500 W \/ 2,500 W;&lt;\/li&gt;<br \/>\n&lt;li&gt;Maitinimas: 220 &#8211; 240 V, 50 &#8211; 60 Hz;&lt;\/li&gt;<br \/>\n&lt;li&gt;Jungtis: CEE 7\/7;&lt;\/li&gt;<br \/>\n&lt;li&gt;Kabelio ilgis: 1.4 m;&lt;\/li&gt;<br \/>\n&lt;li&gt;Energijos sunaudojimas max. (W): 2,500;&lt;\/li&gt;<br \/>\n&lt;li&gt;Nominali galia (A): 10,9;&lt;\/li&gt;<br \/>\n&lt;li&gt;Apsaugos klas\u0117: IP20;&lt;\/li&gt;<br \/>\n&lt;li&gt;I&amp;scaron;matavimai mm (I x P x A): 120 x 480 x 500 mm;&lt;\/li&gt;<br \/>\n&lt;li&gt;Svoris: 8 kg.&lt;\/li&gt;<br \/>\n&lt;\/ul&gt;<br \/>\n&lt;p&gt;&lt;br \/&gt;&lt;a class=&quot;catalogue&quot; href=&quot;https:\/\/www.rubisolis.lt\/\/failai\/files\/produktu%20pdf\/Trotec\/%C5%A0ildytuvai\/TRT-BA-TRH20E-TRH21E-TRH22E-TRH23E-TC-005-LT.pdf&quot; target=&quot;blank&quot;&gt;Download product manual&lt;\/a&gt;&lt;\/p&gt;<\/p>","protected":false},"excerpt":{"rendered":"<p>&lt;p style=&quot;text-align: justify;&quot;&gt;&lt;em&gt;Did\u017eiausias &amp;scaron;ildymo paj\u0117gumas u\u017e minimalias i&amp;scaron;laidas. Greito veikimo, energij\u0105 taupantis ir patvarus.&lt;\/em&gt;&lt;\/p&gt; &lt;p style=&quot;text-align: justify;&quot;&gt;Trotec TRH 21 E<\/p>","protected":false},"featured_media":29807,"comment_status":"closed","ping_status":"open","template":"","meta":[],"product_brand":[],"product_cat":[23],"product_tag":[535],"class_list":{"0":"post-29805","1":"product","2":"type-product","3":"status-publish","4":"has-post-thumbnail","6":"product_cat-be-kategorijos","7":"product_tag-naujiena","9":"first","10":"onbackorder","11":"taxable","12":"shipping-taxable","13":"product-type-variable"},"_links":{"self":[{"href":"https:\/\/orotech.lt\/en\/wp-json\/wp\/v2\/product\/29805","targetHints":{"allow":["GET"]}}],"collection":[{"href":"https:\/\/orotech.lt\/en\/wp-json\/wp\/v2\/product"}],"about":[{"href":"https:\/\/orotech.lt\/en\/wp-json\/wp\/v2\/types\/product"}],"replies":[{"embeddable":true,"href":"https:\/\/orotech.lt\/en\/wp-json\/wp\/v2\/comments?post=29805"}],"version-history":[{"count":1,"href":"https:\/\/orotech.lt\/en\/wp-json\/wp\/v2\/product\/29805\/revisions"}],"predecessor-version":[{"id":29806,"href":"https:\/\/orotech.lt\/en\/wp-json\/wp\/v2\/product\/29805\/revisions\/29806"}],"wp:featuredmedia":[{"embeddable":true,"href":"https:\/\/orotech.lt\/en\/wp-json\/wp\/v2\/media\/29807"}],"wp:attachment":[{"href":"https:\/\/orotech.lt\/en\/wp-json\/wp\/v2\/media?parent=29805"}],"wp:term":[{"taxonomy":"product_brand","embeddable":true,"href":"https:\/\/orotech.lt\/en\/wp-json\/wp\/v2\/product_brand?post=29805"},{"taxonomy":"product_cat","embeddable":true,"href":"https:\/\/orotech.lt\/en\/wp-json\/wp\/v2\/product_cat?post=29805"},{"taxonomy":"product_tag","embeddable":true,"href":"https:\/\/orotech.lt\/en\/wp-json\/wp\/v2\/product_tag?post=29805"}],"curies":[{"name":"wp","href":"https:\/\/api.w.org\/{rel}","templated":true}]}}