{"id":29820,"date":"2025-09-09T10:30:02","date_gmt":"2025-09-09T10:30:02","guid":{"rendered":"https:\/\/orotech.lt\/grindinio-sildymo-tinklelis-warmset-gold\/"},"modified":"2025-09-10T07:00:23","modified_gmt":"2025-09-10T07:00:23","slug":"grindinio-sildymo-tinklelis-warmset-gold","status":"publish","type":"product","link":"https:\/\/orotech.lt\/en\/grindinio-sildymo-tinklelis-warmset-gold\/","title":{"rendered":"Grindinio \u0161ildymo tinklelis Warmset GOLD"},"content":{"rendered":"<p>&lt;p style=&quot;text-align: justify;&quot;&gt;Warmset elektrinis grind\u0173 &amp;scaron;ildymas &amp;ndash; tai moderni technologija, u\u017etikrinanti tolyg\u0173 ir efektyv\u0173 &amp;scaron;ilumos paskirstym\u0105, pranokstant\u012f tradicines &amp;scaron;ildymo sistemas su apvaliu kaitinimo laidu. D\u0117l unikalios plok&amp;scaron;\u010dios geometrijos ir arti i&amp;scaron;d\u0117styt\u0173 kaitinimo element\u0173, Warmset garantuoja vienod\u0105 ir patog\u0173 grind\u0173 &amp;scaron;ildym\u0105.&amp;nbsp;&lt;\/p&gt;<br \/>\n&lt;p style=&quot;text-align: justify;&quot;&gt;&lt;strong style=&quot;text-align: justify;&quot;&gt;Warmset GOLD grindinio &amp;scaron;ildymo tinklelis &lt;\/strong&gt;&lt;span style=&quot;text-align: justify;&quot;&gt;pasi\u017eymi nauja infraraudon\u0173j\u0173 spinduli\u0173 technologija, ypa\u010d auk&amp;scaron;tomis &amp;scaron;ildymo savyb\u0117mis bei yra itin atspari cheminiams veiksniams. Priklausomai nuo patalpos dyd\u017eio, galima &amp;scaron;ildyti vienu ar keliais tinklelio WARMSET Gold ritiniais. D\u0117ka &amp;scaron;i\u0173 puiki\u0173 savybi\u0173, Warmset gali pasi\u016blyti i&amp;scaron;skirtin\u0119 garantij\u0105 &ndash; visam naudojimo laikotarpiui.&lt;\/span&gt;&lt;\/p&gt;<br \/>\n&lt;p style=&quot;text-align: justify;&quot;&gt;D\u0117l stiklo pluo&amp;scaron;to tinklelio, kuriame tolygiai i&amp;scaron;d\u0117stytos daugiasluoksn\u0117s laminuotos &amp;scaron;ildan\u010dios plok&amp;scaron;tel\u0117s, sistem\u0105 tinkama montuoti \u012f cemento arba i&amp;scaron;lyginam\u0105j\u012f sluoksn\u012f. Kadangi plok&amp;scaron;tel\u0117s yra tik 3 mm storio, sistema gali b\u016bti montuojama tiesiogiai \u012f klij\u0173 sluoksn\u012f, klojant keramikos, nat\u016bralaus akmens ir medienos grindis.&amp;nbsp;&lt;\/p&gt;<br \/>\n&lt;p style=&quot;text-align: center;&quot;&gt;&lt;img style=&quot;text-align: center; height: 232px; width: 500px;&quot; src=&quot;\/failai\/files\/FOTO\/\u012erengimas gold.JPG&quot; alt=&quot;&quot; \/&gt;&lt;\/p&gt;<br \/>\n&lt;p style=&quot;text-align: justify;&quot;&gt;&lt;strong&gt;Warmset grind\u0173 &amp;scaron;ildymo sistem\u0105&lt;\/strong&gt;&amp;nbsp;sudaro 17 mm plo\u010dio juostel\u0117, i&amp;scaron;d\u0117styta ant stiklo pluo&amp;scaron;to tinklelio, kurio standartinis plotis &ndash; 500 mm. Juostel\u0117s viduje esantys laidai yra daugiausia pagaminti i&amp;scaron; aliuminio ir kit\u0173 metal\u0173 lydini\u0173, padengt\u0173 aukso spalvos poliamido pl\u0117vele. Tinklelio vidutinis storis yra 3-4 mm su maksimalia 6 mm priekin\u0117s ir galin\u0117s dalies jungtimi. Tarpas tarp &amp;scaron;ildan\u010di\u0173 juosteli\u0173 svyruoja nuo 25 iki 70 mm (priklausomai nuo W\/m2 galios). Standartinis elektros kabelio ilgis yra 2 m. D\u0117l savo dvilaid\u0117s strukt\u016bros&amp;nbsp;&lt;strong&gt;Warmset GOLD tinklelis&amp;nbsp;&lt;\/strong&gt;does not emit electromagnetic radiation.&lt;\/p&gt;<br \/>\n&lt;p style=&quot;text-align: justify;&quot;&gt;&lt;strong&gt;Ekologi&amp;scaron;kas ir universalus sprendimas&lt;\/strong&gt;&lt;\/p&gt;<br \/>\n&lt;p style=&quot;text-align: justify;&quot;&gt;Warmset grind\u0173 &amp;scaron;ildymo sistema yra ne tik efektyvi, bet ir draugi&amp;scaron;ka aplinkai. Ji padeda sutaupyti energij\u0105 ir suteikia auk&amp;scaron;\u010diausio lygio komfort\u0105 j\u016bs\u0173 erdv\u0117se. &amp;Scaron;i technologija gali b\u016bti pritaikyta tiek priva\u010diuose, tiek vie&amp;scaron;uose pastatuose, tiek lauke, tiek viduje. Nesvarbu, ar tai b\u016bt\u0173 gamykla, ar individualus namas, Warmset sprendimas tinka visiems poreikiams. Taip pat. &amp;scaron;i\u0173 grindinio &amp;scaron;ildymo kilim\u0117li\u0173 pakuot\u0117s gaminamos i&amp;scaron; ne ma\u017eiau nei 40 % perdirbam\u0173 med\u017eiag\u0173 ir yra draugi&amp;scaron;kos aplinkai!\u200b\u200b&amp;nbsp;&lt;\/p&gt;<br \/>\n&lt;p style=&quot;text-align: justify;&quot;&gt;&lt;em&gt;&lt;strong&gt;Svarbu! 25 met\u0173 garantija taikoma u\u017epild\u017eius technin\u012f pas\u0105, kur\u012f rasite atsisiuntus garantin\u012f \u017eurnal\u0105.&amp;nbsp; &amp;nbsp;&lt;\/strong&gt;&lt;\/em&gt;&lt;\/p&gt;<br \/>\n&lt;p style=&quot;text-align: justify;&quot;&gt;&lt;strong&gt;Advantages:&lt;\/strong&gt;&lt;\/p&gt;<br \/>\n&lt;ul&gt;<br \/>\n&lt;li style=&quot;text-align: justify;&quot;&gt;Greitas ir patogus montavimas;&lt;\/li&gt;<br \/>\n&lt;li style=&quot;text-align: justify;&quot;&gt;Labai plonas (tik 3 mm);&lt;\/li&gt;<br \/>\n&lt;li style=&quot;text-align: justify;&quot;&gt;Tinkamamas montuoti \u012f cemento arba i&amp;scaron;lyginam\u0105j\u012f sluoksn\u012f;&lt;\/li&gt;<br \/>\n&lt;li style=&quot;text-align: justify;&quot;&gt;Tinkamas montuoti&amp;nbsp;\u012f klij\u0173 sluoksn\u012f, klojant keramikos, nat\u016bralaus akmens ir&amp;nbsp;medienos grindis.&lt;\/li&gt;<br \/>\n&lt;\/ul&gt;<br \/>\n&lt;p style=&quot;text-align: justify;&quot;&gt;&lt;strong&gt;Technical characteristics:&lt;\/strong&gt;&lt;\/p&gt;<br \/>\n&lt;ul&gt;<br \/>\n&lt;li style=&quot;text-align: justify;&quot;&gt;Apsaugos klas\u0117: IPX7;&lt;\/li&gt;<br \/>\n&lt;li style=&quot;text-align: justify;&quot;&gt;Galia: 100 W arba 150 W;&lt;\/li&gt;<br \/>\n&lt;li style=&quot;text-align: justify;&quot;&gt;Med\u017eiaga: aukso spalvos poliamido pl\u0117vel\u0117.&lt;\/li&gt;<br \/>\n&lt;\/ul&gt;<br \/>\n&lt;p style=&quot;text-align: center;&quot;&gt;&lt;iframe src=&quot;https:\/\/www.youtube.com\/embed\/uikqk5g6qF0&quot; frameborder=&quot;0&quot; width=&quot;560&quot; height=&quot;315&quot;&gt;&lt;\/iframe&gt;&lt;\/p&gt;<br \/>\n&lt;p style=&quot;text-align: center;&quot;&gt;&lt;iframe src=&quot;https:\/\/www.youtube.com\/embed\/dg2LHS0pLho&quot; frameborder=&quot;0&quot; width=&quot;560&quot; height=&quot;315&quot;&gt;&lt;\/iframe&gt;&lt;\/p&gt;<br \/>\n&lt;p style=&quot;text-align: justify;&quot;&gt;&lt;a class=&quot;catalogue&quot; href=&quot;\/en\/images\/Userfiles\/Warmset_etikeci_zurnalas_2022.pdf\/&quot; target=&quot;blank&quot;&gt;Atsisi\u0173sti garantin\u012f \u017eurnal\u0105&lt;\/a&gt;&lt;br \/&gt;&lt;a class=&quot;catalogue&quot; href=&quot;\/en\/images\/Userfiles\/Warmset_montavimo_vadovas_20222.pdf\/&quot; target=&quot;blank&quot;&gt;Download product manual &lt;\/a&gt;&lt;\/p&gt;<\/p>","protected":false},"excerpt":{"rendered":"<p>&lt;p style=&quot;text-align: justify;&quot;&gt;Warmset elektrinis grind\u0173 &amp;scaron;ildymas &amp;ndash; tai moderni technologija, u\u017etikrinanti tolyg\u0173 ir efektyv\u0173 &amp;scaron;ilumos paskirstym\u0105, pranokstant\u012f tradicines &amp;scaron;ildymo sistemas<\/p>","protected":false},"featured_media":29822,"comment_status":"closed","ping_status":"open","template":"","meta":[],"product_brand":[],"product_cat":[23],"product_tag":[535],"class_list":{"0":"post-29820","1":"product","2":"type-product","3":"status-publish","4":"has-post-thumbnail","6":"product_cat-be-kategorijos","7":"product_tag-naujiena","9":"first","10":"onbackorder","11":"taxable","12":"shipping-taxable","13":"product-type-variable"},"_links":{"self":[{"href":"https:\/\/orotech.lt\/en\/wp-json\/wp\/v2\/product\/29820","targetHints":{"allow":["GET"]}}],"collection":[{"href":"https:\/\/orotech.lt\/en\/wp-json\/wp\/v2\/product"}],"about":[{"href":"https:\/\/orotech.lt\/en\/wp-json\/wp\/v2\/types\/product"}],"replies":[{"embeddable":true,"href":"https:\/\/orotech.lt\/en\/wp-json\/wp\/v2\/comments?post=29820"}],"version-history":[{"count":1,"href":"https:\/\/orotech.lt\/en\/wp-json\/wp\/v2\/product\/29820\/revisions"}],"predecessor-version":[{"id":29821,"href":"https:\/\/orotech.lt\/en\/wp-json\/wp\/v2\/product\/29820\/revisions\/29821"}],"wp:featuredmedia":[{"embeddable":true,"href":"https:\/\/orotech.lt\/en\/wp-json\/wp\/v2\/media\/29822"}],"wp:attachment":[{"href":"https:\/\/orotech.lt\/en\/wp-json\/wp\/v2\/media?parent=29820"}],"wp:term":[{"taxonomy":"product_brand","embeddable":true,"href":"https:\/\/orotech.lt\/en\/wp-json\/wp\/v2\/product_brand?post=29820"},{"taxonomy":"product_cat","embeddable":true,"href":"https:\/\/orotech.lt\/en\/wp-json\/wp\/v2\/product_cat?post=29820"},{"taxonomy":"product_tag","embeddable":true,"href":"https:\/\/orotech.lt\/en\/wp-json\/wp\/v2\/product_tag?post=29820"}],"curies":[{"name":"wp","href":"https:\/\/api.w.org\/{rel}","templated":true}]}}