{"id":29839,"date":"2025-09-09T10:30:02","date_gmt":"2025-09-09T10:30:02","guid":{"rendered":"https:\/\/orotech.lt\/elektroninis-programuojamas-termostatas-feelspot-wth22-16-new-black-wifi-tuya\/"},"modified":"2025-09-10T07:00:26","modified_gmt":"2025-09-10T07:00:26","slug":"elektroninis-programuojamas-termostatas-feelspot-wth22-16-new-black-wifi-tuya","status":"publish","type":"product","link":"https:\/\/orotech.lt\/en\/elektroninis-programuojamas-termostatas-feelspot-wth22-16-new-black-wifi-tuya\/","title":{"rendered":"Elektroninis programuojamas termostatas Feelspot WTH22.16 NEW Black, WiFi, Tuya"},"content":{"rendered":"<p>&lt;p style=&quot;text-align: justify;&quot;&gt;Modernus &lt;strong&gt;programuojamas termostatas&lt;\/strong&gt; &amp;ndash; termoreguliatorius Feelspot WTH 22.16 NEW Black kartu su WiFi funkcija leid\u017eia patogiai valdyti elektros, vandens bei dujinio &amp;scaron;ildymo sistem\u0173 veikim\u0105, palaikant optimaliausi\u0105 temperat\u016br\u0105 patalpose. &lt;strong&gt;Programuojamas termostatas&lt;\/strong&gt; Feelspot WTH22.16 NEW Black valdomas nuotoliniu b\u016bdu su program\u0117le &quot;Tuya&quot; arba &amp;bdquo;Smart Life&amp;ldquo;.&amp;nbsp;Mobilioje program\u0117l\u0117je galima susieti kelis termostatus kaip grup\u0119 ir valdyti juos tuo pa\u010diu metu! &lt;strong&gt;Programuojamas termostatas&lt;\/strong&gt; Feelspot WTH 22.16 NEW Black turi 7 veikimo grafikus, kas leid\u017eia sukurti maksimal\u0173 komfort\u0105 ir taip suma\u017einti elektros s\u0105naudas. IP20 apsaugos klas\u0117s elektroninis &lt;strong&gt;programuojamas termostatas&lt;\/strong&gt; (termoreguliatorius) Feelspot WTH 22.16 NEW Black tinkamas naudoti komercin\u0117se, pramonin\u0117se, vie&amp;scaron;ose ir gyvenamosiose patalpose.&amp;nbsp;&lt;\/p&gt;<br \/>\n&lt;p&gt;&lt;strong&gt;Technical characteristics:&lt;\/strong&gt;&lt;\/p&gt;<br \/>\n&lt;ul&gt;<br \/>\n&lt;li&gt;\u012etampa: 90-240 V AC;&lt;\/li&gt;<br \/>\n&lt;li&gt;Spalva: juoda;&lt;\/li&gt;<br \/>\n&lt;li&gt;Nustatytos temperat\u016bros paklaida: 0,5&amp;deg;C;&lt;\/li&gt;<br \/>\n&lt;li&gt;Grind\u0173 jutiklis:&amp;nbsp;NTC (10k) 1%;&lt;\/li&gt;<br \/>\n&lt;li&gt;Maksimali apkrova: 16A (3600W);&lt;\/li&gt;<br \/>\n&lt;li&gt;Ribin\u0117s temperat\u016bros diapazonas: 1 &#8211; 70&amp;deg;C;&lt;\/li&gt;<br \/>\n&lt;li&gt;Temperat\u016bros reguliavimo diapazonas: 5 &#8211; 35&amp;deg;C;&lt;\/li&gt;<br \/>\n&lt;li&gt;Matmenys (mm): 86 x 86 x 10;&lt;\/li&gt;<br \/>\n&lt;li&gt;Programuojamas;&lt;\/li&gt;<br \/>\n&lt;li&gt;Montavimas: \u012fleid\u017eiamas \u012f sien\u0105;&lt;\/li&gt;<br \/>\n&lt;li&gt;Apsaugos klas\u0117: IP20;&lt;\/li&gt;<br \/>\n&lt;\/ul&gt;<br \/>\n&lt;p&gt;&lt;strong&gt;Advantages:&lt;\/strong&gt;&lt;\/p&gt;<br \/>\n&lt;ul&gt;<br \/>\n&lt;li&gt;Modernus dizainas;&lt;\/li&gt;<br \/>\n&lt;li&gt;Vidinis ir i&amp;scaron;orinis jutikliai;&lt;\/li&gt;<br \/>\n&lt;li&gt;Apsaugantis u\u017eraktas nuo vaik\u0173;&lt;\/li&gt;<br \/>\n&lt;li&gt;Atostog\u0173 r\u0117\u017eimas (galima suprogramuoti &amp;scaron;ilumos palaikym\u0105 iki 30d);&lt;\/li&gt;<br \/>\n&lt;li&gt;Nustatyta temperat\u016bra palaikoma 0,5&amp;deg;C tikslumu;&lt;\/li&gt;<br \/>\n&lt;li&gt;Duomen\u0173 i&amp;scaron;saugojimas i&amp;scaron;jungus maitinim\u0105;&lt;\/li&gt;<br \/>\n&lt;li&gt;I&amp;scaron;orinio jutiklio temperat\u016bros duomenys;&lt;\/li&gt;<br \/>\n&lt;li&gt;Galimyb\u0117 termostat\u0105 susieti bei valdyti i&amp;scaron;maniuoju \u012frenginiu, suderinamas su Android ir iOS operacin\u0117mis sistemomis;&lt;\/li&gt;<br \/>\n&lt;li&gt;Galimyb\u0117 susieti kelis termostatus kaip grup\u0119 ir valdyti juos tuo pa\u010diu metu;&lt;\/li&gt;<br \/>\n&lt;li&gt;Galimyb\u0117 prid\u0117ti kitus \u017emones prie savo &amp;scaron;eimos rato ir leisti jiems valdyti j\u016bs\u0173 susietus \u012frenginius.&lt;\/li&gt;<br \/>\n&lt;\/ul&gt;<br \/>\n&lt;p&gt;&lt;strong&gt;Programavimo re\u017eimai:&lt;\/strong&gt;&lt;\/p&gt;<br \/>\n&lt;ul&gt;<br \/>\n&lt;li&gt;Automatinis re\u017eimas;&lt;\/li&gt;<br \/>\n&lt;li&gt;Laikinas rankinis re\u017eimas;&lt;\/li&gt;<br \/>\n&lt;li&gt;24val. re\u017eimas (6 period\u0173 programa);&lt;\/li&gt;<br \/>\n&lt;li&gt;5\/2 dien\u0173 programavimo re\u017eimas (gamyklinis numatytasis) ;&lt;\/li&gt;<br \/>\n&lt;li&gt;6\/1 dien\u0173 programavimo re\u017eimas;&lt;\/li&gt;<br \/>\n&lt;li&gt;7 dien\u0173 programavimo re\u017eimas;&lt;\/li&gt;<br \/>\n&lt;li&gt;Atostog\u0173 re\u017eimas (iki 30d.).&lt;\/li&gt;<br \/>\n&lt;\/ul&gt;<br \/>\n&lt;p&gt;&lt;strong&gt;&lt;em&gt;Taikome 36 m\u0117n. garantij\u0105!&lt;\/em&gt;&lt;\/strong&gt;&lt;\/p&gt;<br \/>\n&lt;p&gt;&lt;a class=&quot;catalogue&quot; href=&quot;http:\/\/rubisolis.lt\/images\/Userfiles\/My_folder\/WTH22.16_NEW_Wifi_instrukcija_LT.pdf&quot; target=&quot;blank&quot;&gt;Download product manual &lt;\/a&gt;&lt;\/p&gt;<\/p>","protected":false},"excerpt":{"rendered":"<p>&lt;p style=&quot;text-align: justify;&quot;&gt;Modernus &lt;strong&gt;programuojamas termostatas&lt;\/strong&gt; &amp;ndash; termoreguliatorius Feelspot WTH 22.16 NEW Black kartu su WiFi funkcija leid\u017eia patogiai valdyti elektros,<\/p>","protected":false},"featured_media":29841,"comment_status":"closed","ping_status":"open","template":"","meta":[],"product_brand":[],"product_cat":[23],"product_tag":[535],"class_list":{"0":"post-29839","1":"product","2":"type-product","3":"status-publish","4":"has-post-thumbnail","6":"product_cat-be-kategorijos","7":"product_tag-naujiena","9":"first","10":"onbackorder","11":"taxable","12":"shipping-taxable","13":"product-type-variable"},"_links":{"self":[{"href":"https:\/\/orotech.lt\/en\/wp-json\/wp\/v2\/product\/29839","targetHints":{"allow":["GET"]}}],"collection":[{"href":"https:\/\/orotech.lt\/en\/wp-json\/wp\/v2\/product"}],"about":[{"href":"https:\/\/orotech.lt\/en\/wp-json\/wp\/v2\/types\/product"}],"replies":[{"embeddable":true,"href":"https:\/\/orotech.lt\/en\/wp-json\/wp\/v2\/comments?post=29839"}],"version-history":[{"count":1,"href":"https:\/\/orotech.lt\/en\/wp-json\/wp\/v2\/product\/29839\/revisions"}],"predecessor-version":[{"id":29840,"href":"https:\/\/orotech.lt\/en\/wp-json\/wp\/v2\/product\/29839\/revisions\/29840"}],"wp:featuredmedia":[{"embeddable":true,"href":"https:\/\/orotech.lt\/en\/wp-json\/wp\/v2\/media\/29841"}],"wp:attachment":[{"href":"https:\/\/orotech.lt\/en\/wp-json\/wp\/v2\/media?parent=29839"}],"wp:term":[{"taxonomy":"product_brand","embeddable":true,"href":"https:\/\/orotech.lt\/en\/wp-json\/wp\/v2\/product_brand?post=29839"},{"taxonomy":"product_cat","embeddable":true,"href":"https:\/\/orotech.lt\/en\/wp-json\/wp\/v2\/product_cat?post=29839"},{"taxonomy":"product_tag","embeddable":true,"href":"https:\/\/orotech.lt\/en\/wp-json\/wp\/v2\/product_tag?post=29839"}],"curies":[{"name":"wp","href":"https:\/\/api.w.org\/{rel}","templated":true}]}}