{"id":29846,"date":"2025-09-09T10:30:02","date_gmt":"2025-09-09T10:30:02","guid":{"rendered":"https:\/\/orotech.lt\/bokstinis-ventiliatorius-cleanair-ca-407w-smart-2\/"},"modified":"2025-09-10T07:00:28","modified_gmt":"2025-09-10T07:00:28","slug":"bokstinis-ventiliatorius-cleanair-ca-407w-smart-2","status":"publish","type":"product","link":"https:\/\/orotech.lt\/en\/bokstinis-ventiliatorius-cleanair-ca-407w-smart-2\/","title":{"rendered":"Tower fan CleanAir CA-407W Smart"},"content":{"rendered":"<p>&lt;p style=&quot;text-align: justify;&quot;&gt;&lt;strong&gt;Bok&amp;scaron;tinis ventiliatorius su jonizatoriumi CleanAir CA-407W Smart &amp;ndash; elegancija, komfortas ir i&amp;scaron;manus v\u0117sinimas J\u016bs\u0173 namams&lt;\/strong&gt;&lt;\/p&gt;<br \/>\n&lt;p style=&quot;text-align: justify;&quot;&gt;CleanAir Optima&amp;reg; CA-407W Smart &amp;ndash; tai i&amp;scaron;skirtinio dizaino, itin plonas ir eleganti&amp;scaron;kas bok&amp;scaron;tinis ventiliatorius, kuris ne tik efektyviai v\u0117sina patalpas, bet ir valo or\u0105, u\u017etikrindamas maksimal\u0173 komfort\u0105 namuose ar biure. \u012erenginys puikiai dera prie bet kokio interjero, o valdymas galimas i&amp;scaron;mani\u0105ja program\u0117le, nuotolinio valdymo pulteliu arba patogiu jutikliniu valdymo skydeliu ventiliatoriaus vir&amp;scaron;uje.&lt;\/p&gt;<br \/>\n&lt;p style=&quot;text-align: justify;&quot;&gt;&lt;strong&gt;I&amp;scaron;skirtinis dizainas ir pa\u017eangi oro valymo funkcija&lt;\/strong&gt;&lt;\/p&gt;<br \/>\n&lt;p style=&quot;text-align: justify;&quot;&gt;Skirtingai nei \u012fprasti ventiliatoriai, CA-407W Smart veikia be tradicini\u0173 men\u010di\u0173 &amp;ndash; jis turi vertikal\u0173 rotori\u0173, kuris sukuria dinami&amp;scaron;k\u0105 oro sraut\u0105 ir i&amp;scaron;laiko kompakti&amp;scaron;k\u0105, modernaus bok&amp;scaron;to formos korpus\u0105. \u012emontuotas jonizatorius skleid\u017eia neigiamus deguonies jonus, kurie padeda i&amp;scaron; oro pa&amp;scaron;alinti dulkes, \u017eiedadulkes, mikroorganizmus, kvapus ir kitas kenksmingas daleles. Taip pat, oro jonizavimas padeda suma\u017einti alergij\u0173 simptomus ir gerina bendr\u0105 savijaut\u0105.&lt;\/p&gt;<br \/>\n&lt;p style=&quot;text-align: justify;&quot;&gt;&lt;strong&gt;Powerful yet ultra-quiet operation&lt;\/strong&gt;&lt;\/p&gt;<br \/>\n&lt;p style=&quot;text-align: justify;&quot;&gt;Ventiliatorius turi 12 ventiliacijos lygi\u0173 &amp;ndash; nuo &amp;scaron;velnaus v\u0117jelio iki intensyvaus v\u0117sinimo (oro srautas iki 500 m&amp;sup3;\/h, greitis iki 7 m\/s). Veikia su be&amp;scaron;epet\u0117liu DC varikliu, kuris u\u017etikrina labai tyl\u0173 veikim\u0105 (vos &amp;lt;10 dB(A) tyliausiu re\u017eimu), ma\u017e\u0105 energijos suvartojim\u0105 (maks. 30 W) ir ilgaam\u017ei&amp;scaron;kum\u0105. Idealiai tinka naudoti net ir nakt\u012f &amp;ndash; naktinis re\u017eimas u\u017etikrina malon\u0173, tyl\u0173 ir gaiv\u0173 v\u0117jel\u012f, o ekranas pritemsta, kad netrukdyt\u0173 miegui.&lt;\/p&gt;<br \/>\n&lt;p style=&quot;text-align: justify;&quot;&gt;&lt;strong&gt;I&amp;scaron;manus valdymas per program\u0117l\u0119 ir nuotolin\u012f pultel\u012f&lt;\/strong&gt;&lt;\/p&gt;<br \/>\n&lt;p style=&quot;text-align: justify;&quot;&gt;The fan can be controlled in three ways:&lt;\/p&gt;<br \/>\n&lt;ul&gt;<br \/>\n&lt;li&gt;Per Clean Air Optima&amp;reg; mobiliosios program\u0117l\u0119 (Android \/ iOS) &amp;ndash; gal\u0117site koreguoti nustatymus net b\u016bdami ne namuose.&lt;\/li&gt;<br \/>\n&lt;li&gt;Su nuotolinio valdymo pulteliu &amp;ndash; patogu reguliuoti i&amp;scaron; bet kurios kambario vietos.&lt;\/li&gt;<br \/>\n&lt;li&gt;Per skaitmenin\u012f valdymo skydel\u012f &amp;ndash; intuityvus valdymas tiesiai nuo \u012frenginio.&lt;\/li&gt;<br \/>\n&lt;\/ul&gt;<br \/>\n&lt;p style=&quot;text-align: justify;&quot;&gt;&lt;strong&gt;Features:&lt;br \/&gt;&lt;\/strong&gt;&lt;\/p&gt;<br \/>\n&lt;ul&gt;<br \/>\n&lt;li&gt;12 v\u0117dinimo lygi\u0173 &amp;ndash; nuo &amp;scaron;velnaus iki galingo oro srauto;&lt;\/li&gt;<br \/>\n&lt;li&gt;Trys veikimo re\u017eimai&amp;nbsp;&amp;ndash; pastovus v\u0117jelis, pulsuojantis oro srautas ir tylusis naktinis veikimas;&lt;\/li&gt;<br \/>\n&lt;li&gt;Jonizavimo funkcija &amp;ndash; aktyvuoja neigiamus jonus, kurie valo or\u0105;&lt;\/li&gt;<br \/>\n&lt;li&gt;Laikmatis &amp;ndash; \u012fjungimo\/i&amp;scaron;jungimo nustatymas nuo 1 iki 12 valand\u0173;&lt;\/li&gt;<br \/>\n&lt;li&gt;90&amp;deg; horizontali automatin\u0117 oscilacija &amp;ndash; tolygus oro paskirstymas visoje patalpoje;&lt;\/li&gt;<br \/>\n&lt;li&gt;0&amp;ndash;24 val. savaitinis programavimas &amp;ndash; suasmeninkite veikim\u0105 kiekvienai dienai;&lt;\/li&gt;<br \/>\n&lt;li&gt;Prakti&amp;scaron;ka rankena &amp;ndash; lengvam ventiliatoriaus perk\u0117limui.&lt;\/li&gt;<br \/>\n&lt;\/ul&gt;<br \/>\n&lt;p style=&quot;text-align: justify;&quot;&gt;&lt;strong&gt;Technical specifications:&lt;\/strong&gt;&lt;\/p&gt;<br \/>\n&lt;ul&gt;<br \/>\n&lt;li&gt;Oro srautas: iki 500 m&amp;sup3;\/h;&lt;\/li&gt;<br \/>\n&lt;li&gt;Oro greitis: iki 7 m\/s;&lt;\/li&gt;<br \/>\n&lt;li&gt;Ventiliacijos lygiai: 12;&lt;\/li&gt;<br \/>\n&lt;li&gt;Jonizatoriaus galingumas: &amp;gt;3 000 000 neigiam\u0173 jon\u0173 \/ cm&amp;sup3;;&lt;\/li&gt;<br \/>\n&lt;li&gt;Energijos s\u0105naudos: maks. 30 W;&lt;\/li&gt;<br \/>\n&lt;li&gt;Triuk&amp;scaron;mo lygis: &amp;lt;10 dB(A);&lt;\/li&gt;<br \/>\n&lt;li&gt;\u012etampa: 220&amp;ndash;240 V \/ 50 Hz;&lt;\/li&gt;<br \/>\n&lt;li&gt;Matmenys: auk&amp;scaron;tis &amp;ndash; 110 cm, skersmuo &amp;ndash; 16 cm, pagrindo skersmuo &amp;ndash; 28 cm;&lt;\/li&gt;<br \/>\n&lt;li&gt;Svoris: 3,6 kg;&lt;\/li&gt;<br \/>\n&lt;li&gt;Spalva: balta\/juoda;&lt;\/li&gt;<br \/>\n&lt;li&gt;Laido ilgis: 1,5 m.&lt;\/li&gt;<br \/>\n&lt;\/ul&gt;<br \/>\n&lt;p&gt;&lt;a class=&quot;catalogue&quot; href=&quot;\/en\/images\/Userfiles\/www.rubisolis.lt_Bokstinis_ventiliatorius_CleanAir_CA-407W_Smart.pdf\/&quot; target=&quot;blank&quot;&gt;Download product manual&lt;\/a&gt;&lt;\/p&gt;<\/p>","protected":false},"excerpt":{"rendered":"<p>&lt;p style=&quot;text-align: justify;&quot;&gt;&lt;strong&gt;Bok&amp;scaron;tinis ventiliatorius su jonizatoriumi CleanAir CA-407W Smart &amp;ndash; elegancija, komfortas ir i&amp;scaron;manus v\u0117sinimas J\u016bs\u0173 namams&lt;\/strong&gt;&lt;\/p&gt; &lt;p style=&quot;text-align: justify;&quot;&gt;CleanAir<\/p>","protected":false},"featured_media":29848,"comment_status":"closed","ping_status":"open","template":"","meta":[],"product_brand":[],"product_cat":[23],"product_tag":[535],"class_list":{"0":"post-29846","1":"product","2":"type-product","3":"status-publish","4":"has-post-thumbnail","6":"product_cat-be-kategorijos","7":"product_tag-naujiena","9":"first","10":"onbackorder","11":"taxable","12":"shipping-taxable","13":"product-type-variable"},"_links":{"self":[{"href":"https:\/\/orotech.lt\/en\/wp-json\/wp\/v2\/product\/29846","targetHints":{"allow":["GET"]}}],"collection":[{"href":"https:\/\/orotech.lt\/en\/wp-json\/wp\/v2\/product"}],"about":[{"href":"https:\/\/orotech.lt\/en\/wp-json\/wp\/v2\/types\/product"}],"replies":[{"embeddable":true,"href":"https:\/\/orotech.lt\/en\/wp-json\/wp\/v2\/comments?post=29846"}],"version-history":[{"count":1,"href":"https:\/\/orotech.lt\/en\/wp-json\/wp\/v2\/product\/29846\/revisions"}],"predecessor-version":[{"id":29847,"href":"https:\/\/orotech.lt\/en\/wp-json\/wp\/v2\/product\/29846\/revisions\/29847"}],"wp:featuredmedia":[{"embeddable":true,"href":"https:\/\/orotech.lt\/en\/wp-json\/wp\/v2\/media\/29848"}],"wp:attachment":[{"href":"https:\/\/orotech.lt\/en\/wp-json\/wp\/v2\/media?parent=29846"}],"wp:term":[{"taxonomy":"product_brand","embeddable":true,"href":"https:\/\/orotech.lt\/en\/wp-json\/wp\/v2\/product_brand?post=29846"},{"taxonomy":"product_cat","embeddable":true,"href":"https:\/\/orotech.lt\/en\/wp-json\/wp\/v2\/product_cat?post=29846"},{"taxonomy":"product_tag","embeddable":true,"href":"https:\/\/orotech.lt\/en\/wp-json\/wp\/v2\/product_tag?post=29846"}],"curies":[{"name":"wp","href":"https:\/\/api.w.org\/{rel}","templated":true}]}}