{"id":29885,"date":"2025-09-09T10:35:05","date_gmt":"2025-09-09T10:35:05","guid":{"rendered":"https:\/\/orotech.lt\/istraukimo-ventiliatorius-cata-e100-g-baltas-2\/"},"modified":"2025-09-10T07:00:36","modified_gmt":"2025-09-10T07:00:36","slug":"istraukimo-ventiliatorius-cata-e100-g-baltas-2","status":"publish","type":"product","link":"https:\/\/orotech.lt\/en\/istraukimo-ventiliatorius-cata-e100-g-baltas-2\/","title":{"rendered":"I\u0161traukimo ventiliatorius Cata E100 G, baltas"},"content":{"rendered":"<p>&lt;p style=&quot;text-align: justify;&quot;&gt;&lt;strong&gt;I&amp;scaron;traukimo ventiliatorius Cata E-100 G &amp;ndash; tylus, efektyvus ir stilingas sprendimas j\u016bs\u0173 vonios kambariui ar tualetui&lt;\/strong&gt;&lt;\/p&gt;<br \/>\n&lt;p style=&quot;text-align: justify;&quot;&gt;&amp;Scaron;is baltos spalvos ventiliatorius su eleganti&amp;scaron;ku gr\u016bdinto stiklo priekiniu skydeliu ne tik efektyviai i&amp;scaron;traukia dr\u0117gm\u0119 ir kvapus, bet ir puikiai dera moderniame interjere. Modelis Cata E-100 G veikia vienu pastoviu, auk&amp;scaron;to na&amp;scaron;umo re\u017eimu &amp;ndash; iki 115 m&amp;sup3;\/h, o triuk&amp;scaron;mo lygis siekia tik 31 dB(A), tod\u0117l tai vienas tyliausi\u0173 ventiliatori\u0173 savo klas\u0117je.&amp;nbsp;&lt;\/p&gt;<br \/>\n&lt;p style=&quot;text-align: justify;&quot;&gt;Ventiliatorius idealiai tinka vonios kambariams, tualetams, skalbykloms ar kitoms ma\u017eoms, dr\u0117gm\u0119 kaupian\u010dioms patalpoms. D\u0117l minimalistinio dizaino ir auk&amp;scaron;tos kokyb\u0117s med\u017eiag\u0173 &amp;ndash; tai ne tik prakti&amp;scaron;kas, bet ir esteti&amp;scaron;kas sprendimas.&amp;nbsp;&lt;\/p&gt;<br \/>\n&lt;p style=&quot;text-align: justify;&quot;&gt;Cata E-100 G &amp;ndash; tai standartinis, bazinis modelis, kuris puikiai tinka vartotojui, norin\u010diam paprasto, tylaus, bet galingo ventiliatoriaus be papildom\u0173 funkcij\u0173. Jis \u012fsijungia tik naudojant jungikl\u012f (pvz., kartu su &amp;scaron;viesa).&amp;nbsp;&lt;\/p&gt;<br \/>\n&lt;p style=&quot;text-align: justify;&quot;&gt;&lt;strong&gt;Advantages:&lt;\/strong&gt;&lt;\/p&gt;<br \/>\n&lt;ul&gt;<br \/>\n&lt;li&gt;Oro srautas iki 150 m&amp;sup3;\/h;&lt;\/li&gt;<br \/>\n&lt;li&gt;Reguliuojamas dr\u0117gm\u0117s jutiklis: nuo 45 % iki 90 %;&lt;\/li&gt;<br \/>\n&lt;li&gt;Ma\u017eas energijos suvartojimas: tik 8 W;&lt;\/li&gt;<br \/>\n&lt;li&gt;Priekin\u0117 dalis i&amp;scaron; gr\u016bdinto stiklo, korpusas &amp;ndash; i&amp;scaron; tvirto ABS plastiko;&lt;\/li&gt;<br \/>\n&lt;li&gt;Paprastas prie\u017ei\u016bros ir valymo mechanizmas;&lt;\/li&gt;<br \/>\n&lt;li&gt;Tinkamas montavimui ant sienos arba lub\u0173;&lt;\/li&gt;<br \/>\n&lt;li&gt;IP44 apsaugos klas\u0117, B izoliacijos klas\u0117;&lt;\/li&gt;<br \/>\n&lt;li&gt;Pagaminta Europoje (Ispanijoje).&amp;nbsp;&lt;\/li&gt;<br \/>\n&lt;\/ul&gt;<br \/>\n&lt;p style=&quot;text-align: justify;&quot;&gt;&lt;strong&gt;Technical characteristics:&lt;\/strong&gt;&lt;\/p&gt;<br \/>\n&lt;ul&gt;<br \/>\n&lt;li&gt;Galia: 8 W;&lt;\/li&gt;<br \/>\n&lt;li&gt;Oro srautas: 115&amp;nbsp;m&amp;sup3;\/h;&lt;\/li&gt;<br \/>\n&lt;li&gt;Veikimo lygiai: 1;&lt;\/li&gt;<br \/>\n&lt;li&gt;Skersmuo: 98 mm;&lt;\/li&gt;<br \/>\n&lt;li&gt;Matmenys: 150 x 150 x 94 mm;&lt;\/li&gt;<br \/>\n&lt;li&gt;\u012etampa: 220-240 V \/ 50-60 Hz;&lt;\/li&gt;<br \/>\n&lt;li&gt;Garsas: 31 dB (A);&lt;\/li&gt;<br \/>\n&lt;li&gt;Dr\u0117gm\u0117s reguliavimas:&amp;nbsp;nuo 45 % iki 90 %.&lt;\/li&gt;<br \/>\n&lt;\/ul&gt;<br \/>\n&lt;p&gt;&lt;a class=&quot;catalogue&quot; href=&quot;\/en\/images\/Userfiles\/www.rubisolis.lt_Istraukimo_ventiliatorius_CATA_E-100_G.pdf\/&quot; target=&quot;blank&quot;&gt;Download product manual&lt;\/a&gt;&lt;\/p&gt;<\/p>","protected":false},"excerpt":{"rendered":"<p>&lt;p style=&quot;text-align: justify;&quot;&gt;&lt;strong&gt;I&amp;scaron;traukimo ventiliatorius Cata E-100 G &amp;ndash; tylus, efektyvus ir stilingas sprendimas j\u016bs\u0173 vonios kambariui ar tualetui&lt;\/strong&gt;&lt;\/p&gt; &lt;p<\/p>","protected":false},"featured_media":29887,"comment_status":"closed","ping_status":"open","template":"","meta":[],"product_brand":[],"product_cat":[23],"product_tag":[535],"class_list":{"0":"post-29885","1":"product","2":"type-product","3":"status-publish","4":"has-post-thumbnail","6":"product_cat-be-kategorijos","7":"product_tag-naujiena","9":"first","10":"onbackorder","11":"taxable","12":"shipping-taxable","13":"product-type-variable"},"_links":{"self":[{"href":"https:\/\/orotech.lt\/en\/wp-json\/wp\/v2\/product\/29885","targetHints":{"allow":["GET"]}}],"collection":[{"href":"https:\/\/orotech.lt\/en\/wp-json\/wp\/v2\/product"}],"about":[{"href":"https:\/\/orotech.lt\/en\/wp-json\/wp\/v2\/types\/product"}],"replies":[{"embeddable":true,"href":"https:\/\/orotech.lt\/en\/wp-json\/wp\/v2\/comments?post=29885"}],"version-history":[{"count":1,"href":"https:\/\/orotech.lt\/en\/wp-json\/wp\/v2\/product\/29885\/revisions"}],"predecessor-version":[{"id":29886,"href":"https:\/\/orotech.lt\/en\/wp-json\/wp\/v2\/product\/29885\/revisions\/29886"}],"wp:featuredmedia":[{"embeddable":true,"href":"https:\/\/orotech.lt\/en\/wp-json\/wp\/v2\/media\/29887"}],"wp:attachment":[{"href":"https:\/\/orotech.lt\/en\/wp-json\/wp\/v2\/media?parent=29885"}],"wp:term":[{"taxonomy":"product_brand","embeddable":true,"href":"https:\/\/orotech.lt\/en\/wp-json\/wp\/v2\/product_brand?post=29885"},{"taxonomy":"product_cat","embeddable":true,"href":"https:\/\/orotech.lt\/en\/wp-json\/wp\/v2\/product_cat?post=29885"},{"taxonomy":"product_tag","embeddable":true,"href":"https:\/\/orotech.lt\/en\/wp-json\/wp\/v2\/product_tag?post=29885"}],"curies":[{"name":"wp","href":"https:\/\/api.w.org\/{rel}","templated":true}]}}