{"id":29894,"date":"2025-09-09T10:35:05","date_gmt":"2025-09-09T10:35:05","guid":{"rendered":"https:\/\/orotech.lt\/istraukimo-ventiliatorius-cata-e100-gth-juodas-2\/"},"modified":"2025-09-10T07:00:38","modified_gmt":"2025-09-10T07:00:38","slug":"istraukimo-ventiliatorius-cata-e100-gth-juodas-2","status":"publish","type":"product","link":"https:\/\/orotech.lt\/en\/istraukimo-ventiliatorius-cata-e100-gth-juodas-2\/","title":{"rendered":"Extractor fan Cata E100 GTH, black"},"content":{"rendered":"<p>&lt;p style=&quot;text-align: justify;&quot;&gt;&lt;strong&gt;Modernus vonios i&amp;scaron;traukimo ventiliatorius CATA E 100 GTH &amp;ndash; efektyvus, tylus ir i&amp;scaron;manus sprendimas&lt;\/strong&gt;&lt;\/p&gt;<br \/>\n&lt;p style=&quot;text-align: justify;&quot;&gt;Juodos spalvos CATA E 100 GTH &amp;ndash; tai auk&amp;scaron;tos kokyb\u0117s vonios &lt;strong&gt;i&amp;scaron;traukimo ventiliatorius&lt;\/strong&gt;, turintis i&amp;scaron;mani\u0105sias funkcijas: dr\u0117gm\u0117s jutikl\u012f, laikmat\u012f (TIMER), LED ekran\u0105 ir du ventiliavimo grei\u010dius, leid\u017eian\u010dius efektyviai valdyti oro cirkuliacij\u0105 pagal patalpos poreik\u012f. D\u0117l modernaus dizaino ir gr\u016bdinto stiklo priekinio skydo, jis ne tik funkcionalus, bet ir stilingas.&amp;nbsp;&lt;\/p&gt;<br \/>\n&lt;p style=&quot;text-align: justify;&quot;&gt;&lt;strong&gt;Dual operating mode:&lt;\/strong&gt;&lt;\/p&gt;<br \/>\n&lt;ul&gt;<br \/>\n&lt;li&gt;1 re\u017eimas (nuolatinis darbas): ventiliatorius nuolat veikia \u017eemu re\u017eimu (36 m&amp;sup3;\/h), o pasiekus nustatyt\u0105 dr\u0117gm\u0117s lyg\u012f (pvz. 45 %), automati&amp;scaron;kai \u012fsijungia auk&amp;scaron;tesnis re\u017eimas (115 m&amp;sup3;\/h);&lt;\/li&gt;<br \/>\n&lt;li&gt;2 re\u017eimas (bud\u0117jimas): veikia tik tada, kai dr\u0117gm\u0117 vir&amp;scaron;ija nustatyt\u0105 rib\u0105 &amp;ndash; tuomet \u012fjungiamas maksimalus re\u017eimas, o po dr\u0117gm\u0117s suma\u017e\u0117jimo ventiliatorius i&amp;scaron;sijungia.&amp;nbsp;&lt;\/li&gt;<br \/>\n&lt;\/ul&gt;<br \/>\n&lt;p&gt;&lt;strong&gt;Flexible management&lt;\/strong&gt;&lt;\/p&gt;<br \/>\n&lt;p style=&quot;text-align: justify;&quot;&gt;Ventiliatori\u0173 galima valdyti ir atskiru jungikliu (pvz. &amp;scaron;viesos jungikliu), leid\u017eian\u010diu visi&amp;scaron;kai kontroliuoti \u012frenginio darb\u0105 pagal poreikius.&amp;nbsp;&lt;\/p&gt;<br \/>\n&lt;p style=&quot;text-align: justify;&quot;&gt;&lt;strong&gt;Advantages:&lt;\/strong&gt;&lt;\/p&gt;<br \/>\n&lt;ul&gt;<br \/>\n&lt;li&gt;Dviej\u0173 grei\u010di\u0173 variklis: 36 m&amp;sup3;\/h ir 115 m&amp;sup3;\/h;&lt;\/li&gt;<br \/>\n&lt;li&gt;Itin tylus veikimas: tik 17 dB(A) pirmuoju re\u017eimu, 31 dB(A) maksimaliu re\u017eimu;&lt;\/li&gt;<br \/>\n&lt;li&gt;Reguliuojamas dr\u0117gm\u0117s jutiklis: nuo 45 % iki 90 %;&lt;\/li&gt;<br \/>\n&lt;li&gt;Laikmatis (TIMER): ventiliatoriaus veikimas gali b\u016bti prat\u0119stas nuo 3 iki 15 min;&lt;\/li&gt;<br \/>\n&lt;li&gt;Ma\u017eas energijos suvartojimas: tik 4&amp;ndash;8 W;&lt;\/li&gt;<br \/>\n&lt;li&gt;LED ekranas: ai&amp;scaron;kus ir modernus informacijos atvaizdavimas;&lt;\/li&gt;<br \/>\n&lt;li&gt;Priekin\u0117 dalis i&amp;scaron; gr\u016bdinto stiklo, korpusas &amp;ndash; i&amp;scaron; tvirto ABS plastiko;&lt;\/li&gt;<br \/>\n&lt;li&gt;Paprastas prie\u017ei\u016bros ir valymo mechanizmas;&lt;\/li&gt;<br \/>\n&lt;li&gt;Tinkamas montavimui ant sienos arba lub\u0173;&lt;\/li&gt;<br \/>\n&lt;li&gt;IP44 apsaugos klas\u0117, B izoliacijos klas\u0117;&lt;\/li&gt;<br \/>\n&lt;li&gt;Pagaminta Europoje (Ispanijoje).&amp;nbsp;&lt;\/li&gt;<br \/>\n&lt;\/ul&gt;<br \/>\n&lt;p style=&quot;text-align: justify;&quot;&gt;&lt;strong&gt;Technical characteristics:&lt;\/strong&gt;&lt;\/p&gt;<br \/>\n&lt;ul&gt;<br \/>\n&lt;li&gt;Galia: 4 \/ 8 W;&lt;\/li&gt;<br \/>\n&lt;li&gt;Oro srautas: 36 \/ 115&amp;nbsp;m&amp;sup3;\/h;&lt;\/li&gt;<br \/>\n&lt;li&gt;Veikimo lygiai: 2;&lt;\/li&gt;<br \/>\n&lt;li&gt;Skersmuo: 98 mm;&lt;\/li&gt;<br \/>\n&lt;li&gt;Matmenys: 150 x 150 x 94 mm;&lt;\/li&gt;<br \/>\n&lt;li&gt;\u012etampa: 220-240 V \/ 50-60 Hz;&lt;\/li&gt;<br \/>\n&lt;li&gt;Garsas: 17 \/ 31 dB (A);&lt;\/li&gt;<br \/>\n&lt;li&gt;Dr\u0117gm\u0117s reguliavimas:&amp;nbsp;nuo 45 % iki 90 %.&lt;\/li&gt;<br \/>\n&lt;\/ul&gt;<br \/>\n&lt;p&gt;&lt;a class=&quot;catalogue&quot; href=&quot;\/en\/images\/Userfiles\/Istraukimo_ventiliatorius_Cata_E100_GTH.pdf\/&quot; target=&quot;blank&quot;&gt;Atsisi\u0173sti produkto bro&amp;scaron;i\u016br\u0105&lt;\/a&gt;&lt;\/p&gt;<\/p>","protected":false},"excerpt":{"rendered":"<p>&lt;p style=&quot;text-align: justify;&quot;&gt;&lt;strong&gt;Modernus vonios i&amp;scaron;traukimo ventiliatorius CATA E 100 GTH &amp;ndash; efektyvus, tylus ir i&amp;scaron;manus sprendimas&lt;\/strong&gt;&lt;\/p&gt; &lt;p style=&quot;text-align: justify;&quot;&gt;Juodos spalvos<\/p>","protected":false},"featured_media":29896,"comment_status":"closed","ping_status":"open","template":"","meta":[],"product_brand":[],"product_cat":[23],"product_tag":[535],"class_list":{"0":"post-29894","1":"product","2":"type-product","3":"status-publish","4":"has-post-thumbnail","6":"product_cat-be-kategorijos","7":"product_tag-naujiena","9":"first","10":"onbackorder","11":"taxable","12":"shipping-taxable","13":"product-type-variable"},"_links":{"self":[{"href":"https:\/\/orotech.lt\/en\/wp-json\/wp\/v2\/product\/29894","targetHints":{"allow":["GET"]}}],"collection":[{"href":"https:\/\/orotech.lt\/en\/wp-json\/wp\/v2\/product"}],"about":[{"href":"https:\/\/orotech.lt\/en\/wp-json\/wp\/v2\/types\/product"}],"replies":[{"embeddable":true,"href":"https:\/\/orotech.lt\/en\/wp-json\/wp\/v2\/comments?post=29894"}],"version-history":[{"count":1,"href":"https:\/\/orotech.lt\/en\/wp-json\/wp\/v2\/product\/29894\/revisions"}],"predecessor-version":[{"id":29895,"href":"https:\/\/orotech.lt\/en\/wp-json\/wp\/v2\/product\/29894\/revisions\/29895"}],"wp:featuredmedia":[{"embeddable":true,"href":"https:\/\/orotech.lt\/en\/wp-json\/wp\/v2\/media\/29896"}],"wp:attachment":[{"href":"https:\/\/orotech.lt\/en\/wp-json\/wp\/v2\/media?parent=29894"}],"wp:term":[{"taxonomy":"product_brand","embeddable":true,"href":"https:\/\/orotech.lt\/en\/wp-json\/wp\/v2\/product_brand?post=29894"},{"taxonomy":"product_cat","embeddable":true,"href":"https:\/\/orotech.lt\/en\/wp-json\/wp\/v2\/product_cat?post=29894"},{"taxonomy":"product_tag","embeddable":true,"href":"https:\/\/orotech.lt\/en\/wp-json\/wp\/v2\/product_tag?post=29894"}],"curies":[{"name":"wp","href":"https:\/\/api.w.org\/{rel}","templated":true}]}}