{"id":29901,"date":"2025-09-09T10:35:49","date_gmt":"2025-09-09T10:35:49","guid":{"rendered":"https:\/\/orotech.lt\/istraukimo-ventiliatorius-cata-e120-gth-baltas-2\/"},"modified":"2025-09-10T07:00:40","modified_gmt":"2025-09-10T07:00:40","slug":"istraukimo-ventiliatorius-cata-e120-gth-baltas-2","status":"publish","type":"product","link":"https:\/\/orotech.lt\/en\/istraukimo-ventiliatorius-cata-e120-gth-baltas-2\/","title":{"rendered":"Extractor fan Cata E120 GTH, white"},"content":{"rendered":"<p>&lt;p style=&quot;text-align: justify;&quot;&gt;&lt;strong&gt;I&amp;scaron;traukimo ventiliatorius Cata E-120 GTH&amp;nbsp;&amp;ndash; i&amp;scaron;manusis vonios ventiliatorius su dr\u0117gm\u0117s jutikliu ir LED ekranu&amp;nbsp;&lt;\/strong&gt;&lt;\/p&gt;<br \/>\n&lt;p style=&quot;text-align: justify;&quot;&gt;Cata E-120 GTH &amp;ndash; tai auk&amp;scaron;tos klas\u0117s i&amp;scaron;traukimo ventiliatorius, sujungiantis modern\u0173 dizain\u0105 su i&amp;scaron;maniosiomis funkcijomis. \u012erenginys ne tik i&amp;scaron;siskiria stilingu baltu gr\u016bdinto stiklo priekiniu skydeliu, bet ir si\u016blo patog\u0173 automatin\u012f veikim\u0105, leid\u017eiant\u012f pamir&amp;scaron;ti apie dr\u0117gm\u0117s problemas. &amp;Scaron;is ventiliatorius ypa\u010d tinkamas tiems, kurie nori tyliai, efektyviai ir i&amp;scaron;maniai v\u0117dinti patalpas, ypa\u010d vonios kambarius, kur da\u017enai kaupiasi dr\u0117gm\u0117.&lt;\/p&gt;<br \/>\n&lt;p style=&quot;text-align: justify;&quot;&gt;&lt;strong&gt;Automatic humidity control sensor (hygrostat)&lt;br \/&gt;&lt;\/strong&gt;&lt;\/p&gt;<br \/>\n&lt;p style=&quot;text-align: justify;&quot;&gt;Ventiliatorius automati&amp;scaron;kai \u012fsijungia, kai patalpos dr\u0117gm\u0117s lygis vir&amp;scaron;ija nustatyt\u0105 rib\u0105 (nuo 45 % iki 90 %). Tai ypa\u010d naudinga po du&amp;scaron;o ar vonios &amp;ndash; nebereikia r\u016bpintis \u012fjungimu rankiniu b\u016bdu.&lt;\/p&gt;<br \/>\n&lt;p style=&quot;text-align: justify;&quot;&gt;&lt;strong&gt;Two-speed operation&lt;\/strong&gt;&lt;\/p&gt;<br \/>\n&lt;ul&gt;<br \/>\n&lt;li style=&quot;text-align: justify;&quot;&gt;1 re\u017eimas &amp;ndash; nuolatinis veikimas ma\u017eesniu grei\u010diu (140 m&amp;sup3;\/h), idealiai tinka kasdieniam v\u0117dinimui.&lt;\/li&gt;<br \/>\n&lt;li style=&quot;text-align: justify;&quot;&gt;2 re\u017eimas &amp;ndash; \u012fsijungia automati&amp;scaron;kai pasiekus nustatyt\u0105 dr\u0117gm\u0117s lyg\u012f, ventiliatorius ima veikti didesniu grei\u010diu (210 m&amp;sup3;\/h), kad greitai pa&amp;scaron;alint\u0173 perteklin\u0119 dr\u0117gm\u0119.&lt;\/li&gt;<br \/>\n&lt;\/ul&gt;<br \/>\n&lt;p style=&quot;text-align: justify;&quot;&gt;&lt;strong&gt;Laikma\u010dio funkcija (u\u017edelstas i&amp;scaron;jungimas)&lt;\/strong&gt;&lt;\/p&gt;<br \/>\n&lt;p style=&quot;text-align: justify;&quot;&gt;Galite nustatyti, kad ventiliatorius veikt\u0173 dar 3&amp;ndash;15 minu\u010di\u0173 po &amp;scaron;viesos i&amp;scaron;jungimo &amp;ndash; tai leid\u017eia jam pilnai pa&amp;scaron;alinti dr\u0117gm\u0119, kai jau i&amp;scaron;einate i&amp;scaron; patalpos.&lt;\/p&gt;<br \/>\n&lt;p style=&quot;text-align: justify;&quot;&gt;&lt;strong&gt;LED screen&lt;br \/&gt;&lt;\/strong&gt;&lt;\/p&gt;<br \/>\n&lt;p style=&quot;text-align: justify;&quot;&gt;The integrated display shows the room temperature and humidity level in real time - you will always know the state of the microclimate.&lt;\/p&gt;<br \/>\n&lt;p style=&quot;text-align: justify;&quot;&gt;&lt;strong&gt;I&amp;scaron;skirtinai tylus veikimas&lt;br \/&gt;&lt;\/strong&gt;&lt;\/p&gt;<br \/>\n&lt;p style=&quot;text-align: justify;&quot;&gt;Vos 19 dB(A) pirmuoju re\u017eimu &amp;ndash; prakti&amp;scaron;kai negirdimas. Antruoju grei\u010diu pasiekia 33 dB(A), bet i&amp;scaron;lieka komforti&amp;scaron;kai tylus net ir maksimaliu paj\u0117gumu.&amp;nbsp;&lt;\/p&gt;<br \/>\n&lt;p style=&quot;text-align: justify;&quot;&gt;&lt;strong&gt;Advantages:&lt;\/strong&gt;&lt;\/p&gt;<br \/>\n&lt;ul&gt;<br \/>\n&lt;li&gt;Dviej\u0173 grei\u010di\u0173 variklis: 140 m&amp;sup3;\/h ir 210 m&amp;sup3;\/h;&lt;\/li&gt;<br \/>\n&lt;li&gt;Itin tylus veikimas: tik 19 dB(A) pirmuoju re\u017eimu, 33 dB(A) maksimaliu re\u017eimu;&lt;\/li&gt;<br \/>\n&lt;li&gt;Reguliuojamas dr\u0117gm\u0117s jutiklis: nuo 45 % iki 90 %;&lt;\/li&gt;<br \/>\n&lt;li&gt;Laikmatis (TIMER): ventiliatoriaus veikimas gali b\u016bti prat\u0119stas nuo 3 iki 15 min;&lt;\/li&gt;<br \/>\n&lt;li&gt;Ma\u017eas energijos suvartojimas: tik 6-11 W;&lt;\/li&gt;<br \/>\n&lt;li&gt;LED ekranas: ai&amp;scaron;kus ir modernus informacijos atvaizdavimas;&lt;\/li&gt;<br \/>\n&lt;li&gt;Priekin\u0117 dalis i&amp;scaron; gr\u016bdinto stiklo, korpusas &amp;ndash; i&amp;scaron; tvirto ABS plastiko;&lt;\/li&gt;<br \/>\n&lt;li&gt;Paprastas prie\u017ei\u016bros ir valymo mechanizmas;&lt;\/li&gt;<br \/>\n&lt;li&gt;Tinkamas montavimui ant sienos arba lub\u0173;&lt;\/li&gt;<br \/>\n&lt;li&gt;IP44 apsaugos klas\u0117, B izoliacijos klas\u0117;&lt;\/li&gt;<br \/>\n&lt;li&gt;Pagaminta Europoje (Ispanijoje).&amp;nbsp;&lt;\/li&gt;<br \/>\n&lt;\/ul&gt;<br \/>\n&lt;p style=&quot;text-align: justify;&quot;&gt;&lt;strong&gt;Technical characteristics:&lt;\/strong&gt;&lt;\/p&gt;<br \/>\n&lt;ul&gt;<br \/>\n&lt;li&gt;Galia: 6-11 W;&lt;\/li&gt;<br \/>\n&lt;li&gt;Oro srautas: 140-210;&lt;\/li&gt;<br \/>\n&lt;li&gt;Skersmuo: 118 mm;&lt;\/li&gt;<br \/>\n&lt;li&gt;Matmenys: 170 x 170 x 94 mm;&lt;\/li&gt;<br \/>\n&lt;li&gt;\u012etampa: 230 V \/ 50-60 Hz;&lt;\/li&gt;<br \/>\n&lt;li&gt;Garsas: 19-33 dB (A);&lt;\/li&gt;<br \/>\n&lt;li&gt;Apsaugos klas\u0117: IP44;&lt;\/li&gt;<br \/>\n&lt;li&gt;Izoliacijos klas\u0117: B;&lt;\/li&gt;<br \/>\n&lt;li&gt;Dr\u0117gm\u0117s reguliavimas:&amp;nbsp;nuo 45 % iki 90 %.&lt;\/li&gt;<br \/>\n&lt;\/ul&gt;<br \/>\n&lt;p&gt;&lt;a class=&quot;catalogue&quot; href=&quot;\/en\/images\/Userfiles\/www.rubisolis.lt_Istraukimo_ventiliatorius_CATA_E-100_G.pdf\/&quot; target=&quot;blank&quot;&gt;Download product manual&lt;\/a&gt;&lt;\/p&gt;<\/p>","protected":false},"excerpt":{"rendered":"<p>&lt;p style=&quot;text-align: justify;&quot;&gt;&lt;strong&gt;I&amp;scaron;traukimo ventiliatorius Cata E-120 GTH&amp;nbsp;&amp;ndash; i&amp;scaron;manusis vonios ventiliatorius su dr\u0117gm\u0117s jutikliu ir LED ekranu&amp;nbsp;&lt;\/strong&gt;&lt;\/p&gt; &lt;p style=&quot;text-align: justify;&quot;&gt;Cata E-120<\/p>","protected":false},"featured_media":29903,"comment_status":"closed","ping_status":"open","template":"","meta":[],"product_brand":[],"product_cat":[23],"product_tag":[535],"class_list":{"0":"post-29901","1":"product","2":"type-product","3":"status-publish","4":"has-post-thumbnail","6":"product_cat-be-kategorijos","7":"product_tag-naujiena","9":"first","10":"onbackorder","11":"taxable","12":"shipping-taxable","13":"product-type-variable"},"_links":{"self":[{"href":"https:\/\/orotech.lt\/en\/wp-json\/wp\/v2\/product\/29901","targetHints":{"allow":["GET"]}}],"collection":[{"href":"https:\/\/orotech.lt\/en\/wp-json\/wp\/v2\/product"}],"about":[{"href":"https:\/\/orotech.lt\/en\/wp-json\/wp\/v2\/types\/product"}],"replies":[{"embeddable":true,"href":"https:\/\/orotech.lt\/en\/wp-json\/wp\/v2\/comments?post=29901"}],"version-history":[{"count":1,"href":"https:\/\/orotech.lt\/en\/wp-json\/wp\/v2\/product\/29901\/revisions"}],"predecessor-version":[{"id":29902,"href":"https:\/\/orotech.lt\/en\/wp-json\/wp\/v2\/product\/29901\/revisions\/29902"}],"wp:featuredmedia":[{"embeddable":true,"href":"https:\/\/orotech.lt\/en\/wp-json\/wp\/v2\/media\/29903"}],"wp:attachment":[{"href":"https:\/\/orotech.lt\/en\/wp-json\/wp\/v2\/media?parent=29901"}],"wp:term":[{"taxonomy":"product_brand","embeddable":true,"href":"https:\/\/orotech.lt\/en\/wp-json\/wp\/v2\/product_brand?post=29901"},{"taxonomy":"product_cat","embeddable":true,"href":"https:\/\/orotech.lt\/en\/wp-json\/wp\/v2\/product_cat?post=29901"},{"taxonomy":"product_tag","embeddable":true,"href":"https:\/\/orotech.lt\/en\/wp-json\/wp\/v2\/product_tag?post=29901"}],"curies":[{"name":"wp","href":"https:\/\/api.w.org\/{rel}","templated":true}]}}