{"id":29908,"date":"2025-09-09T10:35:49","date_gmt":"2025-09-09T10:35:49","guid":{"rendered":"https:\/\/orotech.lt\/istraukimo-ventiliatorius-cata-e120-g-baltas-2\/"},"modified":"2025-09-10T07:00:41","modified_gmt":"2025-09-10T07:00:41","slug":"istraukimo-ventiliatorius-cata-e120-g-baltas-2","status":"publish","type":"product","link":"https:\/\/orotech.lt\/en\/istraukimo-ventiliatorius-cata-e120-g-baltas-2\/","title":{"rendered":"Extractor fan Cata E120 G, white"},"content":{"rendered":"<p>&lt;p style=&quot;text-align: justify;&quot;&gt;&lt;strong&gt;I&amp;scaron;traukimo ventiliatorius Cata E-120 G &amp;ndash; stilingas ir efektyvus ventiliacijos sprendimas j\u016bs\u0173 vonios kambariui ar kitoms patalpoms&lt;\/strong&gt;&lt;\/p&gt;<br \/>\n&lt;p style=&quot;text-align: justify;&quot;&gt;Cata E-120 G &amp;ndash; tai klasikinis, vieno grei\u010dio i&amp;scaron;traukimo ventiliatorius su eleganti&amp;scaron;ku baltu stiklo priekiniu skydeliu ir patikimu varikliu su a&amp;scaron;iniais ment\u0117s guoliais. &amp;Scaron;is modelis skirtas tiems, kurie vertina paprastum\u0105, tyl\u0173 veikim\u0105 ir ilgaam\u017ei&amp;scaron;k\u0105 kokyb\u0119 be papildom\u0173 i&amp;scaron;mani\u0173j\u0173 funkcij\u0173.&amp;nbsp;Jei ie&amp;scaron;kote efektyvaus, lengvai montuojamo ir stilingo ventiliatoriaus be papildom\u0173 funkcij\u0173 &amp;ndash; Cata E-120 G yra puikus sprendimas. Jo tylus veikimas, stiklinis dizainas ir didelis na&amp;scaron;umas u\u017etikrina kasdien\u012f komfort\u0105 bet kurioje erdv\u0117je.&amp;nbsp;&lt;\/p&gt;<br \/>\n&lt;p style=&quot;text-align: justify;&quot;&gt;&lt;strong&gt;Advantages:&lt;\/strong&gt;&lt;\/p&gt;<br \/>\n&lt;ul&gt;<br \/>\n&lt;li&gt;Oro srautas iki 210 m&amp;sup3;\/h;&lt;\/li&gt;<br \/>\n&lt;li&gt;Reguliuojamas dr\u0117gm\u0117s jutiklis: nuo 45 % iki 90 %;&lt;\/li&gt;<br \/>\n&lt;li&gt;Ma\u017eas energijos suvartojimas: tik 11 W;&lt;\/li&gt;<br \/>\n&lt;li&gt;Priekin\u0117 dalis i&amp;scaron; gr\u016bdinto stiklo, korpusas &amp;ndash; i&amp;scaron; tvirto ABS plastiko;&lt;\/li&gt;<br \/>\n&lt;li&gt;Paprastas prie\u017ei\u016bros ir valymo mechanizmas;&lt;\/li&gt;<br \/>\n&lt;li&gt;Tinkamas montavimui ant sienos arba lub\u0173;&lt;\/li&gt;<br \/>\n&lt;li&gt;IP44 apsaugos klas\u0117, B izoliacijos klas\u0117;&lt;\/li&gt;<br \/>\n&lt;li&gt;Pagaminta Europoje (Ispanijoje).&amp;nbsp;&lt;\/li&gt;<br \/>\n&lt;\/ul&gt;<br \/>\n&lt;p style=&quot;text-align: justify;&quot;&gt;&lt;strong&gt;Technical characteristics:&lt;\/strong&gt;&lt;\/p&gt;<br \/>\n&lt;ul&gt;<br \/>\n&lt;li&gt;Galia: 11 W;&lt;\/li&gt;<br \/>\n&lt;li&gt;Oro srautas: 210 m&amp;sup3;\/h;&lt;\/li&gt;<br \/>\n&lt;li&gt;Veikimo lygiai: 1;&lt;\/li&gt;<br \/>\n&lt;li&gt;Skersmuo: 118 mm;&lt;\/li&gt;<br \/>\n&lt;li&gt;Matmenys: 170 x 170 x 94 mm;&lt;\/li&gt;<br \/>\n&lt;li&gt;\u012etampa: 230 V;&lt;\/li&gt;<br \/>\n&lt;li&gt;Garsas: 33 dB (A);&lt;\/li&gt;<br \/>\n&lt;li&gt;Dr\u0117gm\u0117s reguliavimas:&amp;nbsp;nuo 45 % iki 90 %.&lt;\/li&gt;<br \/>\n&lt;\/ul&gt;<br \/>\n&lt;p&gt;&lt;a class=&quot;catalogue&quot; href=&quot;\/en\/images\/Userfiles\/www.rubisolis.lt_Istraukimo_ventiliatorius_CATA_E-100_G.pdf\/&quot; target=&quot;blank&quot;&gt;Download product manual&lt;\/a&gt;&lt;\/p&gt;<\/p>","protected":false},"excerpt":{"rendered":"<p>&lt;p style=&quot;text-align: justify;&quot;&gt;&lt;strong&gt;I&amp;scaron;traukimo ventiliatorius Cata E-120 G &amp;ndash; stilingas ir efektyvus ventiliacijos sprendimas j\u016bs\u0173 vonios kambariui ar kitoms patalpoms&lt;\/strong&gt;&lt;\/p&gt; &lt;p<\/p>","protected":false},"featured_media":29887,"comment_status":"closed","ping_status":"open","template":"","meta":[],"product_brand":[],"product_cat":[23],"product_tag":[535],"class_list":{"0":"post-29908","1":"product","2":"type-product","3":"status-publish","4":"has-post-thumbnail","6":"product_cat-be-kategorijos","7":"product_tag-naujiena","9":"first","10":"onbackorder","11":"taxable","12":"shipping-taxable","13":"product-type-variable"},"_links":{"self":[{"href":"https:\/\/orotech.lt\/en\/wp-json\/wp\/v2\/product\/29908","targetHints":{"allow":["GET"]}}],"collection":[{"href":"https:\/\/orotech.lt\/en\/wp-json\/wp\/v2\/product"}],"about":[{"href":"https:\/\/orotech.lt\/en\/wp-json\/wp\/v2\/types\/product"}],"replies":[{"embeddable":true,"href":"https:\/\/orotech.lt\/en\/wp-json\/wp\/v2\/comments?post=29908"}],"version-history":[{"count":1,"href":"https:\/\/orotech.lt\/en\/wp-json\/wp\/v2\/product\/29908\/revisions"}],"predecessor-version":[{"id":29909,"href":"https:\/\/orotech.lt\/en\/wp-json\/wp\/v2\/product\/29908\/revisions\/29909"}],"wp:featuredmedia":[{"embeddable":true,"href":"https:\/\/orotech.lt\/en\/wp-json\/wp\/v2\/media\/29887"}],"wp:attachment":[{"href":"https:\/\/orotech.lt\/en\/wp-json\/wp\/v2\/media?parent=29908"}],"wp:term":[{"taxonomy":"product_brand","embeddable":true,"href":"https:\/\/orotech.lt\/en\/wp-json\/wp\/v2\/product_brand?post=29908"},{"taxonomy":"product_cat","embeddable":true,"href":"https:\/\/orotech.lt\/en\/wp-json\/wp\/v2\/product_cat?post=29908"},{"taxonomy":"product_tag","embeddable":true,"href":"https:\/\/orotech.lt\/en\/wp-json\/wp\/v2\/product_tag?post=29908"}],"curies":[{"name":"wp","href":"https:\/\/api.w.org\/{rel}","templated":true}]}}