{"id":29920,"date":"2025-09-09T10:55:03","date_gmt":"2025-09-09T10:55:03","guid":{"rendered":"https:\/\/orotech.lt\/mobilus-oro-kondicionierius-trotec-pac-2620-e-wi-fi-2\/"},"modified":"2025-09-10T07:00:44","modified_gmt":"2025-09-10T07:00:44","slug":"mobilus-oro-kondicionierius-trotec-pac-2620-e-wi-fi-2","status":"publish","type":"product","link":"https:\/\/orotech.lt\/en\/mobilus-oro-kondicionierius-trotec-pac-2620-e-wi-fi-2\/","title":{"rendered":"Mobile air conditioner Trotec PAC 2620 E Wi-Fi"},"content":{"rendered":"<p>&lt;p&gt;&lt;strong&gt;3-in-1 functionality: cooling, ventilation and dehumidification&lt;\/strong&gt;&lt;br \/&gt;PAC 2620 E ne tik v\u0117sina or\u0105 &amp;ndash; jis taip pat veikia kaip oro sausintuvas ir ventiliatorius. &amp;Scaron;is oro kondicionierius pa&amp;scaron;alina iki 1,75 l dr\u0117gm\u0117s per valand\u0105, pad\u0117damas palaikyti sveikesn\u012f mikroklimat\u0105. Du ventiliacijos grei\u010diai leid\u017eia reguliuoti oro cirkuliacij\u0105 pagal poreik\u012f.&lt;\/p&gt;<br \/>\n&lt;p&gt;&lt;strong&gt;I&amp;scaron;manus valdymas ir paprastas naudojimas&lt;\/strong&gt;&lt;br \/&gt;Valdykite \u012frengin\u012f naudodamiesi integruotu LED ekranu, infraraudon\u0173j\u0173 spinduli\u0173 pulteliu arba per Wi-Fi jungt\u012f su mobili\u0105ja program\u0117le. Laikmatis leid\u017eia suplanuoti veikimo prad\u017ei\u0105 ar i&amp;scaron;sijungim\u0105 &amp;ndash; idealu nakties metu arba prie&amp;scaron; gr\u012f\u017etant namo.&lt;\/p&gt;<br \/>\n&lt;p&gt;&lt;strong&gt;Paruo&amp;scaron;tas naudojimui i&amp;scaron; karto&lt;\/strong&gt;&lt;br \/&gt;D\u0117l ratuk\u0173 ir patogi\u0173 ranken\u0173 oro kondicionieri\u0173 lengva perkelti i&amp;scaron; vienos patalpos \u012f kit\u0105. Komplekte rasite visk\u0105, ko reikia: i&amp;scaron;metimo \u017earn\u0105, lang\u0173 sandarinimo rinkin\u012f bei pultel\u012f. Taip pat \u012frenginys turi kondensato rezervuar\u0105 su \u012fsp\u0117jimo funkcija ir nutek\u0117jimo \u017earnos jungt\u012f nepertraukiamam veikimui.&lt;\/p&gt;<br \/>\n&lt;p&gt;&lt;strong&gt;Device features:&amp;nbsp;&amp;nbsp;&lt;\/strong&gt;&lt;\/p&gt;<br \/>\n&lt;ul&gt;<br \/>\n&lt;li&gt;Automatinis temperat\u016bros palaikymas;&lt;\/li&gt;<br \/>\n&lt;li&gt;Vaik\u0173 apsauga nuo atsitiktinio valdymo;&lt;\/li&gt;<br \/>\n&lt;li&gt;Savaiminio i&amp;scaron;sivalymo funkcija &amp;ndash; ma\u017eesn\u0117 bakterij\u0173 rizika;&lt;\/li&gt;<br \/>\n&lt;li&gt;Automatin\u0117 klaid\u0173 diagnostika &amp;ndash; greitesniam trik\u010di\u0173 &amp;scaron;alinimui;&lt;\/li&gt;<br \/>\n&lt;li&gt;Naudoja aplinkai draugi&amp;scaron;k\u0105 R290 &amp;scaron;altne&amp;scaron;\u012f.&amp;nbsp;&lt;\/li&gt;<br \/>\n&lt;\/ul&gt;<br \/>\n&lt;p&gt;&lt;strong&gt;Technical data:&amp;nbsp;&lt;\/strong&gt;&lt;\/p&gt;<br \/>\n&lt;ul&gt;<br \/>\n&lt;li&gt;V\u0117sinimo galia: 2,6 kW \/ 9 000 BTU;&lt;\/li&gt;<br \/>\n&lt;li&gt;Skirta patalpoms iki: 34 m&amp;sup2; (85 m&amp;sup3;);&lt;\/li&gt;<br \/>\n&lt;li&gt;Dr\u0117gm\u0117s surinkimas: iki 1,75 l\/val.;&lt;\/li&gt;<br \/>\n&lt;li&gt;Triuk&amp;scaron;mo lygis: iki 55 dB;&lt;\/li&gt;<br \/>\n&lt;li&gt;Energijos klas\u0117: A;&lt;\/li&gt;<br \/>\n&lt;li&gt;&amp;Scaron;altne&amp;scaron;is: R290 (gamtai draugi&amp;scaron;kas);&lt;\/li&gt;<br \/>\n&lt;li&gt;Wi-Fi valdymas: Taip;&lt;\/li&gt;<br \/>\n&lt;li&gt;I&amp;scaron;matavimai (mm): 348 x 350 x 701;&lt;\/li&gt;<br \/>\n&lt;li&gt;Maksimalus oro srautas &amp;ndash;&amp;nbsp; 330\u202fm&amp;sup3;\/val;&amp;nbsp;&lt;\/li&gt;<br \/>\n&lt;li&gt;Efektyvaus veikimo temperat\u016bra:&amp;nbsp;5\u202f&amp;deg;C &#8211; 35\u202f&amp;deg;C;&amp;nbsp;&lt;\/li&gt;<br \/>\n&lt;li&gt;Svoris: 24 kg.&amp;nbsp;&lt;\/li&gt;<br \/>\n&lt;\/ul&gt;<br \/>\n&lt;p&gt;&lt;a class=&quot;catalogue&quot; href=&quot;https:\/\/rubisolis.lt\/images\/Userfiles\/My_folder\/Instrukcijos\/PAC_2620_E_WiFi_mobilus_kondicionierius_instrukcija.pdf&quot; target=&quot;blank&quot;&gt;Download product manual&lt;\/a&gt;&lt;\/p&gt;<\/p>","protected":false},"excerpt":{"rendered":"<p>&lt;p&gt;&lt;strong&gt;3-in-1 functionality: cooling, ventilation and dehumidification&lt;\/strong&gt;&lt;br \/&gt;PAC 2620 E ne tik v\u0117sina or\u0105 &amp;ndash; jis taip pat veikia kaip<\/p>","protected":false},"featured_media":29922,"comment_status":"closed","ping_status":"open","template":"","meta":[],"product_brand":[],"product_cat":[23],"product_tag":[535],"class_list":{"0":"post-29920","1":"product","2":"type-product","3":"status-publish","4":"has-post-thumbnail","6":"product_cat-be-kategorijos","7":"product_tag-naujiena","9":"first","10":"onbackorder","11":"taxable","12":"shipping-taxable","13":"product-type-variable"},"_links":{"self":[{"href":"https:\/\/orotech.lt\/en\/wp-json\/wp\/v2\/product\/29920","targetHints":{"allow":["GET"]}}],"collection":[{"href":"https:\/\/orotech.lt\/en\/wp-json\/wp\/v2\/product"}],"about":[{"href":"https:\/\/orotech.lt\/en\/wp-json\/wp\/v2\/types\/product"}],"replies":[{"embeddable":true,"href":"https:\/\/orotech.lt\/en\/wp-json\/wp\/v2\/comments?post=29920"}],"version-history":[{"count":1,"href":"https:\/\/orotech.lt\/en\/wp-json\/wp\/v2\/product\/29920\/revisions"}],"predecessor-version":[{"id":29921,"href":"https:\/\/orotech.lt\/en\/wp-json\/wp\/v2\/product\/29920\/revisions\/29921"}],"wp:featuredmedia":[{"embeddable":true,"href":"https:\/\/orotech.lt\/en\/wp-json\/wp\/v2\/media\/29922"}],"wp:attachment":[{"href":"https:\/\/orotech.lt\/en\/wp-json\/wp\/v2\/media?parent=29920"}],"wp:term":[{"taxonomy":"product_brand","embeddable":true,"href":"https:\/\/orotech.lt\/en\/wp-json\/wp\/v2\/product_brand?post=29920"},{"taxonomy":"product_cat","embeddable":true,"href":"https:\/\/orotech.lt\/en\/wp-json\/wp\/v2\/product_cat?post=29920"},{"taxonomy":"product_tag","embeddable":true,"href":"https:\/\/orotech.lt\/en\/wp-json\/wp\/v2\/product_tag?post=29920"}],"curies":[{"name":"wp","href":"https:\/\/api.w.org\/{rel}","templated":true}]}}