{"id":29935,"date":"2025-09-09T10:55:03","date_gmt":"2025-09-09T10:55:03","guid":{"rendered":"https:\/\/orotech.lt\/mobilus-oro-kondicionierius-trotec-pac-3910-x-wi-fi-2\/"},"modified":"2025-09-10T07:00:46","modified_gmt":"2025-09-10T07:00:46","slug":"mobilus-oro-kondicionierius-trotec-pac-3910-x-wi-fi-2","status":"publish","type":"product","link":"https:\/\/orotech.lt\/en\/mobilus-oro-kondicionierius-trotec-pac-3910-x-wi-fi-2\/","title":{"rendered":"Mobile air conditioner Trotec PAC 3910 X Wi-Fi"},"content":{"rendered":"<p>&lt;p style=&quot;text-align: justify;&quot;&gt;&lt;strong&gt;3 functions in one device&lt;\/strong&gt;&lt;\/p&gt;<br \/>\n&lt;ul&gt;<br \/>\n&lt;li style=&quot;text-align: justify;&quot;&gt;V\u0117sinimas &amp;ndash; greitas ir tolygus patalpos temperat\u016bros suma\u017einimas.&lt;\/li&gt;<br \/>\n&lt;li style=&quot;text-align: justify;&quot;&gt;Dr\u0117gm\u0117s surinkimas &amp;ndash; pa&amp;scaron;alina iki 3,75 l\/h dr\u0117gm\u0117s, pagerindamas mikroklimat\u0105.&lt;\/li&gt;<br \/>\n&lt;li style=&quot;text-align: justify;&quot;&gt;V\u0117dinimas &amp;ndash; oro cirkuliacija be v\u0117sinimo ar sausinimo.&amp;nbsp;&lt;\/li&gt;<br \/>\n&lt;\/ul&gt;<br \/>\n&lt;p style=&quot;text-align: justify;&quot;&gt;&lt;strong&gt;Control via WiFi and remote control&lt;\/strong&gt;&lt;br \/&gt;Naudokite mobil\u0173j\u012f telefon\u0105 arba infraraudon\u0173j\u0173 spinduli\u0173 valdymo pult\u0105 &amp;ndash; reguliuokite temperat\u016br\u0105, ventiliatoriaus greit\u012f ar \u012fjunkite naktin\u012f re\u017eim\u0105 net nei&amp;scaron;lip\u0119 i&amp;scaron; lovos.&amp;nbsp;&lt;\/p&gt;<br \/>\n&lt;p style=&quot;text-align: justify;&quot;&gt;&lt;strong&gt;Automatic mode, timer and sleep function&lt;\/strong&gt;&lt;br \/&gt;I&amp;scaron;manus automatinis re\u017eimas prisitaiko prie kambario temperat\u016bros, o laikmatis leid\u017eia nustatyti automatin\u012f \u012fsijungim\u0105\/i&amp;scaron;sijungim\u0105. Miego re\u017eimas tyliai palaiko komforti&amp;scaron;k\u0105 temperat\u016br\u0105 nakt\u012f.&amp;nbsp;&lt;\/p&gt;<br \/>\n&lt;p style=&quot;text-align: justify;&quot;&gt;&lt;strong&gt;Mobile and easy to install&lt;\/strong&gt;&lt;br \/&gt;Easy to move thanks to wheels and handles. Installation does not require complicated work - a window sealing kit is enough (available separately).&amp;nbsp;&lt;\/p&gt;<br \/>\n&lt;p style=&quot;text-align: justify;&quot;&gt;&lt;strong&gt;Follow-Me feature&lt;\/strong&gt;&lt;br \/&gt;Temperat\u016bra matuojama ten, kur esate j\u016bs &amp;ndash; \u012frenginys automati&amp;scaron;kai pritaiko veikim\u0105 pagal pultelio buvimo viet\u0105.&amp;nbsp;&lt;\/p&gt;<br \/>\n&lt;p style=&quot;text-align: justify;&quot;&gt;&lt;strong&gt;Device features:&lt;\/strong&gt;&lt;\/p&gt;<br \/>\n&lt;ul&gt;<br \/>\n&lt;li&gt;3 funkcijos: v\u0117sinimas, sausinimas, ventiliacija;&lt;\/li&gt;<br \/>\n&lt;li&gt;Valdymas per WiFi ir IR pultel\u012f;&lt;\/li&gt;<br \/>\n&lt;li&gt;&amp;bdquo;Follow-Me&amp;ldquo; temperat\u016bros kontrol\u0117;&lt;\/li&gt;<br \/>\n&lt;li&gt;Automatinis re\u017eimas ir laikmatis;&lt;\/li&gt;<br \/>\n&lt;li&gt;Miego funkcija &amp;ndash; tylus veikimas nakt\u012f;&lt;\/li&gt;<br \/>\n&lt;li&gt;Automatinis kondensato i&amp;scaron;garinimas;&lt;\/li&gt;<br \/>\n&lt;li&gt;Kompakti&amp;scaron;kas, su ratukais ir rankenomis;&lt;\/li&gt;<br \/>\n&lt;li&gt;Naudoja ekologi&amp;scaron;k\u0105 &amp;scaron;altne&amp;scaron;\u012f R290.&amp;nbsp;&lt;\/li&gt;<br \/>\n&lt;\/ul&gt;<br \/>\n&lt;p&gt;&lt;strong&gt;Technical information:&lt;\/strong&gt;&lt;\/p&gt;<br \/>\n&lt;ul&gt;<br \/>\n&lt;li&gt;V\u0117sinimo galia 4,1 kW \/ 14 000 BTU;&lt;\/li&gt;<br \/>\n&lt;li&gt;Tinkamas patalpoms iki 52 m&amp;sup2; \/ 130 m&amp;sup3;;&lt;\/li&gt;<br \/>\n&lt;li&gt;Oro srautas (maks.) 425 m&amp;sup3;\/val.;&lt;\/li&gt;<br \/>\n&lt;li&gt;Dr\u0117gm\u0117s surinkimas 3,75 l\/val.;&lt;\/li&gt;<br \/>\n&lt;li&gt;Ventiliatoriaus grei\u010diai 3;&lt;\/li&gt;<br \/>\n&lt;li&gt;Temperat\u016bros ribos nuo 17 &amp;deg;C iki 30 &amp;deg;C;&lt;\/li&gt;<br \/>\n&lt;li&gt;Triuk&amp;scaron;mo lygis (maks.) 65 dB(A);&lt;\/li&gt;<br \/>\n&lt;li&gt;Maitinimo \u012ftampa 220&amp;ndash;240 V \/ 50 Hz;&lt;\/li&gt;<br \/>\n&lt;li&gt;Galia (maks.) 1,6 kW;&lt;\/li&gt;<br \/>\n&lt;li&gt;&amp;Scaron;altne&amp;scaron;is R290 (230 g);&lt;\/li&gt;<br \/>\n&lt;li&gt;Kondensato &amp;scaron;alinimas automatinis arba per drena\u017eo \u017earn\u0105;&lt;\/li&gt;<br \/>\n&lt;li&gt;I&amp;scaron;metimo \u017earnos ilgis \/ skersmuo 1,5 m \/ 147 mm;&lt;\/li&gt;<br \/>\n&lt;li&gt;Matmenys (IxPxA) 467 &amp;times; 397 &amp;times; 765 mm;&lt;\/li&gt;<br \/>\n&lt;li&gt;Svoris 34 kg;&lt;\/li&gt;<br \/>\n&lt;li&gt;Minimalus kambario plotas 12 m&amp;sup2;.&amp;nbsp;&lt;\/li&gt;<br \/>\n&lt;\/ul&gt;<br \/>\n&lt;p&gt;&lt;a class=&quot;catalogue&quot; href=&quot;https:\/\/rubisolis.lt\/images\/Userfiles\/My_folder\/Instrukcijos\/PAC_3910_X_mobilaus_kondicionieriaus_instrukcija.pdf&quot; target=&quot;blank&quot;&gt;Download product manual&lt;\/a&gt;&lt;\/p&gt;<\/p>","protected":false},"excerpt":{"rendered":"<p>&lt;p style=&quot;text-align: justify;&quot;&gt;&lt;strong&gt;3 functions in one device&lt;\/strong&gt;&lt;\/p&gt; &lt;ul&gt; &lt;li style=&quot;text-align: justify;&quot;&gt;Cooling &ndash; rapid and uniform reduction of room temperature.&lt;\/li&gt; &lt;li style=&quot;text-align: justify;&quot;&gt;Dr\u0117gm\u0117s<\/p>","protected":false},"featured_media":29937,"comment_status":"closed","ping_status":"open","template":"","meta":[],"product_brand":[],"product_cat":[23],"product_tag":[535],"class_list":{"0":"post-29935","1":"product","2":"type-product","3":"status-publish","4":"has-post-thumbnail","6":"product_cat-be-kategorijos","7":"product_tag-naujiena","9":"first","10":"onbackorder","11":"taxable","12":"shipping-taxable","13":"product-type-variable"},"_links":{"self":[{"href":"https:\/\/orotech.lt\/en\/wp-json\/wp\/v2\/product\/29935","targetHints":{"allow":["GET"]}}],"collection":[{"href":"https:\/\/orotech.lt\/en\/wp-json\/wp\/v2\/product"}],"about":[{"href":"https:\/\/orotech.lt\/en\/wp-json\/wp\/v2\/types\/product"}],"replies":[{"embeddable":true,"href":"https:\/\/orotech.lt\/en\/wp-json\/wp\/v2\/comments?post=29935"}],"version-history":[{"count":1,"href":"https:\/\/orotech.lt\/en\/wp-json\/wp\/v2\/product\/29935\/revisions"}],"predecessor-version":[{"id":29936,"href":"https:\/\/orotech.lt\/en\/wp-json\/wp\/v2\/product\/29935\/revisions\/29936"}],"wp:featuredmedia":[{"embeddable":true,"href":"https:\/\/orotech.lt\/en\/wp-json\/wp\/v2\/media\/29937"}],"wp:attachment":[{"href":"https:\/\/orotech.lt\/en\/wp-json\/wp\/v2\/media?parent=29935"}],"wp:term":[{"taxonomy":"product_brand","embeddable":true,"href":"https:\/\/orotech.lt\/en\/wp-json\/wp\/v2\/product_brand?post=29935"},{"taxonomy":"product_cat","embeddable":true,"href":"https:\/\/orotech.lt\/en\/wp-json\/wp\/v2\/product_cat?post=29935"},{"taxonomy":"product_tag","embeddable":true,"href":"https:\/\/orotech.lt\/en\/wp-json\/wp\/v2\/product_tag?post=29935"}],"curies":[{"name":"wp","href":"https:\/\/api.w.org\/{rel}","templated":true}]}}