{"id":29944,"date":"2025-09-09T10:55:03","date_gmt":"2025-09-09T10:55:03","guid":{"rendered":"https:\/\/orotech.lt\/halogeninis-infraraudonuju-spinduliu-sildytuvas-varma-v400-3-60-2\/"},"modified":"2025-09-10T07:00:46","modified_gmt":"2025-09-10T07:00:46","slug":"halogeninis-infraraudonuju-spinduliu-sildytuvas-varma-v400-3-60-2","status":"publish","type":"product","link":"https:\/\/orotech.lt\/en\/halogeninis-infraraudonuju-spinduliu-sildytuvas-varma-v400-3-60-2\/","title":{"rendered":"Halogen infrared heater Varma V400\/3-60"},"content":{"rendered":"<p>&lt;p style=&quot;text-align: justify;&quot;&gt;&lt;strong&gt;&amp;Scaron;ildytuvas Varma V400\/3-60&amp;nbsp;yra universalus &amp;scaron;ildytuvas sienoms ir luboms, skirtas vidaus ir lauko erdv\u0117ms&amp;nbsp;&lt;\/strong&gt;&lt;\/p&gt;<br \/>\n&lt;p style=&quot;text-align: justify;&quot;&gt;Varma V400\/3-60&amp;nbsp;galima naudoti tiek u\u017edarose patalpose, tiek atvirose zonose dirbant \u012fvairius darbus ar leid\u017eiant laisvalaik\u012f. &amp;Scaron;iluma juntama vos tik \u012fjungus prietais\u0105. &amp;Scaron;is &amp;scaron;ildytuvas yra atspar\u016bs lietui (IPX5), o patentuotas ir i&amp;scaron;skirtinai didelis j\u0173 reflektorius garantuoja tolyg\u0173 ir efektyv\u0173 reikiamos zonos &amp;scaron;ildym\u0105.&lt;\/p&gt;<br \/>\n&lt;p style=&quot;text-align: justify;&quot;&gt;Halogeninis infraraudon\u0173j\u0173 spinduli\u0173 &amp;scaron;ildytuvas Varma V400\/3-60&amp;nbsp;parduodamas su elektros kabeliu bei laikikliais, skirtais &amp;scaron;ildytuv\u0105 tvirtinti prie sienos ar lub\u0173. Norint, kad &amp;scaron;ildymas b\u016bt\u0173 dar efektyvesnis, gamintojas rekomenduoja pritvirtinus prietais\u0105 prie sienos ar stovo, pakreipti j\u012f 45&amp;deg; kampu \u017eemyn. &amp;Scaron;is kompakti&amp;scaron;kas &amp;scaron;ildytuvas, galintis ap&amp;scaron;ildyti iki 44 kv. metr\u0173 ploto puikiai pasitarnaus terasose, verandose, parduotuv\u0117se, kavin\u0117se, gara\u017euose ir kt.&lt;\/p&gt;<br \/>\n&lt;p&gt;&lt;strong&gt;Advantages:&lt;\/strong&gt;&lt;\/p&gt;<br \/>\n&lt;ul&gt;<br \/>\n&lt;li style=&quot;text-align: justify;&quot;&gt;Profesional\u016bs IR &amp;scaron;ildytuvai, kuri\u0173 kokyb\u0119, efektyvum\u0105 ir funkcionalum\u0105 \u012fvertino &amp;scaron;imtai pramonini\u0173 ir priva\u010di\u0173 klient\u0173 Lietuvoje;&lt;\/li&gt;<br \/>\n&lt;li style=&quot;text-align: justify;&quot;&gt;Integruoti special\u016bs halogeniniai kaitinimo elementai nereikalauja prie\u017ei\u016bros ir efektyviai &amp;scaron;ildo daugiau nei 7000 valand\u0173;&lt;\/li&gt;<br \/>\n&lt;li style=&quot;text-align: justify;&quot;&gt;Kei\u010diamas kaitinimo elementas, tad Jums nereik\u0117s pirkti naujo &amp;scaron;ildytuvo elementui nustojus &amp;scaron;ildyti;&lt;\/li&gt;<br \/>\n&lt;li style=&quot;text-align: justify;&quot;&gt;Efektyviai &amp;scaron;ilum\u0105 reikiamu kampu nukreipiantys reflektoriai pagaminti i&amp;scaron; auk&amp;scaron;\u010diausios kokyb\u0117s med\u017eiag\u0173;&lt;\/li&gt;<br \/>\n&lt;li style=&quot;text-align: justify;&quot;&gt;&amp;Scaron;ildytuvus naudojant atskir\u0173 zon\u0173 &amp;scaron;ildymui galima sutaupyti iki 70% &amp;scaron;ilumos energijos bei i&amp;scaron;laid\u0173.&lt;\/li&gt;<br \/>\n&lt;\/ul&gt;<br \/>\n&lt;p&gt;&lt;strong&gt;Technical characteristics:&lt;br \/&gt;&lt;\/strong&gt;&lt;\/p&gt;<br \/>\n&lt;ul&gt;<br \/>\n&lt;li&gt;Galia: 6000 W;&lt;\/li&gt;<br \/>\n&lt;li&gt;Apsaugos klas\u0117: IPX5;&lt;\/li&gt;<br \/>\n&lt;li&gt;&amp;Scaron;ildomas plotas: 44 m&amp;sup2;;&lt;\/li&gt;<br \/>\n&lt;li&gt;Rekomenduojamas maks. montavimo auk&amp;scaron;tis: 4-4.5 m;&lt;\/li&gt;<br \/>\n&lt;li&gt;Matmenys: 1240 x 220 x 130&amp;nbsp;mm;&lt;\/li&gt;<br \/>\n&lt;li&gt;Paskirtis: lauko ir vidaus patalpoms.&lt;\/li&gt;<br \/>\n&lt;\/ul&gt;<br \/>\n&lt;p&gt;&lt;strong&gt;The package includes:&lt;\/strong&gt;&lt;\/p&gt;<br \/>\n&lt;ul&gt;<br \/>\n&lt;li&gt;3 vnt. maitinimo kabeli\u0173;&lt;\/li&gt;<br \/>\n&lt;li&gt;2 vnt. tvirtinimai prie sienos arba lub\u0173.&lt;\/li&gt;<br \/>\n&lt;\/ul&gt;<\/p>","protected":false},"excerpt":{"rendered":"<p>&lt;p style=&quot;text-align: justify;&quot;&gt;&lt;strong&gt;&amp;Scaron;ildytuvas Varma V400\/3-60&amp;nbsp;yra universalus &amp;scaron;ildytuvas sienoms ir luboms, skirtas vidaus ir lauko erdv\u0117ms&amp;nbsp;&lt;\/strong&gt;&lt;\/p&gt; &lt;p style=&quot;text-align: justify;&quot;&gt;Varma V400\/3-60&amp;nbsp;galima naudoti<\/p>","protected":false},"featured_media":29946,"comment_status":"closed","ping_status":"open","template":"","meta":[],"product_brand":[],"product_cat":[23],"product_tag":[535],"class_list":{"0":"post-29944","1":"product","2":"type-product","3":"status-publish","4":"has-post-thumbnail","6":"product_cat-be-kategorijos","7":"product_tag-naujiena","9":"first","10":"onbackorder","11":"taxable","12":"shipping-taxable","13":"product-type-variable"},"_links":{"self":[{"href":"https:\/\/orotech.lt\/en\/wp-json\/wp\/v2\/product\/29944","targetHints":{"allow":["GET"]}}],"collection":[{"href":"https:\/\/orotech.lt\/en\/wp-json\/wp\/v2\/product"}],"about":[{"href":"https:\/\/orotech.lt\/en\/wp-json\/wp\/v2\/types\/product"}],"replies":[{"embeddable":true,"href":"https:\/\/orotech.lt\/en\/wp-json\/wp\/v2\/comments?post=29944"}],"version-history":[{"count":1,"href":"https:\/\/orotech.lt\/en\/wp-json\/wp\/v2\/product\/29944\/revisions"}],"predecessor-version":[{"id":29945,"href":"https:\/\/orotech.lt\/en\/wp-json\/wp\/v2\/product\/29944\/revisions\/29945"}],"wp:featuredmedia":[{"embeddable":true,"href":"https:\/\/orotech.lt\/en\/wp-json\/wp\/v2\/media\/29946"}],"wp:attachment":[{"href":"https:\/\/orotech.lt\/en\/wp-json\/wp\/v2\/media?parent=29944"}],"wp:term":[{"taxonomy":"product_brand","embeddable":true,"href":"https:\/\/orotech.lt\/en\/wp-json\/wp\/v2\/product_brand?post=29944"},{"taxonomy":"product_cat","embeddable":true,"href":"https:\/\/orotech.lt\/en\/wp-json\/wp\/v2\/product_cat?post=29944"},{"taxonomy":"product_tag","embeddable":true,"href":"https:\/\/orotech.lt\/en\/wp-json\/wp\/v2\/product_tag?post=29944"}],"curies":[{"name":"wp","href":"https:\/\/api.w.org\/{rel}","templated":true}]}}