{"id":29952,"date":"2025-09-09T11:00:02","date_gmt":"2025-09-09T11:00:02","guid":{"rendered":"https:\/\/orotech.lt\/halogeninis-infraraudonuju-spinduliu-sildytuvas-varma-v66-15-2\/"},"modified":"2025-09-10T07:00:48","modified_gmt":"2025-09-10T07:00:48","slug":"halogeninis-infraraudonuju-spinduliu-sildytuvas-varma-v66-15-2","status":"publish","type":"product","link":"https:\/\/orotech.lt\/en\/halogeninis-infraraudonuju-spinduliu-sildytuvas-varma-v66-15-2\/","title":{"rendered":"Halogen infrared heater Varma V66\/15"},"content":{"rendered":"<p>&lt;p style=&quot;text-align: justify;&quot;&gt;&lt;strong&gt;Varma V66\/15 halogeninis infraraudon\u0173j\u0173 spinduli\u0173 &amp;scaron;ildytuvas &amp;ndash; patikima &amp;scaron;iluma intensyviai naudojamose erdv\u0117se&lt;\/strong&gt;&lt;\/p&gt;<br \/>\n&lt;p style=&quot;text-align: justify;&quot;&gt;Varma V66\/15 sieninis &amp;scaron;ildytuvas u\u017etikrina jauki\u0105 ir krypting\u0105 &amp;scaron;ilum\u0105 iki 15 m&amp;sup2;, tod\u0117l yra puikus pasirinkimas vidaus patalpoms arba nuo v\u0117jo apsaugotoms lauko zonoms. Tvirta aliuminio konstrukcija ir integruotas apsauginis stiklas garantuoja ilgaam\u017ei&amp;scaron;kum\u0105 bei saug\u0173 naudojim\u0105.&amp;nbsp;&amp;Scaron;is &amp;scaron;ildytuvas priklauso IP66 apsaugos klasei, kuri nurodo \u012frenginio atsparum\u0105 vandeniui, dr\u0117gmei, dulk\u0117ms. Tai profesionalus &amp;scaron;ildymo sprendimas, sukurtas atlaikyti sud\u0117tingas oro s\u0105lygas ir didel\u012f \u017emoni\u0173 sraut\u0105. Saugus, patikimas ir esteti&amp;scaron;kai pritaikomas \u012fvairiose erdv\u0117se.&amp;nbsp;&lt;\/p&gt;<br \/>\n&lt;p style=&quot;text-align: justify;&quot;&gt;&lt;strong&gt;Advantages:&lt;\/strong&gt;&lt;\/p&gt;<br \/>\n&lt;ul&gt;<br \/>\n&lt;li style=&quot;text-align: justify;&quot;&gt;Pasukamas modelis, skirtas montuoti ant sienos ir prie lub\u0173;&lt;\/li&gt;<br \/>\n&lt;li style=&quot;text-align: justify;&quot;&gt;Liejamo aliuminio konstrukcija;&lt;\/li&gt;<br \/>\n&lt;li style=&quot;text-align: justify;&quot;&gt;Su specialiu kar&amp;scaron;\u010diui atspariu apsauginiu stiklu;&lt;\/li&gt;<br \/>\n&lt;li style=&quot;text-align: justify;&quot;&gt;IP66 apsaugos klas\u0117: vandeniui atsparus, apsaugotas nuo lietaus, dr\u0117gm\u0117s, vandens \u010diurk&amp;scaron;li\u0173, dulki\u0173;&lt;\/li&gt;<br \/>\n&lt;li style=&quot;text-align: justify;&quot;&gt;Profesional\u016bs IR &amp;scaron;ildytuvai, kuri\u0173 kokyb\u0119, efektyvum\u0105 ir funkcionalum\u0105 \u012fvertino &amp;scaron;imtai pramonini\u0173 ir priva\u010di\u0173 klient\u0173 Lietuvoje;&lt;\/li&gt;<br \/>\n&lt;li style=&quot;text-align: justify;&quot;&gt;Integruoti special\u016bs halogeniniai kaitinimo elementai nereikalauja prie\u017ei\u016bros ir efektyviai &amp;scaron;ildo daugiau nei 7000 valand\u0173;&lt;\/li&gt;<br \/>\n&lt;li style=&quot;text-align: justify;&quot;&gt;Kei\u010diamas kaitinimo elementas, tad Jums nereik\u0117s pirkti naujo &amp;scaron;ildytuvo elementui nustojus &amp;scaron;ildyti;&lt;\/li&gt;<br \/>\n&lt;li style=&quot;text-align: justify;&quot;&gt;Efektyviai &amp;scaron;ilum\u0105 reikiamu kampu nukreipiantys reflektoriai pagaminti i&amp;scaron; auk&amp;scaron;\u010diausios kokyb\u0117s med\u017eiag\u0173;&lt;\/li&gt;<br \/>\n&lt;li style=&quot;text-align: justify;&quot;&gt;&amp;Scaron;ildytuvus naudojant atskir\u0173 zon\u0173 &amp;scaron;ildymui galima sutaupyti iki 70% &amp;scaron;ilumos energijos bei i&amp;scaron;laid\u0173.&lt;\/li&gt;<br \/>\n&lt;\/ul&gt;<br \/>\n&lt;p style=&quot;text-align: justify;&quot;&gt;&lt;strong&gt;Technical characteristics:&lt;br \/&gt;&lt;\/strong&gt;&lt;\/p&gt;<br \/>\n&lt;ul&gt;<br \/>\n&lt;li style=&quot;text-align: justify;&quot;&gt;Galia: 1500 W;&lt;\/li&gt;<br \/>\n&lt;li style=&quot;text-align: justify;&quot;&gt;Apsaugos klas\u0117: IP66;&lt;\/li&gt;<br \/>\n&lt;li style=&quot;text-align: justify;&quot;&gt;&amp;Scaron;ildomas plotas: 15 m&amp;sup2;;&lt;\/li&gt;<br \/>\n&lt;li style=&quot;text-align: justify;&quot;&gt;Rekomenduojamas maks. montavimo auk&amp;scaron;tis: 2.5-2.6 m;&lt;\/li&gt;<br \/>\n&lt;li style=&quot;text-align: justify;&quot;&gt;Matmenys: 527 x 323 x 226&amp;nbsp;mm;&lt;\/li&gt;<br \/>\n&lt;li style=&quot;text-align: justify;&quot;&gt;Paskirtis: lauko ir vidaus patalpoms.&lt;\/li&gt;<br \/>\n&lt;\/ul&gt;<br \/>\n&lt;p style=&quot;text-align: justify;&quot;&gt;&lt;strong&gt;The package includes:&lt;\/strong&gt;&lt;\/p&gt;<br \/>\n&lt;ul&gt;<br \/>\n&lt;li style=&quot;text-align: justify;&quot;&gt;Tvirtinimai prie sienos arba lub\u0173.&lt;\/li&gt;<br \/>\n&lt;\/ul&gt;<\/p>","protected":false},"excerpt":{"rendered":"<p>&lt;p style=&quot;text-align: justify;&quot;&gt;&lt;strong&gt;Varma V66\/15 halogeninis infraraudon\u0173j\u0173 spinduli\u0173 &amp;scaron;ildytuvas &amp;ndash; patikima &amp;scaron;iluma intensyviai naudojamose erdv\u0117se&lt;\/strong&gt;&lt;\/p&gt; &lt;p style=&quot;text-align: justify;&quot;&gt;Varma V66\/15 sieninis &amp;scaron;ildytuvas<\/p>","protected":false},"featured_media":29954,"comment_status":"closed","ping_status":"open","template":"","meta":[],"product_brand":[],"product_cat":[23],"product_tag":[535],"class_list":{"0":"post-29952","1":"product","2":"type-product","3":"status-publish","4":"has-post-thumbnail","6":"product_cat-be-kategorijos","7":"product_tag-naujiena","9":"first","10":"onbackorder","11":"taxable","12":"shipping-taxable","13":"product-type-variable"},"_links":{"self":[{"href":"https:\/\/orotech.lt\/en\/wp-json\/wp\/v2\/product\/29952","targetHints":{"allow":["GET"]}}],"collection":[{"href":"https:\/\/orotech.lt\/en\/wp-json\/wp\/v2\/product"}],"about":[{"href":"https:\/\/orotech.lt\/en\/wp-json\/wp\/v2\/types\/product"}],"replies":[{"embeddable":true,"href":"https:\/\/orotech.lt\/en\/wp-json\/wp\/v2\/comments?post=29952"}],"version-history":[{"count":1,"href":"https:\/\/orotech.lt\/en\/wp-json\/wp\/v2\/product\/29952\/revisions"}],"predecessor-version":[{"id":29953,"href":"https:\/\/orotech.lt\/en\/wp-json\/wp\/v2\/product\/29952\/revisions\/29953"}],"wp:featuredmedia":[{"embeddable":true,"href":"https:\/\/orotech.lt\/en\/wp-json\/wp\/v2\/media\/29954"}],"wp:attachment":[{"href":"https:\/\/orotech.lt\/en\/wp-json\/wp\/v2\/media?parent=29952"}],"wp:term":[{"taxonomy":"product_brand","embeddable":true,"href":"https:\/\/orotech.lt\/en\/wp-json\/wp\/v2\/product_brand?post=29952"},{"taxonomy":"product_cat","embeddable":true,"href":"https:\/\/orotech.lt\/en\/wp-json\/wp\/v2\/product_cat?post=29952"},{"taxonomy":"product_tag","embeddable":true,"href":"https:\/\/orotech.lt\/en\/wp-json\/wp\/v2\/product_tag?post=29952"}],"curies":[{"name":"wp","href":"https:\/\/api.w.org\/{rel}","templated":true}]}}