{"id":29960,"date":"2025-09-09T11:00:02","date_gmt":"2025-09-09T11:00:02","guid":{"rendered":"https:\/\/orotech.lt\/halogeninis-infraraudonuju-spinduliu-sildytuvas-varma-tower-2\/"},"modified":"2025-09-10T07:00:50","modified_gmt":"2025-09-10T07:00:50","slug":"halogeninis-infraraudonuju-spinduliu-sildytuvas-varma-tower-2","status":"publish","type":"product","link":"https:\/\/orotech.lt\/en\/halogeninis-infraraudonuju-spinduliu-sildytuvas-varma-tower-2\/","title":{"rendered":"Halogen infrared heater Varma Tower"},"content":{"rendered":"<p>&lt;p style=&quot;text-align: justify;&quot;&gt;&lt;strong&gt;Lauko infraraudon\u0173j\u0173 spinduli\u0173 &amp;scaron;ildytuvas VARMA TOWER 3000W &amp;ndash; efektyvi &amp;scaron;iluma su Amber Light technologija&amp;nbsp;&lt;\/strong&gt;&lt;\/p&gt;<br \/>\n&lt;p style=&quot;text-align: justify;&quot;&gt;VARMA TOWER &amp;ndash; tai galingas grindinis infraraudon\u0173j\u0173 spinduli\u0173 &amp;scaron;ildytuvas, puikiai tinkantis naudoti vidaus patalpose, kur reikalingas tiesioginis, &amp;scaron;velnus ir efektyvus &amp;scaron;ilumos &amp;scaron;altinis. D\u0117l dviej\u0173 reguliuojam\u0173 &amp;scaron;ildymo galvu\u010di\u0173 u\u017etikrinamas platus &amp;scaron;ilumos paskirstymas.&amp;nbsp;VARMA TOWER &amp;ndash; tai eleganti&amp;scaron;kas, stabilus ir profesionaliam naudojimui pritaikytas &amp;scaron;ildytuvas. Idealiai tinka restoranams, kavini\u0173 terasoms, rengini\u0173 sal\u0117ms, kur reikalinga komforti&amp;scaron;ka &amp;scaron;iluma be ry&amp;scaron;kios &amp;scaron;viesos.&amp;nbsp;&lt;\/p&gt;<br \/>\n&lt;p style=&quot;text-align: justify;&quot;&gt;&lt;strong&gt;Advantages:&lt;\/strong&gt;&lt;\/p&gt;<br \/>\n&lt;ul&gt;<br \/>\n&lt;li&gt;Galia 3000 W &amp;ndash; u\u017etikrina greit\u0105 ir intensyvi\u0105 &amp;scaron;ilum\u0105;&lt;\/li&gt;<br \/>\n&lt;li&gt;IP20 apsaugos klas\u0117 skirtas naudoti viduje, o IPX5 apsaugos klas\u0117 leid\u017eia naudoti lauko s\u0105lygomis;&lt;\/li&gt;<br \/>\n&lt;li&gt;Amber Light technologija: &amp;scaron;ildytuvo lemput\u0117 skleid\u017eia iki 80 % ma\u017eiau &amp;scaron;viesos, tod\u0117l sukuria malonesn\u0119 atmosfer\u0105 be akinimo;&lt;\/li&gt;<br \/>\n&lt;li&gt;Apsauga nuo kritimo automatinis i&amp;scaron;sijungimas nukritus arba susid\u016brus &amp;ndash; padidina saugum\u0105;&lt;\/li&gt;<br \/>\n&lt;li&gt;Profesional\u016bs IR &amp;scaron;ildytuvai, kuri\u0173 kokyb\u0119, efektyvum\u0105 ir funkcionalum\u0105 \u012fvertino &amp;scaron;imtai pramonini\u0173 ir priva\u010di\u0173 klient\u0173 Lietuvoje;&lt;\/li&gt;<br \/>\n&lt;li&gt;Integruoti special\u016bs halogeniniai kaitinimo elementai nereikalauja prie\u017ei\u016bros ir efektyviai &amp;scaron;ildo daugiau nei 7000 valand\u0173;&lt;\/li&gt;<br \/>\n&lt;li&gt;Kei\u010diamas kaitinimo elementas, tad Jums nereik\u0117s pirkti naujo &amp;scaron;ildytuvo elementui nustojus &amp;scaron;ildyti;&lt;\/li&gt;<br \/>\n&lt;li&gt;Efektyviai &amp;scaron;ilum\u0105 reikiamu kampu nukreipiantys reflektoriai pagaminti i&amp;scaron; auk&amp;scaron;\u010diausios kokyb\u0117s med\u017eiag\u0173;&lt;\/li&gt;<br \/>\n&lt;li&gt;&amp;Scaron;ildytuvus naudojant atskir\u0173 zon\u0173 &amp;scaron;ildymui galima sutaupyti iki 70% &amp;scaron;ilumos energijos bei i&amp;scaron;laid\u0173.&lt;\/li&gt;<br \/>\n&lt;\/ul&gt;<br \/>\n&lt;p style=&quot;text-align: justify;&quot;&gt;&lt;strong&gt;Technical characteristics:&lt;br \/&gt;&lt;\/strong&gt;&lt;\/p&gt;<br \/>\n&lt;ul&gt;<br \/>\n&lt;li style=&quot;text-align: justify;&quot;&gt;Galia: 3000 W;&lt;\/li&gt;<br \/>\n&lt;li style=&quot;text-align: justify;&quot;&gt;Apsaugos klas\u0117: IP20 \/ IPX5;&lt;\/li&gt;<br \/>\n&lt;li style=&quot;text-align: justify;&quot;&gt;&amp;Scaron;ildomas plotas: 25 m&amp;sup2;;&lt;\/li&gt;<br \/>\n&lt;li style=&quot;text-align: justify;&quot;&gt;\u012erenginio matmenys: 51 &amp;times; 21 &amp;times; 15 cm;&lt;\/li&gt;<br \/>\n&lt;li style=&quot;text-align: justify;&quot;&gt;Bendras auk&amp;scaron;tis: 250 cm;&lt;\/li&gt;<br \/>\n&lt;li style=&quot;text-align: justify;&quot;&gt;Pagrindo matmenys: 70 &amp;times; 82 cm;&lt;\/li&gt;<br \/>\n&lt;li style=&quot;text-align: justify;&quot;&gt;&amp;Scaron;onin\u0117s rankenos ilgis: 80 cm;&lt;\/li&gt;<br \/>\n&lt;li style=&quot;text-align: justify;&quot;&gt;Svoris: 29 kg;&lt;\/li&gt;<br \/>\n&lt;li style=&quot;text-align: justify;&quot;&gt;Paskirtis: lauko ir vidaus patalpoms.&lt;\/li&gt;<br \/>\n&lt;\/ul&gt;<br \/>\n&lt;p style=&quot;text-align: justify;&quot;&gt;&lt;strong&gt;The package includes:&lt;\/strong&gt;&lt;\/p&gt;<br \/>\n&lt;ul&gt;<br \/>\n&lt;li style=&quot;text-align: justify;&quot;&gt;Maitinimo laidas (3 m);&lt;\/li&gt;<br \/>\n&lt;li style=&quot;text-align: justify;&quot;&gt;Schuko ki&amp;scaron;tukas;&lt;\/li&gt;<br \/>\n&lt;li style=&quot;text-align: justify;&quot;&gt;2 jungikliai atskiram&amp;nbsp;&amp;scaron;ildytuv\u0173 valdymui.&lt;\/li&gt;<br \/>\n&lt;\/ul&gt;<\/p>","protected":false},"excerpt":{"rendered":"<p>&lt;p style=&quot;text-align: justify;&quot;&gt;&lt;strong&gt;Lauko infraraudon\u0173j\u0173 spinduli\u0173 &amp;scaron;ildytuvas VARMA TOWER 3000W &amp;ndash; efektyvi &amp;scaron;iluma su Amber Light technologija&amp;nbsp;&lt;\/strong&gt;&lt;\/p&gt; &lt;p style=&quot;text-align: justify;&quot;&gt;VARMA TOWER<\/p>","protected":false},"featured_media":29962,"comment_status":"closed","ping_status":"open","template":"","meta":[],"product_brand":[],"product_cat":[23],"product_tag":[535],"class_list":{"0":"post-29960","1":"product","2":"type-product","3":"status-publish","4":"has-post-thumbnail","6":"product_cat-be-kategorijos","7":"product_tag-naujiena","9":"first","10":"onbackorder","11":"taxable","12":"shipping-taxable","13":"product-type-variable"},"_links":{"self":[{"href":"https:\/\/orotech.lt\/en\/wp-json\/wp\/v2\/product\/29960","targetHints":{"allow":["GET"]}}],"collection":[{"href":"https:\/\/orotech.lt\/en\/wp-json\/wp\/v2\/product"}],"about":[{"href":"https:\/\/orotech.lt\/en\/wp-json\/wp\/v2\/types\/product"}],"replies":[{"embeddable":true,"href":"https:\/\/orotech.lt\/en\/wp-json\/wp\/v2\/comments?post=29960"}],"version-history":[{"count":1,"href":"https:\/\/orotech.lt\/en\/wp-json\/wp\/v2\/product\/29960\/revisions"}],"predecessor-version":[{"id":29961,"href":"https:\/\/orotech.lt\/en\/wp-json\/wp\/v2\/product\/29960\/revisions\/29961"}],"wp:featuredmedia":[{"embeddable":true,"href":"https:\/\/orotech.lt\/en\/wp-json\/wp\/v2\/media\/29962"}],"wp:attachment":[{"href":"https:\/\/orotech.lt\/en\/wp-json\/wp\/v2\/media?parent=29960"}],"wp:term":[{"taxonomy":"product_brand","embeddable":true,"href":"https:\/\/orotech.lt\/en\/wp-json\/wp\/v2\/product_brand?post=29960"},{"taxonomy":"product_cat","embeddable":true,"href":"https:\/\/orotech.lt\/en\/wp-json\/wp\/v2\/product_cat?post=29960"},{"taxonomy":"product_tag","embeddable":true,"href":"https:\/\/orotech.lt\/en\/wp-json\/wp\/v2\/product_tag?post=29960"}],"curies":[{"name":"wp","href":"https:\/\/api.w.org\/{rel}","templated":true}]}}