{"id":29969,"date":"2025-09-09T11:00:02","date_gmt":"2025-09-09T11:00:02","guid":{"rendered":"https:\/\/orotech.lt\/sildytuvas-airme-lison-juodas\/"},"modified":"2025-09-10T07:00:52","modified_gmt":"2025-09-10T07:00:52","slug":"sildytuvas-airme-lison-juodas","status":"publish","type":"product","link":"https:\/\/orotech.lt\/en\/sildytuvas-airme-lison-juodas\/","title":{"rendered":"\u0160ildytuvas Air&amp;Me Lison, juodas"},"content":{"rendered":"<p>&lt;p style=&quot;text-align: justify;&quot;&gt;&amp;Scaron;is ma\u017eas ventiliatorinis &lt;strong&gt;&amp;scaron;ildytuvas Air&amp;amp;Me Lison&lt;\/strong&gt;&amp;nbsp;su keramine &amp;scaron;erdimi su&amp;scaron;ildys j\u016bs\u0173 namus akimirksniu. Kompakti&amp;scaron;ko dyd\u017eio ir i&amp;scaron;skirtinio dizaino&amp;nbsp;&lt;strong&gt;&amp;scaron;ildytuvas Air&amp;amp;Me Lison &lt;\/strong&gt;turi&lt;strong&gt;&amp;nbsp;&lt;\/strong&gt;integruotas rankenas, tod\u0117l j\u012f lengva perne&amp;scaron;ti \u012f norim\u0105 viet\u0105, o primontuotos medin\u0117s kojel\u0117s leis stabiliai pastatyti \u012frengin\u012f jums patogioje vietoje. Trys &amp;scaron;ildymo lygiai, svyravimo, laikma\u010dio ir nuotolinio valdymo &amp;bdquo;Wifi&amp;ldquo; funkcijos leis m\u0117gautis komforti&amp;scaron;ka &amp;scaron;iluma.&amp;nbsp;&lt;\/p&gt;<br \/>\n&lt;p style=&quot;text-align: justify;&quot;&gt;&lt;strong&gt;Idealiai tinka norint suma\u017einti s\u0105skaitas u\u017e elektr\u0105&amp;nbsp;&lt;\/strong&gt;&lt;\/p&gt;<br \/>\n&lt;p style=&quot;text-align: justify;&quot;&gt;U\u017eprogramuokite norim\u0105 temperat\u016br\u0105 termostate, o&amp;nbsp;&lt;strong&gt;&amp;scaron;ildytuvas Air&amp;amp;Me Lison&lt;\/strong&gt; &amp;scaron;ildys tol, kol j\u0105 pasieks, o tada automati&amp;scaron;kai i&amp;scaron;sijungs. Prietaisas automati&amp;scaron;kai pasiek\u0119s norim\u0105 temperat\u016br\u0105 pereina \u012f bud\u0117jimo re\u017eim\u0105, kad taupyt\u0173 energij\u0105. Jis v\u0117l \u012fsijungia, kai tik temperat\u016bra nukrenta, u\u017etikrindamas nuolatin\u012f komfort\u0105.&amp;nbsp;&lt;\/p&gt;<br \/>\n&lt;p style=&quot;text-align: justify;&quot;&gt;&lt;strong&gt;I&amp;scaron;skirtinis dizainas bet kuriame nam\u0173 interjere&lt;br \/&gt;&lt;\/strong&gt;&lt;\/p&gt;<br \/>\n&lt;p style=&quot;text-align: justify;&quot;&gt;Nedidelio dyd\u017eio ir rafinuot\u0173 form\u0173 &lt;strong&gt;&amp;scaron;ildytuvas Air&amp;amp;Me Lison&lt;\/strong&gt;&amp;nbsp;tiks bet kurioje j\u016bs\u0173 nam\u0173 vietoje. &amp;Scaron;iame ma\u017eame &amp;scaron;ildytuve yra \u012frengtos indikatorin\u0117s lemput\u0117s, leid\u017eian\u010dios atskirti 3 &amp;scaron;ildymo lygius:&lt;\/p&gt;<br \/>\n&lt;ul&gt;<br \/>\n&lt;li style=&quot;text-align: justify;&quot;&gt;&lt;span style=&quot;color: #0000cd;&quot;&gt;&lt;strong&gt;M\u0117lyna&lt;\/strong&gt;&lt;\/span&gt; &ndash; rodo ventiliatoriaus funkcij\u0105;&lt;\/li&gt;<br \/>\n&lt;li style=&quot;text-align: justify;&quot;&gt;&lt;span style=&quot;color: #ff8c00;&quot;&gt;&lt;strong&gt;Oran\u017ein\u0117&lt;\/strong&gt;&lt;\/span&gt;&amp;nbsp;- &amp;scaron;velnaus &amp;scaron;ildymo funkcija;&lt;\/li&gt;<br \/>\n&lt;li style=&quot;text-align: justify;&quot;&gt;&lt;strong&gt;&lt;span style=&quot;color: #f00;&quot;&gt;Raudona&lt;\/span&gt;&lt;\/strong&gt; &ndash; didelio kaitinimo funkcija.&lt;\/li&gt;<br \/>\n&lt;\/ul&gt;<br \/>\n&lt;p style=&quot;text-align: justify;&quot;&gt;&lt;strong&gt;Nuotolinis valdymas telefonu&lt;\/strong&gt;&lt;\/p&gt;<br \/>\n&lt;p style=&quot;text-align: justify;&quot;&gt;Valdykite &amp;scaron;ildytuv\u0105 Air&amp;amp;Me&amp;nbsp;Lison nuotoliniu b\u016bdu ir sukurkite asmeninius planus. Lison palaiko &amp;scaron;ilum\u0105 j\u016bs\u0173 kambaryje, kai esate jame ir persijungia \u012f bud\u0117jimo re\u017eim\u0105, kai esate i&amp;scaron;vyk\u0119, taip suma\u017eindamas j\u016bs\u0173 s\u0105skaitas u\u017e elektr\u0105 ir dujas.&amp;nbsp;&amp;nbsp;&lt;\/p&gt;<br \/>\n&lt;p&gt;&lt;strong&gt;Advantages:&lt;\/strong&gt;&lt;\/p&gt;<br \/>\n&lt;ul&gt;<br \/>\n&lt;li&gt;Integruotas termostatas;&lt;\/li&gt;<br \/>\n&lt;li&gt;Integruotas WiFi ry&amp;scaron;ys;&lt;\/li&gt;<br \/>\n&lt;li&gt;Galimyb\u0117 valdyti program\u0117le;&lt;\/li&gt;<br \/>\n&lt;li&gt;Svyravimo funkcija;&lt;\/li&gt;<br \/>\n&lt;li&gt;Apsauga nuo perkaitimo;&lt;\/li&gt;<br \/>\n&lt;li&gt;&amp;Scaron;ildytuvas ir ventiliatorius viename \u012frenginyje;&lt;\/li&gt;<br \/>\n&lt;li&gt;LED indikatorius;&lt;\/li&gt;<br \/>\n&lt;li&gt;\u012emontuota rankena.&lt;\/li&gt;<br \/>\n&lt;\/ul&gt;<br \/>\n&lt;p&gt;&lt;strong&gt;Technical characteristics:&lt;\/strong&gt;&lt;\/p&gt;<br \/>\n&lt;ul&gt;<br \/>\n&lt;li&gt;Patalpoms iki: 30 m&amp;sup2; \/ 75 m&amp;sup3;;&lt;\/li&gt;<br \/>\n&lt;li&gt;Garso lygis: 50dB 1m atstumu;&lt;\/li&gt;<br \/>\n&lt;li&gt;&amp;Scaron;ildymo lygiai: 3;&lt;\/li&gt;<br \/>\n&lt;li&gt;Maitinimas:&amp;nbsp;220-240 V ~ 50\/60 Hz;&lt;\/li&gt;<br \/>\n&lt;li&gt;Maks. energijos suvartojimas: 2000W;&lt;\/li&gt;<br \/>\n&lt;li&gt;Svyravimas:&amp;nbsp;80&amp;deg;;&lt;\/li&gt;<br \/>\n&lt;li&gt;Matmenys: 287 x 170 x 170 mm;&lt;\/li&gt;<br \/>\n&lt;li&gt;Svoris: 1.8 kg.&lt;\/li&gt;<br \/>\n&lt;\/ul&gt;<\/p>","protected":false},"excerpt":{"rendered":"<p>&lt;p style=&quot;text-align: justify;&quot;&gt;&amp;Scaron;is ma\u017eas ventiliatorinis &lt;strong&gt;&amp;scaron;ildytuvas Air&amp;amp;Me Lison&lt;\/strong&gt;&amp;nbsp;su keramine &amp;scaron;erdimi su&amp;scaron;ildys j\u016bs\u0173 namus akimirksniu. Kompakti&amp;scaron;ko dyd\u017eio ir i&amp;scaron;skirtinio dizaino&amp;nbsp;&lt;strong&gt;&amp;scaron;ildytuvas Air&amp;amp;Me<\/p>","protected":false},"featured_media":29971,"comment_status":"closed","ping_status":"open","template":"","meta":[],"product_brand":[],"product_cat":[23],"product_tag":[535],"class_list":{"0":"post-29969","1":"product","2":"type-product","3":"status-publish","4":"has-post-thumbnail","6":"product_cat-be-kategorijos","7":"product_tag-naujiena","9":"first","10":"onbackorder","11":"taxable","12":"shipping-taxable","13":"product-type-variable"},"_links":{"self":[{"href":"https:\/\/orotech.lt\/en\/wp-json\/wp\/v2\/product\/29969","targetHints":{"allow":["GET"]}}],"collection":[{"href":"https:\/\/orotech.lt\/en\/wp-json\/wp\/v2\/product"}],"about":[{"href":"https:\/\/orotech.lt\/en\/wp-json\/wp\/v2\/types\/product"}],"replies":[{"embeddable":true,"href":"https:\/\/orotech.lt\/en\/wp-json\/wp\/v2\/comments?post=29969"}],"version-history":[{"count":1,"href":"https:\/\/orotech.lt\/en\/wp-json\/wp\/v2\/product\/29969\/revisions"}],"predecessor-version":[{"id":29970,"href":"https:\/\/orotech.lt\/en\/wp-json\/wp\/v2\/product\/29969\/revisions\/29970"}],"wp:featuredmedia":[{"embeddable":true,"href":"https:\/\/orotech.lt\/en\/wp-json\/wp\/v2\/media\/29971"}],"wp:attachment":[{"href":"https:\/\/orotech.lt\/en\/wp-json\/wp\/v2\/media?parent=29969"}],"wp:term":[{"taxonomy":"product_brand","embeddable":true,"href":"https:\/\/orotech.lt\/en\/wp-json\/wp\/v2\/product_brand?post=29969"},{"taxonomy":"product_cat","embeddable":true,"href":"https:\/\/orotech.lt\/en\/wp-json\/wp\/v2\/product_cat?post=29969"},{"taxonomy":"product_tag","embeddable":true,"href":"https:\/\/orotech.lt\/en\/wp-json\/wp\/v2\/product_tag?post=29969"}],"curies":[{"name":"wp","href":"https:\/\/api.w.org\/{rel}","templated":true}]}}