{"id":30012,"date":"2025-09-20T01:05:21","date_gmt":"2025-09-20T01:05:21","guid":{"rendered":"https:\/\/orotech.lt\/heatum-atene-dujinis-sildytuvas-piramide-su-duju-balionu\/"},"modified":"2026-04-28T02:04:39","modified_gmt":"2026-04-28T02:04:39","slug":"heatum-atene-dujinis-sildytuvas-piramide-su-duju-balionu","status":"publish","type":"product","link":"https:\/\/orotech.lt\/en\/heatum-atene-dujinis-sildytuvas-piramide-su-duju-balionu\/","title":{"rendered":"Heatum At\u0117n\u0117 Dujinis \u0161ildytuvas Piramid\u0117 su duj\u0173 balionu"},"content":{"rendered":"<p>A uniquely designed gas heater with a long, eye-catching flame \u2013 Heatum At\u0117n\u0117 \u2013 is one of the best choices for heating outdoor terraces. This gas heater stands out from similar-looking counterparts from other manufacturers because the transparent flask inside it, where the combustion process takes place, remains transparent even with intensive use of the heater!<\/p>\n<p><strong>A distinctive feature is the non-darkening transparent flask. <\/strong><\/p>\n<p>Often, when buying a heater with a visible flame (pyramid-shaped or other), people do not think about its maintenance, which can be complicated. This heater is made in such a way that up to 100% of gas burns out and no soot remains inside - thanks to such a unique feature, its maintenance is at least 5 times easier than analogues from other manufacturers. Such efficiency is achieved because there is an additional combustion capsule at the top of the heater, in which the gas that has not had time to burn out in the flask burns. Choose this heater and you will not have to worry about its daily cleaning!<\/p>\n<p><img decoding=\"async\" src=\"https:\/\/oro1.lt\/img\/cms\/\u0160ildytuvai\/Dujiniai\/At\u0117n\u0117 silver\/LT\/Heatum-Atene-Silver_LT_03.jpg\" alt=\"\" width=\"1640\" height=\"480\" title=\"\"><\/p>\n<p><strong>Longer lasting \u2013 made of stainless steel. <\/strong><\/p>\n<p>A very important feature of this heater is that its body is made of stainless steel. For this reason, the heater is more resistant to outdoor conditions, rain, and does not rust.<\/p>\n<p><strong>A great choice for an outdoor terrace. <\/strong><\/p>\n<p>These heaters are beautiful and provide excellent heating, the entire heating process takes place over the entire surface of the transparent flask - due to which the heat is distributed evenly. The heat released in the additional combustion capsule at the top is directed to the sides with the help of a hood, which ensures maximum efficiency. Using this heater, you can significantly extend the outdoor terrace season and continue to enjoy peaceful evenings in the fresh air even when the weather cools down or the cold season arrives.<\/p>\n<p><strong>Many features and functions for your convenience. <\/strong><\/p>\n<p>This heater has many functions and features that make it superior to many analogues from other manufacturers:<\/p>\n<ul>\n<li><strong>Transparent flask \u2013 does not darken.<\/strong> At first glance, all heaters of this shape may look the same, but they are not. This heater is designed to burn the gas to the maximum and to prevent soot from remaining inside. This is why its maintenance is very simple.<\/li>\n<li><strong>Stainless steel.<\/strong> The body is made of stainless steel, which ensures corrosion resistance and durability of the device. Top cover. Thanks to the cover on the top of the heater, the heat is dispersed in space and does not immediately rise upwards.<\/li>\n<li><strong>Transport wheels<\/strong>The heater has reliable transport wheels, which will facilitate the transport of the heater and ensure its mobility on the terrace. The wheels are especially useful when you use the heaters in a restaurant or cafe and want to free up the terrace when you are not using it.<\/li>\n<li><strong>Additionally reinforced<\/strong>The heater is built to withstand heavy use. Its construction is sturdy and reliable - capable of lasting for years.<\/li>\n<li><strong>Burns up to 100% of gas.<\/strong> The heater is made so that there is enough air during the combustion process and the gas burns out to the maximum extent.<\/li>\n<li><strong>Very simple to use.<\/strong> The heater is very easy to use - just connect the cylinder, turn the gas release lever and light it. Then all you have to do is adjust the heating intensity and enjoy a more comfortable time outdoors.<\/li>\n<li><strong>Electronic ignition.<\/strong> The heater is ignited electronically, making it even easier to do so. This igniter is powered by a battery that is included with the heater.<\/li>\n<li><strong>Safe use.<\/strong> In these heaters, the entire combustion process takes place at the top of the heater, and when the heater is tilted at a 45-degree angle, it automatically cuts off the gas supply and prevents possible malfunctions. There are also built-in gas cylinder fasteners to ensure the cylinder is properly secured and stable.<\/li>\n<\/ul>\n<p><img decoding=\"async\" src=\"https:\/\/oro1.lt\/img\/cms\/\u0160ildytuvai\/Dujiniai\/At\u0117n\u0117 silver\/LT\/Heatum-Atene-Silver_LT_04.jpg\" alt=\"\" width=\"1640\" height=\"480\" title=\"\"><\/p>\n<p><strong>Complete set. <\/strong><\/p>\n<p>Da\u017enai perkant dujin\u012f \u0161ildytuv\u0105 nesusim\u0105stoma, jog jis gali b\u016bti nepilnai sukomplektuotas, ta\u010diau neretu atveju taip atsitinka. B\u016btent \u0161is modelis yra pilnai sukomplektuotas, kartu su \u0161ildytuvu j\u016bs gausite ir visas reikalingas duj\u0173 tek\u0117jimo \u017earneles bei reduktori\u0173 su duj\u0173 balionu.<\/p>\n<p><strong>Safe and reliable. <\/strong><\/p>\n<p>The heater has gas leakage protection and certificates confirming safe use. In the event of a situation where the heater tips over, it will automatically turn off and instantly stop the gas supply, thus ensuring maximum safety.<\/p>\n<p><strong>The gift is a case. <\/strong><\/p>\n<p>Currently, when you purchase this gas heater, you will receive a FREE cover specifically designed for this model, which we recommend using when the device is not in use. This way, you will protect the heater from environmental influences and dust.<\/p>","protected":false},"excerpt":{"rendered":"<p>A uniquely designed gas heater with a long, eye-catching flame \u2013 Heatum At\u0117n\u0117 \u2013 is one of the best choices for heating outdoor terraces.<\/p>","protected":false},"featured_media":30014,"comment_status":"closed","ping_status":"closed","template":"","meta":[],"product_brand":[],"product_cat":[302,303,1087],"product_tag":[],"class_list":{"0":"post-30012","1":"product","2":"type-product","3":"status-publish","4":"has-post-thumbnail","6":"product_cat-sildymas","7":"product_cat-infraraudonuju-spinduliu-sildytuvai","8":"product_cat-dujiniai-sildytuvai","9":"pa_gamintojas-heatum","11":"first","12":"instock","13":"taxable","14":"shipping-taxable","15":"purchasable","16":"product-type-simple"},"_links":{"self":[{"href":"https:\/\/orotech.lt\/en\/wp-json\/wp\/v2\/product\/30012","targetHints":{"allow":["GET"]}}],"collection":[{"href":"https:\/\/orotech.lt\/en\/wp-json\/wp\/v2\/product"}],"about":[{"href":"https:\/\/orotech.lt\/en\/wp-json\/wp\/v2\/types\/product"}],"replies":[{"embeddable":true,"href":"https:\/\/orotech.lt\/en\/wp-json\/wp\/v2\/comments?post=30012"}],"version-history":[{"count":2,"href":"https:\/\/orotech.lt\/en\/wp-json\/wp\/v2\/product\/30012\/revisions"}],"predecessor-version":[{"id":30076,"href":"https:\/\/orotech.lt\/en\/wp-json\/wp\/v2\/product\/30012\/revisions\/30076"}],"wp:featuredmedia":[{"embeddable":true,"href":"https:\/\/orotech.lt\/en\/wp-json\/wp\/v2\/media\/30014"}],"wp:attachment":[{"href":"https:\/\/orotech.lt\/en\/wp-json\/wp\/v2\/media?parent=30012"}],"wp:term":[{"taxonomy":"product_brand","embeddable":true,"href":"https:\/\/orotech.lt\/en\/wp-json\/wp\/v2\/product_brand?post=30012"},{"taxonomy":"product_cat","embeddable":true,"href":"https:\/\/orotech.lt\/en\/wp-json\/wp\/v2\/product_cat?post=30012"},{"taxonomy":"product_tag","embeddable":true,"href":"https:\/\/orotech.lt\/en\/wp-json\/wp\/v2\/product_tag?post=30012"}],"curies":[{"name":"wp","href":"https:\/\/api.w.org\/{rel}","templated":true}]}}