{"id":30097,"date":"2025-10-04T01:10:36","date_gmt":"2025-10-04T01:10:36","guid":{"rendered":"https:\/\/orotech.lt\/heatum-redem-dujinis-sildytuvas-su-duju-balionu\/"},"modified":"2026-04-28T02:04:40","modified_gmt":"2026-04-28T02:04:40","slug":"heatum-redem-dujinis-sildytuvas-su-duju-balionu","status":"publish","type":"product","link":"https:\/\/orotech.lt\/en\/heatum-redem-dujinis-sildytuvas-su-duju-balionu\/","title":{"rendered":"Heatum Redem Dujinis \u0161ildytuvas su duj\u0173 balionu"},"content":{"rendered":"<p>Eleganti\u0161kas, auk\u0161\u010diausios kokyb\u0117s dujinis \u0161ildytuvas Heatum Redem da\u017eniausiai naudojamas priva\u010di\u0173 bei komercini\u0173 lauko teras\u0173 \u0161ildymui. D\u0117ka puiki\u0173 savybi\u0173 bei funkcij\u0173, juo naudotis labai paprasta, o \u0161ildymo efektyvumas u\u017etikrina galimyb\u0119 ap\u0161ildyti didelius plotus sunaudojant ma\u017eiau duj\u0173.<\/p>\n<p><strong>Puikus pasirinkimas lauko terasai<\/strong><\/p>\n<p>These heaters are beautiful and provide excellent heating, the entire heating process takes place in the upper part, and with the help of the hood on top, the heat is directed to the sides, which ensures maximum efficiency. Using this heater, you can significantly extend the outdoor terrace season and continue to enjoy peaceful evenings in the fresh air even when the weather cools down or the cold season arrives.<\/p>\n<p><strong>Ilgaam\u017eis ir tvirtas<\/strong><\/p>\n<p>\u0160is dujinis \u0161ildytuvas turi tvirt\u0105 plienin\u012f korpus\u0105, kuris nuda\u017eytas milteliniu b\u016bdu. B\u016btent d\u0117l tokios plieno apdirbimo technologijos, jis yra atsparus korozijai ir gali b\u016bti naudojamas ilgus metus.<\/p>\n<p><img decoding=\"async\" src=\"https:\/\/oro1.lt\/img\/cms\/\u0160ildytuvai\/Dujiniai\/Redem\/LT\/Heatum-Redem_LT_03.jpg\" alt=\"\" width=\"1640\" height=\"480\" title=\"\"><\/p>\n<p><strong>Daugyb\u0117 savybi\u0173 ir funkcij\u0173 &#8211; j\u016bs\u0173 patogumui<\/strong><\/p>\n<p>This heater has many functions and features that make it superior to many analogues from other manufacturers:<\/p>\n<ul>\n<li><strong>Innovative reflector.<\/strong> At first glance, all reflectors may look the same, but they are not. The reflector of this heater and the holes in it are designed to maximize heat transfer to the environment.<\/li>\n<li><strong>Top cover.<\/strong> Thanks to the hood on top of the heater, the heat is dispersed throughout the space and does not immediately rise upwards.<\/li>\n<li><strong>Transport wheels.<\/strong> The heater has reliable transport wheels, which will facilitate the transport of the heater and ensure its mobility on the terrace. The wheels are especially useful when you use the heaters in a restaurant or cafe and want to free up the terrace when not in use.<\/li>\n<li><strong>Additionally reinforced.<\/strong> The heater is built to withstand heavy use. Its construction is sturdy and reliable - capable of lasting for years.<\/li>\n<li><strong>Burns up to 100% of gas.<\/strong> The reflector is made so that there is enough air during the combustion process and the gases burn out to the maximum extent.<\/li>\n<li><strong>Very simple to use.<\/strong> The heater is very easy to use - just connect the cylinder, turn the gas release lever and light it. Then all you have to do is adjust the heating intensity and enjoy a more comfortable time outdoors.<\/li>\n<li><strong>Piezo ignition element.<\/strong> This is a modern ignition method that does not require a battery. Even less maintenance and hassle!<\/li>\n<li><strong>Safe use<\/strong>In these heaters, the entire combustion process takes place at the top of the heater, and when the heater is tilted at a 45-degree angle, it automatically cuts off the gas supply and prevents possible malfunctions. There are also built-in gas cylinder mounting elements to ensure that the cylinder is properly secured and stable.<\/li>\n<\/ul>\n<p><img decoding=\"async\" src=\"https:\/\/oro1.lt\/img\/cms\/\u0160ildytuvai\/Dujiniai\/Redem\/LT\/Heatum-Redem_LT_04.jpg\" alt=\"\" width=\"1640\" height=\"480\" title=\"\"><\/p>\n<p><strong>Pilnos komplektacijos<\/strong><\/p>\n<p>Da\u017enai perkant dujin\u012f \u0161ildytuv\u0105 nesusim\u0105stoma, jog jis gali b\u016bti nepilnai sukomplektuotas, ta\u010diau neretu atveju taip atsitinka. B\u016btent \u0161is modelis yra pilnai sukomplektuotas, kartu su \u0161ildytuvu j\u016bs gausite duj\u0173 balion\u0105 ir visas reikalingas duj\u0173 tek\u0117jimo \u017earneles bei reduktori\u0173.<\/p>\n<p><strong>Saugus ir patikimas<\/strong><\/p>\n<p>The heater has gas leakage protection and certificates confirming safe use. In the event of a situation where the heater tips over, it will automatically turn off and instantly stop the gas supply, thus ensuring maximum safety.<\/p>\n<p><strong>Dovana &#8211; d\u0117klas<\/strong><\/p>\n<p>Currently, when you purchase this gas heater, you will receive a FREE cover specifically designed for this model, which we recommend using when the device is not in use. This way, you will protect the heater from environmental influences and dust.<\/p>","protected":false},"excerpt":{"rendered":"<p>Eleganti\u0161kas, auk\u0161\u010diausios kokyb\u0117s dujinis \u0161ildytuvas Heatum Redem da\u017eniausiai naudojamas priva\u010di\u0173 bei komercini\u0173 lauko teras\u0173 \u0161ildymui. D\u0117ka puiki\u0173 savybi\u0173 bei funkcij\u0173,<\/p>","protected":false},"featured_media":30099,"comment_status":"closed","ping_status":"open","template":"","meta":[],"product_brand":[],"product_cat":[23],"product_tag":[],"class_list":{"0":"post-30097","1":"product","2":"type-product","3":"status-publish","4":"has-post-thumbnail","6":"product_cat-be-kategorijos","7":"pa_gamintojas-heatum","9":"first","10":"instock","11":"taxable","12":"shipping-taxable","13":"purchasable","14":"product-type-simple"},"_links":{"self":[{"href":"https:\/\/orotech.lt\/en\/wp-json\/wp\/v2\/product\/30097","targetHints":{"allow":["GET"]}}],"collection":[{"href":"https:\/\/orotech.lt\/en\/wp-json\/wp\/v2\/product"}],"about":[{"href":"https:\/\/orotech.lt\/en\/wp-json\/wp\/v2\/types\/product"}],"replies":[{"embeddable":true,"href":"https:\/\/orotech.lt\/en\/wp-json\/wp\/v2\/comments?post=30097"}],"version-history":[{"count":1,"href":"https:\/\/orotech.lt\/en\/wp-json\/wp\/v2\/product\/30097\/revisions"}],"predecessor-version":[{"id":30098,"href":"https:\/\/orotech.lt\/en\/wp-json\/wp\/v2\/product\/30097\/revisions\/30098"}],"wp:featuredmedia":[{"embeddable":true,"href":"https:\/\/orotech.lt\/en\/wp-json\/wp\/v2\/media\/30099"}],"wp:attachment":[{"href":"https:\/\/orotech.lt\/en\/wp-json\/wp\/v2\/media?parent=30097"}],"wp:term":[{"taxonomy":"product_brand","embeddable":true,"href":"https:\/\/orotech.lt\/en\/wp-json\/wp\/v2\/product_brand?post=30097"},{"taxonomy":"product_cat","embeddable":true,"href":"https:\/\/orotech.lt\/en\/wp-json\/wp\/v2\/product_cat?post=30097"},{"taxonomy":"product_tag","embeddable":true,"href":"https:\/\/orotech.lt\/en\/wp-json\/wp\/v2\/product_tag?post=30097"}],"curies":[{"name":"wp","href":"https:\/\/api.w.org\/{rel}","templated":true}]}}