{"id":30131,"date":"2025-10-04T01:10:54","date_gmt":"2025-10-04T01:10:54","guid":{"rendered":"https:\/\/orotech.lt\/heatum-legacy-dujinis-sildytuvas-su-duju-balionu\/"},"modified":"2026-04-28T02:04:42","modified_gmt":"2026-04-28T02:04:42","slug":"heatum-legacy-dujinis-sildytuvas-su-duju-balionu","status":"publish","type":"product","link":"https:\/\/orotech.lt\/en\/heatum-legacy-dujinis-sildytuvas-su-duju-balionu\/","title":{"rendered":"Heatum Legacy Dujinis \u0161ildytuvas su duj\u0173 balionu"},"content":{"rendered":"<p>The top-quality, stylish and modern gas heater Heatum Legacy is special in that its height is lower than many other gas heaters. Thanks to this feature, it is perfect for outdoor terraces with a lower roof, where taller heaters simply do not fit. The heater body is painted with powder paint, which ensures the heater&#039;s resistance to outdoor conditions. The device is safe and certified, the gas cylinder is secured with straps and closed with a special door located on the side of the heater. This is a great choice for frequent use.<\/p>\n<p><strong>A great choice for an outdoor terrace.<\/strong><\/p>\n<p>These heaters are beautiful and provide excellent heating. The entire combustion process takes place in the upper part of the device, which gives off heat very efficiently. Using this heater, you can significantly extend the outdoor terrace season and enjoy peaceful evenings in the fresh air even when the weather cools down or the cold season arrives.<\/p>\n<p><img decoding=\"async\" src=\"https:\/\/oro1.lt\/img\/cms\/\u0160ildytuvai\/Dujiniai\/Legacy\/LT\/Heatum-Legacy_LT_03.jpg\" alt=\"\" width=\"1640\" height=\"480\" title=\"\"><\/p>\n<p><strong>Durable and sturdy. <\/strong><\/p>\n<p>This gas heater has a sturdy steel body that is powder-coated. Thanks to this steel processing technology, it is resistant to outdoor conditions and can be used for many years.<\/p>\n<p><strong>Many features and functions for your convenience. <\/strong><\/p>\n<p>This heater has many functions and features that make it superior to many analogues from other manufacturers:<\/p>\n<ul>\n<li><strong>Innovative reflector.<\/strong> The reflector of this heater and the holes in it are designed to maximize heat transfer to the environment.<\/li>\n<li><strong>Transport wheels<\/strong>The heater has reliable transport wheels, which will facilitate the transport of the heater and ensure its mobility on the terrace. The wheels are especially useful when you use the heaters in a restaurant or cafe and want to free up the terrace when you are not using it.<\/li>\n<li><strong>Additionally reinforced.<\/strong> The heater is built to withstand heavy use. Its construction is sturdy and reliable - capable of lasting for years.<\/li>\n<li><strong>Burns up to 100% of gas.<\/strong> The reflector is made so that there is enough air during the combustion process and the gases burn out to the maximum extent.<\/li>\n<li><strong>Very simple to use.<\/strong> The heater is very easy to use - just connect the cylinder, turn the gas release lever and light it. Then all you have to do is adjust the heating intensity and enjoy a more comfortable time outdoors.<\/li>\n<li><strong>Piezo ignition element<\/strong>. \u0160is u\u017edegimo elementas veikia i\u0161 baterijos, kuri\u0105 galite \u012fsigyti bet kurioje parduotuv\u0117je. Su viena baterija \u0161ildytuvas tikrai tarnaus ilgai ir, galima sakyti, vien\u0105kart j\u0105 \u012fd\u0117jus, gal\u0117site apie j\u0105 pamir\u0161ti.<\/li>\n<li><strong>Safe use.<\/strong> In these heaters, the entire combustion process takes place at the top of the heater, and when the heater is tilted at a 45-degree angle, it automatically cuts off the gas supply and prevents possible malfunctions. There are also built-in gas cylinder fasteners to ensure the cylinder is properly secured and stable.<\/li>\n<\/ul>\n<p><img decoding=\"async\" src=\"https:\/\/oro1.lt\/img\/cms\/\u0160ildytuvai\/Dujiniai\/Legacy\/LT\/Heatum-Legacy_LT_04.jpg\" alt=\"\" width=\"1640\" height=\"480\" title=\"\"><\/p>\n<p><strong>Complete set.<\/strong> Da\u017enai perkant dujin\u012f \u0161ildytuv\u0105 nesusim\u0105stoma, jog jis gali b\u016bti nepilnai sukomplektuotas, ta\u010diau neretu atveju taip atsitinka. B\u016btent \u0161is modelis yra pilnai sukomplektuotas, kartu su \u0161ildytuvu j\u016bs gausite duj\u0173 balion\u0105 ir visas reikalingas duj\u0173 tek\u0117jimo \u017earneles bei reduktori\u0173.<\/p>\n<p><strong>Safe and reliable.<\/strong><\/p>\n<p>The heater has gas leakage protection and certificates confirming safe use. In the event of a situation where the heater tips over, it will automatically turn off and instantly stop the gas supply, thus ensuring maximum safety.<\/p>\n<p><strong>The gift is a case.<\/strong><\/p>\n<p>Currently, when you purchase this gas heater, you will receive a FREE cover specifically designed for this model, which we recommend using when the device is not in use. This way, you will protect the heater from environmental influences and dust.<\/p>","protected":false},"excerpt":{"rendered":"<p>The highest quality, stylish and modern gas heater Heatum Legacy is special in that its height is lower than many other gas heaters.<\/p>","protected":false},"featured_media":30133,"comment_status":"closed","ping_status":"open","template":"","meta":[],"product_brand":[],"product_cat":[23],"product_tag":[],"class_list":{"0":"post-30131","1":"product","2":"type-product","3":"status-publish","4":"has-post-thumbnail","6":"product_cat-be-kategorijos","7":"pa_gamintojas-heatum","9":"first","10":"instock","11":"taxable","12":"shipping-taxable","13":"purchasable","14":"product-type-simple"},"_links":{"self":[{"href":"https:\/\/orotech.lt\/en\/wp-json\/wp\/v2\/product\/30131","targetHints":{"allow":["GET"]}}],"collection":[{"href":"https:\/\/orotech.lt\/en\/wp-json\/wp\/v2\/product"}],"about":[{"href":"https:\/\/orotech.lt\/en\/wp-json\/wp\/v2\/types\/product"}],"replies":[{"embeddable":true,"href":"https:\/\/orotech.lt\/en\/wp-json\/wp\/v2\/comments?post=30131"}],"version-history":[{"count":1,"href":"https:\/\/orotech.lt\/en\/wp-json\/wp\/v2\/product\/30131\/revisions"}],"predecessor-version":[{"id":30132,"href":"https:\/\/orotech.lt\/en\/wp-json\/wp\/v2\/product\/30131\/revisions\/30132"}],"wp:featuredmedia":[{"embeddable":true,"href":"https:\/\/orotech.lt\/en\/wp-json\/wp\/v2\/media\/30133"}],"wp:attachment":[{"href":"https:\/\/orotech.lt\/en\/wp-json\/wp\/v2\/media?parent=30131"}],"wp:term":[{"taxonomy":"product_brand","embeddable":true,"href":"https:\/\/orotech.lt\/en\/wp-json\/wp\/v2\/product_brand?post=30131"},{"taxonomy":"product_cat","embeddable":true,"href":"https:\/\/orotech.lt\/en\/wp-json\/wp\/v2\/product_cat?post=30131"},{"taxonomy":"product_tag","embeddable":true,"href":"https:\/\/orotech.lt\/en\/wp-json\/wp\/v2\/product_tag?post=30131"}],"curies":[{"name":"wp","href":"https:\/\/api.w.org\/{rel}","templated":true}]}}