{"id":30229,"date":"2025-10-25T01:10:32","date_gmt":"2025-10-25T01:10:32","guid":{"rendered":"https:\/\/orotech.lt\/dujinis-sildytuvas-su-termostatu-heatum-h45at-blaze-45kw-650-m3-h\/"},"modified":"2026-04-28T02:04:45","modified_gmt":"2026-04-28T02:04:45","slug":"dujinis-sildytuvas-su-termostatu-heatum-h45at-blaze-45kw-650-m3-h","status":"publish","type":"product","link":"https:\/\/orotech.lt\/en\/dujinis-sildytuvas-su-termostatu-heatum-h45at-blaze-45kw-650-m3-h\/","title":{"rendered":"Dujinis \u0161ildytuvas su termostatu Heatum H45AT-BLAZE 45kW 650 m3\/h"},"content":{"rendered":"<p><strong>Heatum H45AT-BLAZE<\/strong> &#8211; tai vidutin\u0117s galios dujinis \u0161ildytuvas su termostatu, skirtas efektyviam vidutini\u0173 ir dideli\u0173 patalp\u0173 \u0161ildymui. Su 45 kW galia ir oro srautu iki 650 m\u00b3\/val., jis puikiai tinka sand\u0117liams, dirbtuv\u0117ms, statyb\u0173 aik\u0161tel\u0117ms ar kitoms erdv\u0117ms, kur reikalingas greitas ir tolygus \u0161ilumos paskirstymas.\u00a0<\/p>\n<\/p>\n<p><strong>Ma\u017eesn\u0117s s\u0105naudos &#8211; daugiau patogumo\u00a0<\/strong><\/p>\n<p>Integruotas termostatas leid\u017eia automatizuoti \u0161ildymo proces\u0105 &#8211; palaiko pastovi\u0105 temperat\u016br\u0105 ir padeda suma\u017einti duj\u0173 s\u0105naudas. Tai sumanus \u0161ildymo sprendimas, suteikiantis daugiau komforto bei ekonomi\u0161kumo.\u00a0<\/p>\n<\/p>\n<p><strong>Suderinamumas su dujomis G30\/G31\u00a0<\/strong><\/p>\n<p>\u0160ildytuvas veikia naudojant propan\u0105 (G31) arba butan\u0105 (G30), o duj\u0173 s\u0105naudos &#8211; vos 2,18 kg\/val. \u012erenginio darbinis sl\u0117gis &#8211; 0,7 bar, o patikimas pjezoelektrinis u\u017edegimas leid\u017eia greitai ir saugiai \u012fjungti \u0161ildytuv\u0105. Prijungiamas prie \u012fprasto 220-240 V elektros tinklo.\u00a0<\/p>\n<\/p>\n<p><strong>Sukurtas darbui \u012fvairiomis s\u0105lygomis\u00a0<\/strong><\/p>\n<p>Tvirtas metalinis korpusas su ner\u016bdijan\u010dio plieno kaitinimo elementu u\u017etikrina ilgaam\u017ei\u0161kum\u0105, o IP44 apsaugos klas\u0117 rei\u0161kia atsparum\u0105 dr\u0117gmei ir dulk\u0117ms. \u0160ildytuvas yra kompakti\u0161kas (525 x 290 x 380 mm) ir lengvas &#8211; sveria tik 5,6 kg, tod\u0117l j\u012f patogu perne\u0161ti ir naudoti skirtingose darbo vietose. Ergonomi\u0161ka rankena suteikia dar daugiau mobilumo.\u00a0<\/p>\n<\/p>\n<p><strong>Patikima apsauga ir sertifikatai\u00a0<\/strong><\/p>\n<p>Saugumui skiriamas didelis d\u0117mesys &#8211; \u0161ildytuvas turi dvigub\u0105 apsaugos sistem\u0105: integruotas apsaugas nuo perkaitimo ir duj\u0173 nuot\u0117kio jutiklius. Atitinka EN16129 ir EN16436-1 (2 klas\u0117) Europos standartus, taip pat turi CE ir RoHS sertifikatus.\u00a0<\/p>\n<\/p>\n<p><strong>Paruo\u0161tas naudoti i\u0161 karto\u00a0<\/strong><\/p>\n<p>\u012erenginys paruo\u0161tas naudoti i\u0161 karto &#8211; komplekte yra duj\u0173 reduktorius ir 1,5 metro ilgio duj\u0173 \u017earna. Tinka naudoti su standartiniais 11 kg duj\u0173 balionais.\u00a0<\/p>\n<\/p>\n<p><strong>Kod\u0117l verta rinktis Heatum H45AT-BLAZE?\u00a0<\/strong><\/p>\n<p>\u2022<span style=\"white-space: pre;\"> <\/span><strong>Sumanus \u0161ildymas<\/strong> &#8211; integruotas termostatas u\u017etikrina temperat\u016bros palaikym\u0105 ir taupo dujas.\u00a0<\/p>\n<p>\u2022<span style=\"white-space: pre;\"> <\/span><strong>Safe to use<\/strong> &#8211; \u012fdiegta apsauga nuo perkaitimo ir duj\u0173 nuot\u0117kio.\u00a0<\/p>\n<p>\u2022<span style=\"white-space: pre;\"> <\/span><strong>Tvirtas, bet mobilus<\/strong> &#8211; metalinis korpusas, nedidelis svoris ir patogi rankena.\u00a0<\/p>\n<p>\u2022<span style=\"white-space: pre;\"> <\/span><strong>Paruo\u0161tas darbu<\/strong>i &#8211; komplekte duj\u0173 reduktorius ir 1,5 m \u017earna.\u00a0<\/p>\n<p>\u2022<span style=\"white-space: pre;\"> <\/span><strong>Patikimumas ir kokyb\u0117<\/strong> &#8211; atitinka grie\u017etus ES saugos ir kokyb\u0117s reikalavimus.\u00a0<\/p>","protected":false},"excerpt":{"rendered":"<p>Heatum H45AT-BLAZE &#8211; tai vidutin\u0117s galios dujinis \u0161ildytuvas su termostatu, skirtas efektyviam vidutini\u0173 ir dideli\u0173 patalp\u0173 \u0161ildymui. Su 45 kW<\/p>","protected":false},"featured_media":30231,"comment_status":"closed","ping_status":"open","template":"","meta":[],"product_brand":[],"product_cat":[23],"product_tag":[],"class_list":{"0":"post-30229","1":"product","2":"type-product","3":"status-publish","4":"has-post-thumbnail","6":"product_cat-be-kategorijos","8":"first","9":"instock","10":"taxable","11":"shipping-taxable","12":"purchasable","13":"product-type-simple"},"_links":{"self":[{"href":"https:\/\/orotech.lt\/en\/wp-json\/wp\/v2\/product\/30229","targetHints":{"allow":["GET"]}}],"collection":[{"href":"https:\/\/orotech.lt\/en\/wp-json\/wp\/v2\/product"}],"about":[{"href":"https:\/\/orotech.lt\/en\/wp-json\/wp\/v2\/types\/product"}],"replies":[{"embeddable":true,"href":"https:\/\/orotech.lt\/en\/wp-json\/wp\/v2\/comments?post=30229"}],"version-history":[{"count":1,"href":"https:\/\/orotech.lt\/en\/wp-json\/wp\/v2\/product\/30229\/revisions"}],"predecessor-version":[{"id":30230,"href":"https:\/\/orotech.lt\/en\/wp-json\/wp\/v2\/product\/30229\/revisions\/30230"}],"wp:featuredmedia":[{"embeddable":true,"href":"https:\/\/orotech.lt\/en\/wp-json\/wp\/v2\/media\/30231"}],"wp:attachment":[{"href":"https:\/\/orotech.lt\/en\/wp-json\/wp\/v2\/media?parent=30229"}],"wp:term":[{"taxonomy":"product_brand","embeddable":true,"href":"https:\/\/orotech.lt\/en\/wp-json\/wp\/v2\/product_brand?post=30229"},{"taxonomy":"product_cat","embeddable":true,"href":"https:\/\/orotech.lt\/en\/wp-json\/wp\/v2\/product_cat?post=30229"},{"taxonomy":"product_tag","embeddable":true,"href":"https:\/\/orotech.lt\/en\/wp-json\/wp\/v2\/product_tag?post=30229"}],"curies":[{"name":"wp","href":"https:\/\/api.w.org\/{rel}","templated":true}]}}