{"id":30349,"date":"2025-11-13T01:05:02","date_gmt":"2025-11-13T01:05:02","guid":{"rendered":"https:\/\/orotech.lt\/duju-reduktorius-atsargine-sildytuvo-dalis\/"},"modified":"2026-04-10T02:02:10","modified_gmt":"2026-04-10T02:02:10","slug":"duju-reduktorius-atsargine-sildytuvo-dalis","status":"publish","type":"product","link":"https:\/\/orotech.lt\/en\/duju-reduktorius-atsargine-sildytuvo-dalis\/","title":{"rendered":"Duj\u0173 reduktorius (Atsargin\u0117 \u0161ildytuvo dalis)"},"content":{"rendered":"<p>Tai duj\u0173 reduktorius naudojamas pajungti dujinius \u0161ildytuvus prie duj\u0173 baliono. <\/p>\n<p><strong>Atkreipiame d\u0117mes\u012f, kad \u012fsigyjant dujin\u012f \u0161ildytuv\u0105 m\u016bs\u0173 parduotuv\u0117je, jums neb\u016btina atskirai pirkti \u0161\u012f duj\u0173 reduktori\u0173. \u0160i detal\u0117 yra \u012ftraukta \u012f standartin\u0119 parduodam\u0173 dujini\u0173 \u0161ildytuv\u0173 komplektacij\u0105.\u00a0<\/strong> <\/p>\n<p>Kyla klausim\u0173 kam naudojama \u0161i atsargin\u0117 detal\u0117? Susisiekite su m\u016bs\u0173 specialistais!<\/p>","protected":false},"excerpt":{"rendered":"<p>Tai duj\u0173 reduktorius naudojamas pajungti dujinius \u0161ildytuvus prie duj\u0173 baliono. Atkreipiame d\u0117mes\u012f, kad \u012fsigyjant dujin\u012f \u0161ildytuv\u0105 m\u016bs\u0173 parduotuv\u0117je, jums neb\u016btina<\/p>","protected":false},"featured_media":30351,"comment_status":"closed","ping_status":"open","template":"","meta":[],"product_brand":[],"product_cat":[23],"product_tag":[],"class_list":{"0":"post-30349","1":"product","2":"type-product","3":"status-publish","4":"has-post-thumbnail","6":"product_cat-be-kategorijos","7":"pa_gamintojas-heatum","9":"first","10":"instock","11":"taxable","12":"shipping-taxable","13":"purchasable","14":"product-type-simple"},"_links":{"self":[{"href":"https:\/\/orotech.lt\/en\/wp-json\/wp\/v2\/product\/30349","targetHints":{"allow":["GET"]}}],"collection":[{"href":"https:\/\/orotech.lt\/en\/wp-json\/wp\/v2\/product"}],"about":[{"href":"https:\/\/orotech.lt\/en\/wp-json\/wp\/v2\/types\/product"}],"replies":[{"embeddable":true,"href":"https:\/\/orotech.lt\/en\/wp-json\/wp\/v2\/comments?post=30349"}],"version-history":[{"count":1,"href":"https:\/\/orotech.lt\/en\/wp-json\/wp\/v2\/product\/30349\/revisions"}],"predecessor-version":[{"id":30350,"href":"https:\/\/orotech.lt\/en\/wp-json\/wp\/v2\/product\/30349\/revisions\/30350"}],"wp:featuredmedia":[{"embeddable":true,"href":"https:\/\/orotech.lt\/en\/wp-json\/wp\/v2\/media\/30351"}],"wp:attachment":[{"href":"https:\/\/orotech.lt\/en\/wp-json\/wp\/v2\/media?parent=30349"}],"wp:term":[{"taxonomy":"product_brand","embeddable":true,"href":"https:\/\/orotech.lt\/en\/wp-json\/wp\/v2\/product_brand?post=30349"},{"taxonomy":"product_cat","embeddable":true,"href":"https:\/\/orotech.lt\/en\/wp-json\/wp\/v2\/product_cat?post=30349"},{"taxonomy":"product_tag","embeddable":true,"href":"https:\/\/orotech.lt\/en\/wp-json\/wp\/v2\/product_tag?post=30349"}],"curies":[{"name":"wp","href":"https:\/\/api.w.org\/{rel}","templated":true}]}}