{"id":30352,"date":"2025-11-13T01:05:14","date_gmt":"2025-11-13T01:05:14","guid":{"rendered":"https:\/\/orotech.lt\/sildytuvo-laikiklis-heatum-po-skeciu-stogine\/"},"modified":"2026-04-10T02:02:16","modified_gmt":"2026-04-10T02:02:16","slug":"sildytuvo-laikiklis-heatum-po-skeciu-stogine","status":"publish","type":"product","link":"https:\/\/orotech.lt\/en\/sildytuvo-laikiklis-heatum-po-skeciu-stogine\/","title":{"rendered":"\u0160ildytuvo laikiklis Heatum po sk\u0117\u010diu, stogine"},"content":{"rendered":"<p>Tai kokybi\u0161kas ir tvirtas laiklis, kurio pagalba nesunkiai pakabinsite infraraudon\u0173j\u0173 spinduli\u0173 \u0161ildytuv\u0105 po sk\u0117\u010diu. Taip jis gali b\u016bti naudingas tvirtinant \u0161ildytuv\u0105 prie kitoki\u0173 konstrukcij\u0173.<\/p>","protected":false},"excerpt":{"rendered":"<p>Tai kokybi\u0161kas ir tvirtas laiklis, kurio pagalba nesunkiai pakabinsite infraraudon\u0173j\u0173 spinduli\u0173 \u0161ildytuv\u0105 po sk\u0117\u010diu. Taip jis gali b\u016bti naudingas tvirtinant<\/p>","protected":false},"featured_media":30354,"comment_status":"closed","ping_status":"open","template":"","meta":[],"product_brand":[],"product_cat":[23],"product_tag":[],"class_list":{"0":"post-30352","1":"product","2":"type-product","3":"status-publish","4":"has-post-thumbnail","6":"product_cat-be-kategorijos","8":"first","9":"onbackorder","10":"taxable","11":"shipping-taxable","12":"purchasable","13":"product-type-simple"},"_links":{"self":[{"href":"https:\/\/orotech.lt\/en\/wp-json\/wp\/v2\/product\/30352","targetHints":{"allow":["GET"]}}],"collection":[{"href":"https:\/\/orotech.lt\/en\/wp-json\/wp\/v2\/product"}],"about":[{"href":"https:\/\/orotech.lt\/en\/wp-json\/wp\/v2\/types\/product"}],"replies":[{"embeddable":true,"href":"https:\/\/orotech.lt\/en\/wp-json\/wp\/v2\/comments?post=30352"}],"version-history":[{"count":1,"href":"https:\/\/orotech.lt\/en\/wp-json\/wp\/v2\/product\/30352\/revisions"}],"predecessor-version":[{"id":30353,"href":"https:\/\/orotech.lt\/en\/wp-json\/wp\/v2\/product\/30352\/revisions\/30353"}],"wp:featuredmedia":[{"embeddable":true,"href":"https:\/\/orotech.lt\/en\/wp-json\/wp\/v2\/media\/30354"}],"wp:attachment":[{"href":"https:\/\/orotech.lt\/en\/wp-json\/wp\/v2\/media?parent=30352"}],"wp:term":[{"taxonomy":"product_brand","embeddable":true,"href":"https:\/\/orotech.lt\/en\/wp-json\/wp\/v2\/product_brand?post=30352"},{"taxonomy":"product_cat","embeddable":true,"href":"https:\/\/orotech.lt\/en\/wp-json\/wp\/v2\/product_cat?post=30352"},{"taxonomy":"product_tag","embeddable":true,"href":"https:\/\/orotech.lt\/en\/wp-json\/wp\/v2\/product_tag?post=30352"}],"curies":[{"name":"wp","href":"https:\/\/api.w.org\/{rel}","templated":true}]}}