{"id":9372,"date":"2023-07-27T17:59:14","date_gmt":"2023-07-27T17:59:14","guid":{"rendered":"https:\/\/orotech.lt\/?post_type=product&#038;p=9372"},"modified":"2024-03-28T10:39:50","modified_gmt":"2024-03-28T10:39:50","slug":"enthalpy-recuperator-blauberg-komfort-ec-d5b180-e","status":"publish","type":"product","link":"https:\/\/orotech.lt\/en\/enthalpy-recuperator-blauberg-komfort-ec-d5b180-e\/","title":{"rendered":"Enthalpy heat recovery unit BLAUBERG KOMFORT EC D5B180-E"},"content":{"rendered":"<p class=\"p-style2\" align=\"justify\">Rekuperatorius horizontalaus jungimo, efektyvumas iki 94% su kry\u017eminio prie\u0161prie\u0161inio srauto bekondensaciniu entalpiniu \u0161ilumokai\u010diu ir &#8222;by-pass&#8221; funkcija. A+ energetin\u0117 klas\u0117. \u012erenginys gali b\u016bti valdomas nuo i\u0161orini\u0173 (dr\u0117gm\u0117s, CO2) davikli\u0173. Valdo oro srauto vo\u017etuvus.<\/p>\n<p><strong>Features:<br \/>\n<\/strong>Maximum capacity -220m3\/hour. New generation cross-counterflow plate enthalpy heat exchanger (does not dehumidify air). The device body is made of porous (EPP) polypropylene (thickness: 15-30mm), which dampens the device noise and ensures thermal insulation. High-efficiency, economical EC electric motors with centrifugal impeller. Centrifugal impeller blades are curved backwards. Operating temperature -25*- +60*C.<\/p>\n<p><strong>Additional information:<br \/>\n<\/strong>Valdymas: 3-j\u0173 grei\u010di\u0173 ir &#8222;by-pass&#8221; LED valdymo pultelis S14. Filtr\u0173 keitimo prane\u0161imo ir klaid\u0173 funkcijos. Filtr\u0173 klas\u0117 &#8211; G4 (F7 atskiru u\u017esakmu). Apsauga nuo u\u017e\u0161alimo.<\/p>\n<p><a href=\"https:\/\/orotech.lt\/wp-content\/uploads\/2023\/07\/KOMFORT-EC-D5B180-E_en-1.pdf\">Technical description<\/a><\/p>","protected":false},"excerpt":{"rendered":"<p>Name: Enthalpy heat recovery unit BLAUBERG KOMFORT EC D5B180-E<br \/>\nCapacity m3\/h: 220<br \/>\nHeat exchanger type: Plate enthalpy<br \/>\nDuct diameter (mm): 150<br \/>\nDuct connection: Horizontal<br \/>\nProduct connection (flange) diameter (mm): 149<br \/>\nProduct width (mm): 900<br \/>\nProduct height (mm): 264<br \/>\nProduct external depth (length) mm: 600<br \/>\nHeat return up to (%): 94<br \/>\nMaximum power (kW): 0.087<br \/>\nSound pressure, dB: 33<br \/>\nVoltage (V,50\/(60)Hz): 1~230<br \/>\nCurrent (A): 0.71<br \/>\nProtection class (IP): see technical description.<br \/>\nInstallation: Hanging<br \/>\nWeight (kg): 14<br \/>\nManufacturer: Blauberg GmbH<\/p>","protected":false},"featured_media":9374,"comment_status":"closed","ping_status":"closed","template":"","meta":[],"product_brand":[],"product_cat":[323,325],"product_tag":[],"class_list":{"0":"post-9372","1":"product","2":"type-product","3":"status-publish","4":"has-post-thumbnail","6":"product_cat-vedinimas","7":"product_cat-rekuperatoriai","9":"first","10":"instock","11":"taxable","12":"shipping-taxable","13":"purchasable","14":"product-type-simple"},"_links":{"self":[{"href":"https:\/\/orotech.lt\/en\/wp-json\/wp\/v2\/product\/9372","targetHints":{"allow":["GET"]}}],"collection":[{"href":"https:\/\/orotech.lt\/en\/wp-json\/wp\/v2\/product"}],"about":[{"href":"https:\/\/orotech.lt\/en\/wp-json\/wp\/v2\/types\/product"}],"replies":[{"embeddable":true,"href":"https:\/\/orotech.lt\/en\/wp-json\/wp\/v2\/comments?post=9372"}],"version-history":[{"count":1,"href":"https:\/\/orotech.lt\/en\/wp-json\/wp\/v2\/product\/9372\/revisions"}],"predecessor-version":[{"id":9375,"href":"https:\/\/orotech.lt\/en\/wp-json\/wp\/v2\/product\/9372\/revisions\/9375"}],"wp:featuredmedia":[{"embeddable":true,"href":"https:\/\/orotech.lt\/en\/wp-json\/wp\/v2\/media\/9374"}],"wp:attachment":[{"href":"https:\/\/orotech.lt\/en\/wp-json\/wp\/v2\/media?parent=9372"}],"wp:term":[{"taxonomy":"product_brand","embeddable":true,"href":"https:\/\/orotech.lt\/en\/wp-json\/wp\/v2\/product_brand?post=9372"},{"taxonomy":"product_cat","embeddable":true,"href":"https:\/\/orotech.lt\/en\/wp-json\/wp\/v2\/product_cat?post=9372"},{"taxonomy":"product_tag","embeddable":true,"href":"https:\/\/orotech.lt\/en\/wp-json\/wp\/v2\/product_tag?post=9372"}],"curies":[{"name":"wp","href":"https:\/\/api.w.org\/{rel}","templated":true}]}}